{"id":19346,"date":"2016-02-18T10:11:04","date_gmt":"2016-02-18T09:11:04","guid":{"rendered":"https:\/\/www.harzer-wandernadel.de\/pointage\/carte-generale\/pointage-60-stemberghaus-koehlerei\/"},"modified":"2026-02-28T14:42:31","modified_gmt":"2026-02-28T13:42:31","slug":"pointage-60-stemberghaus-koehlerei","status":"publish","type":"page","link":"https:\/\/www.harzer-wandernadel.de\/fr\/pointage\/carte-generale\/pointage-60-stemberghaus-koehlerei\/","title":{"rendered":"Pointage 60 \/ Stemberghaus K\u00f6hlerei"},"content":{"rendered":"\n<h2 class=\"wp-block-heading\">Situ\u00e9e sur la route nationale 81 entre Blankenburg et Hasselfelde, la charbonni\u00e8re fait partie des rares entreprises artisanales de ce type encore en activit\u00e9 en Allemagne.<\/h2>\n\n<div class=\"wp-block-stackable-image alignwide stk-block-image stk-block stk-89e1006\" data-block-id=\"89e1006\"><style>.stk-89e1006 {margin-top:3% !important;margin-bottom:3% !important;}<\/style><figure><span class=\"stk-img-wrapper stk-image--shape-stretch stk--has-lightbox\"><img decoding=\"async\" width=\"2048\" height=\"1367\" src=\"https:\/\/www.harzer-wandernadel.de\/wp-content\/uploads\/2016\/02\/Harzk\u00f6hlerei.jpg\" class=\"attachment-full size-full wp-post-image\" alt=\"Des ouvriers pelletant du charbon de bois poussi\u00e9reux en plein air\" srcset=\"https:\/\/www.harzer-wandernadel.de\/wp-content\/uploads\/2016\/02\/Harzk\u00f6hlerei.jpg 2048w, https:\/\/www.harzer-wandernadel.de\/wp-content\/uploads\/2016\/02\/Harzk\u00f6hlerei-300x200.jpg 300w, https:\/\/www.harzer-wandernadel.de\/wp-content\/uploads\/2016\/02\/Harzk\u00f6hlerei-768x513.jpg 768w, https:\/\/www.harzer-wandernadel.de\/wp-content\/uploads\/2016\/02\/Harzk\u00f6hlerei-1024x684.jpg 1024w, https:\/\/www.harzer-wandernadel.de\/wp-content\/uploads\/2016\/02\/Harzk\u00f6hlerei-624x417.jpg 624w\" sizes=\"(max-width: 2048px) 100vw, 2048px\"><\/span><\/figure><\/div>\n\n<p>Si tu t\u2019ap\u00adproches de la char\u00adbon\u00adni\u00e8re de r\u00e9sine Stem\u00adber\u00adghaus (500&nbsp;m&nbsp;d\u2019al\u00adti\u00adtude), tu peux d\u00e9j\u00e0 per\u00adce\u00advoir \u00e0&nbsp;une cer\u00adtaine dis\u00adtance la fum\u00e9e \u00e9pi\u00adc\u00e9e des meules de char\u00adbon de bois dans tes narines.<\/p>\n\n<p>A c\u00f4t\u00e9 de la char\u00adbon\u00adni\u00e8re se trouve une gas\u00adtro\u00adno\u00admie rus\u00adtique, typique du Harz, dans la \u00ab&nbsp;K\u00f6h\u00adle\u00adrh\u00fctte&nbsp;\u00bb. On y&nbsp;trouve \u00e0&nbsp;boire et \u00e0&nbsp;man\u00adger et au lieu de dire \u00ab&nbsp;\u00e0&nbsp;la v\u00f4tre&nbsp;\u00bb, on dit ici \u00ab&nbsp;Gut Brand, Gut Brand, Gut&nbsp;Brand&nbsp;\u00bb.&nbsp;<\/p>\n\n<div class=\"wp-block-buttons is-layout-flex wp-block-buttons-is-layout-flex\">\n<div class=\"wp-block-button\"><a class=\"wp-block-button__link wp-element-button\" href=\"http:\/\/www.harzkoehlerei.de\/\" target=\"_blank\" rel=\"noreferrer noopener\">Char\u00adbon\u00adne\u00adrie de r\u00e9sine Stemberghaus&nbsp;\u00bb<\/a><\/div>\n<\/div>\n\n<p>Il est conseill\u00e9 de faire une courte ran\u00addon\u00adn\u00e9e d\u2019en\u00advi\u00adron 2&nbsp;km \u00e0&nbsp;par\u00adtir de la char\u00adbon\u00adni\u00e8re jus\u00adqu\u2019au <a href=\"https:\/\/www.harzer-wandernadel.de\/fr\/pointage\/carte-generale\/pointage-54-rotestein\/\" data-type=\"page\" data-id=\"748\">HWN 54 Rote\u00adstein<\/a>.<\/p>\n","protected":false},"excerpt":{"rendered":"<p>Situ\u00e9e sur la route natio\u00adnale 81 entre Blan\u00adken\u00adburg et Has\u00adsel\u00adfelde, la char\u00adbon\u00adni\u00e8re fait par\u00adtie des rares entre\u00adprises arti\u00adsa\u00adnales de ce type encore en acti\u00advi\u00adt\u00e9 en Alle\u00admagne. Si tu t\u2019ap\u00adproches de la char\u00adbon\u00adni\u00e8re de r\u00e9sine Stem\u00adber\u00adghaus (500&nbsp;m&nbsp;d\u2019al\u00adti\u00adtude), tu peux d\u00e9j\u00e0 per\u00adce\u00advoir \u00e0&nbsp;une cer\u00adtaine dis\u00adtance la fum\u00e9e \u00e9pi\u00adc\u00e9e des meules de char\u00adbon de bois dans tes narines.&nbsp;[\u2026]<\/p>\n","protected":false},"author":11,"featured_media":15125,"parent":17801,"menu_order":10060,"comment_status":"closed","ping_status":"closed","template":"","meta":{"_seopress_robots_primary_cat":"","_seopress_titles_title":"","_seopress_titles_desc":"","_seopress_robots_index":"","wp_typography_post_enhancements_disabled":false,"iawp_total_views":0,"footnotes":""},"hf_cat_page":[120],"class_list":["post-19346","page","type-page","status-publish","has-post-thumbnail"],"blocksy_meta":[],"_links":{"self":[{"href":"https:\/\/www.harzer-wandernadel.de\/fr\/wp-json\/wp\/v2\/pages\/19346","targetHints":{"allow":["GET"]}}],"collection":[{"href":"https:\/\/www.harzer-wandernadel.de\/fr\/wp-json\/wp\/v2\/pages"}],"about":[{"href":"https:\/\/www.harzer-wandernadel.de\/fr\/wp-json\/wp\/v2\/types\/page"}],"author":[{"embeddable":true,"href":"https:\/\/www.harzer-wandernadel.de\/fr\/wp-json\/wp\/v2\/users\/11"}],"replies":[{"embeddable":true,"href":"https:\/\/www.harzer-wandernadel.de\/fr\/wp-json\/wp\/v2\/comments?post=19346"}],"version-history":[{"count":2,"href":"https:\/\/www.harzer-wandernadel.de\/fr\/wp-json\/wp\/v2\/pages\/19346\/revisions"}],"predecessor-version":[{"id":24792,"href":"https:\/\/www.harzer-wandernadel.de\/fr\/wp-json\/wp\/v2\/pages\/19346\/revisions\/24792"}],"up":[{"embeddable":true,"href":"https:\/\/www.harzer-wandernadel.de\/fr\/wp-json\/wp\/v2\/pages\/17801"}],"wp:featuredmedia":[{"embeddable":true,"href":"https:\/\/www.harzer-wandernadel.de\/fr\/wp-json\/wp\/v2\/media\/15125"}],"wp:attachment":[{"href":"https:\/\/www.harzer-wandernadel.de\/fr\/wp-json\/wp\/v2\/media?parent=19346"}],"wp:term":[{"taxonomy":"hf_cat_page","embeddable":true,"href":"https:\/\/www.harzer-wandernadel.de\/fr\/wp-json\/wp\/v2\/hf_cat_page?post=19346"}],"curies":[{"name":"wp","href":"https:\/\/api.w.org\/{rel}","templated":true}]}}