{"id":19344,"date":"2016-02-18T10:03:48","date_gmt":"2016-02-18T09:03:48","guid":{"rendered":"https:\/\/www.harzer-wandernadel.de\/pointage\/carte-generale\/poincon-58-petit-cheval\/"},"modified":"2026-02-28T14:42:30","modified_gmt":"2026-02-28T13:42:30","slug":"poincon-58-petit-cheval","status":"publish","type":"page","link":"https:\/\/www.harzer-wandernadel.de\/fr\/pointage\/carte-generale\/poincon-58-petit-cheval\/","title":{"rendered":"Poin\u00e7on 58 \/ petit cheval"},"content":{"rendered":"\n<h2 class=\"wp-block-heading\">Le \u00ab&nbsp;petit cheval&nbsp;\u00bb (environ 430 m\u00e8tres au-dessus du niveau de la mer) est un point de vue surplombant la commune de Zorge, dans le sud du&nbsp;Harz.<\/h2>\n\n<div class=\"wp-block-stackable-image alignwide stk-block-image stk-block stk-89e1006\" data-block-id=\"89e1006\"><style>.stk-89e1006 {margin-top:3% !important;margin-bottom:3% !important;}<\/style><figure><span class=\"stk-img-wrapper stk-image--shape-stretch stk--has-lightbox\"><img decoding=\"async\" width=\"900\" height=\"600\" src=\"https:\/\/www.harzer-wandernadel.de\/wp-content\/uploads\/2016\/02\/Pferdchen.jpg\" class=\"attachment-full size-full wp-post-image\" alt srcset=\"https:\/\/www.harzer-wandernadel.de\/wp-content\/uploads\/2016\/02\/Pferdchen.jpg 900w, https:\/\/www.harzer-wandernadel.de\/wp-content\/uploads\/2016\/02\/Pferdchen-300x200.jpg 300w, https:\/\/www.harzer-wandernadel.de\/wp-content\/uploads\/2016\/02\/Pferdchen-768x512.jpg 768w, https:\/\/www.harzer-wandernadel.de\/wp-content\/uploads\/2016\/02\/Pferdchen-624x416.jpg 624w\" sizes=\"(max-width: 900px) 100vw, 900px\"><\/span><\/figure><\/div>\n\n<p><strong>Le petit che\u00adval a&nbsp;\u00e9t\u00e9 \u00e9lu par nos amis ran\u00addon\u00adneurs en 2013 comme le plus beau point de timbrage.<\/strong><\/p>\n\n<p>Cela est d\u00fb \u00e0&nbsp;la vue magni\u00adfique sur Zorge, mais aus\u00adsi au fait que le pavillon est tou\u00adjours tr\u00e8s bien entretenu.<\/p>\n\n<p>Le meilleur point de d\u00e9part est le parc de la sta\u00adtion ther\u00admale au centre de Zorge. Tu suis le che\u00admin bali\u00ads\u00e9 en mon\u00adt\u00e9e constante \u00e0&nbsp;tra\u00advers la val\u00adl\u00e9e de Stei\u00adger et tu atteins ensuite le point de vue Pferd\u00adchen par un sen\u00adtier rela\u00adti\u00adve\u00adment&nbsp;raide.&nbsp;<\/p>\n\n<p>Tu peux conti\u00adnuer la ran\u00addon\u00adn\u00e9e jus\u00adqu\u2019au <a href=\"https:\/\/www.harzer-wandernadel.de\/fr\/pointage\/carte-generale\/pointage-160-helenenruh-zorge\/\" data-type=\"page\" data-id=\"1199\">HWN 160 Hele\u00adnen\u00adruh<\/a> et reve\u00adnir \u00e0&nbsp;Zorge par le che\u00admin de la mine en pas\u00adsant par le \u00ab&nbsp;Nordh\u00e4u\u00adser&nbsp;Blick&nbsp;\u00bb.<\/p>\n","protected":false},"excerpt":{"rendered":"<p>Le \u00ab&nbsp;petit che\u00adval&nbsp;\u00bb (envi\u00adron 430 m\u00e8tres au-des\u00adsus du niveau de la mer) est un point de vue sur\u00adplom\u00adbant la com\u00admune de Zorge, dans le sud du&nbsp;Harz. Le petit che\u00adval a&nbsp;\u00e9t\u00e9 \u00e9lu par nos amis ran\u00addon\u00adneurs en 2013 comme le plus beau point de tim\u00adbrage. Cela est d\u00fb \u00e0&nbsp;la vue magni\u00adfique sur Zorge, mais aus\u00adsi&nbsp;au&nbsp;[\u2026]<\/p>\n","protected":false},"author":11,"featured_media":19345,"parent":17801,"menu_order":10058,"comment_status":"closed","ping_status":"closed","template":"","meta":{"_seopress_robots_primary_cat":"","_seopress_titles_title":"","_seopress_titles_desc":"","_seopress_robots_index":"","wp_typography_post_enhancements_disabled":false,"iawp_total_views":1,"footnotes":""},"hf_cat_page":[120],"class_list":["post-19344","page","type-page","status-publish","has-post-thumbnail"],"blocksy_meta":[],"_links":{"self":[{"href":"https:\/\/www.harzer-wandernadel.de\/fr\/wp-json\/wp\/v2\/pages\/19344","targetHints":{"allow":["GET"]}}],"collection":[{"href":"https:\/\/www.harzer-wandernadel.de\/fr\/wp-json\/wp\/v2\/pages"}],"about":[{"href":"https:\/\/www.harzer-wandernadel.de\/fr\/wp-json\/wp\/v2\/types\/page"}],"author":[{"embeddable":true,"href":"https:\/\/www.harzer-wandernadel.de\/fr\/wp-json\/wp\/v2\/users\/11"}],"replies":[{"embeddable":true,"href":"https:\/\/www.harzer-wandernadel.de\/fr\/wp-json\/wp\/v2\/comments?post=19344"}],"version-history":[{"count":2,"href":"https:\/\/www.harzer-wandernadel.de\/fr\/wp-json\/wp\/v2\/pages\/19344\/revisions"}],"predecessor-version":[{"id":24784,"href":"https:\/\/www.harzer-wandernadel.de\/fr\/wp-json\/wp\/v2\/pages\/19344\/revisions\/24784"}],"up":[{"embeddable":true,"href":"https:\/\/www.harzer-wandernadel.de\/fr\/wp-json\/wp\/v2\/pages\/17801"}],"wp:featuredmedia":[{"embeddable":true,"href":"https:\/\/www.harzer-wandernadel.de\/fr\/wp-json\/wp\/v2\/media\/19345"}],"wp:attachment":[{"href":"https:\/\/www.harzer-wandernadel.de\/fr\/wp-json\/wp\/v2\/media?parent=19344"}],"wp:term":[{"taxonomy":"hf_cat_page","embeddable":true,"href":"https:\/\/www.harzer-wandernadel.de\/fr\/wp-json\/wp\/v2\/hf_cat_page?post=19344"}],"curies":[{"name":"wp","href":"https:\/\/api.w.org\/{rel}","templated":true}]}}