{"id":19332,"date":"2016-02-18T10:26:41","date_gmt":"2016-02-18T09:26:41","guid":{"rendered":"https:\/\/www.harzer-wandernadel.de\/pointage\/carte-generale\/poinconnage-217-sonnenkap-oderteich-nph\/"},"modified":"2026-01-29T12:55:01","modified_gmt":"2026-01-29T11:55:01","slug":"poinconnage-217-sonnenkap-oderteich-nph","status":"publish","type":"page","link":"https:\/\/www.harzer-wandernadel.de\/fr\/pointage\/carte-generale\/poinconnage-217-sonnenkap-oderteich-nph\/","title":{"rendered":"Poin\u00e7onnage 217 \/ Sonnenkap Oderteich (NPH)"},"content":{"rendered":"\n<h2 class=\"wp-block-heading\">Le Sonnenkap est un ruisseau qui serpente sur la rive nord de l\u2019Oderteich et se jette dans le lac de barrage. Le barrage se trouve \u00e0&nbsp;environ sept kilom\u00e8tres au nord-est de Sankt Andreasberg, sur la B&nbsp;242.&nbsp;<\/h2>\n\n<div class=\"wp-block-stackable-image alignwide stk-block-image stk-block stk-89e1006\" data-block-id=\"89e1006\"><style>.stk-89e1006 {margin-top:3% !important;margin-bottom:3% !important;}<\/style><figure><span class=\"stk-img-wrapper stk-image--shape-stretch stk--has-lightbox\"><img decoding=\"async\" width=\"2048\" height=\"1365\" src=\"https:\/\/www.harzer-wandernadel.de\/wp-content\/uploads\/2016\/02\/HWN-Sonnenkappe-Oderteich-Rothardt.jpg\" class=\"attachment-full size-full wp-post-image\" alt=\"Petit ruisseau dans la for\u00eat verte avec des pierres\" srcset=\"https:\/\/www.harzer-wandernadel.de\/wp-content\/uploads\/2016\/02\/HWN-Sonnenkappe-Oderteich-Rothardt.jpg 2048w, https:\/\/www.harzer-wandernadel.de\/wp-content\/uploads\/2016\/02\/HWN-Sonnenkappe-Oderteich-Rothardt-300x200.jpg 300w, https:\/\/www.harzer-wandernadel.de\/wp-content\/uploads\/2016\/02\/HWN-Sonnenkappe-Oderteich-Rothardt-768x512.jpg 768w, https:\/\/www.harzer-wandernadel.de\/wp-content\/uploads\/2016\/02\/HWN-Sonnenkappe-Oderteich-Rothardt-1024x683.jpg 1024w, https:\/\/www.harzer-wandernadel.de\/wp-content\/uploads\/2016\/02\/HWN-Sonnenkappe-Oderteich-Rothardt-250x167.jpg 250w, https:\/\/www.harzer-wandernadel.de\/wp-content\/uploads\/2016\/02\/HWN-Sonnenkappe-Oderteich-Rothardt-624x416.jpg 624w\" sizes=\"(max-width: 2048px) 100vw, 2048px\"><\/span><\/figure><\/div>\n\n<p>Le bar\u00adrage de l\u2019O\u00adder\u00adteich a&nbsp;\u00e9t\u00e9 construit entre 1715 et 1722 par les mineurs de Sankt Andreas\u00adberg et est aujourd\u2019\u00adhui exploi\u00adt\u00e9 par la soci\u00e9\u00adt\u00e9 Harz\u00adwas\u00adser\u00adwerke. Jus\u00adqu\u2019\u00e0 la fin du 19\u00e8me si\u00e8cle, l\u2019O\u00adder\u00adteich \u00e9tait le plus grand bar\u00adrage d\u2019Allemagne.&nbsp;<\/p>\n\n<p>L\u2019O\u00adder\u00adteich a&nbsp;\u00e9t\u00e9 construit pour ali\u00admen\u00adter de mani\u00e8re fiable les roues \u00e0&nbsp;eau des mines de Sankt Andreas\u00adberg en eau de per\u00adco\u00adla\u00adtion, m\u00eame en p\u00e9riode de s\u00e9che\u00adresse, via le Reh\u00adber\u00adger Gra\u00adben. Sa capa\u00adci\u00adt\u00e9 \u00e9tait suf\u00adfi\u00adsante pour cou\u00advrir une p\u00e9riode de s\u00e9che\u00adresse d\u2019en\u00advi\u00adron trois mois. C\u2019est le plus grand de tous les \u00e9tangs du Haut-Harz et il ali\u00admente encore aujourd\u2019\u00adhui plu\u00adsieurs cen\u00adtrales hydro\u00ad\u00e9lec\u00adtriques \u00e0&nbsp;Sankt Andreas\u00adberg, dans la mine de Sam\u00adson et dans la val\u00adl\u00e9e de la Sperrlutter.&nbsp;<\/p>\n\n<p>Le meilleur point de d\u00e9part pour une ran\u00addon\u00adn\u00e9e autour de l\u2019O\u00adder\u00adteich est le par\u00adking sur la route d\u2019O\u00adder\u00adbr\u00fcck en direc\u00adtion de Sonnenberg.<\/p>\n\n<p>Nous te conseillons d\u2019u\u00adti\u00adli\u00adser le cir\u00adcuit de ran\u00addon\u00adn\u00e9e mis en place par l\u2019ad\u00admi\u00adnis\u00adtra\u00adtion du parc natio\u00adnal et de d\u00e9cou\u00advrir de plus pr\u00e8s la magni\u00adfique nature de l\u2019O\u00adder\u00adteich. La bo\u00eete de tam\u00adpons se trouve direc\u00adte\u00adment sur le circuit.&nbsp;<\/p>\n\n<div class=\"wp-block-buttons is-layout-flex wp-block-buttons-is-layout-flex\">\n<div class=\"wp-block-button\"><a class=\"wp-block-button__link wp-element-button\" href=\"http:\/\/www.nationalpark-harz.de\/de\/downloads\/wanderwege\/?we_objectID=460&amp;refDID=3495&amp;download=barrierearm\">Cir\u00adcuit Oder\u00adteich&nbsp;Flyer<\/a><\/div>\n<\/div>\n\n<p>&nbsp;<\/p>\n","protected":false},"excerpt":{"rendered":"<p>Le Son\u00adnen\u00adkap est un ruis\u00adseau qui ser\u00adpente sur la rive nord de l\u2019Oderteich et se jette dans le lac de bar\u00adrage. Le bar\u00adrage se trouve \u00e0&nbsp;envi\u00adron sept kilo\u00adm\u00e8tres au nord-est de Sankt Andreas\u00adberg, sur la B&nbsp;242.&nbsp; Le bar\u00adrage de l\u2019O\u00adder\u00adteich a&nbsp;\u00e9t\u00e9 construit entre 1715 et 1722 par les mineurs de Sankt Andreas\u00adberg et est aujourd\u2019\u00adhui [\u2026]<\/p>\n","protected":false},"author":11,"featured_media":19338,"parent":17801,"menu_order":10217,"comment_status":"closed","ping_status":"closed","template":"","meta":{"_seopress_robots_primary_cat":"","_seopress_titles_title":"","_seopress_titles_desc":"","_seopress_robots_index":"","wp_typography_post_enhancements_disabled":false,"iawp_total_views":3,"footnotes":""},"hf_cat_page":[120],"class_list":["post-19332","page","type-page","status-publish","has-post-thumbnail"],"blocksy_meta":[],"_links":{"self":[{"href":"https:\/\/www.harzer-wandernadel.de\/fr\/wp-json\/wp\/v2\/pages\/19332","targetHints":{"allow":["GET"]}}],"collection":[{"href":"https:\/\/www.harzer-wandernadel.de\/fr\/wp-json\/wp\/v2\/pages"}],"about":[{"href":"https:\/\/www.harzer-wandernadel.de\/fr\/wp-json\/wp\/v2\/types\/page"}],"author":[{"embeddable":true,"href":"https:\/\/www.harzer-wandernadel.de\/fr\/wp-json\/wp\/v2\/users\/11"}],"replies":[{"embeddable":true,"href":"https:\/\/www.harzer-wandernadel.de\/fr\/wp-json\/wp\/v2\/comments?post=19332"}],"version-history":[{"count":1,"href":"https:\/\/www.harzer-wandernadel.de\/fr\/wp-json\/wp\/v2\/pages\/19332\/revisions"}],"predecessor-version":[{"id":19339,"href":"https:\/\/www.harzer-wandernadel.de\/fr\/wp-json\/wp\/v2\/pages\/19332\/revisions\/19339"}],"up":[{"embeddable":true,"href":"https:\/\/www.harzer-wandernadel.de\/fr\/wp-json\/wp\/v2\/pages\/17801"}],"wp:featuredmedia":[{"embeddable":true,"href":"https:\/\/www.harzer-wandernadel.de\/fr\/wp-json\/wp\/v2\/media\/19338"}],"wp:attachment":[{"href":"https:\/\/www.harzer-wandernadel.de\/fr\/wp-json\/wp\/v2\/media?parent=19332"}],"wp:term":[{"taxonomy":"hf_cat_page","embeddable":true,"href":"https:\/\/www.harzer-wandernadel.de\/fr\/wp-json\/wp\/v2\/hf_cat_page?post=19332"}],"curies":[{"name":"wp","href":"https:\/\/api.w.org\/{rel}","templated":true}]}}