{"id":19292,"date":"2016-02-11T13:42:57","date_gmt":"2016-02-11T12:42:57","guid":{"rendered":"https:\/\/www.harzer-wandernadel.de\/pointage\/carte-generale\/pointage-19-skidenkmal-pres-du-barrage-decker\/"},"modified":"2026-02-28T14:42:11","modified_gmt":"2026-02-28T13:42:11","slug":"pointage-19-skidenkmal-pres-du-barrage-decker","status":"publish","type":"page","link":"https:\/\/www.harzer-wandernadel.de\/fr\/pointage\/carte-generale\/pointage-19-skidenkmal-pres-du-barrage-decker\/","title":{"rendered":"Pointage 19 \/ Skidenkmal (pr\u00e8s du barrage d\u2019Ecker)"},"content":{"rendered":"\n<h2 class=\"wp-block-heading\">Le monument du ski (665&nbsp;m&nbsp;d\u2019altitude) pr\u00e8s du barrage d\u2019Eckertal a&nbsp;\u00e9t\u00e9 \u00e9rig\u00e9 en 1921 par le club de ski de Braunschweig pour les amis sportifs morts pendant la Premi\u00e8re Guerre mondiale.<\/h2>\n\n<div class=\"wp-block-stackable-image alignwide stk-block-image stk-block stk-89e1006\" data-block-id=\"89e1006\"><style>.stk-89e1006 {margin-top:3% !important;margin-bottom:3% !important;}<\/style><figure><span class=\"stk-img-wrapper stk-image--shape-stretch stk--has-lightbox\"><img decoding=\"async\" width=\"1435\" height=\"1077\" src=\"https:\/\/www.harzer-wandernadel.de\/wp-content\/uploads\/2016\/02\/HWN-Skidenkmal-Wipper-1.jpg\" class=\"attachment-full size-full wp-post-image\" alt=\"Cabane foresti\u00e8re au m\u00e9morial du ski avec panneaux indicateurs\" srcset=\"https:\/\/www.harzer-wandernadel.de\/wp-content\/uploads\/2016\/02\/HWN-Skidenkmal-Wipper-1.jpg 1435w, https:\/\/www.harzer-wandernadel.de\/wp-content\/uploads\/2016\/02\/HWN-Skidenkmal-Wipper-1-300x225.jpg 300w, https:\/\/www.harzer-wandernadel.de\/wp-content\/uploads\/2016\/02\/HWN-Skidenkmal-Wipper-1-768x576.jpg 768w, https:\/\/www.harzer-wandernadel.de\/wp-content\/uploads\/2016\/02\/HWN-Skidenkmal-Wipper-1-1024x769.jpg 1024w, https:\/\/www.harzer-wandernadel.de\/wp-content\/uploads\/2016\/02\/HWN-Skidenkmal-Wipper-1-250x188.jpg 250w, https:\/\/www.harzer-wandernadel.de\/wp-content\/uploads\/2016\/02\/HWN-Skidenkmal-Wipper-1-624x468.jpg 624w\" sizes=\"(max-width: 1435px) 100vw, 1435px\"><\/span><\/figure><\/div>\n\n<p>Par\u00adti\u00adcu\u00adli\u00e8\u00adre\u00adment vari\u00e9 et pit\u00adto\u00adresque, le sen\u00adtier des pion\u00adniers longe la rive ouest du <a href=\"https:\/\/www.harzer-wandernadel.de\/fr\/pointage\/carte-generale\/pointage-1-barrage-deckertal-barrage\/\" data-type=\"page\" data-id=\"334\">bar\u00adrage Ecker\u00adtals\u00adperre HWN 1<\/a> jus\u00adqu\u2019\u00e0 ce qu\u2019un sen\u00adtier bali\u00ads\u00e9 et caillou\u00adteux bifurque vers le Skidenkmal.<\/p>\n","protected":false},"excerpt":{"rendered":"<p>Le monu\u00adment du ski (665&nbsp;m&nbsp;d\u2019altitude) pr\u00e8s du bar\u00adrage d\u2019Eckertal a&nbsp;\u00e9t\u00e9 \u00e9ri\u00adg\u00e9 en 1921 par le club de ski de Braun\u00adsch\u00adweig pour les amis spor\u00adtifs morts pen\u00addant la Pre\u00admi\u00e8re Guerre mon\u00addiale. Par\u00adti\u00adcu\u00adli\u00e8\u00adre\u00adment vari\u00e9 et pit\u00adto\u00adresque, le sen\u00adtier des pion\u00adniers longe la rive ouest du bar\u00adrage Ecker\u00adtals\u00adperre HWN 1&nbsp;jus\u00adqu\u2019\u00e0 ce qu\u2019un sen\u00adtier bali\u00ads\u00e9 et caillou\u00adteux bifurque&nbsp;[\u2026]<\/p>\n","protected":false},"author":11,"featured_media":19295,"parent":17801,"menu_order":10019,"comment_status":"closed","ping_status":"closed","template":"","meta":{"_seopress_robots_primary_cat":"","_seopress_titles_title":"%%post_title%%","_seopress_titles_desc":"Sur le sentier des pionniers, d\u00e9couvre une destination charg\u00e9e d'histoire : le monument aux skieurs pr\u00e8s du barrage d'Eckertal, au milieu d'une nature charmante et de sentiers de randonn\u00e9e passionnants.","_seopress_robots_index":"","wp_typography_post_enhancements_disabled":false,"iawp_total_views":0,"footnotes":""},"hf_cat_page":[120],"class_list":["post-19292","page","type-page","status-publish","has-post-thumbnail"],"blocksy_meta":[],"_links":{"self":[{"href":"https:\/\/www.harzer-wandernadel.de\/fr\/wp-json\/wp\/v2\/pages\/19292","targetHints":{"allow":["GET"]}}],"collection":[{"href":"https:\/\/www.harzer-wandernadel.de\/fr\/wp-json\/wp\/v2\/pages"}],"about":[{"href":"https:\/\/www.harzer-wandernadel.de\/fr\/wp-json\/wp\/v2\/types\/page"}],"author":[{"embeddable":true,"href":"https:\/\/www.harzer-wandernadel.de\/fr\/wp-json\/wp\/v2\/users\/11"}],"replies":[{"embeddable":true,"href":"https:\/\/www.harzer-wandernadel.de\/fr\/wp-json\/wp\/v2\/comments?post=19292"}],"version-history":[{"count":2,"href":"https:\/\/www.harzer-wandernadel.de\/fr\/wp-json\/wp\/v2\/pages\/19292\/revisions"}],"predecessor-version":[{"id":24695,"href":"https:\/\/www.harzer-wandernadel.de\/fr\/wp-json\/wp\/v2\/pages\/19292\/revisions\/24695"}],"up":[{"embeddable":true,"href":"https:\/\/www.harzer-wandernadel.de\/fr\/wp-json\/wp\/v2\/pages\/17801"}],"wp:featuredmedia":[{"embeddable":true,"href":"https:\/\/www.harzer-wandernadel.de\/fr\/wp-json\/wp\/v2\/media\/19295"}],"wp:attachment":[{"href":"https:\/\/www.harzer-wandernadel.de\/fr\/wp-json\/wp\/v2\/media?parent=19292"}],"wp:term":[{"taxonomy":"hf_cat_page","embeddable":true,"href":"https:\/\/www.harzer-wandernadel.de\/fr\/wp-json\/wp\/v2\/hf_cat_page?post=19292"}],"curies":[{"name":"wp","href":"https:\/\/api.w.org\/{rel}","templated":true}]}}