{"id":19280,"date":"2016-02-11T13:47:40","date_gmt":"2016-02-11T12:47:40","guid":{"rendered":"https:\/\/www.harzer-wandernadel.de\/pointage\/carte-generale\/pointage-20-barenberg-point-de-vue\/"},"modified":"2026-02-28T14:42:12","modified_gmt":"2026-02-28T13:42:12","slug":"pointage-20-barenberg-point-de-vue","status":"publish","type":"page","link":"https:\/\/www.harzer-wandernadel.de\/fr\/pointage\/carte-generale\/pointage-20-barenberg-point-de-vue\/","title":{"rendered":"Pointage 20 \/ Barenberg (point de&nbsp;vue)"},"content":{"rendered":"\n<h2 class=\"wp-block-heading\">Le point de vue de Barenberg (696&nbsp;m&nbsp;d\u2019altitude) se trouve \u00e0&nbsp;150 m\u00e8tres d\u2019altitude au-dessus de la vall\u00e9e d\u2019Elend et offre une belle vue sur Schierke, la t\u00eate de fraise et la cr\u00eate de Hohne avec ses falaises.<\/h2>\n\n<div class=\"wp-block-stackable-image alignwide stk-block-image stk-block stk-89e1006\" data-block-id=\"89e1006\"><style>.stk-89e1006 {margin-top:3% !important;margin-bottom:3% !important;}<\/style><figure><span class=\"stk-img-wrapper stk-image--shape-stretch stk--has-lightbox\"><img decoding=\"async\" width=\"500\" height=\"348\" src=\"https:\/\/www.harzer-wandernadel.de\/wp-content\/uploads\/2016\/02\/Barenberg.jpg\" class=\"attachment-full size-full wp-post-image\" alt srcset=\"https:\/\/www.harzer-wandernadel.de\/wp-content\/uploads\/2016\/02\/Barenberg.jpg 500w, https:\/\/www.harzer-wandernadel.de\/wp-content\/uploads\/2016\/02\/Barenberg-300x209.jpg 300w\" sizes=\"(max-width: 500px) 100vw, 500px\"><\/span><\/figure><\/div>\n\n<p>Le che\u00admin d\u2019ac\u00adc\u00e8s le plus court com\u00admence \u00e0&nbsp;la p\u00e9ri\u00adph\u00e9\u00adrie d\u2019E\u00adlend et monte en pente raide jus\u00adqu\u2019\u00e0 un point de vue d\u2019o\u00f9 tu peux voir la val\u00adl\u00e9e d\u2019E\u00adlend. Du point de vue, il faut conti\u00adnuer jus\u00adqu\u2019au som\u00admet du Baren\u00adberg. Il est recom\u00adman\u00add\u00e9 de redes\u00adcendre par les <a href=\"https:\/\/www.harzer-wandernadel.de\/fr\/pointage\/carte-generale\/pointage-14-schnarcherklippe-refuge\/\" data-type=\"page\" data-id=\"520\">Schnar\u00adcherk\u00adlip\u00adpen HWN 14<\/a> et de reve\u00adnir par la val\u00adl\u00e9e d\u2019Elendstal.&nbsp;<\/p>\n\n<p>Le che\u00admin entre Baren\u00adberg et Schnar\u00adcherk\u00adlip\u00adpen est dif\u00adfi\u00adcile \u00e0&nbsp;par\u00adcou\u00adrir \u00e0&nbsp;cause des d\u00e9g\u00e2ts cau\u00ads\u00e9s par la tem\u00adp\u00eate. Sur une lon\u00adgueur d\u2019en\u00advi\u00adron 200 m\u00e8tres, le che\u00admin d\u2019o\u00adri\u00adgine n\u2019est plus reconnaissable.&nbsp;<\/p>\n","protected":false},"excerpt":{"rendered":"<p>Le point de vue de Baren\u00adberg (696&nbsp;m&nbsp;d\u2019altitude) se trouve \u00e0&nbsp;150 m\u00e8tres d\u2019altitude au-des\u00adsus de la val\u00adl\u00e9e d\u2019Elend et offre une belle vue sur Schierke, la t\u00eate de fraise et la cr\u00eate de Hohne avec ses falaises. Le che\u00admin d\u2019ac\u00adc\u00e8s le plus court com\u00admence \u00e0&nbsp;la p\u00e9ri\u00adph\u00e9\u00adrie d\u2019E\u00adlend et monte en pente raide jus\u00adqu\u2019\u00e0 un point&nbsp;de&nbsp;[\u2026]<\/p>\n","protected":false},"author":11,"featured_media":19281,"parent":17801,"menu_order":10020,"comment_status":"closed","ping_status":"closed","template":"","meta":{"_seopress_robots_primary_cat":"","_seopress_titles_title":"","_seopress_titles_desc":"D\u00e9couvre le Barenberg avec vue sur Schierke, Erdbeerkopf et Hohnekamm. Randonner dans la vall\u00e9e d'Elendstal jusqu'aux falaises de Schnarcher. ","_seopress_robots_index":"","wp_typography_post_enhancements_disabled":false,"iawp_total_views":2,"footnotes":""},"hf_cat_page":[120],"class_list":["post-19280","page","type-page","status-publish","has-post-thumbnail"],"blocksy_meta":[],"_links":{"self":[{"href":"https:\/\/www.harzer-wandernadel.de\/fr\/wp-json\/wp\/v2\/pages\/19280","targetHints":{"allow":["GET"]}}],"collection":[{"href":"https:\/\/www.harzer-wandernadel.de\/fr\/wp-json\/wp\/v2\/pages"}],"about":[{"href":"https:\/\/www.harzer-wandernadel.de\/fr\/wp-json\/wp\/v2\/types\/page"}],"author":[{"embeddable":true,"href":"https:\/\/www.harzer-wandernadel.de\/fr\/wp-json\/wp\/v2\/users\/11"}],"replies":[{"embeddable":true,"href":"https:\/\/www.harzer-wandernadel.de\/fr\/wp-json\/wp\/v2\/comments?post=19280"}],"version-history":[{"count":2,"href":"https:\/\/www.harzer-wandernadel.de\/fr\/wp-json\/wp\/v2\/pages\/19280\/revisions"}],"predecessor-version":[{"id":24699,"href":"https:\/\/www.harzer-wandernadel.de\/fr\/wp-json\/wp\/v2\/pages\/19280\/revisions\/24699"}],"up":[{"embeddable":true,"href":"https:\/\/www.harzer-wandernadel.de\/fr\/wp-json\/wp\/v2\/pages\/17801"}],"wp:featuredmedia":[{"embeddable":true,"href":"https:\/\/www.harzer-wandernadel.de\/fr\/wp-json\/wp\/v2\/media\/19281"}],"wp:attachment":[{"href":"https:\/\/www.harzer-wandernadel.de\/fr\/wp-json\/wp\/v2\/media?parent=19280"}],"wp:term":[{"taxonomy":"hf_cat_page","embeddable":true,"href":"https:\/\/www.harzer-wandernadel.de\/fr\/wp-json\/wp\/v2\/hf_cat_page?post=19280"}],"curies":[{"name":"wp","href":"https:\/\/api.w.org\/{rel}","templated":true}]}}