{"id":19269,"date":"2016-02-16T13:56:42","date_gmt":"2016-02-16T12:56:42","guid":{"rendered":"https:\/\/www.harzer-wandernadel.de\/pointage\/carte-generale\/poinconnage-25-monument-oberfoerster-koch\/"},"modified":"2026-02-28T14:42:14","modified_gmt":"2026-02-28T13:42:14","slug":"poinconnage-25-monument-oberfoerster-koch","status":"publish","type":"page","link":"https:\/\/www.harzer-wandernadel.de\/fr\/pointage\/carte-generale\/poinconnage-25-monument-oberfoerster-koch\/","title":{"rendered":"Poin\u00e7onnage 25 \/ Monument Oberf\u00f6rster \u2013&nbsp;Koch"},"content":{"rendered":"\n<h2 class=\"wp-block-heading\">Le monument du garde forestier en chef Koch (585&nbsp;m&nbsp;d\u2019altitude) se trouve entre Ilsenburg et Hasserode et se compose d\u2019une pierre de granit \u00e9troite qui a&nbsp;\u00e9t\u00e9 \u00e9rig\u00e9e par le Harzklub \u00e0&nbsp;l\u2019occasion du 50\u00e8me anniversaire de service du garde forestier en&nbsp;1914.<\/h2>\n\n<div class=\"wp-block-stackable-image alignwide stk-block-image stk-block stk-89e1006\" data-block-id=\"89e1006\"><style>.stk-89e1006 {margin-top:3% !important;margin-bottom:3% !important;}<\/style><figure><span class=\"stk-img-wrapper stk-image--shape-stretch stk--has-lightbox\"><img decoding=\"async\" width=\"653\" height=\"446\" src=\"https:\/\/www.harzer-wandernadel.de\/wp-content\/uploads\/2016\/02\/HWN-Oberf\u00f6rster-Koch-Denkmal.jpg\" class=\"attachment-full size-full wp-post-image\" alt=\"Pierre comm\u00e9morative sous les arbres dans la zone verte de la for\u00eat\" srcset=\"https:\/\/www.harzer-wandernadel.de\/wp-content\/uploads\/2016\/02\/HWN-Oberf\u00f6rster-Koch-Denkmal.jpg 653w, https:\/\/www.harzer-wandernadel.de\/wp-content\/uploads\/2016\/02\/HWN-Oberf\u00f6rster-Koch-Denkmal-300x205.jpg 300w, https:\/\/www.harzer-wandernadel.de\/wp-content\/uploads\/2016\/02\/HWN-Oberf\u00f6rster-Koch-Denkmal-250x171.jpg 250w, https:\/\/www.harzer-wandernadel.de\/wp-content\/uploads\/2016\/02\/HWN-Oberf\u00f6rster-Koch-Denkmal-624x426.jpg 624w\" sizes=\"(max-width: 653px) 100vw, 653px\"><\/span><\/figure><\/div>\n\n<p>De Has\u00adse\u00adrode, tu marches jus\u00adqu\u2019au <a href=\"https:\/\/www.harzer-wandernadel.de\/fr\/pointage\/carte-generale\/pointage-26-moenchsbuche\/\" data-type=\"page\" data-id=\"589\">M\u00f6nchs\u00adbuche HWN 26<\/a> et tu suis le sen\u00adtier Oberf\u00f6rs\u00adter Koch jus\u00adqu\u2019au monu\u00adment avec la bo\u00eete \u00e0&nbsp;tampons.<\/p>\n\n<div class=\"wp-block-buttons is-layout-flex wp-block-buttons-is-layout-flex\">\n<div class=\"wp-block-button\"><a class=\"wp-block-button__link wp-element-button\" href=\"https:\/\/harzer-bergwald.de\/index.php\/wandertouren\/abenteuertouren\/7-wandern-rund-die-steinerne-renne\" target=\"_blank\" rel=\"noreferrer noopener\">Sug\u00adges\u00adtion de cir\u00adcuit For\u00eat de mon\u00adtagne du&nbsp;Harz&nbsp;\u00bb<\/a><\/div>\n<\/div>\n","protected":false},"excerpt":{"rendered":"<p>Le monu\u00adment du garde fores\u00adtier en chef Koch (585&nbsp;m&nbsp;d\u2019altitude) se trouve entre Ilsen\u00adburg et Has\u00adse\u00adrode et se com\u00adpose d\u2019une pierre de gra\u00adnit \u00e9troite qui a&nbsp;\u00e9t\u00e9 \u00e9ri\u00adg\u00e9e par le Harzk\u00adlub \u00e0&nbsp;l\u2019occasion du 50\u00e8me anni\u00adver\u00adsaire de ser\u00advice du garde fores\u00adtier en&nbsp;1914. De Has\u00adse\u00adrode, tu marches jus\u00adqu\u2019au M\u00f6nchs\u00adbuche HWN 26 et tu suis le sen\u00adtier Oberf\u00f6rs\u00adter Koch jus\u00adqu\u2019au [\u2026]<\/p>\n","protected":false},"author":11,"featured_media":19271,"parent":17801,"menu_order":10025,"comment_status":"closed","ping_status":"closed","template":"","meta":{"_seopress_robots_primary_cat":"","_seopress_titles_title":"","_seopress_titles_desc":"","_seopress_robots_index":"","wp_typography_post_enhancements_disabled":false,"iawp_total_views":1,"footnotes":""},"hf_cat_page":[120],"class_list":["post-19269","page","type-page","status-publish","has-post-thumbnail"],"blocksy_meta":[],"_links":{"self":[{"href":"https:\/\/www.harzer-wandernadel.de\/fr\/wp-json\/wp\/v2\/pages\/19269","targetHints":{"allow":["GET"]}}],"collection":[{"href":"https:\/\/www.harzer-wandernadel.de\/fr\/wp-json\/wp\/v2\/pages"}],"about":[{"href":"https:\/\/www.harzer-wandernadel.de\/fr\/wp-json\/wp\/v2\/types\/page"}],"author":[{"embeddable":true,"href":"https:\/\/www.harzer-wandernadel.de\/fr\/wp-json\/wp\/v2\/users\/11"}],"replies":[{"embeddable":true,"href":"https:\/\/www.harzer-wandernadel.de\/fr\/wp-json\/wp\/v2\/comments?post=19269"}],"version-history":[{"count":2,"href":"https:\/\/www.harzer-wandernadel.de\/fr\/wp-json\/wp\/v2\/pages\/19269\/revisions"}],"predecessor-version":[{"id":24710,"href":"https:\/\/www.harzer-wandernadel.de\/fr\/wp-json\/wp\/v2\/pages\/19269\/revisions\/24710"}],"up":[{"embeddable":true,"href":"https:\/\/www.harzer-wandernadel.de\/fr\/wp-json\/wp\/v2\/pages\/17801"}],"wp:featuredmedia":[{"embeddable":true,"href":"https:\/\/www.harzer-wandernadel.de\/fr\/wp-json\/wp\/v2\/media\/19271"}],"wp:attachment":[{"href":"https:\/\/www.harzer-wandernadel.de\/fr\/wp-json\/wp\/v2\/media?parent=19269"}],"wp:term":[{"taxonomy":"hf_cat_page","embeddable":true,"href":"https:\/\/www.harzer-wandernadel.de\/fr\/wp-json\/wp\/v2\/hf_cat_page?post=19269"}],"curies":[{"name":"wp","href":"https:\/\/api.w.org\/{rel}","templated":true}]}}