{"id":19257,"date":"2016-02-16T13:54:21","date_gmt":"2016-02-16T12:54:21","guid":{"rendered":"https:\/\/www.harzer-wandernadel.de\/pointage\/carte-generale\/poinconnage-24-wolfsklippe\/"},"modified":"2026-02-28T14:42:13","modified_gmt":"2026-02-28T13:42:13","slug":"poinconnage-24-wolfsklippe","status":"publish","type":"page","link":"https:\/\/www.harzer-wandernadel.de\/fr\/pointage\/carte-generale\/poinconnage-24-wolfsklippe\/","title":{"rendered":"Poin\u00e7onnage 24 \/ Wolfsklippe"},"content":{"rendered":"\n<h2 class=\"wp-block-heading\">La Wolfsklippe (723&nbsp;m&nbsp;d\u2019altitude) se trouve entre Ilsenburg et Schierke dans le parc national du&nbsp;Harz.<\/h2>\n\n<div class=\"wp-block-stackable-image alignwide stk-block-image stk-block stk-89e1006\" data-block-id=\"89e1006\"><style>.stk-89e1006 {margin-top:3% !important;margin-bottom:3% !important;}<\/style><figure><span class=\"stk-img-wrapper stk-image--shape-stretch stk--has-lightbox\"><img decoding=\"async\" width=\"2048\" height=\"1152\" src=\"https:\/\/www.harzer-wandernadel.de\/wp-content\/uploads\/2016\/02\/HWN-Wolfsklippe-Klingemann.jpg\" class=\"attachment-full size-full wp-post-image\" alt=\"Clairi\u00e8re avec fleurs mauves et \u00e9pic\u00e9as\" srcset=\"https:\/\/www.harzer-wandernadel.de\/wp-content\/uploads\/2016\/02\/HWN-Wolfsklippe-Klingemann.jpg 2048w, https:\/\/www.harzer-wandernadel.de\/wp-content\/uploads\/2016\/02\/HWN-Wolfsklippe-Klingemann-300x169.jpg 300w, https:\/\/www.harzer-wandernadel.de\/wp-content\/uploads\/2016\/02\/HWN-Wolfsklippe-Klingemann-768x432.jpg 768w, https:\/\/www.harzer-wandernadel.de\/wp-content\/uploads\/2016\/02\/HWN-Wolfsklippe-Klingemann-1024x576.jpg 1024w, https:\/\/www.harzer-wandernadel.de\/wp-content\/uploads\/2016\/02\/HWN-Wolfsklippe-Klingemann-250x141.jpg 250w, https:\/\/www.harzer-wandernadel.de\/wp-content\/uploads\/2016\/02\/HWN-Wolfsklippe-Klingemann-624x351.jpg 624w\" sizes=\"(max-width: 2048px) 100vw, 2048px\"><\/span><\/figure><\/div>\n\n<p>Au som\u00admet de la falaise se trouve une tour d\u2019ob\u00adser\u00adva\u00adtion en acier, construite en 1901 par le Harzklub.<\/p>\n\n<p>Le lieu de poin\u00adtage se trouve en des\u00adsous de la falaise, \u00e0&nbsp;envi\u00adron 100 m\u00e8tres, sur la mon\u00adt\u00e9e Alexandre. De l\u00e0, tu peux conti\u00adnuer la tour\u00adn\u00e9e de poin\u00ad\u00e7on\u00adnage jus\u00adqu\u2019\u00e0 la <a href=\"https:\/\/www.harzer-wandernadel.de\/fr\/pointage\/carte-generale\/pointage-16-pierre-de-ferdinand\/\" data-type=\"page\" data-id=\"528\">pierre de Fer\u00addi\u00adnand HWN 16<\/a>, situ\u00e9e \u00e0&nbsp;envi\u00adron 1,6&nbsp;km, ou jus\u00adqu\u2019au <a href=\"https:\/\/www.harzer-wandernadel.de\/stempelstellen\/uebersichtskarte\/stempelstelle-25-oberfoerster-koch-denkmal\/\" data-type=\"page\" data-id=\"587\">monu\u00adment du fores\u00adtier en chef Koch HWN 25&nbsp;en<\/a> emprun\u00adtant le sen\u00adtier Huyseburger-Heu.&nbsp;<\/p>\n","protected":false},"excerpt":{"rendered":"<p>La Wolf\u00adsk\u00adlippe (723&nbsp;m&nbsp;d\u2019altitude) se trouve entre Ilsen\u00adburg et Schierke dans le parc natio\u00adnal du&nbsp;Harz. Au som\u00admet de la falaise se trouve une tour d\u2019ob\u00adser\u00adva\u00adtion en acier, construite en 1901 par le Harzk\u00adlub. Le lieu de poin\u00adtage se trouve en des\u00adsous de la falaise, \u00e0&nbsp;envi\u00adron 100 m\u00e8tres, sur la mon\u00adt\u00e9e Alexandre. De l\u00e0, tu peux continuer&nbsp;[\u2026]<\/p>\n","protected":false},"author":11,"featured_media":19261,"parent":17801,"menu_order":10024,"comment_status":"closed","ping_status":"closed","template":"","meta":{"_seopress_robots_primary_cat":"","_seopress_titles_title":"","_seopress_titles_desc":"","_seopress_robots_index":"","wp_typography_post_enhancements_disabled":false,"iawp_total_views":1,"footnotes":""},"hf_cat_page":[120],"class_list":["post-19257","page","type-page","status-publish","has-post-thumbnail"],"blocksy_meta":[],"_links":{"self":[{"href":"https:\/\/www.harzer-wandernadel.de\/fr\/wp-json\/wp\/v2\/pages\/19257","targetHints":{"allow":["GET"]}}],"collection":[{"href":"https:\/\/www.harzer-wandernadel.de\/fr\/wp-json\/wp\/v2\/pages"}],"about":[{"href":"https:\/\/www.harzer-wandernadel.de\/fr\/wp-json\/wp\/v2\/types\/page"}],"author":[{"embeddable":true,"href":"https:\/\/www.harzer-wandernadel.de\/fr\/wp-json\/wp\/v2\/users\/11"}],"replies":[{"embeddable":true,"href":"https:\/\/www.harzer-wandernadel.de\/fr\/wp-json\/wp\/v2\/comments?post=19257"}],"version-history":[{"count":2,"href":"https:\/\/www.harzer-wandernadel.de\/fr\/wp-json\/wp\/v2\/pages\/19257\/revisions"}],"predecessor-version":[{"id":24706,"href":"https:\/\/www.harzer-wandernadel.de\/fr\/wp-json\/wp\/v2\/pages\/19257\/revisions\/24706"}],"up":[{"embeddable":true,"href":"https:\/\/www.harzer-wandernadel.de\/fr\/wp-json\/wp\/v2\/pages\/17801"}],"wp:featuredmedia":[{"embeddable":true,"href":"https:\/\/www.harzer-wandernadel.de\/fr\/wp-json\/wp\/v2\/media\/19261"}],"wp:attachment":[{"href":"https:\/\/www.harzer-wandernadel.de\/fr\/wp-json\/wp\/v2\/media?parent=19257"}],"wp:term":[{"taxonomy":"hf_cat_page","embeddable":true,"href":"https:\/\/www.harzer-wandernadel.de\/fr\/wp-json\/wp\/v2\/hf_cat_page?post=19257"}],"curies":[{"name":"wp","href":"https:\/\/api.w.org\/{rel}","templated":true}]}}