{"id":19242,"date":"2016-02-17T14:52:50","date_gmt":"2016-02-17T13:52:50","guid":{"rendered":"https:\/\/www.harzer-wandernadel.de\/pointage\/carte-generale\/pointage-55-desert-de-selkenfelde-eglise\/"},"modified":"2026-02-28T14:42:28","modified_gmt":"2026-02-28T13:42:28","slug":"pointage-55-desert-de-selkenfelde-eglise","status":"publish","type":"page","link":"https:\/\/www.harzer-wandernadel.de\/fr\/pointage\/carte-generale\/pointage-55-desert-de-selkenfelde-eglise\/","title":{"rendered":"Pointage 55 \/ D\u00e9sert de Selkenfelde\/\u00e9glise"},"content":{"rendered":"\n<h2 class=\"wp-block-heading\">Le d\u00e9sert de Selkefelde (495&nbsp;m&nbsp;d\u2019altitude) se trouve entre Stiege et Albrechtshaus, directement dans la zone de source de la&nbsp;Selke.<\/h2>\n\n<div class=\"wp-block-stackable-image alignwide stk-block-image stk-block stk-89e1006\" data-block-id=\"89e1006\"><style>.stk-89e1006 {margin-top:3% !important;margin-bottom:3% !important;}<\/style><figure><span class=\"stk-img-wrapper stk-image--shape-stretch stk--has-lightbox\"><img decoding=\"async\" width=\"825\" height=\"550\" src=\"https:\/\/www.harzer-wandernadel.de\/wp-content\/uploads\/2016\/02\/Selkenfelde.jpg\" class=\"attachment-full size-full wp-post-image\" alt srcset=\"https:\/\/www.harzer-wandernadel.de\/wp-content\/uploads\/2016\/02\/Selkenfelde.jpg 825w, https:\/\/www.harzer-wandernadel.de\/wp-content\/uploads\/2016\/02\/Selkenfelde-300x200.jpg 300w, https:\/\/www.harzer-wandernadel.de\/wp-content\/uploads\/2016\/02\/Selkenfelde-768x512.jpg 768w, https:\/\/www.harzer-wandernadel.de\/wp-content\/uploads\/2016\/02\/Selkenfelde-624x416.jpg 624w\" sizes=\"(max-width: 825px) 100vw, 825px\"><\/span><\/figure><\/div>\n\n<p>La pre\u00admi\u00e8re men\u00adtion de Sel\u00adken\u00adfelde se trouve dans un docu\u00adment de l\u2019empereur Otto Ier, par lequel la cour royale (cur\u00adtis) \u00ab&nbsp;Qui\u00adte\u00adlin\u00adgen&nbsp;\u00bb et les vil\u00adlages qui en font par\u00adtie, entre autres \u00ab&nbsp;Sili\u00adcan\u00advelth&nbsp;\u00bb, sont c\u00e9d\u00e9s \u00e0&nbsp;l\u2019ab\u00adbaye de Ser\u00adva\u00adtius \u00e0&nbsp;Qued\u00adlin\u00adburg. Sel\u00adken\u00adfelde est expli\u00adci\u00adte\u00adment d\u00e9si\u00adgn\u00e9e comme \u00ab&nbsp;vil\u00adla&nbsp;\u00bb, ce qui signi\u00adfie village.&nbsp;<\/p>\n\n<p>En 1203, l\u2019empereur Otto IV a&nbsp;don\u00adn\u00e9 en fief le vil\u00adlage de Stiege, et avec lui Sel\u00adken\u00adfelde, au comte Sieg\u00adfried de Blan\u00adken\u00adburg en \u00e9change d\u2019une aide pour les armes. En 1209\/27, le lieu est \u00e0&nbsp;nou\u00adveau men\u00adtion\u00adn\u00e9 dans l\u2019in\u00adven\u00adtaire des biens du comte Sieg\u00adfried comme \u00ab&nbsp;vil\u00adla que dici\u00adtur Sele\u00adken\u00advelde&nbsp;\u00bb. Jus\u00adqu\u2019\u00e0 la fin du 14\u00e8me si\u00e8cle, la com\u00admu\u00adnau\u00adt\u00e9 du vil\u00adlage avait son propre pr\u00eatre. A&nbsp;par\u00adtir du 15\u00e8me si\u00e8cle, le vil\u00adlage n\u2019est plus men\u00adtion\u00adn\u00e9 dans les docu\u00adments. On peut donc sup\u00adpo\u00adser qu\u2019il \u00e9tait d\u00e9j\u00e0 d\u00e9sert en&nbsp;1500.&nbsp;<\/p>\n\n<p>Au nord-est, la d\u00e9fense moderne \u00ab&nbsp;Sel\u00adken\u00adfel\u00adder-Schanze&nbsp;\u00bb a&nbsp;\u00e9t\u00e9 construite par la Prusse pen\u00addant la \u00ab&nbsp;guerre de sept ans&nbsp;\u00bb en 1760. Il vaut la peine de suivre le pan\u00adneau \u00ab&nbsp;Kano\u00adnen\u00adplatz&nbsp;\u00bb sur la B&nbsp;242 et d\u2019al\u00adler voir cette d\u00e9fense reconstruite.&nbsp;<\/p>\n\n<p>La soci\u00e9\u00adt\u00e9 d\u2019emploi com\u00admu\u00adnal du dis\u00adtrict de Harz, en col\u00adla\u00adbo\u00adra\u00adtion avec l\u2019au\u00adto\u00adri\u00adt\u00e9 inf\u00e9\u00adrieure des monu\u00adments his\u00adto\u00adriques, l\u2019en\u00adtre\u00adprise fores\u00adti\u00e8re Obe\u00adrharz et AFG Harz, a&nbsp;recons\u00adtruit l\u2019ins\u00adtal\u00adla\u00adtion en&nbsp;2013.<\/p>\n\n<p>Comme point de d\u00e9part, nous te recom\u00adman\u00addons le par\u00adking de la sta\u00adtion \u00ab&nbsp;Albrecht\u00adshaus&nbsp;\u00bb. De l\u00e0, tu marches sur le Sel\u00adke\u00adtal-Stieg en direc\u00adtion de Stiege et apr\u00e8s envi\u00adron 800 m\u00e8tres, tu restes \u00e0&nbsp;droite, tu tra\u00adverses la voie fer\u00adr\u00e9e et peu de temps apr\u00e8s, tu arrives au point de pointage.&nbsp;<\/p>\n","protected":false},"excerpt":{"rendered":"<p>Le d\u00e9sert de Sel\u00adke\u00adfelde (495&nbsp;m&nbsp;d\u2019altitude) se trouve entre Stiege et Albrecht\u00adshaus, direc\u00adte\u00adment dans la zone de source de la&nbsp;Selke. La pre\u00admi\u00e8re men\u00adtion de Sel\u00adken\u00adfelde se trouve dans un docu\u00adment de l\u2019empereur Otto Ier, par lequel la cour royale (cur\u00adtis) \u00ab&nbsp;Qui\u00adte\u00adlin\u00adgen&nbsp;\u00bb et les vil\u00adlages qui en font par\u00adtie, entre autres \u00ab&nbsp;Sili\u00adcan\u00advelth&nbsp;\u00bb, sont c\u00e9d\u00e9s \u00e0&nbsp;l\u2019ab\u00adbaye de Servatius&nbsp;[\u2026]<\/p>\n","protected":false},"author":11,"featured_media":19245,"parent":17801,"menu_order":10055,"comment_status":"closed","ping_status":"closed","template":"","meta":{"_seopress_robots_primary_cat":"","_seopress_titles_title":"","_seopress_titles_desc":"","_seopress_robots_index":"","wp_typography_post_enhancements_disabled":false,"iawp_total_views":1,"footnotes":""},"hf_cat_page":[120],"class_list":["post-19242","page","type-page","status-publish","has-post-thumbnail"],"blocksy_meta":[],"_links":{"self":[{"href":"https:\/\/www.harzer-wandernadel.de\/fr\/wp-json\/wp\/v2\/pages\/19242","targetHints":{"allow":["GET"]}}],"collection":[{"href":"https:\/\/www.harzer-wandernadel.de\/fr\/wp-json\/wp\/v2\/pages"}],"about":[{"href":"https:\/\/www.harzer-wandernadel.de\/fr\/wp-json\/wp\/v2\/types\/page"}],"author":[{"embeddable":true,"href":"https:\/\/www.harzer-wandernadel.de\/fr\/wp-json\/wp\/v2\/users\/11"}],"replies":[{"embeddable":true,"href":"https:\/\/www.harzer-wandernadel.de\/fr\/wp-json\/wp\/v2\/comments?post=19242"}],"version-history":[{"count":1,"href":"https:\/\/www.harzer-wandernadel.de\/fr\/wp-json\/wp\/v2\/pages\/19242\/revisions"}],"predecessor-version":[{"id":19247,"href":"https:\/\/www.harzer-wandernadel.de\/fr\/wp-json\/wp\/v2\/pages\/19242\/revisions\/19247"}],"up":[{"embeddable":true,"href":"https:\/\/www.harzer-wandernadel.de\/fr\/wp-json\/wp\/v2\/pages\/17801"}],"wp:featuredmedia":[{"embeddable":true,"href":"https:\/\/www.harzer-wandernadel.de\/fr\/wp-json\/wp\/v2\/media\/19245"}],"wp:attachment":[{"href":"https:\/\/www.harzer-wandernadel.de\/fr\/wp-json\/wp\/v2\/media?parent=19242"}],"wp:term":[{"taxonomy":"hf_cat_page","embeddable":true,"href":"https:\/\/www.harzer-wandernadel.de\/fr\/wp-json\/wp\/v2\/hf_cat_page?post=19242"}],"curies":[{"name":"wp","href":"https:\/\/api.w.org\/{rel}","templated":true}]}}