{"id":19241,"date":"2016-02-18T10:01:31","date_gmt":"2016-02-18T09:01:31","guid":{"rendered":"https:\/\/www.harzer-wandernadel.de\/pointage\/carte-generale\/poinconnage-221-jungfernklippe\/"},"modified":"2026-01-29T12:54:21","modified_gmt":"2026-01-29T11:54:21","slug":"poinconnage-221-jungfernklippe","status":"publish","type":"page","link":"https:\/\/www.harzer-wandernadel.de\/fr\/pointage\/carte-generale\/poinconnage-221-jungfernklippe\/","title":{"rendered":"Poin\u00e7onnage 221 \/ Jungfernklippe"},"content":{"rendered":"\n<h2 class=\"wp-block-heading\">La Jungfernklippe (660&nbsp;m&nbsp;d\u2019altitude) se trouve au sud-ouest du Dehnenkopf (775&nbsp;m&nbsp;d\u2019altitude) et au-dessus de la vall\u00e9e de Kellwasser, le long d\u2019une route foresti\u00e8re qui reproduit \u00e9galement la fronti\u00e8re du parc national.<\/h2>\n\n<div class=\"wp-block-stackable-image alignwide stk-block-image stk-block stk-89e1006\" data-block-id=\"89e1006\"><style>.stk-89e1006 {margin-top:3% !important;margin-bottom:3% !important;}<\/style><figure><span class=\"stk-img-wrapper stk-image--shape-stretch stk--has-lightbox\"><img decoding=\"async\" width=\"587\" height=\"533\" src=\"https:\/\/www.harzer-wandernadel.de\/wp-content\/uploads\/2016\/02\/Jungfernklippe-1.jpg\" class=\"attachment-full size-full wp-post-image\" alt srcset=\"https:\/\/www.harzer-wandernadel.de\/wp-content\/uploads\/2016\/02\/Jungfernklippe-1.jpg 587w, https:\/\/www.harzer-wandernadel.de\/wp-content\/uploads\/2016\/02\/Jungfernklippe-1-300x272.jpg 300w, https:\/\/www.harzer-wandernadel.de\/wp-content\/uploads\/2016\/02\/Jungfernklippe-1-250x227.jpg 250w\" sizes=\"(max-width: 587px) 100vw, 587px\"><\/span><\/figure><\/div>\n\n<p>La falaise en tant que telle n\u2019est pas spec\u00adta\u00adcu\u00adlaire, mais \u00e0&nbsp;quelques cen\u00adtaines de m\u00e8tres de l\u00e0, tu peux d\u00e9cou\u00advrir le d\u00e9but actuel de la digue, en des\u00adsous de la Jung\u00adfernk\u00adlippe, \u00e0&nbsp;la boucle de&nbsp;Bloch.<\/p>\n\n<p>D\u00e8s le milieu du 17\u00e8me si\u00e8cle, on s\u2019est ren\u00addu compte que l\u2019eau autour de Claus\u00adthal-Zel\u00adler\u00adfeld ne suf\u00adfi\u00adsait plus pour les mines du pla\u00adteau de Claus\u00adthal. C\u2019est pour\u00adquoi le ser\u00advice des mines a&nbsp;\u00e9la\u00adbo\u00adr\u00e9 le pro\u00adjet de construire un \u00ab&nbsp;long fos\u00ads\u00e9&nbsp;\u00bb pour ame\u00adner les eaux loin\u00adtaines du Bruch\u00adberg et du Bro\u00adcken\u00adfeld. Les pre\u00admiers tra\u00advaux ont com\u00admen\u00adc\u00e9 sur le cours d\u2019eau de la val\u00adl\u00e9e du Moen en 1659 et se sont ter\u00admi\u00adn\u00e9s en 1827 avec la d\u00e9ri\u00adva\u00adtion \u00e0&nbsp;la boucle de&nbsp;Bloch.&nbsp;<\/p>\n\n<div class=\"wp-block-buttons is-layout-flex wp-block-buttons-is-layout-flex\">\n<div class=\"wp-block-button\"><a class=\"wp-block-button__link wp-element-button\" href=\"http:\/\/www.harzburger-wanderseite.de\/willkommen\/kultur-geschichte\/dammgrabensystem.html\" target=\"_blank\" rel=\"noreferrer noopener\">Sys\u00adt\u00e8me de fos\u00ads\u00e9 de barrage<\/a><\/div>\n<\/div>\n\n<p>La Jung\u00adfernk\u00adlippe est la plus facile \u00e0&nbsp;atteindre depuis le petit par\u00adking \u00ab&nbsp;Ulmer Weg&nbsp;\u00bb, qui se trouve direc\u00adte\u00adment sur la B&nbsp;4, envi\u00adron 1&nbsp;km en des\u00adsous du grand par\u00adking de Torf\u00adhaus. De l\u2019autre c\u00f4t\u00e9 de la route com\u00admencent deux larges routes fores\u00adti\u00e8res gra\u00advillon\u00adn\u00e9es, dont la route gra\u00advillon\u00adn\u00e9e de gauche, en l\u00e9g\u00e8re des\u00adcente, m\u00e8ne \u00e0&nbsp;la Jung\u00adfernk\u00adlippe, situ\u00e9e \u00e0&nbsp;envi\u00adron 2&nbsp;km.&nbsp;<\/p>\n\n<p>Le point de poin\u00adtage peut aus\u00adsi \u00eatre par\u00adcou\u00adru depuis Torf\u00adhaus. Par\u00adking En des\u00adsous des Ler\u00adchenk\u00f6pfe, tra\u00adver\u00adser la route et suivre le Kell\u00adwas\u00adser autour du Deh\u00adnen\u00adkopf sur 1,5&nbsp;km.&nbsp;<\/p>\n","protected":false},"excerpt":{"rendered":"<p>La Jung\u00adfernk\u00adlippe (660&nbsp;m&nbsp;d\u2019altitude) se trouve au sud-ouest du Deh\u00adnen\u00adkopf (775&nbsp;m&nbsp;d\u2019altitude) et au-des\u00adsus de la val\u00adl\u00e9e de Kell\u00adwas\u00adser, le long d\u2019une route fores\u00adti\u00e8re qui repro\u00adduit \u00e9ga\u00adle\u00adment la fron\u00adti\u00e8re du parc natio\u00adnal. La falaise en tant que telle n\u2019est pas spec\u00adta\u00adcu\u00adlaire, mais \u00e0&nbsp;quelques cen\u00adtaines de m\u00e8tres de l\u00e0, tu peux d\u00e9cou\u00advrir le d\u00e9but actuel de la&nbsp;digue,&nbsp;[\u2026]<\/p>\n","protected":false},"author":11,"featured_media":19244,"parent":17801,"menu_order":10221,"comment_status":"closed","ping_status":"closed","template":"","meta":{"_seopress_robots_primary_cat":"","_seopress_titles_title":"","_seopress_titles_desc":"","_seopress_robots_index":"","wp_typography_post_enhancements_disabled":false,"iawp_total_views":0,"footnotes":""},"hf_cat_page":[120],"class_list":["post-19241","page","type-page","status-publish","has-post-thumbnail"],"blocksy_meta":[],"_links":{"self":[{"href":"https:\/\/www.harzer-wandernadel.de\/fr\/wp-json\/wp\/v2\/pages\/19241","targetHints":{"allow":["GET"]}}],"collection":[{"href":"https:\/\/www.harzer-wandernadel.de\/fr\/wp-json\/wp\/v2\/pages"}],"about":[{"href":"https:\/\/www.harzer-wandernadel.de\/fr\/wp-json\/wp\/v2\/types\/page"}],"author":[{"embeddable":true,"href":"https:\/\/www.harzer-wandernadel.de\/fr\/wp-json\/wp\/v2\/users\/11"}],"replies":[{"embeddable":true,"href":"https:\/\/www.harzer-wandernadel.de\/fr\/wp-json\/wp\/v2\/comments?post=19241"}],"version-history":[{"count":1,"href":"https:\/\/www.harzer-wandernadel.de\/fr\/wp-json\/wp\/v2\/pages\/19241\/revisions"}],"predecessor-version":[{"id":19246,"href":"https:\/\/www.harzer-wandernadel.de\/fr\/wp-json\/wp\/v2\/pages\/19241\/revisions\/19246"}],"up":[{"embeddable":true,"href":"https:\/\/www.harzer-wandernadel.de\/fr\/wp-json\/wp\/v2\/pages\/17801"}],"wp:featuredmedia":[{"embeddable":true,"href":"https:\/\/www.harzer-wandernadel.de\/fr\/wp-json\/wp\/v2\/media\/19244"}],"wp:attachment":[{"href":"https:\/\/www.harzer-wandernadel.de\/fr\/wp-json\/wp\/v2\/media?parent=19241"}],"wp:term":[{"taxonomy":"hf_cat_page","embeddable":true,"href":"https:\/\/www.harzer-wandernadel.de\/fr\/wp-json\/wp\/v2\/hf_cat_page?post=19241"}],"curies":[{"name":"wp","href":"https:\/\/api.w.org\/{rel}","templated":true}]}}