{"id":19226,"date":"2016-02-19T14:48:20","date_gmt":"2016-02-19T13:48:20","guid":{"rendered":"https:\/\/www.harzer-wandernadel.de\/pointage\/carte-generale\/pointage-163-vue-sur-le-sommet-du-kaiserweg\/"},"modified":"2026-01-29T12:54:14","modified_gmt":"2026-01-29T11:54:14","slug":"pointage-163-vue-sur-le-sommet-du-kaiserweg","status":"publish","type":"page","link":"https:\/\/www.harzer-wandernadel.de\/fr\/pointage\/carte-generale\/pointage-163-vue-sur-le-sommet-du-kaiserweg\/","title":{"rendered":"Pointage 163 \/ vue sur le sommet du Kaiserweg"},"content":{"rendered":"\n<h2 class=\"wp-block-heading\">Le HWN 163 Gipfelblick am Kaiserweg se trouve entre les villages du Harz Wieda, Zorge et Hohegei\u00df, pr\u00e8s du Wagnerskopf qui culmine \u00e0&nbsp;633 m\u00e8tres. Depuis l\u2019emplacement du tampon, tu as une vue exceptionnelle sur plusieurs sommets du Harz, y&nbsp;compris le Wurmberg et le majestueux Brocken.<br>Le meilleur moyen d\u2019acc\u00e9der au tampon est de partir du parking \u00ab&nbsp;Kaiserweg&nbsp;\u00bb, qui se trouve sur la route d\u00e9partementale L&nbsp;601 entre Wieda et Braunlage. De l\u00e0, tu marches r\u00e9guli\u00e8rement sur le Kaiserweg en direction de Wieda et tu atteins le HWN 163&nbsp;en passant par le Steigerkopf.&nbsp;<\/h2>\n\n<div class=\"wp-block-stackable-image alignwide stk-block-image stk-block stk-89e1006\" data-block-id=\"89e1006\"><style>.stk-89e1006 {margin-top:3% !important;margin-bottom:3% !important;}<\/style><figure><span class=\"stk-img-wrapper stk-image--shape-stretch stk--has-lightbox\"><img decoding=\"async\" width=\"2048\" height=\"1536\" src=\"https:\/\/www.harzer-wandernadel.de\/wp-content\/uploads\/2016\/02\/HWN-163-Gipfelblick.jpg\" class=\"attachment-full size-full wp-post-image\" alt=\"Chemin de randonn\u00e9e avec vue sur la colline et l'Himmel bleu\" srcset=\"https:\/\/www.harzer-wandernadel.de\/wp-content\/uploads\/2016\/02\/HWN-163-Gipfelblick.jpg 2048w, https:\/\/www.harzer-wandernadel.de\/wp-content\/uploads\/2016\/02\/HWN-163-Gipfelblick-300x225.jpg 300w, https:\/\/www.harzer-wandernadel.de\/wp-content\/uploads\/2016\/02\/HWN-163-Gipfelblick-768x576.jpg 768w, https:\/\/www.harzer-wandernadel.de\/wp-content\/uploads\/2016\/02\/HWN-163-Gipfelblick-1024x768.jpg 1024w, https:\/\/www.harzer-wandernadel.de\/wp-content\/uploads\/2016\/02\/HWN-163-Gipfelblick-250x188.jpg 250w, https:\/\/www.harzer-wandernadel.de\/wp-content\/uploads\/2016\/02\/HWN-163-Gipfelblick-624x468.jpg 624w\" sizes=\"(max-width: 2048px) 100vw, 2048px\"><\/span><\/figure><\/div>\n\n<p>Alter\u00adna\u00adtives&nbsp;:<br>A par\u00adtir de Zorge, gare-toi \u00e0&nbsp;l\u2019of\u00adfice du tou\u00adrisme et suis le sen\u00adtier du refuge jus\u00adqu\u2019\u00e0 la HWN 160 Hele\u00adnen\u00adruh, puis conti\u00adnue sur le sen\u00adtier de l\u2019empereur jus\u00adqu\u2019\u00e0 la HWN&nbsp;163.<\/p>\n\n<p>Entre Braun\u00adlage et Ode\u00adrhaus, le par\u00adking Lau\u00adse\u00adbuche se trouve direc\u00adte\u00adment sur le Kai\u00adser\u00adweg. De l\u00e0, on marche d\u2019a\u00adbord jus\u00adqu\u2019\u00e0 la <a href=\"https:\/\/www.harzer-wandernadel.de\/fr\/pointage\/carte-generale\/pointage-157-kappellenfleck\/\" data-type=\"page\" data-id=\"1193\">HWN 157 Kapel\u00adlen\u00adfleck <\/a>o\u00f9 l\u2019on peut voir les restes d\u2019une cha\u00adpelle de mis\u00e8re du d\u00e9but du Moyen-\u00c2ge. On conti\u00adnue tou\u00adjours le long du Kai\u00adser\u00adweg en direc\u00adtion de Wie\u00adda et apr\u00e8s avoir tra\u00adver\u00ads\u00e9 la route d\u00e9par\u00adte\u00admen\u00adtale L&nbsp;601, on arrive direc\u00adte\u00adment \u00e0&nbsp;la HWN&nbsp;163.&nbsp;<\/p>\n\n<p>D\u00e9couvre la nature sur les che\u00admins des empe\u00adreurs et rois alle\u00admands<br>Le che\u00admin de l\u2019empereur com\u00admence sur la col\u00adline du ch\u00e2\u00adteau de Bad Harz\u00adburg et passe par les Hop\u00adfens\u00e4cke, deux falaises de gra\u00adnit typiques du Harz, puis par Oder\u00adbr\u00fcck jus\u00adqu\u2019au K\u00f6nig\u00adskrug, de l\u00e0 jus\u00adqu\u2019\u00e0 la Kapel\u00adlen\u00adfleck et par Hele\u00adnen\u00adruh jus\u00adqu\u2019au monas\u00adt\u00e8re cis\u00adter\u00adcien de Wal\u00adken\u00adried. De l\u00e0, le che\u00admin se dirige vers l\u2019est et rejoint le Karst\u00adwan\u00adder\u00adweg. Tu passes la fron\u00adti\u00e8re avec la Thu\u00adringe et via Juliu\u00adsh\u00fctte, Ell\u00adrich et le m\u00e9mo\u00adrial du camp de concen\u00adtra\u00adtion Mit\u00adtel\u00adbau Dora, tu atteins la ville de Nord\u00adhau\u00adsen, au nord de la Thu\u00adringe. C\u2019est ici que se trou\u00advait une cour royale au Moyen-\u00c2ge, sou\u00advent fr\u00e9\u00adquen\u00adt\u00e9e par les rois alle\u00admands jus\u00adqu\u2019\u00e0 la fin de la p\u00e9riode des Stau\u00adfer. Ensuite, le che\u00admin va de Nord\u00adhau\u00adsen \u00e0&nbsp;Herin\u00adgen et Ham\u00adma jus\u00adqu\u2019\u00e0 la Badraer Schweiz, dont les mon\u00adtagnes offrent une vue magni\u00adfique sur le Harz. Ensuite, le che\u00admin passe par le Kyffh\u00e4u\u00adser et arrive \u00e0&nbsp;Tille\u00adda en Saxe-Anhalt o\u00f9 il se ter\u00admine au palais royal.&nbsp;<\/p>\n","protected":false},"excerpt":{"rendered":"<p>Le HWN 163 Gip\u00adfel\u00adblick am Kai\u00adser\u00adweg se trouve entre les vil\u00adlages du Harz Wie\u00adda, Zorge et Hohe\u00adgei\u00df, pr\u00e8s du Wag\u00adners\u00adkopf qui culmine \u00e0&nbsp;633 m\u00e8tres. Depuis l\u2019emplacement du tam\u00adpon, tu as une vue excep\u00adtion\u00adnelle sur plu\u00adsieurs som\u00admets du Harz, y&nbsp;com\u00adpris le Wurm\u00adberg et le majes\u00adtueux Brocken.Le meilleur moyen d\u2019acc\u00e9der au tam\u00adpon est de par\u00adtir du parking&nbsp;[\u2026]<\/p>\n","protected":false},"author":11,"featured_media":19229,"parent":17801,"menu_order":10163,"comment_status":"closed","ping_status":"closed","template":"","meta":{"_seopress_robots_primary_cat":"","_seopress_titles_title":"","_seopress_titles_desc":"","_seopress_robots_index":"","wp_typography_post_enhancements_disabled":false,"iawp_total_views":0,"footnotes":""},"hf_cat_page":[120],"class_list":["post-19226","page","type-page","status-publish","has-post-thumbnail"],"blocksy_meta":[],"_links":{"self":[{"href":"https:\/\/www.harzer-wandernadel.de\/fr\/wp-json\/wp\/v2\/pages\/19226","targetHints":{"allow":["GET"]}}],"collection":[{"href":"https:\/\/www.harzer-wandernadel.de\/fr\/wp-json\/wp\/v2\/pages"}],"about":[{"href":"https:\/\/www.harzer-wandernadel.de\/fr\/wp-json\/wp\/v2\/types\/page"}],"author":[{"embeddable":true,"href":"https:\/\/www.harzer-wandernadel.de\/fr\/wp-json\/wp\/v2\/users\/11"}],"replies":[{"embeddable":true,"href":"https:\/\/www.harzer-wandernadel.de\/fr\/wp-json\/wp\/v2\/comments?post=19226"}],"version-history":[{"count":1,"href":"https:\/\/www.harzer-wandernadel.de\/fr\/wp-json\/wp\/v2\/pages\/19226\/revisions"}],"predecessor-version":[{"id":19231,"href":"https:\/\/www.harzer-wandernadel.de\/fr\/wp-json\/wp\/v2\/pages\/19226\/revisions\/19231"}],"up":[{"embeddable":true,"href":"https:\/\/www.harzer-wandernadel.de\/fr\/wp-json\/wp\/v2\/pages\/17801"}],"wp:featuredmedia":[{"embeddable":true,"href":"https:\/\/www.harzer-wandernadel.de\/fr\/wp-json\/wp\/v2\/media\/19229"}],"wp:attachment":[{"href":"https:\/\/www.harzer-wandernadel.de\/fr\/wp-json\/wp\/v2\/media?parent=19226"}],"wp:term":[{"taxonomy":"hf_cat_page","embeddable":true,"href":"https:\/\/www.harzer-wandernadel.de\/fr\/wp-json\/wp\/v2\/hf_cat_page?post=19226"}],"curies":[{"name":"wp","href":"https:\/\/api.w.org\/{rel}","templated":true}]}}