{"id":19216,"date":"2016-02-19T15:06:25","date_gmt":"2016-02-19T14:06:25","guid":{"rendered":"https:\/\/www.harzer-wandernadel.de\/pointage\/carte-generale\/pointage-170-rabenklippe\/"},"modified":"2026-01-29T12:54:14","modified_gmt":"2026-01-29T11:54:14","slug":"pointage-170-rabenklippe","status":"publish","type":"page","link":"https:\/\/www.harzer-wandernadel.de\/fr\/pointage\/carte-generale\/pointage-170-rabenklippe\/","title":{"rendered":"Pointage 170 \/ Rabenklippe"},"content":{"rendered":"\n<h2 class=\"wp-block-heading\">La Rabenklippe se trouve au sud-est de Bad Harzburg, surplombant la vall\u00e9e encaiss\u00e9e et idyllique d\u2019Eckertal.<\/h2>\n\n<div class=\"wp-block-stackable-image alignwide stk-block-image stk-block stk-89e1006\" data-block-id=\"89e1006\"><style>.stk-89e1006 {margin-top:3% !important;margin-bottom:3% !important;}<\/style><figure><span class=\"stk-img-wrapper stk-image--shape-stretch stk--has-lightbox\"><img decoding=\"async\" width=\"960\" height=\"720\" src=\"https:\/\/www.harzer-wandernadel.de\/wp-content\/uploads\/2016\/02\/Rabenklippe-1.jpg\" class=\"attachment-full size-full wp-post-image\" alt srcset=\"https:\/\/www.harzer-wandernadel.de\/wp-content\/uploads\/2016\/02\/Rabenklippe-1.jpg 960w, https:\/\/www.harzer-wandernadel.de\/wp-content\/uploads\/2016\/02\/Rabenklippe-1-300x225.jpg 300w, https:\/\/www.harzer-wandernadel.de\/wp-content\/uploads\/2016\/02\/Rabenklippe-1-768x576.jpg 768w, https:\/\/www.harzer-wandernadel.de\/wp-content\/uploads\/2016\/02\/Rabenklippe-1-250x188.jpg 250w, https:\/\/www.harzer-wandernadel.de\/wp-content\/uploads\/2016\/02\/Rabenklippe-1-624x468.jpg 624w\" sizes=\"(max-width: 960px) 100vw, 960px\"><\/span><\/figure><\/div>\n\n<p>Les impo\u00adsants blocs de pierre et les hautes falaises de gra\u00adnit exercent une attrac\u00adtion mys\u00adtique sur les visi\u00adteurs. Les falaises \u00e9taient en som\u00admeil lorsque le pre\u00admier m\u00e9de\u00adcin des bains, le Dr Carl Franke, a&nbsp;convain\u00adcu son ancien pro\u00adpri\u00e9\u00adtaire, le char\u00adpen\u00adtier Wil\u00adhelm Schil\u00adling, de tenir un petit d\u00e9bit de bois\u00adsons pr\u00e8s de la Rabenklippe.&nbsp;<\/p>\n\n<p>Le 24 mai 1874  <span class=\"verd12scharz\">il a&nbsp;ouvert un stand de vente fabri\u00adqu\u00e9 \u00e0&nbsp;par\u00adtir de troncs de bou\u00adleau, qui n\u2019\u00e9\u00adtait ouvert au d\u00e9but que le dimanche. Sa femme por\u00adtait les bois\u00adsons dans une hotte sur les hau\u00adteurs.   <\/span>Mais les affaires ont tel\u00adle\u00adment bien mar\u00adch\u00e9 que l\u2019au\u00adberge de for\u00eat actuelle a&nbsp;\u00e9t\u00e9 ouverte peu de temps apr\u00e8s. De l\u00e0, on a&nbsp;une vue magni\u00adfique sur la val\u00adl\u00e9e de l\u2019E\u00adcker jus\u00adqu\u2019\u00e0 la Tau\u00adbenk\u00adlippe et le Brocken.&nbsp;<\/p>\n\n<div class=\"wp-block-buttons is-layout-flex wp-block-buttons-is-layout-flex\">\n<div class=\"wp-block-button\"><a class=\"wp-block-button__link wp-element-button\" href=\"http:\/\/www.rabenklippe.de\">Falaise du corbeau<\/a><\/div>\n<\/div>\n\n<p>L\u2019<a href=\"http:\/\/www.nationalpark-harz.de\/de\/natur-erleben\/luchsgehege\/\">enclos d\u2019ob\u00adser\u00adva\u00adtion des l<\/a> ynx construit par le parc natio\u00adnal \u00e0&nbsp;la Rabenk\u00adlippe offre la pos\u00adsi\u00adbi\u00adli\u00adt\u00e9 d\u2019ob\u00adser\u00adver les lynx. Lorsque les ani\u00admaux se pr\u00e9\u00adsentent aux visi\u00adteurs dans le pay\u00adsage char\u00admant et acci\u00adden\u00adt\u00e9 de l\u2019en\u00adclos, c\u2019est la garan\u00adtie de pho\u00adtos spec\u00adta\u00adcu\u00adlaires. <span class=\"Apple-converted-space\"> <\/span>Une plate-forme pour visi\u00adteurs situ\u00e9e en hau\u00adteur per\u00admet d\u2019a\u00advoir une vue \u00ab&nbsp;sans cl\u00f4\u00adture&nbsp;\u00bb sur de grandes par\u00adties de l\u2019enclos.<\/p>\n\n<div class=\"wp-block-buttons is-layout-flex wp-block-buttons-is-layout-flex\">\n<div class=\"wp-block-button\"><a class=\"wp-block-button__link wp-element-button\" href=\"https:\/\/www.luchsprojekt-harz.de\/\" target=\"_blank\" rel=\"noreferrer noopener\">Pro\u00adjet&nbsp;lynx<\/a><\/div>\n<\/div>\n\n<p>Il est pos\u00adsible de se garer sur le grand par\u00adking de Bad Harz\u00adburg, juste \u00e0&nbsp;c\u00f4t\u00e9 de la B&nbsp;4&nbsp;en direc\u00adtion de Torf\u00adhaus. De l\u00e0, il faut d\u00e9ci\u00adder si tu veux mon\u00adter la col\u00adline du ch\u00e2\u00adteau \u00e0&nbsp;pied ou si tu veux flot\u00adter jus\u00adqu\u2019en haut des 150 m\u00e8tres de d\u00e9ni\u00adve\u00adl\u00e9 en t\u00e9l\u00e9ph\u00e9rique.&nbsp;<\/p>\n\n<p>Depuis la sta\u00adtion sup\u00e9\u00adrieure, tu peux faire une ran\u00addon\u00adn\u00e9e cir\u00adcu\u00adlaire jus\u00adqu\u2019au <a href=\"https:\/\/www.harzer-wandernadel.de\/stempelstellen\/uebersichtskarte\/stempelstelle-121-aussichtsreich-burgberg\/\" data-type=\"page\" data-id=\"1116\">\u00ab&nbsp;Aus\u00adsichts\u00adreich&nbsp;\u00bb HWN 121<\/a>, la <a href=\"https:\/\/www.harzer-wandernadel.de\/fr\/pointage\/carte-generale\/timbre-122-croix-de-lest-allemand\/\" data-type=\"page\" data-id=\"1118\">\u00ab&nbsp;Croix de l\u2019Est alle\u00admand&nbsp;\u00bb HWN 122<\/a>, la Rabenk\u00adlippe et reve\u00adnir \u00e0&nbsp;la sta\u00adtion sup\u00e9\u00adrieure en pas\u00adsant par le <a href=\"https:\/\/www.harzer-wandernadel.de\/stempelstellen\/uebersichtskarte\/stempelstelle-169-molkenhaus\/\" data-type=\"page\" data-id=\"1218\">Mol\u00adken\u00adhaus HWN 169<\/a>.<\/p>\n\n<div class=\"wp-block-buttons is-layout-flex wp-block-buttons-is-layout-flex\">\n<div class=\"wp-block-button\"><a class=\"wp-block-button__link wp-element-button\" href=\"http:\/\/harzer-bergwald.de\/index.php\/wandertouren\/romantiktouren\/36-familientour-mit-schoener-aussicht\">Sug\u00adges\u00adtion de cir\u00adcuit For\u00eat de mon\u00adtagne du&nbsp;Harz<\/a><\/div>\n<\/div>\n","protected":false},"excerpt":{"rendered":"<p>La Rabenk\u00adlippe se trouve au sud-est de Bad Harz\u00adburg, sur\u00adplom\u00adbant la val\u00adl\u00e9e encais\u00ads\u00e9e et idyl\u00adlique d\u2019Eckertal. Les impo\u00adsants blocs de pierre et les hautes falaises de gra\u00adnit exercent une attrac\u00adtion mys\u00adtique sur les visi\u00adteurs. Les falaises \u00e9taient en som\u00admeil lorsque le pre\u00admier m\u00e9de\u00adcin des bains, le Dr Carl Franke, a&nbsp;convain\u00adcu son ancien pro\u00adpri\u00e9\u00adtaire, le charpentier&nbsp;[\u2026]<\/p>\n","protected":false},"author":11,"featured_media":19218,"parent":17801,"menu_order":10170,"comment_status":"closed","ping_status":"closed","template":"","meta":{"_seopress_robots_primary_cat":"","_seopress_titles_title":"","_seopress_titles_desc":"","_seopress_robots_index":"","wp_typography_post_enhancements_disabled":false,"iawp_total_views":0,"footnotes":""},"hf_cat_page":[120],"class_list":["post-19216","page","type-page","status-publish","has-post-thumbnail"],"blocksy_meta":[],"_links":{"self":[{"href":"https:\/\/www.harzer-wandernadel.de\/fr\/wp-json\/wp\/v2\/pages\/19216","targetHints":{"allow":["GET"]}}],"collection":[{"href":"https:\/\/www.harzer-wandernadel.de\/fr\/wp-json\/wp\/v2\/pages"}],"about":[{"href":"https:\/\/www.harzer-wandernadel.de\/fr\/wp-json\/wp\/v2\/types\/page"}],"author":[{"embeddable":true,"href":"https:\/\/www.harzer-wandernadel.de\/fr\/wp-json\/wp\/v2\/users\/11"}],"replies":[{"embeddable":true,"href":"https:\/\/www.harzer-wandernadel.de\/fr\/wp-json\/wp\/v2\/comments?post=19216"}],"version-history":[{"count":1,"href":"https:\/\/www.harzer-wandernadel.de\/fr\/wp-json\/wp\/v2\/pages\/19216\/revisions"}],"predecessor-version":[{"id":19219,"href":"https:\/\/www.harzer-wandernadel.de\/fr\/wp-json\/wp\/v2\/pages\/19216\/revisions\/19219"}],"up":[{"embeddable":true,"href":"https:\/\/www.harzer-wandernadel.de\/fr\/wp-json\/wp\/v2\/pages\/17801"}],"wp:featuredmedia":[{"embeddable":true,"href":"https:\/\/www.harzer-wandernadel.de\/fr\/wp-json\/wp\/v2\/media\/19218"}],"wp:attachment":[{"href":"https:\/\/www.harzer-wandernadel.de\/fr\/wp-json\/wp\/v2\/media?parent=19216"}],"wp:term":[{"taxonomy":"hf_cat_page","embeddable":true,"href":"https:\/\/www.harzer-wandernadel.de\/fr\/wp-json\/wp\/v2\/hf_cat_page?post=19216"}],"curies":[{"name":"wp","href":"https:\/\/api.w.org\/{rel}","templated":true}]}}