{"id":19211,"date":"2016-02-19T14:14:44","date_gmt":"2016-02-19T13:14:44","guid":{"rendered":"https:\/\/www.harzer-wandernadel.de\/pointage\/carte-generale\/pointage-150-grosse-knollen\/"},"modified":"2026-01-29T12:54:14","modified_gmt":"2026-01-29T11:54:14","slug":"pointage-150-grosse-knollen","status":"publish","type":"page","link":"https:\/\/www.harzer-wandernadel.de\/fr\/pointage\/carte-generale\/pointage-150-grosse-knollen\/","title":{"rendered":"Pointage 150 \/ Grosse Knollen"},"content":{"rendered":"\n<h2 class=\"wp-block-heading\">Avec ses 687 m\u00e8tres d\u2019altitude, l\u2019ancien volcan \u00ab&nbsp;Grosse Knollen&nbsp;\u00bb est l\u2019un des plus hauts sommets du Harz m\u00e9ridional.&nbsp;<\/h2>\n\n<div class=\"wp-block-stackable-image alignwide stk-block-image stk-block stk-89e1006\" data-block-id=\"89e1006\"><style>.stk-89e1006 {margin-top:3% !important;margin-bottom:3% !important;}<\/style><figure><span class=\"stk-img-wrapper stk-image--shape-stretch stk--has-lightbox\"><img decoding=\"async\" width=\"960\" height=\"528\" src=\"https:\/\/www.harzer-wandernadel.de\/wp-content\/uploads\/2016\/02\/HWN-Gro\u00dfer-Knollen-Grabau.jpg\" class=\"attachment-full size-full wp-post-image\" alt=\"Tour d'observation en pierre \u00e0 c\u00f4t\u00e9 d'une cabane de randonn\u00e9e dans la verdure\" srcset=\"https:\/\/www.harzer-wandernadel.de\/wp-content\/uploads\/2016\/02\/HWN-Gro\u00dfer-Knollen-Grabau.jpg 960w, https:\/\/www.harzer-wandernadel.de\/wp-content\/uploads\/2016\/02\/HWN-Gro\u00dfer-Knollen-Grabau-300x165.jpg 300w, https:\/\/www.harzer-wandernadel.de\/wp-content\/uploads\/2016\/02\/HWN-Gro\u00dfer-Knollen-Grabau-768x422.jpg 768w, https:\/\/www.harzer-wandernadel.de\/wp-content\/uploads\/2016\/02\/HWN-Gro\u00dfer-Knollen-Grabau-250x138.jpg 250w, https:\/\/www.harzer-wandernadel.de\/wp-content\/uploads\/2016\/02\/HWN-Gro\u00dfer-Knollen-Grabau-624x343.jpg 624w\" sizes=\"(max-width: 960px) 100vw, 960px\"><\/span><\/figure><\/div>\n\n<p>D\u00e8s 1890, une tour d\u2019ob\u00adser\u00adva\u00adtion en bois d\u2019en\u00advi\u00adron 8&nbsp;m\u00e8tres de haut a&nbsp;\u00e9t\u00e9 construite au som\u00admet. Apr\u00e8s plu\u00adsieurs acci\u00addents et dom\u00admages cau\u00ads\u00e9s par la foudre, les membres de l\u2019as\u00adso\u00adcia\u00adtion Harzk\u00adlub de Bad Lau\u00adter\u00adberg ont d\u00e9ci\u00add\u00e9 de construire une nou\u00advelle tour d\u2019ob\u00adser\u00adva\u00adtion en pierre, qui a&nbsp;\u00e9t\u00e9 inau\u00adgu\u00adr\u00e9e en ao\u00fbt 1904.<br>On dit qu\u2019a\u00advant la deuxi\u00e8me guerre mon\u00addiale, il y&nbsp;avait d\u00e9j\u00e0 une auberge g\u00e9r\u00e9e sur la tour d\u2019ob\u00adser\u00adva\u00adtion. A&nbsp;par\u00adtir de 1949, le \u00ab&nbsp;Knol\u00adle\u00adrich&nbsp;\u00bb \u2013 c\u2019est ain\u00adsi que l\u2019on sur\u00adnom\u00admait Fritz Goe\u00adricke, le pre\u00admier pro\u00adpri\u00e9\u00adtaire de la Bau\u00adden, connu de tous pour ses plai\u00adsan\u00adte\u00adries \u2013 a&nbsp;repris la ges\u00adtion et a&nbsp;recons\u00adtruit la Bau\u00adden. En 1961, la tour a&nbsp;\u00e9t\u00e9 sur\u00ad\u00e9le\u00adv\u00e9e \u00e0&nbsp;20 m\u00e8tres. Par beau temps, les ran\u00addon\u00adneurs peuvent pro\u00adfi\u00adter d\u2019une vue magni\u00adfique jus\u00adqu\u2019au Weser\u00adber\u00adgland et \u00e0&nbsp;la for\u00eat de Thuringe.&nbsp;<\/p>\n\n<div class=\"wp-block-buttons is-layout-flex wp-block-buttons-is-layout-flex\">\n<div class=\"wp-block-button\"><a class=\"wp-block-button__link wp-element-button\" href=\"http:\/\/www.grosserknollen.de\/\">Grand tuber\u00adcule  <\/a><\/div>\n<\/div>\n\n<p>Un bon point de d\u00e9part de est le par\u00adking de ran\u00addon\u00adn\u00e9e dans la Lut\u00adters\u00adtra\u00dfe \u00e0&nbsp;la p\u00e9ri\u00adph\u00e9\u00adrie de Bad Lau\u00adter\u00adberg. Depuis la val\u00adl\u00e9e de la Lut\u00adter, tu marches jus\u00adqu\u2019au Grosse Knol\u00adlen en emprun\u00adtant des che\u00admins bali\u00ads\u00e9s et tu reviens au point de d\u00e9part en pas\u00adsant par la <a href=\"https:\/\/www.harzer-wandernadel.de\/stempelstellen\/uebersichtskarte\/stempelstelle-152-knollenkreuz\/\" data-type=\"page\" data-id=\"1181\">croix Knoll HWN 152<\/a>. <\/p>\n\n<div class=\"wp-block-buttons is-layout-flex wp-block-buttons-is-layout-flex\">\n<div class=\"wp-block-button\"><a class=\"wp-block-button__link wp-element-button\" href=\"http:\/\/harzer-bergwald.de\/index.php\/wandertouren\/abenteuertouren\/37-steigungen-im-westharz\">Sug\u00adges\u00adtion de cir\u00adcuit For\u00eat de mon\u00adtagne du&nbsp;Harz<\/a><\/div>\n<\/div>\n","protected":false},"excerpt":{"rendered":"<p>Avec ses 687 m\u00e8tres d\u2019altitude, l\u2019ancien vol\u00adcan \u00ab&nbsp;Grosse Knol\u00adlen&nbsp;\u00bb est l\u2019un des plus hauts som\u00admets du Harz m\u00e9ri\u00addio\u00adnal.&nbsp; D\u00e8s 1890, une tour d\u2019ob\u00adser\u00adva\u00adtion en bois d\u2019en\u00advi\u00adron 8&nbsp;m\u00e8tres de haut a&nbsp;\u00e9t\u00e9 construite au som\u00admet. Apr\u00e8s plu\u00adsieurs acci\u00addents et dom\u00admages cau\u00ads\u00e9s par la foudre, les membres de l\u2019as\u00adso\u00adcia\u00adtion Harzk\u00adlub de Bad Lau\u00adter\u00adberg ont d\u00e9ci\u00add\u00e9 de construire une&nbsp;[\u2026]<\/p>\n","protected":false},"author":11,"featured_media":19214,"parent":17801,"menu_order":10150,"comment_status":"closed","ping_status":"closed","template":"","meta":{"_seopress_robots_primary_cat":"","_seopress_titles_title":"","_seopress_titles_desc":"","_seopress_robots_index":"","wp_typography_post_enhancements_disabled":false,"iawp_total_views":0,"footnotes":""},"hf_cat_page":[120],"class_list":["post-19211","page","type-page","status-publish","has-post-thumbnail"],"blocksy_meta":[],"_links":{"self":[{"href":"https:\/\/www.harzer-wandernadel.de\/fr\/wp-json\/wp\/v2\/pages\/19211","targetHints":{"allow":["GET"]}}],"collection":[{"href":"https:\/\/www.harzer-wandernadel.de\/fr\/wp-json\/wp\/v2\/pages"}],"about":[{"href":"https:\/\/www.harzer-wandernadel.de\/fr\/wp-json\/wp\/v2\/types\/page"}],"author":[{"embeddable":true,"href":"https:\/\/www.harzer-wandernadel.de\/fr\/wp-json\/wp\/v2\/users\/11"}],"replies":[{"embeddable":true,"href":"https:\/\/www.harzer-wandernadel.de\/fr\/wp-json\/wp\/v2\/comments?post=19211"}],"version-history":[{"count":1,"href":"https:\/\/www.harzer-wandernadel.de\/fr\/wp-json\/wp\/v2\/pages\/19211\/revisions"}],"predecessor-version":[{"id":19215,"href":"https:\/\/www.harzer-wandernadel.de\/fr\/wp-json\/wp\/v2\/pages\/19211\/revisions\/19215"}],"up":[{"embeddable":true,"href":"https:\/\/www.harzer-wandernadel.de\/fr\/wp-json\/wp\/v2\/pages\/17801"}],"wp:featuredmedia":[{"embeddable":true,"href":"https:\/\/www.harzer-wandernadel.de\/fr\/wp-json\/wp\/v2\/media\/19214"}],"wp:attachment":[{"href":"https:\/\/www.harzer-wandernadel.de\/fr\/wp-json\/wp\/v2\/media?parent=19211"}],"wp:term":[{"taxonomy":"hf_cat_page","embeddable":true,"href":"https:\/\/www.harzer-wandernadel.de\/fr\/wp-json\/wp\/v2\/hf_cat_page?post=19211"}],"curies":[{"name":"wp","href":"https:\/\/api.w.org\/{rel}","templated":true}]}}