{"id":19203,"date":"2016-02-19T15:08:02","date_gmt":"2016-02-19T14:08:02","guid":{"rendered":"https:\/\/www.harzer-wandernadel.de\/pointage\/carte-generale\/pointage-171-altarklippen-au-dessus-du-lac-de-granestause\/"},"modified":"2026-01-29T12:54:14","modified_gmt":"2026-01-29T11:54:14","slug":"pointage-171-altarklippen-au-dessus-du-lac-de-granestause","status":"publish","type":"page","link":"https:\/\/www.harzer-wandernadel.de\/fr\/pointage\/carte-generale\/pointage-171-altarklippen-au-dessus-du-lac-de-granestause\/","title":{"rendered":"Pointage 171 \/ Altarklippen (au-dessus du lac de Granestause)"},"content":{"rendered":"\n<h2 class=\"wp-block-heading\">Les falaises d\u2019Altar (516&nbsp;m&nbsp;d\u2019altitude) se trouvent entre Hahnenklee et Wolfshagen, au-dessus du lac Granestause.<\/h2>\n\n<div class=\"wp-block-stackable-image alignwide stk-block-image stk-block stk-89e1006\" data-block-id=\"89e1006\"><style>.stk-89e1006 {margin-top:3% !important;margin-bottom:3% !important;}<\/style><figure><span class=\"stk-img-wrapper stk-image--shape-stretch stk--has-lightbox\"><img decoding=\"async\" width=\"2560\" height=\"1706\" src=\"https:\/\/www.harzer-wandernadel.de\/wp-content\/uploads\/2025\/08\/harzer-wandernadel-eroeffnung-2024-161-scaled.jpg\" class=\"attachment-full size-full wp-post-image default-featured-img\" alt=\"Hand h\u00e4lt Heft mit gesammelten Stempeln\" srcset=\"https:\/\/www.harzer-wandernadel.de\/wp-content\/uploads\/2025\/08\/harzer-wandernadel-eroeffnung-2024-161-scaled.jpg 2560w, https:\/\/www.harzer-wandernadel.de\/wp-content\/uploads\/2025\/08\/harzer-wandernadel-eroeffnung-2024-161-300x200.jpg 300w, https:\/\/www.harzer-wandernadel.de\/wp-content\/uploads\/2025\/08\/harzer-wandernadel-eroeffnung-2024-161-1024x683.jpg 1024w, https:\/\/www.harzer-wandernadel.de\/wp-content\/uploads\/2025\/08\/harzer-wandernadel-eroeffnung-2024-161-768x512.jpg 768w, https:\/\/www.harzer-wandernadel.de\/wp-content\/uploads\/2025\/08\/harzer-wandernadel-eroeffnung-2024-161-1536x1024.jpg 1536w, https:\/\/www.harzer-wandernadel.de\/wp-content\/uploads\/2025\/08\/harzer-wandernadel-eroeffnung-2024-161-2048x1365.jpg 2048w, https:\/\/www.harzer-wandernadel.de\/wp-content\/uploads\/2025\/08\/harzer-wandernadel-eroeffnung-2024-161-250x167.jpg 250w\" sizes=\"(max-width: 2560px) 100vw, 2560px\"><\/span><\/figure><\/div>\n\n<p>Depuis la falaise boi\u00ads\u00e9e, tu peux pro\u00adfi\u00adter d\u2019une vue unique sur le bar\u00adrage de la val\u00adl\u00e9e du Granetal.<\/p>\n\n<p>La rai\u00adson pour laquelle la falaise de l\u2019au\u00adtel a&nbsp;\u00e9t\u00e9 nom\u00adm\u00e9e ain\u00adsi n\u2019est pas prou\u00adv\u00e9e sans aucun doute. On sup\u00adpose que l\u2019\u00e9\u00adv\u00eaque d\u2019Hil\u00adde\u00adsheim Alt\u00adfrid (envi\u00adron 800 \u00e0&nbsp;874), dont la famille pos\u00ads\u00e9\u00addait des biens propres dans le Pr\u00e9-Harz, a&nbsp;orga\u00adni\u00ads\u00e9 des ser\u00advices reli\u00adgieux sur l\u2019Al\u00adtark\u00adlippe pour conver\u00adtir la popu\u00adla\u00adtion pa\u00efenne du Harz \u00e0&nbsp;la foi chr\u00e9tienne.&nbsp;<\/p>\n\n<p>Le meilleur point de d\u00e9part pour arri\u00adver \u00e0&nbsp;l\u2019Al\u00adtark\u00adlippe sans trop de d\u00e9ni\u00adve\u00adl\u00e9 est le par\u00adking public de la sta\u00adtion ther\u00admale ther\u00admale de Hah\u00adnenk\u00adlee. De l\u00e0, tu marches sur des sen\u00adtiers bali\u00ads\u00e9s jus\u00adqu\u2019\u00e0 la falaise d\u2019Al\u00adtar en pas\u00adsant par le car\u00adre\u00adfour de&nbsp;Rolle.&nbsp;<\/p>\n","protected":false},"excerpt":{"rendered":"<p>Les falaises d\u2019Altar (516&nbsp;m&nbsp;d\u2019altitude) se trouvent entre Hah\u00adnenk\u00adlee et Wolf\u00adsha\u00adgen, au-des\u00adsus du lac Gra\u00adnes\u00adtause. Depuis la falaise boi\u00ads\u00e9e, tu peux pro\u00adfi\u00adter d\u2019une vue unique sur le bar\u00adrage de la val\u00adl\u00e9e du Gra\u00adne\u00adtal. La rai\u00adson pour laquelle la falaise de l\u2019au\u00adtel a&nbsp;\u00e9t\u00e9 nom\u00adm\u00e9e ain\u00adsi n\u2019est pas prou\u00adv\u00e9e sans aucun doute. On sup\u00adpose que l\u2019\u00e9\u00adv\u00eaque d\u2019Hil\u00adde\u00adsheim Altfrid&nbsp;[\u2026]<\/p>\n","protected":false},"author":11,"featured_media":13747,"parent":17801,"menu_order":10171,"comment_status":"closed","ping_status":"closed","template":"","meta":{"_seopress_robots_primary_cat":"","_seopress_titles_title":"","_seopress_titles_desc":"","_seopress_robots_index":"","wp_typography_post_enhancements_disabled":false,"iawp_total_views":0,"footnotes":""},"hf_cat_page":[120],"class_list":["post-19203","page","type-page","status-publish","has-post-thumbnail"],"blocksy_meta":[],"_links":{"self":[{"href":"https:\/\/www.harzer-wandernadel.de\/fr\/wp-json\/wp\/v2\/pages\/19203","targetHints":{"allow":["GET"]}}],"collection":[{"href":"https:\/\/www.harzer-wandernadel.de\/fr\/wp-json\/wp\/v2\/pages"}],"about":[{"href":"https:\/\/www.harzer-wandernadel.de\/fr\/wp-json\/wp\/v2\/types\/page"}],"author":[{"embeddable":true,"href":"https:\/\/www.harzer-wandernadel.de\/fr\/wp-json\/wp\/v2\/users\/11"}],"replies":[{"embeddable":true,"href":"https:\/\/www.harzer-wandernadel.de\/fr\/wp-json\/wp\/v2\/comments?post=19203"}],"version-history":[{"count":1,"href":"https:\/\/www.harzer-wandernadel.de\/fr\/wp-json\/wp\/v2\/pages\/19203\/revisions"}],"predecessor-version":[{"id":19207,"href":"https:\/\/www.harzer-wandernadel.de\/fr\/wp-json\/wp\/v2\/pages\/19203\/revisions\/19207"}],"up":[{"embeddable":true,"href":"https:\/\/www.harzer-wandernadel.de\/fr\/wp-json\/wp\/v2\/pages\/17801"}],"wp:featuredmedia":[{"embeddable":true,"href":"https:\/\/www.harzer-wandernadel.de\/fr\/wp-json\/wp\/v2\/media\/13747"}],"wp:attachment":[{"href":"https:\/\/www.harzer-wandernadel.de\/fr\/wp-json\/wp\/v2\/media?parent=19203"}],"wp:term":[{"taxonomy":"hf_cat_page","embeddable":true,"href":"https:\/\/www.harzer-wandernadel.de\/fr\/wp-json\/wp\/v2\/hf_cat_page?post=19203"}],"curies":[{"name":"wp","href":"https:\/\/api.w.org\/{rel}","templated":true}]}}