{"id":19190,"date":"2016-02-19T15:09:38","date_gmt":"2016-02-19T14:09:38","guid":{"rendered":"https:\/\/www.harzer-wandernadel.de\/pointage\/carte-generale\/pointage-172-etang-de-katzsohl\/"},"modified":"2026-01-29T12:53:59","modified_gmt":"2026-01-29T11:53:59","slug":"pointage-172-etang-de-katzsohl","status":"publish","type":"page","link":"https:\/\/www.harzer-wandernadel.de\/fr\/pointage\/carte-generale\/pointage-172-etang-de-katzsohl\/","title":{"rendered":"Pointage 172 \/ \u00c9tang de Katzsohl"},"content":{"rendered":"\n<h2 class=\"wp-block-heading\">L\u2019\u00e9tang de Katzsohl est un \u00e9tang de barrage et se trouve \u00e0&nbsp;la p\u00e9riph\u00e9rie de G\u00fcntersberge, un peu en amont de l\u2019\u00e9tang du moulin appel\u00e9 aussi \u00ab&nbsp;Bergsee&nbsp;\u00bb.<\/h2>\n\n<div class=\"wp-block-stackable-image alignwide stk-block-image stk-block stk-89e1006\" data-block-id=\"89e1006\"><style>.stk-89e1006 {margin-top:3% !important;margin-bottom:3% !important;}<\/style><figure><span class=\"stk-img-wrapper stk-image--shape-stretch stk--has-lightbox\"><img decoding=\"async\" width=\"3264\" height=\"1840\" src=\"https:\/\/www.harzer-wandernadel.de\/wp-content\/uploads\/2016\/02\/HWN-Katzohlteich-Auslauf-12.07.16-1.jpg\" class=\"attachment-full size-full wp-post-image\" alt=\"Pont en bois sur un petit ruisseau dans la for\u00eat\" srcset=\"https:\/\/www.harzer-wandernadel.de\/wp-content\/uploads\/2016\/02\/HWN-Katzohlteich-Auslauf-12.07.16-1.jpg 3264w, https:\/\/www.harzer-wandernadel.de\/wp-content\/uploads\/2016\/02\/HWN-Katzohlteich-Auslauf-12.07.16-1-300x169.jpg 300w, https:\/\/www.harzer-wandernadel.de\/wp-content\/uploads\/2016\/02\/HWN-Katzohlteich-Auslauf-12.07.16-1-768x433.jpg 768w, https:\/\/www.harzer-wandernadel.de\/wp-content\/uploads\/2016\/02\/HWN-Katzohlteich-Auslauf-12.07.16-1-1024x577.jpg 1024w, https:\/\/www.harzer-wandernadel.de\/wp-content\/uploads\/2016\/02\/HWN-Katzohlteich-Auslauf-12.07.16-1-250x141.jpg 250w, https:\/\/www.harzer-wandernadel.de\/wp-content\/uploads\/2016\/02\/HWN-Katzohlteich-Auslauf-12.07.16-1-624x352.jpg 624w\" sizes=\"(max-width: 3264px) 100vw, 3264px\"><\/span><\/figure><\/div>\n\n<p>L\u2019\u00e9\u00adtang de Katz\u00adsohl, qui est uti\u00adli\u00ads\u00e9 comme bas\u00adsin d\u2019\u00e9\u00adcou\u00adle\u00adment et de p\u00eache, abrite \u00e9ga\u00adle\u00adment une belle aire de repos. Autre\u00adfois, l\u2019\u00e9\u00adtang Katz\u00adsohl abri\u00adtait un mou\u00adlin \u00e0&nbsp;marbre ali\u00admen\u00adt\u00e9 par l\u2019\u00e9ner\u00adgie hydrau\u00adlique de l\u2019\u00e9\u00adtang, qui n\u2019existe mal\u00adheu\u00adreu\u00adse\u00adment plus aujourd\u2019\u00adhui. Dans le mou\u00adlin, on cou\u00adpait et polis\u00adsait le marbre d\u2019une car\u00adri\u00e8re situ\u00e9e un peu au-des\u00adsus de l\u2019\u00e9tang.&nbsp;<\/p>\n\n<p>L\u2019\u00e9\u00adtang du mou\u00adlin est un lac de bar\u00adrage cr\u00e9\u00e9 en 1752 avec une digue en terre de 10 m\u00e8tres de haut sur le cours d\u2019eau de la Selke. Il sert \u00e0&nbsp;la p\u00eache, \u00e0&nbsp;la pro\u00adtec\u00adtion contre les inon\u00adda\u00adtions, \u00e0&nbsp;l\u2019aug\u00admen\u00adta\u00adtion du niveau d\u2019eau en p\u00e9riode d\u2019\u00e9\u00adtiage et est \u00e9ga\u00adle\u00adment une des\u00adti\u00adna\u00adtion de loi\u00adsirs tr\u00e8s appr\u00e9\u00adci\u00e9e. Le lac de mon\u00adtagne a&nbsp;une lon\u00adgueur de 125&nbsp;m&nbsp;et une lar\u00adgeur de 12&nbsp;m&nbsp;et est uti\u00adli\u00ads\u00e9 aus\u00adsi bien comme eau de bai\u00adgnade que pour la p\u00eache et l\u2019aviron.&nbsp;<\/p>\n\n<p>Pour les amou\u00adreux des che\u00admins de fer, le train de la val\u00adl\u00e9e de la Selke qui passe direc\u00adte\u00adment sur la rive sud du lac de mon\u00adtagne offre un beau motif de&nbsp;photo.<\/p>\n\n<p>Une attrac\u00adtion par\u00adti\u00adcu\u00adli\u00e8re \u00e0&nbsp;G\u00fcn\u00adters\u00adberge est l\u2019ex\u00adtra\u00ador\u00addi\u00adnaire mus\u00e9e des pi\u00e8ges \u00e0&nbsp;sou\u00adris et des curio\u00adsi\u00adt\u00e9s. On peut y&nbsp;admi\u00adrer des pi\u00e8ges \u00e0&nbsp;sou\u00adris de toutes sortes, mais aus\u00adsi de vieux usten\u00adsiles de cui\u00adsine rares et d\u2019autres curio\u00adsi\u00adt\u00e9s. Dans la gale\u00adrie des toi\u00adlettes silen\u00adcieuses qui fait par\u00adtie du mus\u00e9e, tu trou\u00adve\u00adras une gale\u00adrie de pho\u00adtos sur ce th\u00e8me, unique en Allemagne.&nbsp;<\/p>\n\n<p>Un bon point de d\u00e9part pour la courte ran\u00addon\u00adn\u00e9e jus\u00adqu\u2019\u00e0 l\u2019\u00e9\u00adtang de Katz\u00adsohl est le par\u00adking du Berg\u00adsee d\u2019o\u00f9 tu peux suivre le cir\u00adcuit bali\u00ads\u00e9 et tour\u00adner ensuite vers l\u2019\u00e9\u00adtang de Katzsohl.<\/p>\n","protected":false},"excerpt":{"rendered":"<p>L\u2019\u00e9tang de Katz\u00adsohl est un \u00e9tang de bar\u00adrage et se trouve \u00e0&nbsp;la p\u00e9ri\u00adph\u00e9\u00adrie de G\u00fcn\u00adters\u00adberge, un peu en amont de l\u2019\u00e9tang du mou\u00adlin appe\u00adl\u00e9 aus\u00adsi \u00ab&nbsp;Berg\u00adsee&nbsp;\u00bb. L\u2019\u00e9\u00adtang de Katz\u00adsohl, qui est uti\u00adli\u00ads\u00e9 comme bas\u00adsin d\u2019\u00e9\u00adcou\u00adle\u00adment et de p\u00eache, abrite \u00e9ga\u00adle\u00adment une belle aire de repos. Autre\u00adfois, l\u2019\u00e9\u00adtang Katz\u00adsohl abri\u00adtait un mou\u00adlin \u00e0&nbsp;marbre ali\u00admen\u00adt\u00e9 par l\u2019\u00e9ner\u00adgie [\u2026]<\/p>\n","protected":false},"author":11,"featured_media":19193,"parent":17801,"menu_order":10172,"comment_status":"closed","ping_status":"closed","template":"","meta":{"_seopress_robots_primary_cat":"","_seopress_titles_title":"","_seopress_titles_desc":"","_seopress_robots_index":"","wp_typography_post_enhancements_disabled":false,"iawp_total_views":0,"footnotes":""},"hf_cat_page":[120],"class_list":["post-19190","page","type-page","status-publish","has-post-thumbnail"],"blocksy_meta":[],"_links":{"self":[{"href":"https:\/\/www.harzer-wandernadel.de\/fr\/wp-json\/wp\/v2\/pages\/19190","targetHints":{"allow":["GET"]}}],"collection":[{"href":"https:\/\/www.harzer-wandernadel.de\/fr\/wp-json\/wp\/v2\/pages"}],"about":[{"href":"https:\/\/www.harzer-wandernadel.de\/fr\/wp-json\/wp\/v2\/types\/page"}],"author":[{"embeddable":true,"href":"https:\/\/www.harzer-wandernadel.de\/fr\/wp-json\/wp\/v2\/users\/11"}],"replies":[{"embeddable":true,"href":"https:\/\/www.harzer-wandernadel.de\/fr\/wp-json\/wp\/v2\/comments?post=19190"}],"version-history":[{"count":1,"href":"https:\/\/www.harzer-wandernadel.de\/fr\/wp-json\/wp\/v2\/pages\/19190\/revisions"}],"predecessor-version":[{"id":19194,"href":"https:\/\/www.harzer-wandernadel.de\/fr\/wp-json\/wp\/v2\/pages\/19190\/revisions\/19194"}],"up":[{"embeddable":true,"href":"https:\/\/www.harzer-wandernadel.de\/fr\/wp-json\/wp\/v2\/pages\/17801"}],"wp:featuredmedia":[{"embeddable":true,"href":"https:\/\/www.harzer-wandernadel.de\/fr\/wp-json\/wp\/v2\/media\/19193"}],"wp:attachment":[{"href":"https:\/\/www.harzer-wandernadel.de\/fr\/wp-json\/wp\/v2\/media?parent=19190"}],"wp:term":[{"taxonomy":"hf_cat_page","embeddable":true,"href":"https:\/\/www.harzer-wandernadel.de\/fr\/wp-json\/wp\/v2\/hf_cat_page?post=19190"}],"curies":[{"name":"wp","href":"https:\/\/api.w.org\/{rel}","templated":true}]}}