{"id":19176,"date":"2016-02-19T15:21:39","date_gmt":"2016-02-19T14:21:39","guid":{"rendered":"https:\/\/www.harzer-wandernadel.de\/pointage\/carte-generale\/pointage-176-uhlenkoepfe-haenichen\/"},"modified":"2026-01-29T12:53:59","modified_gmt":"2026-01-29T11:53:59","slug":"pointage-176-uhlenkoepfe-haenichen","status":"publish","type":"page","link":"https:\/\/www.harzer-wandernadel.de\/fr\/pointage\/carte-generale\/pointage-176-uhlenkoepfe-haenichen\/","title":{"rendered":"Pointage 176 \/ Uhlenk\u00f6pfe H\u00e4nichen"},"content":{"rendered":"\n<h2 class=\"wp-block-heading\">Les Uhlenk\u00f6pfe (380 m\u00e8tres au-dessus du niveau de la mer) se trouvent en hauteur au-dessus de la vall\u00e9e de l\u2019Uhlenbach \u00e0&nbsp;Silberh\u00fctte.<\/h2>\n\n<div class=\"wp-block-stackable-image alignwide stk-block-image stk-block stk-89e1006\" data-block-id=\"89e1006\"><style>.stk-89e1006 {margin-top:3% !important;margin-bottom:3% !important;}<\/style><figure><span class=\"stk-img-wrapper stk-image--shape-stretch stk--has-lightbox\"><img decoding=\"async\" width=\"2048\" height=\"1536\" src=\"https:\/\/www.harzer-wandernadel.de\/wp-content\/uploads\/2016\/02\/HWN-Uhlenk\u00f6pfe-Habeck.jpg\" class=\"attachment-full size-full wp-post-image\" alt=\"Paysage vert avec des arbres et un ciel bleu\" srcset=\"https:\/\/www.harzer-wandernadel.de\/wp-content\/uploads\/2016\/02\/HWN-Uhlenk\u00f6pfe-Habeck.jpg 2048w, https:\/\/www.harzer-wandernadel.de\/wp-content\/uploads\/2016\/02\/HWN-Uhlenk\u00f6pfe-Habeck-300x225.jpg 300w, https:\/\/www.harzer-wandernadel.de\/wp-content\/uploads\/2016\/02\/HWN-Uhlenk\u00f6pfe-Habeck-768x576.jpg 768w, https:\/\/www.harzer-wandernadel.de\/wp-content\/uploads\/2016\/02\/HWN-Uhlenk\u00f6pfe-Habeck-1024x768.jpg 1024w, https:\/\/www.harzer-wandernadel.de\/wp-content\/uploads\/2016\/02\/HWN-Uhlenk\u00f6pfe-Habeck-250x188.jpg 250w, https:\/\/www.harzer-wandernadel.de\/wp-content\/uploads\/2016\/02\/HWN-Uhlenk\u00f6pfe-Habeck-624x468.jpg 624w\" sizes=\"(max-width: 2048px) 100vw, 2048px\"><\/span><\/figure><\/div>\n\n<p>Pour fondre les mine\u00adrais extraits dans les envi\u00adrons proches, la fon\u00adde\u00adrie d\u2019argent a&nbsp;\u00e9t\u00e9 cr\u00e9\u00e9e en 1693 par le prince Wil\u00adhelm von Anhalt Bern\u00adburg Harz\u00adge\u00adrode. Ce n\u2019est qu\u2019au d\u00e9but du 19\u00e8me si\u00e8cle que les pre\u00admi\u00e8res habi\u00adta\u00adtions des ouvriers ont \u00e9t\u00e9 construites dans la ville du m\u00eame nom, apr\u00e8s une r\u00e9no\u00adva\u00adtion et une trans\u00adfor\u00adma\u00adtion fon\u00adda\u00admen\u00adtales de l\u2019u\u00adsine m\u00e9tallurgique.&nbsp;<\/p>\n\n<p>En 1825, on y&nbsp;fon\u00addait, outre l\u2019argent, le seul or trou\u00adv\u00e9 jus\u00adqu\u2019\u00e0 pr\u00e9\u00adsent dans le Harz, ain\u00adsi que du s\u00e9l\u00e9\u00adnium, un mat\u00e9\u00adriau qui n\u2019\u00e9\u00adtait int\u00e9\u00adres\u00adsant \u00e0&nbsp;l\u2019\u00e9\u00adpoque que pour les sciences natu\u00adrelles. L\u2019ac\u00adti\u00advi\u00adt\u00e9 de la fon\u00adde\u00adrie a&nbsp;ces\u00ads\u00e9 en&nbsp;1909.&nbsp;<\/p>\n\n<p>L\u2019an\u00adcien ter\u00adrain de l\u2019u\u00adsine sid\u00e9\u00adrur\u00adgique a&nbsp;\u00e9t\u00e9 repris par des entre\u00adprises de trans\u00adfor\u00adma\u00adtion du bois qui, au d\u00e9but, uti\u00adli\u00adsaient \u00e9ga\u00adle\u00adment l\u2019\u00e9ner\u00adgie hydrau\u00adlique de la Selke pour faire fonc\u00adtion\u00adner les machines les plus diverses. Apr\u00e8s la fer\u00adme\u00adture de ces entre\u00adprises en 1990, le Unte\u00adrhar\u00adzer Wald\u00adhof a&nbsp;\u00e9t\u00e9 am\u00e9\u00adna\u00adg\u00e9 sur une par\u00adtie du ter\u00adrain. Le Wald\u00adhof pro\u00adpose une p\u00e9da\u00adgo\u00adgie de l\u2019a\u00adven\u00adture dans les domaines de la syl\u00advi\u00adcul\u00adture, de la pro\u00adtec\u00adtion de la nature et de l\u2019en\u00advi\u00adron\u00adne\u00adment, ain\u00adsi que de l\u2019ex\u00adploi\u00adta\u00adtion mini\u00e8re et m\u00e9tal\u00adlur\u00adgique. Une aire de jeux se trouve juste \u00e0&nbsp;c\u00f4t\u00e9 du par\u00adking et est acces\u00adsible au public.&nbsp;<\/p>\n\n<p>Fon\u00add\u00e9e en 1790, la pou\u00addre\u00adrie s\u2019est d\u00e9ve\u00adlop\u00adp\u00e9e avec beau\u00adcoup de suc\u00adc\u00e8s, pas\u00adsant de la fabri\u00adca\u00adtion de poudre noire et de feux d\u2019ar\u00adti\u00adfice \u00e0&nbsp;celle de pro\u00adduits d\u2019\u00e9\u00adclai\u00adrage et de signalisation.<\/p>\n\n<p>Depuis le par\u00adking, tu suis d\u2019a\u00adbord le Sel\u00adke\u00adtal\u00adstieg en mon\u00adt\u00e9e constante, puis tu arrives par un che\u00admin fores\u00adtier au point de poin\u00adtage, d\u2019o\u00f9 tu as une vue \u00e9ton\u00adnam\u00adment bonne sur le Bro\u00adcken si le temps est&nbsp;bon.<\/p>\n\n<div class=\"wp-block-buttons is-layout-flex wp-block-buttons-is-layout-flex\">\n<div class=\"wp-block-button\"><a class=\"wp-block-button__link wp-element-button\" href=\"http:\/\/harzer-bergwald.de\/index.php\/wandertouren\/abenteuertouren\/18-grube-glasebach-bergbauzpfad-und-uhlenkoepfe\">Sug\u00adges\u00adtion de cir\u00adcuit For\u00eat de mon\u00adtagne du&nbsp;Harz<\/a><\/div>\n<\/div>\n","protected":false},"excerpt":{"rendered":"<p>Les Uhlenk\u00f6pfe (380 m\u00e8tres au-des\u00adsus du niveau de la mer) se trouvent en hau\u00adteur au-des\u00adsus de la val\u00adl\u00e9e de l\u2019Uhlenbach \u00e0&nbsp;Sil\u00adbe\u00adrh\u00fctte. Pour fondre les mine\u00adrais extraits dans les envi\u00adrons proches, la fon\u00adde\u00adrie d\u2019argent a&nbsp;\u00e9t\u00e9 cr\u00e9\u00e9e en 1693 par le prince Wil\u00adhelm von Anhalt Bern\u00adburg Harz\u00adge\u00adrode. Ce n\u2019est qu\u2019au d\u00e9but du 19\u00e8me si\u00e8cle que les premi\u00e8res&nbsp;[\u2026]<\/p>\n","protected":false},"author":11,"featured_media":19179,"parent":17801,"menu_order":10176,"comment_status":"closed","ping_status":"closed","template":"","meta":{"_seopress_robots_primary_cat":"","_seopress_titles_title":"","_seopress_titles_desc":"","_seopress_robots_index":"","wp_typography_post_enhancements_disabled":false,"iawp_total_views":1,"footnotes":""},"hf_cat_page":[120],"class_list":["post-19176","page","type-page","status-publish","has-post-thumbnail"],"blocksy_meta":[],"_links":{"self":[{"href":"https:\/\/www.harzer-wandernadel.de\/fr\/wp-json\/wp\/v2\/pages\/19176","targetHints":{"allow":["GET"]}}],"collection":[{"href":"https:\/\/www.harzer-wandernadel.de\/fr\/wp-json\/wp\/v2\/pages"}],"about":[{"href":"https:\/\/www.harzer-wandernadel.de\/fr\/wp-json\/wp\/v2\/types\/page"}],"author":[{"embeddable":true,"href":"https:\/\/www.harzer-wandernadel.de\/fr\/wp-json\/wp\/v2\/users\/11"}],"replies":[{"embeddable":true,"href":"https:\/\/www.harzer-wandernadel.de\/fr\/wp-json\/wp\/v2\/comments?post=19176"}],"version-history":[{"count":1,"href":"https:\/\/www.harzer-wandernadel.de\/fr\/wp-json\/wp\/v2\/pages\/19176\/revisions"}],"predecessor-version":[{"id":19180,"href":"https:\/\/www.harzer-wandernadel.de\/fr\/wp-json\/wp\/v2\/pages\/19176\/revisions\/19180"}],"up":[{"embeddable":true,"href":"https:\/\/www.harzer-wandernadel.de\/fr\/wp-json\/wp\/v2\/pages\/17801"}],"wp:featuredmedia":[{"embeddable":true,"href":"https:\/\/www.harzer-wandernadel.de\/fr\/wp-json\/wp\/v2\/media\/19179"}],"wp:attachment":[{"href":"https:\/\/www.harzer-wandernadel.de\/fr\/wp-json\/wp\/v2\/media?parent=19176"}],"wp:term":[{"taxonomy":"hf_cat_page","embeddable":true,"href":"https:\/\/www.harzer-wandernadel.de\/fr\/wp-json\/wp\/v2\/hf_cat_page?post=19176"}],"curies":[{"name":"wp","href":"https:\/\/api.w.org\/{rel}","templated":true}]}}