{"id":19172,"date":"2024-05-02T09:59:19","date_gmt":"2024-05-02T07:59:19","guid":{"rendered":"https:\/\/www.harzer-wandernadel.de\/pointage\/huy-fallstein\/"},"modified":"2026-01-29T12:53:54","modified_gmt":"2026-01-29T11:53:54","slug":"huy-fallstein","status":"publish","type":"page","link":"https:\/\/www.harzer-wandernadel.de\/fr\/pointage\/huy-fallstein\/","title":{"rendered":"Huy-Fallstein"},"content":{"rendered":"\n<h2 class=\"wp-block-heading\">D\u00e9couvre une r\u00e9gion qui ne laisse rien \u00e0&nbsp;d\u00e9sirer.<\/h2>\n\n<h3 class=\"wp-block-heading\"><em>Livret d\u2019accompagnement de l\u2019aiguille de randonn\u00e9e du&nbsp;Harz<\/em><\/h3>\n\n<div class=\"wp-block-group is-nowrap is-layout-flex wp-container-core-group-is-layout-6c531013 wp-block-group-is-layout-flex\">\n<p>Des \u00e9ten\u00addues appa\u00adrem\u00adment infi\u00adnies avec des vues fan\u00adtas\u00adtiques sur les contre\u00adforts du Harz jus\u00adqu\u2019au Bro\u00adcken t\u2019at\u00adtendent, tout comme l\u2019his\u00adtoire de plus de 1000 ans dans les loca\u00adli\u00adt\u00e9s des com\u00admunes d\u2019Os\u00adter\u00adwieck et de&nbsp;Huy.<\/p>\n<\/div>\n\n<p>Avec 15 bo\u00eetes \u00e0&nbsp;tam\u00adpons sp\u00e9\u00adciales ins\u00adtal\u00adl\u00e9es \u00e0&nbsp;cet effet dans des lieux remar\u00adquables et 5&nbsp;sites d\u00e9j\u00e0 exis\u00adtants pour les tam\u00adpons sp\u00e9\u00adciaux Ch\u00e2\u00adteaux &amp;&nbsp;Ch\u00e2\u00adteaux, le car\u00adnet de tam\u00adpons contient en tout 20 cases \u00e0&nbsp;tam\u00adpon\u00adner que tu dois rem\u00adplir avec les tam\u00adpons cor\u00adres\u00adpon\u00addants. Une \u00e9pingle th\u00e9\u00adma\u00adtique cor\u00adres\u00adpon\u00addante t\u2019at\u00adtend \u00e0&nbsp;l\u2019ar\u00adri\u00adv\u00e9e du car\u00adnet d\u2019ac\u00adcom\u00adpa\u00adgne\u00adment rempli.&nbsp;<\/p>\n\n<p>Le livret est dis\u00adpo\u00adnible dans tous les offices de tou\u00adrisme, au bureau de ser\u00advice de l\u2019ai\u00adguille de ran\u00addon\u00adn\u00e9e du Harz ou dans notre bou\u00adtique en&nbsp;ligne.<\/p>\n\n<div class=\"wp-block-stackable-columns stk-block-columns stk-block stk-7c8cde7\" data-block-id=\"7c8cde7\"><style>.stk-7c8cde7 {margin-bottom:0px !important;}<\/style><div class=\"stk-row stk-inner-blocks stk-block-content stk-content-align stk-7c8cde7-column\">\n<div class=\"wp-block-stackable-column stk-block-column stk-column stk-block stk-cea6b52\" data-v=\"4\" data-block-id=\"cea6b52\"><style>.stk-cea6b52 {overflow:auto !important;}<\/style><div class=\"stk-column-wrapper stk-block-column__content stk-container stk-cea6b52-container stk--no-background stk--no-padding\"><div class=\"stk-block-content stk-inner-blocks stk-cea6b52-inner-blocks\">\n<figure style=\"margin-top:6vh\" class=\"wp-block-table\"><table><thead><tr><th scope=\"col\">Poin\u00adtage<\/th><th scope=\"col\">Lar\u00adgeur N<\/th><th scope=\"col\">Lon\u00adgueur&nbsp;E<\/th><\/tr><\/thead><tbody><tr><td><strong>La ferme des ber\u00adgers d\u2019Osterwieck<\/strong><\/td><td>  51.970381<\/td><td>  10.71379<\/td><\/tr><tr><td><strong>Tour de Bis\u00admarck Osterwieck<\/strong><\/td><td>  51.986859<\/td><td>  10.711622<\/td><\/tr><tr><td><strong>St\u00f6t\u00adter\u00adlin\u00adgen\u00adburg L\u00fcttgenrode<\/strong><\/td><td>  51.967669<\/td><td>  10.666592<\/td><\/tr><tr><td><strong>Car\u00adri\u00e8re de Hoppenstedt<\/strong><\/td><td>  51.999244<\/td><td>  10.659301<\/td><\/tr><tr><td><strong>Tour de fron\u00adti\u00e8re de Rhoden<\/strong><\/td><td>  52.010726<\/td><td>  10.636819<\/td><\/tr><tr><td><strong>Deer\u00adsheim<\/strong><\/td><td>  51.979573<\/td><td>  10.779755<\/td><\/tr><tr><td><strong>Ch\u00e2\u00adteau d\u2019eau de&nbsp;Zilly<\/strong><\/td><td>  51.94310<\/td><td>  10.82520<\/td><\/tr><tr><td><strong>Ch\u00e2\u00adteau&nbsp;Hesse<\/strong><\/td><td>  52.01870<\/td><td>  10.78180<\/td><\/tr><tr><td><strong>Parc \u00e9olien de Druiberg<\/strong><\/td><td>  51.984798<\/td><td>  10.848555<\/td><\/tr><tr><td><strong>Obser\u00adva\u00adtoire de la val\u00adl\u00e9e de&nbsp;Heike<\/strong><\/td><td>  51.957371<\/td><td>  10.883202<\/td><\/tr><tr><td><strong>Mou\u00adlin de Badersleben<\/strong><\/td><td>  51.979887<\/td><td>  10.894441<\/td><\/tr><tr><td><strong>Tilleul de Vogelsdorf<\/strong><\/td><td>  52.012116<\/td><td>  10.898834<\/td><\/tr><tr><td><strong>Mus\u00e9e du patri\u00admoine de Dedeleben<\/strong><\/td><td>  52.033838<\/td><td>  10.891779<\/td><\/tr><tr><td><strong>Ch\u00e2\u00adteau d\u2019eau de Westerburg<\/strong><\/td><td>  52.01530<\/td><td>  10.86640<\/td><\/tr><tr><td><b>Source Pie\u00adpen\u00adpal Huy-Neinstedt<\/b><\/td><td>  51.964208<\/td><td>  10.914785<\/td><\/tr><tr><td><strong>Blech\u00adbude Wilhelmshall<\/strong><\/td><td>  51.96092<\/td><td>  10.945868<\/td><\/tr><tr><td><b>Grotte de Daneil<\/b><\/td><td>  51.962467<\/td><td>  10.987304<\/td><\/tr><tr><td><strong>Pots de glaces<\/strong><\/td><td>  51.957019<\/td><td>  10.913999<\/td><\/tr><tr><td><strong>Huys\u00adburg<\/strong><\/td><td>  51.95900<\/td><td>  11.00100<\/td><\/tr><tr><td><strong>Ch\u00e2\u00adteau de Schlanstedt<\/strong><\/td><td>  52.01044<\/td><td>  11.02971<\/td><\/tr><\/tbody><\/table><\/figure>\n<\/div><\/div><\/div>\n<\/div><\/div>\n\n<figure class=\"wp-block-image size-large is-resized\"><a href=\"https:\/\/www.harzer-wandernadel-shop.de\/Begleitheft-Huy-Fallstein-DIN-A6\"><img decoding=\"async\" width=\"789\" height=\"1024\" src=\"https:\/\/www.harzer-wandernadel.de\/wp-content\/uploads\/2025\/10\/hwn-29-789x1024.jpg\" alt=\"Tulipes avec carnet de randonn\u00e9e Huy-Fallstein sur table en bois\" class=\"wp-image-16036\" style=\"width:287px;height:auto\" srcset=\"https:\/\/www.harzer-wandernadel.de\/wp-content\/uploads\/2025\/10\/hwn-29-789x1024.jpg 789w, https:\/\/www.harzer-wandernadel.de\/wp-content\/uploads\/2025\/10\/hwn-29-231x300.jpg 231w, https:\/\/www.harzer-wandernadel.de\/wp-content\/uploads\/2025\/10\/hwn-29-768x996.jpg 768w, https:\/\/www.harzer-wandernadel.de\/wp-content\/uploads\/2025\/10\/hwn-29-1184x1536.jpg 1184w, https:\/\/www.harzer-wandernadel.de\/wp-content\/uploads\/2025\/10\/hwn-29-1578x2048.jpg 1578w, https:\/\/www.harzer-wandernadel.de\/wp-content\/uploads\/2025\/10\/hwn-29-scaled.jpg 1973w\" sizes=\"(max-width: 789px) 100vw, 789px\"><\/a><\/figure>\n","protected":false},"excerpt":{"rendered":"<p>D\u00e9couvre une r\u00e9gion qui ne laisse rien \u00e0&nbsp;d\u00e9si\u00adrer. Livret d\u2019accompagnement de l\u2019aiguille de ran\u00addon\u00adn\u00e9e du&nbsp;Harz Des \u00e9ten\u00addues appa\u00adrem\u00adment infi\u00adnies avec des vues fan\u00adtas\u00adtiques sur les contre\u00adforts du Harz jus\u00adqu\u2019au Bro\u00adcken t\u2019at\u00adtendent, tout comme l\u2019his\u00adtoire de plus de 1000 ans dans les loca\u00adli\u00adt\u00e9s des com\u00admunes d\u2019Os\u00adter\u00adwieck et de&nbsp;Huy. Avec 15 bo\u00eetes \u00e0&nbsp;tam\u00adpons sp\u00e9\u00adciales ins\u00adtal\u00adl\u00e9es \u00e0&nbsp;cet effet&nbsp;[\u2026]<\/p>\n","protected":false},"author":1,"featured_media":13747,"parent":17790,"menu_order":2740,"comment_status":"closed","ping_status":"closed","template":"","meta":{"_seopress_robots_primary_cat":"","_seopress_titles_title":"","_seopress_titles_desc":"","_seopress_robots_index":"","wp_typography_post_enhancements_disabled":false,"iawp_total_views":1,"footnotes":""},"hf_cat_page":[],"class_list":["post-19172","page","type-page","status-publish","has-post-thumbnail"],"blocksy_meta":[],"_links":{"self":[{"href":"https:\/\/www.harzer-wandernadel.de\/fr\/wp-json\/wp\/v2\/pages\/19172","targetHints":{"allow":["GET"]}}],"collection":[{"href":"https:\/\/www.harzer-wandernadel.de\/fr\/wp-json\/wp\/v2\/pages"}],"about":[{"href":"https:\/\/www.harzer-wandernadel.de\/fr\/wp-json\/wp\/v2\/types\/page"}],"author":[{"embeddable":true,"href":"https:\/\/www.harzer-wandernadel.de\/fr\/wp-json\/wp\/v2\/users\/1"}],"replies":[{"embeddable":true,"href":"https:\/\/www.harzer-wandernadel.de\/fr\/wp-json\/wp\/v2\/comments?post=19172"}],"version-history":[{"count":1,"href":"https:\/\/www.harzer-wandernadel.de\/fr\/wp-json\/wp\/v2\/pages\/19172\/revisions"}],"predecessor-version":[{"id":19173,"href":"https:\/\/www.harzer-wandernadel.de\/fr\/wp-json\/wp\/v2\/pages\/19172\/revisions\/19173"}],"up":[{"embeddable":true,"href":"https:\/\/www.harzer-wandernadel.de\/fr\/wp-json\/wp\/v2\/pages\/17790"}],"wp:featuredmedia":[{"embeddable":true,"href":"https:\/\/www.harzer-wandernadel.de\/fr\/wp-json\/wp\/v2\/media\/13747"}],"wp:attachment":[{"href":"https:\/\/www.harzer-wandernadel.de\/fr\/wp-json\/wp\/v2\/media?parent=19172"}],"wp:term":[{"taxonomy":"hf_cat_page","embeddable":true,"href":"https:\/\/www.harzer-wandernadel.de\/fr\/wp-json\/wp\/v2\/hf_cat_page?post=19172"}],"curies":[{"name":"wp","href":"https:\/\/api.w.org\/{rel}","templated":true}]}}