{"id":19111,"date":"2016-02-17T13:28:13","date_gmt":"2016-02-17T12:28:13","guid":{"rendered":"https:\/\/www.harzer-wandernadel.de\/pointage\/carte-generale\/pointage-50-walzenhuette\/"},"modified":"2026-02-28T14:42:25","modified_gmt":"2026-02-28T13:42:25","slug":"pointage-50-walzenhuette","status":"publish","type":"page","link":"https:\/\/www.harzer-wandernadel.de\/fr\/pointage\/carte-generale\/pointage-50-walzenhuette\/","title":{"rendered":"Pointage 50 \/ Walzenh\u00fctte"},"content":{"rendered":"\n<h2 class=\"wp-block-heading\">La Walzenh\u00fctte (521&nbsp;m&nbsp;d\u2019altitude) se trouve entre Trautenstein et Benneckenstein dans la r\u00e9gion des vall\u00e9es de ruisseaux du&nbsp;Harz.<\/h2>\n\n<div class=\"wp-block-stackable-image alignwide stk-block-image stk-block stk-89e1006\" data-block-id=\"89e1006\"><style>.stk-89e1006 {margin-top:3% !important;margin-bottom:3% !important;}<\/style><figure><span class=\"stk-img-wrapper stk-image--shape-stretch stk--has-lightbox\"><img decoding=\"async\" width=\"825\" height=\"550\" src=\"https:\/\/www.harzer-wandernadel.de\/wp-content\/uploads\/2016\/02\/Walzenh\u00fctte.jpg\" class=\"attachment-full size-full wp-post-image\" alt srcset=\"https:\/\/www.harzer-wandernadel.de\/wp-content\/uploads\/2016\/02\/Walzenh\u00fctte.jpg 825w, https:\/\/www.harzer-wandernadel.de\/wp-content\/uploads\/2016\/02\/Walzenh\u00fctte-300x200.jpg 300w, https:\/\/www.harzer-wandernadel.de\/wp-content\/uploads\/2016\/02\/Walzenh\u00fctte-768x512.jpg 768w, https:\/\/www.harzer-wandernadel.de\/wp-content\/uploads\/2016\/02\/Walzenh\u00fctte-624x416.jpg 624w\" sizes=\"(max-width: 825px) 100vw, 825px\"><\/span><\/figure><\/div>\n\n<p>Un bon point de d\u00e9part est le par\u00adking de ran\u00addon\u00adn\u00e9e \u00e0&nbsp;c\u00f4t\u00e9 du caf\u00e9 Damm\u00adbach\u00adtal \u00e0&nbsp;la p\u00e9ri\u00adph\u00e9\u00adrie de Trau\u00adten\u00adstein. En tant qu\u2019ex\u00adcur\u00adsion d\u2019une jour\u00adn\u00e9e, tu peux aus\u00adsi com\u00adbi\u00adner la Wal\u00adzenh\u00fctte avec la <a href=\"https:\/\/www.harzer-wandernadel.de\/fr\/pointage\/carte-generale\/pointage-47-oberharzblick-au-buchenberg\/\" data-type=\"page\" data-id=\"732\">HWN 47 Obe\u00adrharz\u00adblick am Buchen\u00adberg<\/a>, la <a href=\"https:\/\/www.harzer-wandernadel.de\/fr\/pointage\/carte-generale\/pointage-48-stierbergsteich\/\" data-type=\"page\" data-id=\"734\">HWN 48 Stier\u00adberg\u00adsteich<\/a>, la <a href=\"https:\/\/www.harzer-wandernadel.de\/fr\/pointage\/carte-generale\/poinconnage-97-ziegenalm-sophienhof\/\" data-type=\"page\" data-id=\"1067\">HWN 97 Zie\u00adge\u00adnalm Sophien\u00adhof<\/a> et la <a href=\"https:\/\/www.harzer-wandernadel.de\/fr\/pointage\/carte-generale\/pointage-51-carlsturm\/\" data-type=\"page\" data-id=\"740\">HWN 51 Carl\u00adsturm<\/a> pour for\u00admer un joli circuit.&nbsp;<\/p>\n\n<div class=\"wp-block-buttons is-layout-flex wp-block-buttons-is-layout-flex\">\n<div class=\"wp-block-button\"><a class=\"wp-block-button__link wp-element-button\" href=\"https:\/\/harzer-bergwald.de\/index.php\/wandertouren\/abenteuertouren\/40-unterwegs-zwischen-sophienhof-und-trautenstein\" target=\"_blank\" rel=\"noreferrer noopener\">Sug\u00adges\u00adtion de cir\u00adcuit For\u00eat de mon\u00adtagne du&nbsp;Harz&nbsp;\u00bb<\/a><\/div>\n<\/div>\n","protected":false},"excerpt":{"rendered":"<p>La Wal\u00adzenh\u00fctte (521&nbsp;m&nbsp;d\u2019altitude) se trouve entre Trau\u00adten\u00adstein et Ben\u00adne\u00adcken\u00adstein dans la r\u00e9gion des val\u00adl\u00e9es de ruis\u00adseaux du&nbsp;Harz. Un bon point de d\u00e9part est le par\u00adking de ran\u00addon\u00adn\u00e9e \u00e0&nbsp;c\u00f4t\u00e9 du caf\u00e9 Damm\u00adbach\u00adtal \u00e0&nbsp;la p\u00e9ri\u00adph\u00e9\u00adrie de Trau\u00adten\u00adstein. En tant qu\u2019ex\u00adcur\u00adsion d\u2019une jour\u00adn\u00e9e, tu peux aus\u00adsi com\u00adbi\u00adner la Wal\u00adzenh\u00fctte avec la HWN 47 Obe\u00adrharz\u00adblick am Buchen\u00adberg, la&nbsp;HWN&nbsp;[\u2026]<\/p>\n","protected":false},"author":11,"featured_media":19113,"parent":17801,"menu_order":10050,"comment_status":"closed","ping_status":"closed","template":"","meta":{"_seopress_robots_primary_cat":"","_seopress_titles_title":"","_seopress_titles_desc":"","_seopress_robots_index":"","wp_typography_post_enhancements_disabled":false,"iawp_total_views":1,"footnotes":""},"hf_cat_page":[120],"class_list":["post-19111","page","type-page","status-publish","has-post-thumbnail"],"blocksy_meta":[],"_links":{"self":[{"href":"https:\/\/www.harzer-wandernadel.de\/fr\/wp-json\/wp\/v2\/pages\/19111","targetHints":{"allow":["GET"]}}],"collection":[{"href":"https:\/\/www.harzer-wandernadel.de\/fr\/wp-json\/wp\/v2\/pages"}],"about":[{"href":"https:\/\/www.harzer-wandernadel.de\/fr\/wp-json\/wp\/v2\/types\/page"}],"author":[{"embeddable":true,"href":"https:\/\/www.harzer-wandernadel.de\/fr\/wp-json\/wp\/v2\/users\/11"}],"replies":[{"embeddable":true,"href":"https:\/\/www.harzer-wandernadel.de\/fr\/wp-json\/wp\/v2\/comments?post=19111"}],"version-history":[{"count":2,"href":"https:\/\/www.harzer-wandernadel.de\/fr\/wp-json\/wp\/v2\/pages\/19111\/revisions"}],"predecessor-version":[{"id":24762,"href":"https:\/\/www.harzer-wandernadel.de\/fr\/wp-json\/wp\/v2\/pages\/19111\/revisions\/24762"}],"up":[{"embeddable":true,"href":"https:\/\/www.harzer-wandernadel.de\/fr\/wp-json\/wp\/v2\/pages\/17801"}],"wp:featuredmedia":[{"embeddable":true,"href":"https:\/\/www.harzer-wandernadel.de\/fr\/wp-json\/wp\/v2\/media\/19113"}],"wp:attachment":[{"href":"https:\/\/www.harzer-wandernadel.de\/fr\/wp-json\/wp\/v2\/media?parent=19111"}],"wp:term":[{"taxonomy":"hf_cat_page","embeddable":true,"href":"https:\/\/www.harzer-wandernadel.de\/fr\/wp-json\/wp\/v2\/hf_cat_page?post=19111"}],"curies":[{"name":"wp","href":"https:\/\/api.w.org\/{rel}","templated":true}]}}