{"id":19103,"date":"2016-02-17T14:48:35","date_gmt":"2016-02-17T13:48:35","guid":{"rendered":"https:\/\/www.harzer-wandernadel.de\/pointage\/carte-generale\/pointage-54-rotestein\/"},"modified":"2026-02-28T14:42:27","modified_gmt":"2026-02-28T13:42:27","slug":"pointage-54-rotestein","status":"publish","type":"page","link":"https:\/\/www.harzer-wandernadel.de\/fr\/pointage\/carte-generale\/pointage-54-rotestein\/","title":{"rendered":"Pointage 54 \/ Rotestein"},"content":{"rendered":"\n<h2 class=\"wp-block-heading\">Le Rotestein (503&nbsp;m&nbsp;d\u2019altitude) est situ\u00e9 non loin de la charbonni\u00e8re Stemberghaus pr\u00e8s de Hasselfelde. C\u2019est un point de vue int\u00e9ressant qui surplombe le barrage Rappbodetalsperre et offre une vue magnifique au loin sur les eaux miroitantes du barrage jusqu\u2019au sommet du Brocken.&nbsp;<\/h2>\n\n<div class=\"wp-block-stackable-image alignwide stk-block-image stk-block stk-89e1006\" data-block-id=\"89e1006\"><style>.stk-89e1006 {margin-top:3% !important;margin-bottom:3% !important;}<\/style><figure><span class=\"stk-img-wrapper stk-image--shape-stretch stk--has-lightbox\"><img decoding=\"async\" width=\"1454\" height=\"550\" src=\"https:\/\/www.harzer-wandernadel.de\/wp-content\/uploads\/2016\/02\/Rotestein.jpg\" class=\"attachment-full size-full wp-post-image\" alt srcset=\"https:\/\/www.harzer-wandernadel.de\/wp-content\/uploads\/2016\/02\/Rotestein.jpg 1454w, https:\/\/www.harzer-wandernadel.de\/wp-content\/uploads\/2016\/02\/Rotestein-300x113.jpg 300w, https:\/\/www.harzer-wandernadel.de\/wp-content\/uploads\/2016\/02\/Rotestein-768x291.jpg 768w, https:\/\/www.harzer-wandernadel.de\/wp-content\/uploads\/2016\/02\/Rotestein-1024x387.jpg 1024w, https:\/\/www.harzer-wandernadel.de\/wp-content\/uploads\/2016\/02\/Rotestein-624x236.jpg 624w\" sizes=\"(max-width: 1454px) 100vw, 1454px\"><\/span><\/figure><\/div>\n\n<p><b>Le Rote\u00adstein a&nbsp;\u00e9t\u00e9 \u00e9lu par nos amis ran\u00addon\u00adneurs comme le plus beau site de poin\u00ad\u00e7on\u00adnage de&nbsp;2010.<\/b><\/p>\n\n<p><strong>Avis d\u2019a\u00admis ran\u00addon\u00adneurs&nbsp;:<\/strong><br>\u00ab&nbsp;La vue du Rote\u00adstein est magni\u00adfique sur le bar\u00adrage. Tu as l\u2019im\u00adpres\u00adsion d\u2019\u00eatre au bord d\u2019un fjord en Nor\u00adv\u00e8ge, mais en arri\u00e8re-plan, tu peux voir le Brocken.&nbsp;<\/p>\n\n<p>\u00ab&nbsp;Ce point de poin\u00adtage peut \u00eatre faci\u00adle\u00adment atteint m\u00eame par les ran\u00addon\u00adneurs qui ne sont pas tr\u00e8s bons \u00e0&nbsp;pied. Mal\u00adgr\u00e9 la proxi\u00admi\u00adt\u00e9 de la route natio\u00adnale, on y&nbsp;trouve un calme divin pour r\u00eaver et se d\u00e9tendre&nbsp;\u00bb.&nbsp;<\/p>\n\n<p>Le meilleur point de d\u00e9part pour une ran\u00addon\u00adn\u00e9e vers le Rote\u00adstein est le par\u00adking devant la <a href=\"https:\/\/www.harzer-wandernadel.de\/stempelstellen\/uebersichtskarte\/stempelstelle-60-stemberghaus-koehlerei\/\" data-type=\"page\" data-id=\"804\">char\u00adbon\u00adni\u00e8re de r\u00e9sine Stem\u00adber\u00adghaus HWN 60<\/a>. De l\u00e0, tu tra\u00adverses la B&nbsp;81 et tu suis le che\u00admin de ran\u00addon\u00adn\u00e9e bali\u00ads\u00e9 sur envi\u00adron 2&nbsp;km jus\u00adqu\u2019au Rotestein.&nbsp;<\/p>\n","protected":false},"excerpt":{"rendered":"<p>Le Rote\u00adstein (503&nbsp;m&nbsp;d\u2019altitude) est situ\u00e9 non loin de la char\u00adbon\u00adni\u00e8re Stem\u00adber\u00adghaus pr\u00e8s de Has\u00adsel\u00adfelde. C\u2019est un point de vue int\u00e9\u00adres\u00adsant qui sur\u00adplombe le bar\u00adrage Rapp\u00adbo\u00adde\u00adtals\u00adperre et offre une vue magni\u00adfique au loin sur les eaux miroi\u00adtantes du bar\u00adrage jusqu\u2019au som\u00admet du Bro\u00adcken.&nbsp; Le Rote\u00adstein a&nbsp;\u00e9t\u00e9 \u00e9lu par nos amis ran\u00addon\u00adneurs comme le plus beau&nbsp;site&nbsp;[\u2026]<\/p>\n","protected":false},"author":11,"featured_media":19104,"parent":17801,"menu_order":10054,"comment_status":"closed","ping_status":"closed","template":"","meta":{"_seopress_robots_primary_cat":"","_seopress_titles_title":"","_seopress_titles_desc":"","_seopress_robots_index":"","wp_typography_post_enhancements_disabled":false,"iawp_total_views":0,"footnotes":""},"hf_cat_page":[120],"class_list":["post-19103","page","type-page","status-publish","has-post-thumbnail"],"blocksy_meta":[],"_links":{"self":[{"href":"https:\/\/www.harzer-wandernadel.de\/fr\/wp-json\/wp\/v2\/pages\/19103","targetHints":{"allow":["GET"]}}],"collection":[{"href":"https:\/\/www.harzer-wandernadel.de\/fr\/wp-json\/wp\/v2\/pages"}],"about":[{"href":"https:\/\/www.harzer-wandernadel.de\/fr\/wp-json\/wp\/v2\/types\/page"}],"author":[{"embeddable":true,"href":"https:\/\/www.harzer-wandernadel.de\/fr\/wp-json\/wp\/v2\/users\/11"}],"replies":[{"embeddable":true,"href":"https:\/\/www.harzer-wandernadel.de\/fr\/wp-json\/wp\/v2\/comments?post=19103"}],"version-history":[{"count":2,"href":"https:\/\/www.harzer-wandernadel.de\/fr\/wp-json\/wp\/v2\/pages\/19103\/revisions"}],"predecessor-version":[{"id":24777,"href":"https:\/\/www.harzer-wandernadel.de\/fr\/wp-json\/wp\/v2\/pages\/19103\/revisions\/24777"}],"up":[{"embeddable":true,"href":"https:\/\/www.harzer-wandernadel.de\/fr\/wp-json\/wp\/v2\/pages\/17801"}],"wp:featuredmedia":[{"embeddable":true,"href":"https:\/\/www.harzer-wandernadel.de\/fr\/wp-json\/wp\/v2\/media\/19104"}],"wp:attachment":[{"href":"https:\/\/www.harzer-wandernadel.de\/fr\/wp-json\/wp\/v2\/media?parent=19103"}],"wp:term":[{"taxonomy":"hf_cat_page","embeddable":true,"href":"https:\/\/www.harzer-wandernadel.de\/fr\/wp-json\/wp\/v2\/hf_cat_page?post=19103"}],"curies":[{"name":"wp","href":"https:\/\/api.w.org\/{rel}","templated":true}]}}