{"id":19090,"date":"2016-02-17T13:35:32","date_gmt":"2016-02-17T12:35:32","guid":{"rendered":"https:\/\/www.harzer-wandernadel.de\/pointage\/carte-generale\/pointage-52-trageburg-sur-la-route-des-sorcieres\/"},"modified":"2026-02-28T14:42:26","modified_gmt":"2026-02-28T13:42:26","slug":"pointage-52-trageburg-sur-la-route-des-sorcieres","status":"publish","type":"page","link":"https:\/\/www.harzer-wandernadel.de\/fr\/pointage\/carte-generale\/pointage-52-trageburg-sur-la-route-des-sorcieres\/","title":{"rendered":"Pointage 52 \/ Trageburg sur la route des sorci\u00e8res"},"content":{"rendered":"\n<h2 class=\"wp-block-heading\">Le monument au sol Trageburg (499&nbsp;m&nbsp;d\u2019altitude) \u00e9tait un petit ch\u00e2teau m\u00e9di\u00e9val et se trouve \u00e0&nbsp;2,5&nbsp;km de Trautenstein, au-dessus de la rive droite du pr\u00e9-barrage de Rappbode.<\/h2>\n\n<div class=\"wp-block-stackable-image alignwide stk-block-image stk-block stk-89e1006\" data-block-id=\"89e1006\"><style>.stk-89e1006 {margin-top:3% !important;margin-bottom:3% !important;}<\/style><figure><span class=\"stk-img-wrapper stk-image--shape-stretch stk--has-lightbox\"><img decoding=\"async\" width=\"3264\" height=\"1840\" src=\"https:\/\/www.harzer-wandernadel.de\/wp-content\/uploads\/2016\/02\/HWN-Trageburg-2.jpg\" class=\"attachment-full size-full wp-post-image\" alt=\"Rivi\u00e8re dans la for\u00eat sous un ciel bleu\" srcset=\"https:\/\/www.harzer-wandernadel.de\/wp-content\/uploads\/2016\/02\/HWN-Trageburg-2.jpg 3264w, https:\/\/www.harzer-wandernadel.de\/wp-content\/uploads\/2016\/02\/HWN-Trageburg-2-300x169.jpg 300w, https:\/\/www.harzer-wandernadel.de\/wp-content\/uploads\/2016\/02\/HWN-Trageburg-2-768x433.jpg 768w, https:\/\/www.harzer-wandernadel.de\/wp-content\/uploads\/2016\/02\/HWN-Trageburg-2-1024x577.jpg 1024w, https:\/\/www.harzer-wandernadel.de\/wp-content\/uploads\/2016\/02\/HWN-Trageburg-2-250x141.jpg 250w, https:\/\/www.harzer-wandernadel.de\/wp-content\/uploads\/2016\/02\/HWN-Trageburg-2-624x352.jpg 624w\" sizes=\"(max-width: 3264px) 100vw, 3264px\"><\/span><\/figure><\/div>\n\n<p>Les gu\u00e9s \u00e0&nbsp;tra\u00advers les rivi\u00e8res du Harz, o\u00f9 se trou\u00advaient g\u00e9n\u00e9\u00adra\u00adle\u00adment de petites fermes avec des che\u00advaux pour pou\u00advoir avan\u00adcer, \u00e9taient pro\u00adt\u00e9\u00adg\u00e9s par de petits ch\u00e2\u00adteaux. L\u2019un de ces ch\u00e2\u00adteaux pro\u00adt\u00e9\u00adgeant le gu\u00e9 de la Rapp\u00adbode \u00e9tait le ch\u00e2\u00adteau de Tra\u00adge\u00adburg, appe\u00adl\u00e9 Dra\u00adburg dans un docu\u00adment de&nbsp;1654.&nbsp;<\/p>\n\n<p>Le meilleur point de d\u00e9part est le par\u00adking de ran\u00addon\u00adn\u00e9e au centre de Trau\u00adten\u00adstein. Tu suis les pan\u00adneaux du Harzk\u00adlub Zweig\u00adve\u00adrein le long de la rive droite de la Rapp\u00adbode et apr\u00e8s une courte mon\u00adt\u00e9e, tu arrives \u00e0&nbsp;Tra\u00adge\u00adburg. Il est recom\u00adman\u00add\u00e9 d\u2019in\u00adclure la <a href=\"https:\/\/www.harzer-wandernadel.de\/fr\/pointage\/carte-generale\/pointage-56-rappbodeblick-trautenstein\/\" data-type=\"page\" data-id=\"792\">HWN 56 Rapp\u00adbo\u00adde\u00adblick<\/a> Trau\u00adten\u00adstein dans la ran\u00addon\u00adn\u00e9e en tra\u00adver\u00adsant le bar\u00adrage et en reve\u00adnant de l\u2019autre c\u00f4t\u00e9 du lac de bar\u00adrage. Cette ran\u00addon\u00adn\u00e9e fait 8&nbsp;km de long, offre de nom\u00adbreuses belles vues sur le pr\u00e9-bar\u00adrage de Rapp\u00adbode et longe en par\u00adtie le Har\u00adzer Hexenstieg.&nbsp;<\/p>\n\n<div class=\"wp-block-buttons is-layout-flex wp-block-buttons-is-layout-flex\">\n<div class=\"wp-block-button\"><a class=\"wp-block-button__link wp-element-button\" href=\"https:\/\/harzer-bergwald.de\/index.php\/wandertouren\/abenteuertouren\/48-die-terrassen-der-rappbode\" target=\"_blank\" rel=\"noreferrer noopener\">Sug\u00adges\u00adtion de cir\u00adcuit For\u00eat de mon\u00adtagne du&nbsp;Harz&nbsp;\u00bb<\/a><\/div>\n<\/div>\n","protected":false},"excerpt":{"rendered":"<p>Le monu\u00adment au sol Tra\u00adge\u00adburg (499&nbsp;m&nbsp;d\u2019altitude) \u00e9tait un petit ch\u00e2\u00adteau m\u00e9di\u00e9\u00adval et se trouve \u00e0&nbsp;2,5&nbsp;km de Trau\u00adten\u00adstein, au-des\u00adsus de la rive droite du pr\u00e9-bar\u00adrage de Rapp\u00adbode. Les gu\u00e9s \u00e0&nbsp;tra\u00advers les rivi\u00e8res du Harz, o\u00f9 se trou\u00advaient g\u00e9n\u00e9\u00adra\u00adle\u00adment de petites fermes avec des che\u00advaux pour pou\u00advoir avan\u00adcer, \u00e9taient pro\u00adt\u00e9\u00adg\u00e9s par de petits ch\u00e2\u00adteaux. L\u2019un de&nbsp;ces&nbsp;[\u2026]<\/p>\n","protected":false},"author":11,"featured_media":19092,"parent":17801,"menu_order":10052,"comment_status":"closed","ping_status":"closed","template":"","meta":{"_seopress_robots_primary_cat":"","_seopress_titles_title":"","_seopress_titles_desc":"","_seopress_robots_index":"","wp_typography_post_enhancements_disabled":false,"iawp_total_views":1,"footnotes":""},"hf_cat_page":[120],"class_list":["post-19090","page","type-page","status-publish","has-post-thumbnail"],"blocksy_meta":[],"_links":{"self":[{"href":"https:\/\/www.harzer-wandernadel.de\/fr\/wp-json\/wp\/v2\/pages\/19090","targetHints":{"allow":["GET"]}}],"collection":[{"href":"https:\/\/www.harzer-wandernadel.de\/fr\/wp-json\/wp\/v2\/pages"}],"about":[{"href":"https:\/\/www.harzer-wandernadel.de\/fr\/wp-json\/wp\/v2\/types\/page"}],"author":[{"embeddable":true,"href":"https:\/\/www.harzer-wandernadel.de\/fr\/wp-json\/wp\/v2\/users\/11"}],"replies":[{"embeddable":true,"href":"https:\/\/www.harzer-wandernadel.de\/fr\/wp-json\/wp\/v2\/comments?post=19090"}],"version-history":[{"count":2,"href":"https:\/\/www.harzer-wandernadel.de\/fr\/wp-json\/wp\/v2\/pages\/19090\/revisions"}],"predecessor-version":[{"id":24769,"href":"https:\/\/www.harzer-wandernadel.de\/fr\/wp-json\/wp\/v2\/pages\/19090\/revisions\/24769"}],"up":[{"embeddable":true,"href":"https:\/\/www.harzer-wandernadel.de\/fr\/wp-json\/wp\/v2\/pages\/17801"}],"wp:featuredmedia":[{"embeddable":true,"href":"https:\/\/www.harzer-wandernadel.de\/fr\/wp-json\/wp\/v2\/media\/19092"}],"wp:attachment":[{"href":"https:\/\/www.harzer-wandernadel.de\/fr\/wp-json\/wp\/v2\/media?parent=19090"}],"wp:term":[{"taxonomy":"hf_cat_page","embeddable":true,"href":"https:\/\/www.harzer-wandernadel.de\/fr\/wp-json\/wp\/v2\/hf_cat_page?post=19090"}],"curies":[{"name":"wp","href":"https:\/\/api.w.org\/{rel}","templated":true}]}}