{"id":19087,"date":"2016-02-18T11:52:59","date_gmt":"2016-02-18T10:52:59","guid":{"rendered":"https:\/\/www.harzer-wandernadel.de\/pointage\/carte-generale\/pointage-67-weisser-hirsch-point-de-vue\/"},"modified":"2026-02-28T14:42:35","modified_gmt":"2026-02-28T13:42:35","slug":"pointage-67-weisser-hirsch-point-de-vue","status":"publish","type":"page","link":"https:\/\/www.harzer-wandernadel.de\/fr\/pointage\/carte-generale\/pointage-67-weisser-hirsch-point-de-vue\/","title":{"rendered":"Pointage 67 \/ Wei\u00dfer Hirsch (point de&nbsp;vue)"},"content":{"rendered":"\n<h2 class=\"wp-block-heading\">Le cerf blanc (414&nbsp;m&nbsp;d\u2019altitude) est un excellent point de vue \u00e0&nbsp;Treseburg, situ\u00e9 \u00e0&nbsp;environ 150&nbsp;m&nbsp;au-dessus de la vall\u00e9e de la&nbsp;Bode.<\/h2>\n\n<div class=\"wp-block-stackable-image alignwide stk-block-image stk-block stk-89e1006\" data-block-id=\"89e1006\"><style>.stk-89e1006 {margin-top:3% !important;margin-bottom:3% !important;}<\/style><figure><span class=\"stk-img-wrapper stk-image--shape-stretch stk--has-lightbox\"><img decoding=\"async\" width=\"733\" height=\"550\" src=\"https:\/\/www.harzer-wandernadel.de\/wp-content\/uploads\/2016\/02\/Weisser-Hirsch.jpg\" class=\"attachment-full size-full wp-post-image\" alt srcset=\"https:\/\/www.harzer-wandernadel.de\/wp-content\/uploads\/2016\/02\/Weisser-Hirsch.jpg 733w, https:\/\/www.harzer-wandernadel.de\/wp-content\/uploads\/2016\/02\/Weisser-Hirsch-300x225.jpg 300w, https:\/\/www.harzer-wandernadel.de\/wp-content\/uploads\/2016\/02\/Weisser-Hirsch-624x468.jpg 624w\" sizes=\"(max-width: 733px) 100vw, 733px\"><\/span><\/figure><\/div>\n\n<p>La vue loin\u00adtaine sur la val\u00adl\u00e9e de la Bode jus\u00adqu\u2019au Bro\u00adcken est une r\u00e9com\u00adpense pour chaque randonneur.<\/p>\n\n<p>Le meilleur point de d\u00e9part est le par\u00adking de la Bode \u00e0&nbsp;Tre\u00adse\u00adburg. Tu marches en direc\u00adtion d\u2019All\u00adrode et apr\u00e8s l\u2019h\u00f4\u00adtel \u00ab&nbsp;Zur Lupp\u00adbode&nbsp;\u00bb, tu prends le sen\u00adtier qui monte jus\u00adqu\u2019au point de&nbsp;vue.&nbsp;<\/p>\n\n<p>Tu peux choi\u00adsir cet endroit comme point de d\u00e9part d\u2019une ran\u00addon\u00adn\u00e9e d\u2019une jour\u00adn\u00e9e de 20&nbsp;km qui m\u00e8ne au Hexen\u00adtanz\u00adplatz en pas\u00adsant par le <a href=\"https:\/\/www.harzer-wandernadel.de\/fr\/pointage\/carte-generale\/timbre-68-fleche-monument\/\" data-type=\"page\" data-id=\"883\">monu\u00adment aux fl\u00e8ches HWN 68<\/a>, la <a href=\"https:\/\/www.harzer-wandernadel.de\/fr\/pointage\/carte-generale\/pointage-70-prinzensicht-tour-dobservation\/\" data-type=\"page\" data-id=\"897\">vue du prince HWN 70<\/a>, <a href=\"https:\/\/www.harzer-wandernadel.de\/fr\/pointage\/carte-generale\/pointage-72-la-viershoehe\/\" data-type=\"page\" data-id=\"907\">La Vier\u00adsh\u00f6he HWN 72<\/a>. Le retour \u00e0&nbsp;Tre\u00adse\u00adburg se fait par le <a href=\"https:\/\/www.harzer-wandernadel.de\/fr\/pointage\/carte-generale\/pointage-178-hirschgrund-a-lauberge-koenigsruhe\/\" data-type=\"page\" data-id=\"1249\">Hir\u00adsch\u00adgrund HWN 178<\/a> et la <a href=\"https:\/\/www.harzer-wandernadel.de\/stempelstellen\/uebersichtskarte\/stempelstelle-69-sonnenklippe-bodetal\/\" data-type=\"page\" data-id=\"893\">Son\u00adnenk\u00adlippe HWN 69<\/a>. <\/p>\n\n<div class=\"wp-block-buttons is-layout-flex wp-block-buttons-is-layout-flex\">\n<div class=\"wp-block-button\"><a class=\"wp-block-button__link wp-element-button\" href=\"https:\/\/harzer-bergwald.de\/index.php\/wandertouren\/abenteuertouren\/31-zwischen-tiefenbach-und-luppbode\" target=\"_blank\" rel=\"noreferrer noopener\">Sug\u00adges\u00adtion de cir\u00adcuit For\u00eat de mon\u00adtagne du&nbsp;Harz&nbsp;\u00bb<\/a><\/div>\n<\/div>\n","protected":false},"excerpt":{"rendered":"<p>Le cerf blanc (414&nbsp;m&nbsp;d\u2019altitude) est un excellent point de vue \u00e0&nbsp;Tre\u00adse\u00adburg, situ\u00e9 \u00e0&nbsp;envi\u00adron 150&nbsp;m&nbsp;au-des\u00adsus de la val\u00adl\u00e9e de la&nbsp;Bode. La vue loin\u00adtaine sur la val\u00adl\u00e9e de la Bode jus\u00adqu\u2019au Bro\u00adcken est une r\u00e9com\u00adpense pour chaque ran\u00addon\u00adneur. Le meilleur point de d\u00e9part est le par\u00adking de la Bode \u00e0&nbsp;Tre\u00adse\u00adburg. Tu marches en direc\u00adtion d\u2019All\u00adrode et&nbsp;apr\u00e8s&nbsp;[\u2026]<\/p>\n","protected":false},"author":11,"featured_media":19088,"parent":17801,"menu_order":10068,"comment_status":"closed","ping_status":"closed","template":"","meta":{"_seopress_robots_primary_cat":"","_seopress_titles_title":"","_seopress_titles_desc":"","_seopress_robots_index":"","wp_typography_post_enhancements_disabled":false,"iawp_total_views":0,"footnotes":""},"hf_cat_page":[120],"class_list":["post-19087","page","type-page","status-publish","has-post-thumbnail"],"blocksy_meta":[],"_links":{"self":[{"href":"https:\/\/www.harzer-wandernadel.de\/fr\/wp-json\/wp\/v2\/pages\/19087","targetHints":{"allow":["GET"]}}],"collection":[{"href":"https:\/\/www.harzer-wandernadel.de\/fr\/wp-json\/wp\/v2\/pages"}],"about":[{"href":"https:\/\/www.harzer-wandernadel.de\/fr\/wp-json\/wp\/v2\/types\/page"}],"author":[{"embeddable":true,"href":"https:\/\/www.harzer-wandernadel.de\/fr\/wp-json\/wp\/v2\/users\/11"}],"replies":[{"embeddable":true,"href":"https:\/\/www.harzer-wandernadel.de\/fr\/wp-json\/wp\/v2\/comments?post=19087"}],"version-history":[{"count":2,"href":"https:\/\/www.harzer-wandernadel.de\/fr\/wp-json\/wp\/v2\/pages\/19087\/revisions"}],"predecessor-version":[{"id":24808,"href":"https:\/\/www.harzer-wandernadel.de\/fr\/wp-json\/wp\/v2\/pages\/19087\/revisions\/24808"}],"up":[{"embeddable":true,"href":"https:\/\/www.harzer-wandernadel.de\/fr\/wp-json\/wp\/v2\/pages\/17801"}],"wp:featuredmedia":[{"embeddable":true,"href":"https:\/\/www.harzer-wandernadel.de\/fr\/wp-json\/wp\/v2\/media\/19088"}],"wp:attachment":[{"href":"https:\/\/www.harzer-wandernadel.de\/fr\/wp-json\/wp\/v2\/media?parent=19087"}],"wp:term":[{"taxonomy":"hf_cat_page","embeddable":true,"href":"https:\/\/www.harzer-wandernadel.de\/fr\/wp-json\/wp\/v2\/hf_cat_page?post=19087"}],"curies":[{"name":"wp","href":"https:\/\/api.w.org\/{rel}","templated":true}]}}