{"id":19077,"date":"2016-02-18T11:59:27","date_gmt":"2016-02-18T10:59:27","guid":{"rendered":"https:\/\/www.harzer-wandernadel.de\/pointage\/carte-generale\/pointage-191-laubtalblick\/"},"modified":"2026-01-29T12:53:14","modified_gmt":"2026-01-29T11:53:14","slug":"pointage-191-laubtalblick","status":"publish","type":"page","link":"https:\/\/www.harzer-wandernadel.de\/fr\/pointage\/carte-generale\/pointage-191-laubtalblick\/","title":{"rendered":"Pointage 191 \/ Laubtalblick"},"content":{"rendered":"\n<h2 class=\"wp-block-heading\">La vall\u00e9e de la Laub, dans laquelle coule le \u00ab&nbsp;Gro\u00dfe Uhlenbach&nbsp;\u00bb, se trouve entre Friedrichsbrunn et la maison foresti\u00e8re Uhlenstein.<\/h2>\n\n<div class=\"wp-block-stackable-image alignwide stk-block-image stk-block stk-89e1006\" data-block-id=\"89e1006\"><style>.stk-89e1006 {margin-top:3% !important;margin-bottom:3% !important;}<\/style><figure><span class=\"stk-img-wrapper stk-image--shape-stretch stk--has-lightbox\"><img decoding=\"async\" width=\"663\" height=\"463\" src=\"https:\/\/www.harzer-wandernadel.de\/wp-content\/uploads\/2016\/02\/Laubtalsblick2.jpg\" class=\"attachment-full size-full wp-post-image\" alt srcset=\"https:\/\/www.harzer-wandernadel.de\/wp-content\/uploads\/2016\/02\/Laubtalsblick2.jpg 663w, https:\/\/www.harzer-wandernadel.de\/wp-content\/uploads\/2016\/02\/Laubtalsblick2-300x210.jpg 300w, https:\/\/www.harzer-wandernadel.de\/wp-content\/uploads\/2016\/02\/Laubtalsblick2-250x175.jpg 250w, https:\/\/www.harzer-wandernadel.de\/wp-content\/uploads\/2016\/02\/Laubtalsblick2-624x436.jpg 624w\" sizes=\"(max-width: 663px) 100vw, 663px\"><\/span><\/figure><\/div>\n\n<p>L\u2019ac\u00adtuelle \u00ab&nbsp;Frie\u00addrichs\u00adbrun\u00adnen&nbsp;\u00bb est un sym\u00adbole du vil\u00adlage qui, il y&nbsp;a des si\u00e8cles, \u00e9tait d\u00e9j\u00e0 un lieu de repos appr\u00e9\u00adci\u00e9 des com\u00admer\u00ad\u00e7ants, des chas\u00adseurs, des guer\u00adriers et des mer\u00adce\u00adnaires sur l\u2019an\u00adcienne route de l\u2019ar\u00adm\u00e9e imp\u00e9\u00adriale Qued\u00adlin\u00adburg-Nord\u00adhau\u00adsen. En 1754, le roi Fr\u00e9\u00add\u00e9\u00adric II s\u2019est arr\u00ea\u00adt\u00e9 \u00e0&nbsp;l\u2019oc\u00adca\u00adsion d\u2019un voyage d\u2019ins\u00adpec\u00adtion \u00e0&nbsp;l\u2019aire de repos qui s\u2019ap\u00adpe\u00adlait alors la \u00ab&nbsp;fon\u00adtaine infid\u00e8le&nbsp;\u00bb.&nbsp;<\/p>\n\n<p>Sur ordre du roi, des familles s\u2019ins\u00adtal\u00adl\u00e8rent comme colons entre 1773 et 1775. Le vil\u00adlage nou\u00advel\u00adle\u00adment cr\u00e9\u00e9 fut appe\u00adl\u00e9 Frie\u00addrichs\u00adbrunn et la fon\u00adtaine fut rebap\u00adti\u00ads\u00e9e \u00ab&nbsp;Friedrichsbrunnen&nbsp;\u00bb.&nbsp;<\/p>\n\n<p>Le d\u00e9ve\u00adlop\u00adpe\u00adment tou\u00adris\u00adtique du pai\u00adsible vil\u00adlage de Frie\u00addrichs\u00adbrunn a&nbsp;com\u00admen\u00adc\u00e9 d\u00e8s 1884. Aujourd\u2019\u00adhui, c\u2019est une des\u00adti\u00adna\u00adtion de vacances tr\u00e8s appr\u00e9\u00adci\u00e9e dans la val\u00adl\u00e9e de la Bode. Dans les vastes for\u00eats et prai\u00adries des envi\u00adrons, on peut admi\u00adrer des plantes deve\u00adnues rares, comme l\u2019ar\u00adni\u00adca, le lys turc, le daph\u00adn\u00e9, le col\u00adchique d\u2019au\u00adtomne, sans oublier le monu\u00adment natu\u00adrel de sur\u00adface \u00ab&nbsp;prai\u00adries de fleurs de&nbsp;troll&nbsp;\u00bb.&nbsp;<\/p>\n\n<p>Depuis le par\u00adking de ran\u00addon\u00adn\u00e9e \u00e0&nbsp;la sor\u00adtie du vil\u00adlage en direc\u00adtion de G\u00fcn\u00adters\u00adberge, tu marches sur des sen\u00adtiers bali\u00ads\u00e9s en pas\u00adsant par la prai\u00adrie des fleurs de troll, puis le long du grand ruis\u00adseau Uhlen\u00adbach jus\u00adqu\u2019au point de poin\u00adtage Laubtalsblick.<\/p>\n\n<div class=\"wp-block-buttons is-layout-flex wp-block-buttons-is-layout-flex\">\n<div class=\"wp-block-button\"><a class=\"wp-block-button__link wp-element-button\" href=\"http:\/\/harzer-bergwald.de\/index.php\/wandertouren\/romantiktouren\/24-unterwegs-im-beerenland\">Sug\u00adges\u00adtion de cir\u00adcuit For\u00eat de mon\u00adtagne du&nbsp;Harz<\/a><\/div>\n<\/div>\n","protected":false},"excerpt":{"rendered":"<p>La val\u00adl\u00e9e de la Laub, dans laquelle coule le \u00ab&nbsp;Gro\u00dfe Uhlen\u00adbach&nbsp;\u00bb, se trouve entre Frie\u00addrichs\u00adbrunn et la mai\u00adson fores\u00adti\u00e8re Uhlen\u00adstein. L\u2019ac\u00adtuelle \u00ab&nbsp;Frie\u00addrichs\u00adbrun\u00adnen&nbsp;\u00bb est un sym\u00adbole du vil\u00adlage qui, il y&nbsp;a&nbsp;des si\u00e8cles, \u00e9tait d\u00e9j\u00e0 un lieu de repos appr\u00e9\u00adci\u00e9 des com\u00admer\u00ad\u00e7ants, des chas\u00adseurs, des guer\u00adriers et des mer\u00adce\u00adnaires sur l\u2019an\u00adcienne route de l\u2019ar\u00adm\u00e9e imp\u00e9\u00adriale Quedlinburg-Nordhausen.&nbsp;[\u2026]<\/p>\n","protected":false},"author":11,"featured_media":19079,"parent":17801,"menu_order":10191,"comment_status":"closed","ping_status":"closed","template":"","meta":{"_seopress_robots_primary_cat":"","_seopress_titles_title":"","_seopress_titles_desc":"","_seopress_robots_index":"","wp_typography_post_enhancements_disabled":false,"iawp_total_views":0,"footnotes":""},"hf_cat_page":[120],"class_list":["post-19077","page","type-page","status-publish","has-post-thumbnail"],"blocksy_meta":[],"_links":{"self":[{"href":"https:\/\/www.harzer-wandernadel.de\/fr\/wp-json\/wp\/v2\/pages\/19077","targetHints":{"allow":["GET"]}}],"collection":[{"href":"https:\/\/www.harzer-wandernadel.de\/fr\/wp-json\/wp\/v2\/pages"}],"about":[{"href":"https:\/\/www.harzer-wandernadel.de\/fr\/wp-json\/wp\/v2\/types\/page"}],"author":[{"embeddable":true,"href":"https:\/\/www.harzer-wandernadel.de\/fr\/wp-json\/wp\/v2\/users\/11"}],"replies":[{"embeddable":true,"href":"https:\/\/www.harzer-wandernadel.de\/fr\/wp-json\/wp\/v2\/comments?post=19077"}],"version-history":[{"count":1,"href":"https:\/\/www.harzer-wandernadel.de\/fr\/wp-json\/wp\/v2\/pages\/19077\/revisions"}],"predecessor-version":[{"id":19080,"href":"https:\/\/www.harzer-wandernadel.de\/fr\/wp-json\/wp\/v2\/pages\/19077\/revisions\/19080"}],"up":[{"embeddable":true,"href":"https:\/\/www.harzer-wandernadel.de\/fr\/wp-json\/wp\/v2\/pages\/17801"}],"wp:featuredmedia":[{"embeddable":true,"href":"https:\/\/www.harzer-wandernadel.de\/fr\/wp-json\/wp\/v2\/media\/19079"}],"wp:attachment":[{"href":"https:\/\/www.harzer-wandernadel.de\/fr\/wp-json\/wp\/v2\/media?parent=19077"}],"wp:term":[{"taxonomy":"hf_cat_page","embeddable":true,"href":"https:\/\/www.harzer-wandernadel.de\/fr\/wp-json\/wp\/v2\/hf_cat_page?post=19077"}],"curies":[{"name":"wp","href":"https:\/\/api.w.org\/{rel}","templated":true}]}}