{"id":19068,"date":"2016-02-18T12:13:22","date_gmt":"2016-02-18T11:13:22","guid":{"rendered":"https:\/\/www.harzer-wandernadel.de\/pointage\/carte-generale\/pointage-72-la-viershoehe\/"},"modified":"2026-02-28T14:42:38","modified_gmt":"2026-02-28T13:42:38","slug":"pointage-72-la-viershoehe","status":"publish","type":"page","link":"https:\/\/www.harzer-wandernadel.de\/fr\/pointage\/carte-generale\/pointage-72-la-viershoehe\/","title":{"rendered":"Pointage 72 \/ La Viersh\u00f6he"},"content":{"rendered":"\n<h2 class=\"wp-block-heading\">La Viersh\u00f6he (478&nbsp;m&nbsp;d\u2019altitude) se trouve au-dessus de la vall\u00e9e de la Bode, tout pr\u00e8s de la place Hexentanz.<\/h2>\n\n<div class=\"wp-block-stackable-image alignwide stk-block-image stk-block stk-89e1006\" data-block-id=\"89e1006\"><style>.stk-89e1006 {margin-top:3% !important;margin-bottom:3% !important;}<\/style><figure><span class=\"stk-img-wrapper stk-image--shape-stretch stk--has-lightbox\"><img decoding=\"async\" width=\"825\" height=\"550\" src=\"https:\/\/www.harzer-wandernadel.de\/wp-content\/uploads\/2016\/02\/La-Viersh\u00f6he.jpg\" class=\"attachment-full size-full wp-post-image\" alt srcset=\"https:\/\/www.harzer-wandernadel.de\/wp-content\/uploads\/2016\/02\/La-Viersh\u00f6he.jpg 825w, https:\/\/www.harzer-wandernadel.de\/wp-content\/uploads\/2016\/02\/La-Viersh\u00f6he-300x200.jpg 300w, https:\/\/www.harzer-wandernadel.de\/wp-content\/uploads\/2016\/02\/La-Viersh\u00f6he-768x512.jpg 768w, https:\/\/www.harzer-wandernadel.de\/wp-content\/uploads\/2016\/02\/La-Viersh\u00f6he-624x416.jpg 624w\" sizes=\"(max-width: 825px) 100vw, 825px\"><\/span><\/figure><\/div>\n\n<p>Depuis La Vier\u00adsh\u00f6he, tu as une vue excep\u00adtion\u00adnelle sur la val\u00adl\u00e9e de la Bode et les rochers qui se dressent der\u00adri\u00e8re. C\u2019est au d\u00e9but du prin\u00adtemps que l\u2019on voit le mieux les \u00e9tranges for\u00adma\u00adtions rocheuses, lorsque la v\u00e9g\u00e9\u00adta\u00adtion verte ne nous cache pas encore la vue. Si tu vois en plus quelques rapaces tour\u00adnoyer au-des\u00adsus de la gorge \u00e0&nbsp;la recherche de nour\u00adri\u00adture, tu com\u00adprends pour\u00adquoi la val\u00adl\u00e9e de la Bode a&nbsp;\u00e9t\u00e9 clas\u00ads\u00e9e r\u00e9serve natu\u00adrelle d\u00e8s mars&nbsp;1937.&nbsp;<\/p>\n\n<p>Le nom de la hau\u00adteur rap\u00adpelle le garde fores\u00adtier en chef La Viers, qui \u00e9tait au 19\u00e8me si\u00e8cle le fonc\u00adtion\u00adnaire fores\u00adtier le plus haut pla\u00adc\u00e9 pour la r\u00e9gion fores\u00adti\u00e8re du Harz. La Viers est peut-\u00eatre issu d\u2019une famille hugue\u00adnote. Comme il allait sou\u00advent \u00e0&nbsp;la chasse dans la val\u00adl\u00e9e de la Bode, il a&nbsp;recon\u00adnu tr\u00e8s t\u00f4t la beau\u00adt\u00e9 de ce pay\u00adsage et a&nbsp;sug\u00adg\u00e9\u00adr\u00e9 de cr\u00e9er des che\u00admins de ran\u00addon\u00adn\u00e9e pour les touristes.&nbsp;<\/p>\n\n<p>Tu attein\u00addras La Vier\u00adsh\u00f6he depuis Hexen\u00adtanz\u00adplatz en emprun\u00adtant un sen\u00adtier bali\u00ads\u00e9 qui, dans la conti\u00adnui\u00adt\u00e9 de la ran\u00addon\u00adn\u00e9e, m\u00e8ne \u00e9ga\u00adle\u00adment \u00e0&nbsp;la <a href=\"https:\/\/www.harzer-wandernadel.de\/fr\/pointage\/carte-generale\/pointage-70-prinzensicht-tour-dobservation\/\" data-type=\"page\" data-id=\"897\">Prin\u00adzen\u00adsicht HWN 70<\/a>.<\/p>\n","protected":false},"excerpt":{"rendered":"<p>La Vier\u00adsh\u00f6he (478&nbsp;m&nbsp;d\u2019altitude) se trouve au-des\u00adsus de la val\u00adl\u00e9e de la Bode, tout pr\u00e8s de la place Hexen\u00adtanz. Depuis La Vier\u00adsh\u00f6he, tu as une vue excep\u00adtion\u00adnelle sur la val\u00adl\u00e9e de la Bode et les rochers qui se dressent der\u00adri\u00e8re. C\u2019est au d\u00e9but du prin\u00adtemps que l\u2019on voit le mieux les \u00e9tranges for\u00adma\u00adtions rocheuses, lorsque la&nbsp;[\u2026]<\/p>\n","protected":false},"author":11,"featured_media":19070,"parent":17801,"menu_order":10072,"comment_status":"closed","ping_status":"closed","template":"","meta":{"_seopress_robots_primary_cat":"","_seopress_titles_title":"","_seopress_titles_desc":"","_seopress_robots_index":"","wp_typography_post_enhancements_disabled":false,"iawp_total_views":0,"footnotes":""},"hf_cat_page":[120],"class_list":["post-19068","page","type-page","status-publish","has-post-thumbnail"],"blocksy_meta":[],"_links":{"self":[{"href":"https:\/\/www.harzer-wandernadel.de\/fr\/wp-json\/wp\/v2\/pages\/19068","targetHints":{"allow":["GET"]}}],"collection":[{"href":"https:\/\/www.harzer-wandernadel.de\/fr\/wp-json\/wp\/v2\/pages"}],"about":[{"href":"https:\/\/www.harzer-wandernadel.de\/fr\/wp-json\/wp\/v2\/types\/page"}],"author":[{"embeddable":true,"href":"https:\/\/www.harzer-wandernadel.de\/fr\/wp-json\/wp\/v2\/users\/11"}],"replies":[{"embeddable":true,"href":"https:\/\/www.harzer-wandernadel.de\/fr\/wp-json\/wp\/v2\/comments?post=19068"}],"version-history":[{"count":2,"href":"https:\/\/www.harzer-wandernadel.de\/fr\/wp-json\/wp\/v2\/pages\/19068\/revisions"}],"predecessor-version":[{"id":24820,"href":"https:\/\/www.harzer-wandernadel.de\/fr\/wp-json\/wp\/v2\/pages\/19068\/revisions\/24820"}],"up":[{"embeddable":true,"href":"https:\/\/www.harzer-wandernadel.de\/fr\/wp-json\/wp\/v2\/pages\/17801"}],"wp:featuredmedia":[{"embeddable":true,"href":"https:\/\/www.harzer-wandernadel.de\/fr\/wp-json\/wp\/v2\/media\/19070"}],"wp:attachment":[{"href":"https:\/\/www.harzer-wandernadel.de\/fr\/wp-json\/wp\/v2\/media?parent=19068"}],"wp:term":[{"taxonomy":"hf_cat_page","embeddable":true,"href":"https:\/\/www.harzer-wandernadel.de\/fr\/wp-json\/wp\/v2\/hf_cat_page?post=19068"}],"curies":[{"name":"wp","href":"https:\/\/api.w.org\/{rel}","templated":true}]}}