{"id":19065,"date":"2016-02-18T12:06:56","date_gmt":"2016-02-18T11:06:56","guid":{"rendered":"https:\/\/www.harzer-wandernadel.de\/pointage\/carte-generale\/pointage-70-prinzensicht-tour-dobservation\/"},"modified":"2026-02-28T14:42:37","modified_gmt":"2026-02-28T13:42:37","slug":"pointage-70-prinzensicht-tour-dobservation","status":"publish","type":"page","link":"https:\/\/www.harzer-wandernadel.de\/fr\/pointage\/carte-generale\/pointage-70-prinzensicht-tour-dobservation\/","title":{"rendered":"Pointage 70 \/ Prinzensicht (tour d\u2019observation)"},"content":{"rendered":"\n<h2 class=\"wp-block-heading\">La vue du prince (436&nbsp;m&nbsp;d\u2019altitude) est un point de vue au-dessus de la vall\u00e9e de la Bode, pr\u00e8s de la place de la danse des sorci\u00e8res.<\/h2>\n\n<div class=\"wp-block-stackable-image alignwide stk-block-image stk-block stk-89e1006\" data-block-id=\"89e1006\"><style>.stk-89e1006 {margin-top:3% !important;margin-bottom:3% !important;}<\/style><figure><span class=\"stk-img-wrapper stk-image--shape-stretch stk--has-lightbox\"><img decoding=\"async\" width=\"1071\" height=\"600\" src=\"https:\/\/www.harzer-wandernadel.de\/wp-content\/uploads\/2016\/02\/Prinzensicht.jpg\" class=\"attachment-full size-full wp-post-image\" alt srcset=\"https:\/\/www.harzer-wandernadel.de\/wp-content\/uploads\/2016\/02\/Prinzensicht.jpg 1071w, https:\/\/www.harzer-wandernadel.de\/wp-content\/uploads\/2016\/02\/Prinzensicht-300x168.jpg 300w, https:\/\/www.harzer-wandernadel.de\/wp-content\/uploads\/2016\/02\/Prinzensicht-768x430.jpg 768w, https:\/\/www.harzer-wandernadel.de\/wp-content\/uploads\/2016\/02\/Prinzensicht-1024x574.jpg 1024w, https:\/\/www.harzer-wandernadel.de\/wp-content\/uploads\/2016\/02\/Prinzensicht-624x350.jpg 624w\" sizes=\"(max-width: 1071px) 100vw, 1071px\"><\/span><\/figure><\/div>\n\n<p>Depuis la vue du prince, avec ses deux points de vue, tu as une vue magni\u00adfique sur la val\u00adl\u00e9e de la Bode, 200 m\u00e8tres plus bas. De l\u2019autre c\u00f4t\u00e9 de la val\u00adl\u00e9e, on aper\u00ad\u00e7oit une croix \u00e9ri\u00adg\u00e9e en l\u2019hon\u00adneur du baron Hell\u00admuth zu Bibra, mort pen\u00addant la Pre\u00admi\u00e8re Guerre mondiale.&nbsp;<\/p>\n\n<p>Tu attein\u00addras la vue du prince \u00e0&nbsp;par\u00adtir de la place Hexen\u00adtanz\u00adplatz en emprun\u00adtant le sen\u00adtier bali\u00ads\u00e9 qui te m\u00e8ne\u00adra d\u2019a\u00adbord \u00e0&nbsp;<a href=\"https:\/\/www.harzer-wandernadel.de\/stempelstellen\/uebersichtskarte\/stempelstelle-72-la-viershoehe\/\" data-type=\"page\" data-id=\"907\">La Vier\u00adsh\u00f6he HWN 72<\/a>, puis te gui\u00adde\u00adra vers la vue du prince.<\/p>\n","protected":false},"excerpt":{"rendered":"<p>La vue du prince (436&nbsp;m&nbsp;d\u2019altitude) est un point de vue au-des\u00adsus de la val\u00adl\u00e9e de la Bode, pr\u00e8s de la place de la danse des sor\u00adci\u00e8res. Depuis la vue du prince, avec ses deux points de vue, tu as une vue magni\u00adfique sur la val\u00adl\u00e9e de la Bode, 200 m\u00e8tres plus bas. De l\u2019autre c\u00f4t\u00e9&nbsp;[\u2026]<\/p>\n","protected":false},"author":11,"featured_media":19066,"parent":17801,"menu_order":10070,"comment_status":"closed","ping_status":"closed","template":"","meta":{"_seopress_robots_primary_cat":"","_seopress_titles_title":"","_seopress_titles_desc":"","_seopress_robots_index":"","wp_typography_post_enhancements_disabled":false,"iawp_total_views":0,"footnotes":""},"hf_cat_page":[120],"class_list":["post-19065","page","type-page","status-publish","has-post-thumbnail"],"blocksy_meta":[],"_links":{"self":[{"href":"https:\/\/www.harzer-wandernadel.de\/fr\/wp-json\/wp\/v2\/pages\/19065","targetHints":{"allow":["GET"]}}],"collection":[{"href":"https:\/\/www.harzer-wandernadel.de\/fr\/wp-json\/wp\/v2\/pages"}],"about":[{"href":"https:\/\/www.harzer-wandernadel.de\/fr\/wp-json\/wp\/v2\/types\/page"}],"author":[{"embeddable":true,"href":"https:\/\/www.harzer-wandernadel.de\/fr\/wp-json\/wp\/v2\/users\/11"}],"replies":[{"embeddable":true,"href":"https:\/\/www.harzer-wandernadel.de\/fr\/wp-json\/wp\/v2\/comments?post=19065"}],"version-history":[{"count":2,"href":"https:\/\/www.harzer-wandernadel.de\/fr\/wp-json\/wp\/v2\/pages\/19065\/revisions"}],"predecessor-version":[{"id":24816,"href":"https:\/\/www.harzer-wandernadel.de\/fr\/wp-json\/wp\/v2\/pages\/19065\/revisions\/24816"}],"up":[{"embeddable":true,"href":"https:\/\/www.harzer-wandernadel.de\/fr\/wp-json\/wp\/v2\/pages\/17801"}],"wp:featuredmedia":[{"embeddable":true,"href":"https:\/\/www.harzer-wandernadel.de\/fr\/wp-json\/wp\/v2\/media\/19066"}],"wp:attachment":[{"href":"https:\/\/www.harzer-wandernadel.de\/fr\/wp-json\/wp\/v2\/media?parent=19065"}],"wp:term":[{"taxonomy":"hf_cat_page","embeddable":true,"href":"https:\/\/www.harzer-wandernadel.de\/fr\/wp-json\/wp\/v2\/hf_cat_page?post=19065"}],"curies":[{"name":"wp","href":"https:\/\/api.w.org\/{rel}","templated":true}]}}