{"id":19062,"date":"2016-02-18T12:12:54","date_gmt":"2016-02-18T11:12:54","guid":{"rendered":"https:\/\/www.harzer-wandernadel.de\/pointage\/carte-generale\/poinconnage-186-anhaltinischer-saalstein\/"},"modified":"2026-01-29T12:53:14","modified_gmt":"2026-01-29T11:53:14","slug":"poinconnage-186-anhaltinischer-saalstein","status":"publish","type":"page","link":"https:\/\/www.harzer-wandernadel.de\/fr\/pointage\/carte-generale\/poinconnage-186-anhaltinischer-saalstein\/","title":{"rendered":"Poin\u00e7onnage 186 \/ Anhaltinischer Saalstein"},"content":{"rendered":"\n<h2 class=\"wp-block-heading\">Le \u00ab&nbsp;Anhaltinische Saalstein&nbsp;\u00bb est une falaise rocheuse et se trouve dans la r\u00e9serve naturelle du m\u00eame nom, \u00e0&nbsp;environ 3&nbsp;km au sud de Bad Suderode.<\/h2>\n\n<div class=\"wp-block-stackable-image alignwide stk-block-image stk-block stk-89e1006\" data-block-id=\"89e1006\"><style>.stk-89e1006 {margin-top:3% !important;margin-bottom:3% !important;}<\/style><figure><span class=\"stk-img-wrapper stk-image--shape-stretch stk--has-lightbox\"><img decoding=\"async\" width=\"1600\" height=\"1200\" src=\"https:\/\/www.harzer-wandernadel.de\/wp-content\/uploads\/2016\/02\/Anhaltinischer-Saalstein.jpg\" class=\"attachment-full size-full wp-post-image\" alt srcset=\"https:\/\/www.harzer-wandernadel.de\/wp-content\/uploads\/2016\/02\/Anhaltinischer-Saalstein.jpg 1600w, https:\/\/www.harzer-wandernadel.de\/wp-content\/uploads\/2016\/02\/Anhaltinischer-Saalstein-300x225.jpg 300w, https:\/\/www.harzer-wandernadel.de\/wp-content\/uploads\/2016\/02\/Anhaltinischer-Saalstein-768x576.jpg 768w, https:\/\/www.harzer-wandernadel.de\/wp-content\/uploads\/2016\/02\/Anhaltinischer-Saalstein-1024x768.jpg 1024w, https:\/\/www.harzer-wandernadel.de\/wp-content\/uploads\/2016\/02\/Anhaltinischer-Saalstein-250x188.jpg 250w, https:\/\/www.harzer-wandernadel.de\/wp-content\/uploads\/2016\/02\/Anhaltinischer-Saalstein-624x468.jpg 624w\" sizes=\"(max-width: 1600px) 100vw, 1600px\"><\/span><\/figure><\/div>\n\n<p>La petite r\u00e9serve natu\u00adrelle met sous pro\u00adtec\u00adtion une for\u00eat de pins de landes rocheuses aty\u00adpiques pour le Harz, avec l\u2019\u00e9\u00adper\u00advi\u00e8re p\u00e2le et la tr\u00e8s rare rai\u00adsin d\u2019ours sur les falaises rocheuses et les \u00e9bou\u00adlis de&nbsp;blocs.<\/p>\n\n<p>La pierre de la Saal anhal\u00adtoise et le sen\u00adtier fron\u00adta\u00adlier, qui est aus\u00adsi par\u00adtiel\u00adle\u00adment d\u00e9si\u00adgn\u00e9 comme \u00ab&nbsp;sen\u00adtier bota\u00adnique fores\u00adtier&nbsp;\u00bb, mar\u00adquaient jus\u00adqu\u2019en 1918 la fron\u00adti\u00e8re sou\u00adve\u00adraine de l\u2019\u00c9\u00adtat entre le duch\u00e9 d\u2019An\u00adhalt et le royaume de Prusse. En face, de l\u2019autre c\u00f4t\u00e9 de la \u00ab&nbsp;val\u00adl\u00e9e froide&nbsp;\u00bb, se trouvent les \u00ab&nbsp;pierres de Saal prus\u00adsiennes&nbsp;\u00bb. Le nom \u00ab&nbsp;Saal\u00adsteine&nbsp;\u00bb est d\u00e9ri\u00adv\u00e9 des livres de sel de la fin du Moyen-\u00c2ge, qui consti\u00adtuaient un registre des droits de pro\u00adpri\u00e9\u00adt\u00e9 et de prestation.&nbsp;<\/p>\n\n<p>Depuis le par\u00adking en des\u00adsous du ter\u00adrain de sport de Bad Sude\u00adrode, le che\u00admin passe devant la cave de roche et la grotte de Les\u00adsing, une ancienne gale\u00adrie mini\u00e8re, jus\u00adqu\u2019\u00e0 un croi\u00adse\u00adment de che\u00admins dans la val\u00adl\u00e9e froide. De l\u00e0, un sen\u00adtier bali\u00ads\u00e9 monte en pente constante jus\u00adqu\u2019au point de pointage.&nbsp;<\/p>\n\n<div class=\"wp-block-buttons is-layout-flex wp-block-buttons-is-layout-flex\">\n<div class=\"wp-block-button\"><a class=\"wp-block-button__link wp-element-button\" href=\"http:\/\/harzer-bergwald.de\/index.php\/wandertouren\/romantiktouren\/34-wandern-fuer-die-seele\">Sug\u00adges\u00adtion de cir\u00adcuit For\u00eat de mon\u00adtagne du&nbsp;Harz<\/a><\/div>\n<\/div>\n","protected":false},"excerpt":{"rendered":"<p>Le \u00ab&nbsp;Anhal\u00adti\u00adnische Saal\u00adstein&nbsp;\u00bb est une falaise rocheuse et se trouve dans la r\u00e9serve natu\u00adrelle du m\u00eame nom, \u00e0&nbsp;envi\u00adron 3&nbsp;km au sud de Bad Sude\u00adrode. La petite r\u00e9serve natu\u00adrelle met sous pro\u00adtec\u00adtion une for\u00eat de pins de landes rocheuses aty\u00adpiques pour le Harz, avec l\u2019\u00e9\u00adper\u00advi\u00e8re p\u00e2le et la tr\u00e8s rare rai\u00adsin d\u2019ours sur les falaises rocheuses&nbsp;[\u2026]<\/p>\n","protected":false},"author":11,"featured_media":19063,"parent":17801,"menu_order":10186,"comment_status":"closed","ping_status":"closed","template":"","meta":{"_seopress_robots_primary_cat":"","_seopress_titles_title":"","_seopress_titles_desc":"","_seopress_robots_index":"","wp_typography_post_enhancements_disabled":false,"iawp_total_views":1,"footnotes":""},"hf_cat_page":[120],"class_list":["post-19062","page","type-page","status-publish","has-post-thumbnail"],"blocksy_meta":[],"_links":{"self":[{"href":"https:\/\/www.harzer-wandernadel.de\/fr\/wp-json\/wp\/v2\/pages\/19062","targetHints":{"allow":["GET"]}}],"collection":[{"href":"https:\/\/www.harzer-wandernadel.de\/fr\/wp-json\/wp\/v2\/pages"}],"about":[{"href":"https:\/\/www.harzer-wandernadel.de\/fr\/wp-json\/wp\/v2\/types\/page"}],"author":[{"embeddable":true,"href":"https:\/\/www.harzer-wandernadel.de\/fr\/wp-json\/wp\/v2\/users\/11"}],"replies":[{"embeddable":true,"href":"https:\/\/www.harzer-wandernadel.de\/fr\/wp-json\/wp\/v2\/comments?post=19062"}],"version-history":[{"count":1,"href":"https:\/\/www.harzer-wandernadel.de\/fr\/wp-json\/wp\/v2\/pages\/19062\/revisions"}],"predecessor-version":[{"id":19064,"href":"https:\/\/www.harzer-wandernadel.de\/fr\/wp-json\/wp\/v2\/pages\/19062\/revisions\/19064"}],"up":[{"embeddable":true,"href":"https:\/\/www.harzer-wandernadel.de\/fr\/wp-json\/wp\/v2\/pages\/17801"}],"wp:featuredmedia":[{"embeddable":true,"href":"https:\/\/www.harzer-wandernadel.de\/fr\/wp-json\/wp\/v2\/media\/19063"}],"wp:attachment":[{"href":"https:\/\/www.harzer-wandernadel.de\/fr\/wp-json\/wp\/v2\/media?parent=19062"}],"wp:term":[{"taxonomy":"hf_cat_page","embeddable":true,"href":"https:\/\/www.harzer-wandernadel.de\/fr\/wp-json\/wp\/v2\/hf_cat_page?post=19062"}],"curies":[{"name":"wp","href":"https:\/\/api.w.org\/{rel}","templated":true}]}}