{"id":19053,"date":"2016-02-19T12:40:12","date_gmt":"2016-02-19T11:40:12","guid":{"rendered":"https:\/\/www.harzer-wandernadel.de\/pointage\/carte-generale\/pointage-123-restaurant-rinderstall\/"},"modified":"2026-02-28T14:43:09","modified_gmt":"2026-02-28T13:43:09","slug":"pointage-123-restaurant-rinderstall","status":"publish","type":"page","link":"https:\/\/www.harzer-wandernadel.de\/fr\/pointage\/carte-generale\/pointage-123-restaurant-rinderstall\/","title":{"rendered":"Pointage 123 \/ Restaurant Rinderstall"},"content":{"rendered":"\n<h2 class=\"wp-block-heading\">Le restaurant forestier Rinderstall se trouve entre Braunlage et St Andreasberg, dans la vall\u00e9e idyllique d\u2019Odertal.<\/h2>\n\n<div class=\"wp-block-stackable-image alignwide stk-block-image stk-block stk-89e1006\" data-block-id=\"89e1006\"><style>.stk-89e1006 {margin-top:3% !important;margin-bottom:3% !important;}<\/style><figure><span class=\"stk-img-wrapper stk-image--shape-stretch stk--has-lightbox\"><img decoding=\"async\" width=\"992\" height=\"743\" src=\"https:\/\/www.harzer-wandernadel.de\/wp-content\/uploads\/2016\/02\/Rinderstall-Sommer.jpg\" class=\"attachment-full size-full wp-post-image\" alt srcset=\"https:\/\/www.harzer-wandernadel.de\/wp-content\/uploads\/2016\/02\/Rinderstall-Sommer.jpg 992w, https:\/\/www.harzer-wandernadel.de\/wp-content\/uploads\/2016\/02\/Rinderstall-Sommer-300x225.jpg 300w, https:\/\/www.harzer-wandernadel.de\/wp-content\/uploads\/2016\/02\/Rinderstall-Sommer-768x575.jpg 768w, https:\/\/www.harzer-wandernadel.de\/wp-content\/uploads\/2016\/02\/Rinderstall-Sommer-624x467.jpg 624w\" sizes=\"(max-width: 992px) 100vw, 992px\"><\/span><\/figure><\/div>\n\n<p>L\u2019his\u00adtoire de l\u2019\u00e9\u00adtable \u00e0&nbsp;bovins est \u00e9troi\u00adte\u00adment li\u00e9e \u00e0&nbsp;l\u2019his\u00adtoire de Sankt Andreas\u00adberg. Depuis 1870, la val\u00adl\u00e9e de l\u2019O\u00adder et les for\u00eats autour de l\u2019\u00e9\u00adtable \u00e0&nbsp;bovins \u00e9taient le p\u00e2tu\u00adrage d\u2019\u00e9\u00adt\u00e9 du trou\u00adpeau de bovins bruns de Harz.<br>Alors que le b\u00e9tail lai\u00adtier de la ville de mon\u00adtagne \u00e9tait conduit le matin dans les p\u00e2tu\u00adrages fores\u00adtiers et le soir dans les \u00e9tables d\u2019o\u00adri\u00adgine, le ber\u00adger et les jeunes bovins res\u00adtaient ici en bas dans la val\u00adl\u00e9e pen\u00addant tous les mois d\u2019\u00e9\u00adt\u00e9. Le b\u00e2ti\u00adment \u00ab&nbsp;Rin\u00adders\u00adtall&nbsp;\u00bb ser\u00advait de loge\u00adment pour le ber\u00adger et d\u2019\u00e9\u00adtable pour les bovins. La famille de ber\u00adgers gar\u00addait \u00e9ga\u00adle\u00adment quelques vaches dans une sec\u00adtion s\u00e9pa\u00adr\u00e9e de l\u2019\u00e9\u00adtable pour sa propre consom\u00adma\u00adtion et pour offrir une bois\u00adson fra\u00eeche \u00e0&nbsp;base de lait aux ran\u00addon\u00adneurs de pas\u00adsage. Ces der\u00adniers ont tou\u00adjours \u00e9t\u00e9 les bien\u00adve\u00adnus ici, et cer\u00adtains jours, il y&nbsp;avait plus de ran\u00addon\u00adneurs que de bovins \u00e0&nbsp;nour\u00adrir.<br>Il n\u2019est donc pas \u00e9ton\u00adnant que l\u2019\u00e9\u00adtable soit deve\u00adnue un res\u00adtau\u00adrant pour ran\u00addon\u00adneurs d\u00e8s les ann\u00e9es 50.<br>Au cours de son exis\u00adtence, l\u2019\u00e9\u00adtable a&nbsp;chan\u00adg\u00e9 de visage mal\u00adgr\u00e9 elle, car elle a&nbsp;br\u00fb\u00adl\u00e9 deux fois, une fois en 1903 et une fois en 1985. Depuis 1986, elle a&nbsp;retrou\u00adv\u00e9 sa splen\u00addeur actuelle.&nbsp;<\/p>\n\n<div class=\"wp-block-buttons is-layout-flex wp-block-buttons-is-layout-flex\">\n<div class=\"wp-block-button\"><a class=\"wp-block-button__link wp-element-button\" href=\"http:\/\/www.gaststaette-rinderstall.de\/\" target=\"_blank\" rel=\"noreferrer noopener\">Res\u00adtau\u00adrant de l\u2019\u00e9curie<\/a><\/div>\n<\/div>\n\n<p>Le meilleur point de d\u00e9part est le par\u00adking de Ode\u00adrhaus, \u00e0&nbsp;l\u2019embranchement de la B27 vers St Andreas\u00adberg. De l\u00e0, tu suis la route \u00e0&nbsp;plat jus\u00adqu\u2019\u00e0 l\u2019\u00e9table.&nbsp;<\/p>\n\n<div class=\"wp-block-buttons is-layout-flex wp-block-buttons-is-layout-flex\">\n<div class=\"wp-block-button\"><a class=\"wp-block-button__link wp-element-button\" href=\"http:\/\/harzer-bergwald.de\/index.php\/wandertouren\/abenteuertouren\/43-spuren-von-hexen-und-bergmaennern\">Sug\u00adges\u00adtion de cir\u00adcuit For\u00eat de mon\u00adtagne du&nbsp;Harz<\/a><\/div>\n<\/div>\n","protected":false},"excerpt":{"rendered":"<p>Le res\u00adtau\u00adrant fores\u00adtier Rin\u00adders\u00adtall se trouve entre Braun\u00adlage et St Andreas\u00adberg, dans la val\u00adl\u00e9e idyl\u00adlique d\u2019Odertal. L\u2019his\u00adtoire de l\u2019\u00e9\u00adtable \u00e0&nbsp;bovins est \u00e9troi\u00adte\u00adment li\u00e9e \u00e0&nbsp;l\u2019his\u00adtoire de Sankt Andreas\u00adberg. Depuis 1870, la val\u00adl\u00e9e de l\u2019O\u00adder et les for\u00eats autour de l\u2019\u00e9\u00adtable \u00e0&nbsp;bovins \u00e9taient le p\u00e2tu\u00adrage d\u2019\u00e9\u00adt\u00e9 du trou\u00adpeau de bovins bruns de Harz.Alors que le b\u00e9tail laitier&nbsp;[\u2026]<\/p>\n","protected":false},"author":11,"featured_media":19054,"parent":17801,"menu_order":10123,"comment_status":"closed","ping_status":"closed","template":"","meta":{"_seopress_robots_primary_cat":"","_seopress_titles_title":"","_seopress_titles_desc":"","_seopress_robots_index":"","wp_typography_post_enhancements_disabled":false,"iawp_total_views":0,"footnotes":""},"hf_cat_page":[120],"class_list":["post-19053","page","type-page","status-publish","has-post-thumbnail"],"blocksy_meta":[],"_links":{"self":[{"href":"https:\/\/www.harzer-wandernadel.de\/fr\/wp-json\/wp\/v2\/pages\/19053","targetHints":{"allow":["GET"]}}],"collection":[{"href":"https:\/\/www.harzer-wandernadel.de\/fr\/wp-json\/wp\/v2\/pages"}],"about":[{"href":"https:\/\/www.harzer-wandernadel.de\/fr\/wp-json\/wp\/v2\/types\/page"}],"author":[{"embeddable":true,"href":"https:\/\/www.harzer-wandernadel.de\/fr\/wp-json\/wp\/v2\/users\/11"}],"replies":[{"embeddable":true,"href":"https:\/\/www.harzer-wandernadel.de\/fr\/wp-json\/wp\/v2\/comments?post=19053"}],"version-history":[{"count":1,"href":"https:\/\/www.harzer-wandernadel.de\/fr\/wp-json\/wp\/v2\/pages\/19053\/revisions"}],"predecessor-version":[{"id":19055,"href":"https:\/\/www.harzer-wandernadel.de\/fr\/wp-json\/wp\/v2\/pages\/19053\/revisions\/19055"}],"up":[{"embeddable":true,"href":"https:\/\/www.harzer-wandernadel.de\/fr\/wp-json\/wp\/v2\/pages\/17801"}],"wp:featuredmedia":[{"embeddable":true,"href":"https:\/\/www.harzer-wandernadel.de\/fr\/wp-json\/wp\/v2\/media\/19054"}],"wp:attachment":[{"href":"https:\/\/www.harzer-wandernadel.de\/fr\/wp-json\/wp\/v2\/media?parent=19053"}],"wp:term":[{"taxonomy":"hf_cat_page","embeddable":true,"href":"https:\/\/www.harzer-wandernadel.de\/fr\/wp-json\/wp\/v2\/hf_cat_page?post=19053"}],"curies":[{"name":"wp","href":"https:\/\/api.w.org\/{rel}","templated":true}]}}