{"id":19050,"date":"2016-02-19T13:10:04","date_gmt":"2016-02-19T12:10:04","guid":{"rendered":"https:\/\/www.harzer-wandernadel.de\/pointage\/carte-generale\/pointage-126-lochstein-fosse-superieur-de-schalk\/"},"modified":"2026-02-28T14:43:11","modified_gmt":"2026-02-28T13:43:11","slug":"pointage-126-lochstein-fosse-superieur-de-schalk","status":"publish","type":"page","link":"https:\/\/www.harzer-wandernadel.de\/fr\/pointage\/carte-generale\/pointage-126-lochstein-fosse-superieur-de-schalk\/","title":{"rendered":"Pointage 126 \/ Lochstein, foss\u00e9 sup\u00e9rieur de Schalk"},"content":{"rendered":"\n<h2 class=\"wp-block-heading\">Le tampon de Lochstein se trouve directement sur le foss\u00e9 sup\u00e9rieur de Schalker entre le lotissement de Festenburg et Clausthal-Zellerfeld.<\/h2>\n\n<div class=\"wp-block-stackable-image alignwide stk-block-image stk-block stk-89e1006\" data-block-id=\"89e1006\"><style>.stk-89e1006 {margin-top:3% !important;margin-bottom:3% !important;}<\/style><figure><span class=\"stk-img-wrapper stk-image--shape-stretch stk--has-lightbox\"><img decoding=\"async\" width=\"788\" height=\"525\" src=\"https:\/\/www.harzer-wandernadel.de\/wp-content\/uploads\/2016\/02\/Lochstein.jpg\" class=\"attachment-full size-full wp-post-image\" alt srcset=\"https:\/\/www.harzer-wandernadel.de\/wp-content\/uploads\/2016\/02\/Lochstein.jpg 788w, https:\/\/www.harzer-wandernadel.de\/wp-content\/uploads\/2016\/02\/Lochstein-300x200.jpg 300w, https:\/\/www.harzer-wandernadel.de\/wp-content\/uploads\/2016\/02\/Lochstein-768x512.jpg 768w, https:\/\/www.harzer-wandernadel.de\/wp-content\/uploads\/2016\/02\/Lochstein-624x416.jpg 624w\" sizes=\"(max-width: 788px) 100vw, 788px\"><\/span><\/figure><\/div>\n\n<p>Le \u00ab&nbsp;Obere Schal\u00adker Gra\u00adben&nbsp;\u00bb, construit en 1716, recueillait sur son par\u00adcours de 8&nbsp;980 m\u00e8tres les eaux de mon\u00adtagne du ver\u00adsant sud de Schalke jus\u00adqu\u2019\u00e0 Hah\u00adnenk\u00adlee, et les ame\u00adnait aux mines de Hah\u00adnenk\u00adleer via plu\u00adsieurs \u00e9tangs.<\/p>\n\n<p>Les pierres trou\u00e9es \u00e9taient pr\u00e9\u00adsentes dans toutes les exploi\u00adta\u00adtions mini\u00e8res d\u2019Al\u00adle\u00admagne, mais la plu\u00adpart du temps, elles ne se trouvent pas direc\u00adte\u00adment sur la route ou sur les sen\u00adtiers de randonn\u00e9e.<\/p>\n\n<p>La pierre trou\u00e9e est une pierre de d\u00e9li\u00admi\u00adta\u00adtion du champ de mine, \u00e9ga\u00adle\u00adment appe\u00adl\u00e9e pierre de rep\u00e8re, parce qu\u2019elle marque la \u00ab&nbsp;ligne de par\u00adtage des marques&nbsp;\u00bb et qu\u2019elle a&nbsp;\u00e9t\u00e9 d\u00e9fi\u00adnie par un \u00ab&nbsp;mar\u00adke\u00adteur&nbsp;\u00bb (ing\u00e9\u00adnieur g\u00e9o\u00adm\u00e8tre dans la mine). L\u2019ins\u00adcrip\u00adtion&nbsp;dit&nbsp;<\/p>\n\n<p><em>Ici, le roi Car\u00adler tourne 6&nbsp;mesures sur le plat prin\u00adci\u00adpal ici, c\u2019est&nbsp;tout.<\/em><\/p>\n\n<ul class=\"wp-block-list\">\n<li><em>Joa\u00adchim Chris\u00adtian Behr V.O.B.M.<\/em><\/li>\n\n\n\n<li><em>Georg Fri\u00adtrich Gless\u00adner U.B.M.<\/em><\/li>\n\n\n\n<li><em>Georg Niclaus Mers\u00admann GE.&nbsp;W.&nbsp;<\/em><\/li>\n<\/ul>\n\n<p>Le meilleur point de d\u00e9part est le petit vil\u00adlage de Fes\u00adten\u00adburg jus\u00adqu\u2019au Loch\u00adstein. On acc\u00e8de \u00e0&nbsp;Fes\u00adten\u00adburg par la route de Schu\u00adlen\u00adberg \u00e0&nbsp;Clausthal-Zellerfeld.&nbsp;<\/p>\n\n<p>Le che\u00admin de ran\u00addon\u00adn\u00e9e en direc\u00adtion de Bocks\u00adwiese com\u00admence \u00e0&nbsp;par\u00adtir de l\u2019au\u00adberge rus\u00adtique \u00ab&nbsp;Gr\u00fcne Tanne&nbsp;\u00bb. Il tra\u00adverse d\u2019a\u00adbord le fos\u00ads\u00e9 inf\u00e9\u00adrieur de Schal\u00adker et conti\u00adnue \u00e0&nbsp;mon\u00adter vers le fos\u00ads\u00e9 sup\u00e9\u00adrieur de Schal\u00adker. L\u00e0, tu suis \u00e0&nbsp;gauche le che\u00admin du fos\u00ads\u00e9 jus\u00adqu\u2019\u00e0 la pierre \u00e0&nbsp;trous.&nbsp;<\/p>\n\n<p>Si tu veux conti\u00adnuer la ran\u00addon\u00adn\u00e9e jus\u00adqu\u2019\u00e0 la <a href=\"https:\/\/www.harzer-wandernadel.de\/fr\/pointage\/carte-generale\/pointage-125-tour-de-schalke\/\" data-type=\"page\" data-id=\"1125\">tour de Schalke HWN 125<\/a>, reviens un peu en arri\u00e8re puis suis le sen\u00adtier qui monte abrup\u00adte\u00adment en direc\u00adtion de Schalke.<\/p>\n","protected":false},"excerpt":{"rendered":"<p>Le tam\u00adpon de Loch\u00adstein se trouve direc\u00adte\u00adment sur le fos\u00ads\u00e9 sup\u00e9\u00adrieur de Schal\u00adker entre le lotis\u00adse\u00adment de Fes\u00adten\u00adburg et Claus\u00adthal-Zel\u00adler\u00adfeld. Le \u00ab&nbsp;Obere Schal\u00adker Gra\u00adben&nbsp;\u00bb, construit en 1716, recueillait sur son par\u00adcours de 8&nbsp;980 m\u00e8tres les eaux de mon\u00adtagne du ver\u00adsant sud de Schalke jus\u00adqu\u2019\u00e0 Hah\u00adnenk\u00adlee, et les ame\u00adnait aux mines de Hah\u00adnenk\u00adleer via plu\u00adsieurs \u00e9tangs.&nbsp;[\u2026]<\/p>\n","protected":false},"author":11,"featured_media":19051,"parent":17801,"menu_order":10126,"comment_status":"closed","ping_status":"closed","template":"","meta":{"_seopress_robots_primary_cat":"","_seopress_titles_title":"","_seopress_titles_desc":"","_seopress_robots_index":"","wp_typography_post_enhancements_disabled":false,"iawp_total_views":1,"footnotes":""},"hf_cat_page":[120],"class_list":["post-19050","page","type-page","status-publish","has-post-thumbnail"],"blocksy_meta":[],"_links":{"self":[{"href":"https:\/\/www.harzer-wandernadel.de\/fr\/wp-json\/wp\/v2\/pages\/19050","targetHints":{"allow":["GET"]}}],"collection":[{"href":"https:\/\/www.harzer-wandernadel.de\/fr\/wp-json\/wp\/v2\/pages"}],"about":[{"href":"https:\/\/www.harzer-wandernadel.de\/fr\/wp-json\/wp\/v2\/types\/page"}],"author":[{"embeddable":true,"href":"https:\/\/www.harzer-wandernadel.de\/fr\/wp-json\/wp\/v2\/users\/11"}],"replies":[{"embeddable":true,"href":"https:\/\/www.harzer-wandernadel.de\/fr\/wp-json\/wp\/v2\/comments?post=19050"}],"version-history":[{"count":2,"href":"https:\/\/www.harzer-wandernadel.de\/fr\/wp-json\/wp\/v2\/pages\/19050\/revisions"}],"predecessor-version":[{"id":24915,"href":"https:\/\/www.harzer-wandernadel.de\/fr\/wp-json\/wp\/v2\/pages\/19050\/revisions\/24915"}],"up":[{"embeddable":true,"href":"https:\/\/www.harzer-wandernadel.de\/fr\/wp-json\/wp\/v2\/pages\/17801"}],"wp:featuredmedia":[{"embeddable":true,"href":"https:\/\/www.harzer-wandernadel.de\/fr\/wp-json\/wp\/v2\/media\/19051"}],"wp:attachment":[{"href":"https:\/\/www.harzer-wandernadel.de\/fr\/wp-json\/wp\/v2\/media?parent=19050"}],"wp:term":[{"taxonomy":"hf_cat_page","embeddable":true,"href":"https:\/\/www.harzer-wandernadel.de\/fr\/wp-json\/wp\/v2\/hf_cat_page?post=19050"}],"curies":[{"name":"wp","href":"https:\/\/api.w.org\/{rel}","templated":true}]}}