{"id":19027,"date":"2016-02-19T14:22:18","date_gmt":"2016-02-19T13:22:18","guid":{"rendered":"https:\/\/www.harzer-wandernadel.de\/pointage\/carte-generale\/pointage-153-goedeckenplatz\/"},"modified":"2026-01-29T12:52:39","modified_gmt":"2026-01-29T11:52:39","slug":"pointage-153-goedeckenplatz","status":"publish","type":"page","link":"https:\/\/www.harzer-wandernadel.de\/fr\/pointage\/carte-generale\/pointage-153-goedeckenplatz\/","title":{"rendered":"Pointage 153 \/ Goedeckenplatz"},"content":{"rendered":"\n<h2 class=\"wp-block-heading\">Le Goedeckenplatz est un carrefour situ\u00e9 \u00e0&nbsp;mi-chemin entre St Andreasberg et le Grosse Knollen, en dessous des Koboldstaler K\u00f6pfe (591&nbsp;m&nbsp;d\u2019altitude).<\/h2>\n\n<div class=\"wp-block-stackable-image alignwide stk-block-image stk-block stk-89e1006\" data-block-id=\"89e1006\"><style>.stk-89e1006 {margin-top:3% !important;margin-bottom:3% !important;}<\/style><figure><span class=\"stk-img-wrapper stk-image--shape-stretch stk--has-lightbox\"><img decoding=\"async\" width=\"2048\" height=\"1536\" src=\"https:\/\/www.harzer-wandernadel.de\/wp-content\/uploads\/2016\/02\/HWN-153-Goeddeckenplatz-Schuder.jpg\" class=\"attachment-full size-full wp-post-image\" alt=\"For\u00eats vertes et collines de la for\u00eat de Thuringe\" srcset=\"https:\/\/www.harzer-wandernadel.de\/wp-content\/uploads\/2016\/02\/HWN-153-Goeddeckenplatz-Schuder.jpg 2048w, https:\/\/www.harzer-wandernadel.de\/wp-content\/uploads\/2016\/02\/HWN-153-Goeddeckenplatz-Schuder-300x225.jpg 300w, https:\/\/www.harzer-wandernadel.de\/wp-content\/uploads\/2016\/02\/HWN-153-Goeddeckenplatz-Schuder-768x576.jpg 768w, https:\/\/www.harzer-wandernadel.de\/wp-content\/uploads\/2016\/02\/HWN-153-Goeddeckenplatz-Schuder-1024x768.jpg 1024w, https:\/\/www.harzer-wandernadel.de\/wp-content\/uploads\/2016\/02\/HWN-153-Goeddeckenplatz-Schuder-250x188.jpg 250w, https:\/\/www.harzer-wandernadel.de\/wp-content\/uploads\/2016\/02\/HWN-153-Goeddeckenplatz-Schuder-624x468.jpg 624w\" sizes=\"(max-width: 2048px) 100vw, 2048px\"><\/span><\/figure><\/div>\n\n<p>On acc\u00e8de au Goe\u00adde\u00adcken\u00adplatz par des che\u00admins par\u00adtant de Bad Lau\u00adter\u00adberg via la val\u00adl\u00e9e de la Lut\u00adter, de Sie\u00adber via le Gro\u00adpen\u00adborns\u00adkopf et de St. Andreas\u00adberg via Sil\u00adbe\u00adrh\u00fctte et Sie\u00adber\u00adberg. De la place Goe\u00adde\u00adcken, on a&nbsp;une vue excel\u00adlente sur St. Andreas\u00adberg et la val\u00adl\u00e9e de Sieber.&nbsp;<\/p>\n\n<p>A c\u00f4t\u00e9 de la bo\u00eete \u00e0&nbsp;poin\u00ad\u00e7ons, le che\u00admin com\u00admence \u00e0&nbsp;mon\u00adter vers le Grosse Knol\u00adlen en pas\u00adsant par la cr\u00eate de l\u2019A\u00adschen\u00adtal\u00adshalbe (685&nbsp;m&nbsp;d\u2019al\u00adti\u00adtude) et en conti\u00adnuant par le col de Sie\u00adber (550&nbsp;m&nbsp;d\u2019altitude).<\/p>\n\n<p>Le Aschen\u00adtal\u00adshalbe se d\u00e9roule presque exclu\u00adsi\u00adve\u00adment dans une for\u00eat d\u2019\u00e9\u00adpi\u00adc\u00e9as sombre, mais en haut de la cr\u00eate, tu peux pro\u00adfi\u00adter de magni\u00adfiques vues. Apr\u00e8s \u00eatre des\u00adcen\u00addu de l\u2019A\u00adschen\u00adtal\u00adsalbe, il faut suivre le che\u00admin \u00e0&nbsp;la K\u00f6te sur le col de Sie\u00adber en mon\u00adtant r\u00e9gu\u00adli\u00e8\u00adre\u00adment jus\u00adqu\u2019au <a href=\"https:\/\/www.harzer-wandernadel.de\/stempelstellen\/uebersichtskarte\/stempelstelle-150-grosser-knollen\/\" data-type=\"page\" data-id=\"1176\">Gros\u00adser Knol\u00adlen (687&nbsp;m&nbsp;d\u2019al\u00adti\u00adtude) HWN 150.<\/a> <\/p>\n\n<p>Depuis le Grosse Knol\u00adlen, tu peux des\u00adcendre jus\u00adqu\u2019\u00e0 la <a href=\"https:\/\/www.harzer-wandernadel.de\/stempelstellen\/uebersichtskarte\/stempelstelle-152-knollenkreuz\/\" data-type=\"page\" data-id=\"1181\">croix Knol\u00adlen\u00adkreuz HWN 152 <\/a>et reve\u00adnir au Sie\u00adber\u00adberg en pas\u00adsant par la val\u00adl\u00e9e de la Krumme Lut\u00adter et la place Goedecken.<\/p>\n\n<p>Aus\u00adgang\u00adspunkt ist der Park\u00adplatz Sie\u00adber\u00adberg, zwi\u00adschen Sil\u00adbe\u00adrh\u00fctte und Sie\u00adber. La place Goe\u00adde\u00adcken se trouve \u00e0&nbsp;2,5&nbsp;km du par\u00adking et le cir\u00adcuit qui part de l\u00e0 jus\u00adqu\u2019au Grosse Knol\u00adlen, conti\u00adnue jus\u00adqu\u2019\u00e0 la croix Knoll et revient \u00e0&nbsp;Sie\u00adber\u00adberg fait envi\u00adron 20&nbsp;km.&nbsp;<\/p>\n\n<div class=\"wp-block-buttons is-layout-flex wp-block-buttons-is-layout-flex\">\n<div class=\"wp-block-button\"><a class=\"wp-block-button__link wp-element-button\" href=\"http:\/\/harzer-bergwald.de\/index.php\/wandertouren\/abenteuertouren\/37-steigungen-im-westharz\">Sug\u00adges\u00adtion de cir\u00adcuit For\u00eat de mon\u00adtagne du&nbsp;Harz<\/a><\/div>\n<\/div>\n","protected":false},"excerpt":{"rendered":"<p>Le Goe\u00adde\u00adcken\u00adplatz est un car\u00adre\u00adfour situ\u00e9 \u00e0&nbsp;mi-che\u00admin entre St Andreas\u00adberg et le Grosse Knol\u00adlen, en des\u00adsous des Kobold\u00adsta\u00adler K\u00f6pfe (591&nbsp;m&nbsp;d\u2019altitude). On acc\u00e8de au Goe\u00adde\u00adcken\u00adplatz par des che\u00admins par\u00adtant de Bad Lau\u00adter\u00adberg via la val\u00adl\u00e9e de la Lut\u00adter, de Sie\u00adber via le Gro\u00adpen\u00adborns\u00adkopf et de St. Andreas\u00adberg via Sil\u00adbe\u00adrh\u00fctte et Sie\u00adber\u00adberg. De la place Goe\u00adde\u00adcken,&nbsp;on&nbsp;[\u2026]<\/p>\n","protected":false},"author":11,"featured_media":19029,"parent":17801,"menu_order":10153,"comment_status":"closed","ping_status":"closed","template":"","meta":{"_seopress_robots_primary_cat":"","_seopress_titles_title":"","_seopress_titles_desc":"","_seopress_robots_index":"","wp_typography_post_enhancements_disabled":false,"iawp_total_views":1,"footnotes":""},"hf_cat_page":[120],"class_list":["post-19027","page","type-page","status-publish","has-post-thumbnail"],"blocksy_meta":[],"_links":{"self":[{"href":"https:\/\/www.harzer-wandernadel.de\/fr\/wp-json\/wp\/v2\/pages\/19027","targetHints":{"allow":["GET"]}}],"collection":[{"href":"https:\/\/www.harzer-wandernadel.de\/fr\/wp-json\/wp\/v2\/pages"}],"about":[{"href":"https:\/\/www.harzer-wandernadel.de\/fr\/wp-json\/wp\/v2\/types\/page"}],"author":[{"embeddable":true,"href":"https:\/\/www.harzer-wandernadel.de\/fr\/wp-json\/wp\/v2\/users\/11"}],"replies":[{"embeddable":true,"href":"https:\/\/www.harzer-wandernadel.de\/fr\/wp-json\/wp\/v2\/comments?post=19027"}],"version-history":[{"count":1,"href":"https:\/\/www.harzer-wandernadel.de\/fr\/wp-json\/wp\/v2\/pages\/19027\/revisions"}],"predecessor-version":[{"id":19030,"href":"https:\/\/www.harzer-wandernadel.de\/fr\/wp-json\/wp\/v2\/pages\/19027\/revisions\/19030"}],"up":[{"embeddable":true,"href":"https:\/\/www.harzer-wandernadel.de\/fr\/wp-json\/wp\/v2\/pages\/17801"}],"wp:featuredmedia":[{"embeddable":true,"href":"https:\/\/www.harzer-wandernadel.de\/fr\/wp-json\/wp\/v2\/media\/19029"}],"wp:attachment":[{"href":"https:\/\/www.harzer-wandernadel.de\/fr\/wp-json\/wp\/v2\/media?parent=19027"}],"wp:term":[{"taxonomy":"hf_cat_page","embeddable":true,"href":"https:\/\/www.harzer-wandernadel.de\/fr\/wp-json\/wp\/v2\/hf_cat_page?post=19027"}],"curies":[{"name":"wp","href":"https:\/\/api.w.org\/{rel}","templated":true}]}}