{"id":19016,"date":"2016-02-19T14:34:10","date_gmt":"2016-02-19T13:34:10","guid":{"rendered":"https:\/\/www.harzer-wandernadel.de\/pointage\/carte-generale\/pointage-155-rehberger-grabenhaus\/"},"modified":"2026-01-29T12:52:39","modified_gmt":"2026-01-29T11:52:39","slug":"pointage-155-rehberger-grabenhaus","status":"publish","type":"page","link":"https:\/\/www.harzer-wandernadel.de\/fr\/pointage\/carte-generale\/pointage-155-rehberger-grabenhaus\/","title":{"rendered":"Pointage 155 \/ Rehberger Grabenhaus"},"content":{"rendered":"\n<h2 class=\"wp-block-heading\">Le Rehberger Grabenhaus se trouve \u00e0&nbsp;environ 2&nbsp;km au nord de St Andreasberg, sur le versant sud du Rehberg (890&nbsp;m&nbsp;d\u2019altitude).<\/h2>\n\n<div class=\"wp-block-stackable-image alignwide stk-block-image stk-block stk-89e1006\" data-block-id=\"89e1006\"><style>.stk-89e1006 {margin-top:3% !important;margin-bottom:3% !important;}<\/style><figure><span class=\"stk-img-wrapper stk-image--shape-stretch stk--has-lightbox\"><img decoding=\"async\" width=\"1200\" height=\"600\" src=\"https:\/\/www.harzer-wandernadel.de\/wp-content\/uploads\/2016\/02\/HWN-Rehberger-Grabenhaus.jpg\" class=\"attachment-full size-full wp-post-image\" alt=\"Gem\u00fctliches Landgasthaus mit Au\u00dfenterrasse im Gr\u00fcnen\" srcset=\"https:\/\/www.harzer-wandernadel.de\/wp-content\/uploads\/2016\/02\/HWN-Rehberger-Grabenhaus.jpg 1200w, https:\/\/www.harzer-wandernadel.de\/wp-content\/uploads\/2016\/02\/HWN-Rehberger-Grabenhaus-300x150.jpg 300w, https:\/\/www.harzer-wandernadel.de\/wp-content\/uploads\/2016\/02\/HWN-Rehberger-Grabenhaus-768x384.jpg 768w, https:\/\/www.harzer-wandernadel.de\/wp-content\/uploads\/2016\/02\/HWN-Rehberger-Grabenhaus-1024x512.jpg 1024w, https:\/\/www.harzer-wandernadel.de\/wp-content\/uploads\/2016\/02\/HWN-Rehberger-Grabenhaus-250x125.jpg 250w, https:\/\/www.harzer-wandernadel.de\/wp-content\/uploads\/2016\/02\/HWN-Rehberger-Grabenhaus-624x312.jpg 624w\" sizes=\"(max-width: 1200px) 100vw, 1200px\"><\/span><\/figure><\/div>\n\n<p>Le Reh\u00adber\u00adger Gra\u00adben fait par\u00adtie de l\u2019O\u00adbe\u00adrhar\u00adzer Was\u00adser\u00adre\u00adgal et ache\u00admine l\u2019eau de l\u2019O\u00adder\u00adteich \u00e0&nbsp;St. Andreas\u00adberg. Il \u00e9tait vital pour l\u2019ex\u00adploi\u00adta\u00adtion mini\u00e8re \u00e0&nbsp;St. Andreas\u00adberg, car cette construc\u00adtion per\u00admet\u00adtait d\u2019a\u00adche\u00admi\u00adner chaque jour de l\u2019eau vers les mines, une eau dont on avait d\u00e9ses\u00adp\u00e9\u00adr\u00e9\u00adment besoin pour pro\u00adduire de l\u2019\u00e9ner\u00adgie et donc pour le tra\u00advail quo\u00adti\u00addien sur&nbsp;place.&nbsp;<\/p>\n\n<p>Pour main\u00adte\u00adnir le Reh\u00adber\u00adger Gra\u00adben dans un \u00e9tat cor\u00adrect en per\u00adma\u00adnence, il fal\u00adlait du per\u00adson\u00adnel. En 1772, un b\u00e2ti\u00adment a&nbsp;\u00e9t\u00e9 construit pour le per\u00adson\u00adnel. Il ser\u00advait d\u2019en\u00adtre\u00adp\u00f4t de mat\u00e9\u00adriel pour les ouvriers, mais ils l\u2019u\u00adti\u00adli\u00adsaient aus\u00adsi pour y&nbsp;vivre.&nbsp;<\/p>\n\n<p>En 1809, ce b\u00e2ti\u00adment de ser\u00advice a&nbsp;\u00e9t\u00e9 sou\u00addai\u00adne\u00adment trans\u00adfor\u00adm\u00e9 en l\u2019es\u00adpace de trois jours et son appa\u00adrence a&nbsp;\u00e9t\u00e9 modi\u00adfi\u00e9e de mani\u00e8re signi\u00adfi\u00adca\u00adtive et durable. Le b\u00e2ti\u00adment d\u2019un seul \u00e9tage a&nbsp;\u00e9t\u00e9 rem\u00adpla\u00adc\u00e9 par une pi\u00e8ce en forme de salle avec un&nbsp;oriel.&nbsp;<\/p>\n\n<p>Cette exten\u00adsion sur\u00adpre\u00adnante est \u00e9troi\u00adte\u00adment li\u00e9e \u00e0&nbsp;un voyage du roi de West\u00adpha\u00adlie, J\u00e9r\u00f4me Bona\u00adparte, dans le Harz. C\u2019est \u00e0&nbsp;cet endroit que l\u2019on devait faire une pause et que l\u2019on vou\u00adlait accueillir le roi de mani\u00e8re repr\u00e9sentative.&nbsp;<\/p>\n\n<p>L\u2019u\u00adti\u00adli\u00adsa\u00adtion comme loge\u00adment de fonc\u00adtion par le gar\u00addien de tran\u00adch\u00e9e ou le piqueur de tran\u00adch\u00e9e s\u2019est pour\u00adsui\u00advie jus\u00adqu\u2019\u00e0 la seconde moi\u00adti\u00e9 du 20\u00e8me si\u00e8cle, l\u2019h\u00f4\u00adtel\u00adle\u00adrie repr\u00e9\u00adsen\u00adtant d\u00e9j\u00e0 un reve\u00adnu d\u2019ap\u00adpoint de plus en plus impor\u00adtant pour les habitants.<\/p>\n\n<p>Une plaque d\u00e9cou\u00adverte en 2007 prouve que la Gra\u00adben\u00adhaus \u00e9tait aus\u00adsi uti\u00adli\u00ads\u00e9e, au moins \u00e0&nbsp;cer\u00adtaines p\u00e9riodes, comme poste de p\u00e9age pour la cir\u00adcu\u00adla\u00adtion sur le Reh\u00adber\u00adger Gra\u00adben\u00adweg. Il est pro\u00adbable que ce che\u00admin \u00e9tait une voie de com\u00admu\u00adni\u00adca\u00adtion tr\u00e8s appr\u00e9\u00adci\u00e9e des v\u00e9hi\u00adcules \u00e0&nbsp;che\u00advaux, car le che\u00admin le long du fos\u00ads\u00e9 est en grande par\u00adtie sans&nbsp;pente.&nbsp;<\/p>\n\n<p>Aujourd\u2019\u00adhui, la mai\u00adson his\u00adto\u00adrique du Gra\u00adben est un lieu d\u2019ex\u00adcur\u00adsion popu\u00adlaire, connu pour ses bons plats bour\u00adgeois. Mais le patron, Vol\u00adker Thale, sur\u00adveille encore aujourd\u2019\u00adhui plus de 14&nbsp;km de la tran\u00adch\u00e9e de Reh\u00adberg, ce qui lui a&nbsp;valu le titre de \u00ab&nbsp;creu\u00adseur d\u2019honneur&nbsp;\u00bb.&nbsp;<\/p>\n\n<p>S\u2019ins\u00adcrire \u00e0&nbsp;une ses\u00adsion de nour\u00adris\u00adsage du gibier en hiver et voir les cerfs se tenir \u00e0&nbsp;quelques m\u00e8tres de la \u00ab&nbsp;mai\u00adson de la tran\u00adch\u00e9e&nbsp;\u00bb sur les aires de nour\u00adris\u00adsage et prendre leur nour\u00adri\u00adture en toute pru\u00addence est une exp\u00e9\u00adrience inoubliable.<\/p>\n\n<div class=\"wp-block-buttons is-layout-flex wp-block-buttons-is-layout-flex\">\n<div class=\"wp-block-button\"><a class=\"wp-block-button__link wp-element-button\" href=\"https:\/\/www.rehbergergrabenhaus.de\/\" target=\"_blank\" rel=\"noreferrer noopener\">Mai\u00adson du fos\u00ads\u00e9 de Rehberg<\/a><\/div>\n<\/div>\n\n<p>Le che\u00admin le plus court m\u00e8ne sans bar\u00adri\u00e8re du par\u00adking \u00ab&nbsp;Drei\u00adbro\u00adde\u00adsteine&nbsp;\u00bb \u00e0&nbsp;la Reh\u00adber\u00adger Gra\u00adben\u00adhaus et devrait \u00eatre com\u00adbi\u00adn\u00e9 avec la visite du monu\u00adment natu\u00adrel <a href=\"https:\/\/www.harzer-wandernadel.de\/stempelstellen\/uebersichtskarte\/stempelstelle-154-dreibrodestein\/\" data-type=\"page\" data-id=\"1187\">Drei\u00adbro\u00adde\u00adsteine HWN 154<\/a>.<\/p>\n\n<div class=\"wp-block-buttons is-layout-flex wp-block-buttons-is-layout-flex\">\n<div class=\"wp-block-button\"><a class=\"wp-block-button__link wp-element-button\" href=\"http:\/\/harzer-bergwald.de\/index.php\/wandertouren\/abenteuertouren\/43-spuren-von-hexen-und-bergmaennern\">Sug\u00adges\u00adtion de cir\u00adcuit For\u00eat de mon\u00adtagne du&nbsp;Harz<\/a><\/div>\n<\/div>\n","protected":false},"excerpt":{"rendered":"<p>Le Reh\u00adber\u00adger Gra\u00adben\u00adhaus se trouve \u00e0&nbsp;envi\u00adron 2&nbsp;km au nord de St Andreas\u00adberg, sur le ver\u00adsant sud du Reh\u00adberg (890&nbsp;m&nbsp;d\u2019altitude). Le Reh\u00adber\u00adger Gra\u00adben fait par\u00adtie de l\u2019O\u00adbe\u00adrhar\u00adzer Was\u00adser\u00adre\u00adgal et ache\u00admine l\u2019eau de l\u2019O\u00adder\u00adteich \u00e0&nbsp;St. Andreas\u00adberg. Il \u00e9tait vital pour l\u2019ex\u00adploi\u00adta\u00adtion mini\u00e8re \u00e0&nbsp;St. Andreas\u00adberg, car cette construc\u00adtion per\u00admet\u00adtait d\u2019a\u00adche\u00admi\u00adner chaque jour de l\u2019eau vers les mines, une&nbsp;[\u2026]<\/p>\n","protected":false},"author":11,"featured_media":19019,"parent":17801,"menu_order":10155,"comment_status":"closed","ping_status":"closed","template":"","meta":{"_seopress_robots_primary_cat":"","_seopress_titles_title":"","_seopress_titles_desc":"","_seopress_robots_index":"","wp_typography_post_enhancements_disabled":false,"iawp_total_views":0,"footnotes":""},"hf_cat_page":[120],"class_list":["post-19016","page","type-page","status-publish","has-post-thumbnail"],"blocksy_meta":[],"_links":{"self":[{"href":"https:\/\/www.harzer-wandernadel.de\/fr\/wp-json\/wp\/v2\/pages\/19016","targetHints":{"allow":["GET"]}}],"collection":[{"href":"https:\/\/www.harzer-wandernadel.de\/fr\/wp-json\/wp\/v2\/pages"}],"about":[{"href":"https:\/\/www.harzer-wandernadel.de\/fr\/wp-json\/wp\/v2\/types\/page"}],"author":[{"embeddable":true,"href":"https:\/\/www.harzer-wandernadel.de\/fr\/wp-json\/wp\/v2\/users\/11"}],"replies":[{"embeddable":true,"href":"https:\/\/www.harzer-wandernadel.de\/fr\/wp-json\/wp\/v2\/comments?post=19016"}],"version-history":[{"count":1,"href":"https:\/\/www.harzer-wandernadel.de\/fr\/wp-json\/wp\/v2\/pages\/19016\/revisions"}],"predecessor-version":[{"id":19020,"href":"https:\/\/www.harzer-wandernadel.de\/fr\/wp-json\/wp\/v2\/pages\/19016\/revisions\/19020"}],"up":[{"embeddable":true,"href":"https:\/\/www.harzer-wandernadel.de\/fr\/wp-json\/wp\/v2\/pages\/17801"}],"wp:featuredmedia":[{"embeddable":true,"href":"https:\/\/www.harzer-wandernadel.de\/fr\/wp-json\/wp\/v2\/media\/19019"}],"wp:attachment":[{"href":"https:\/\/www.harzer-wandernadel.de\/fr\/wp-json\/wp\/v2\/media?parent=19016"}],"wp:term":[{"taxonomy":"hf_cat_page","embeddable":true,"href":"https:\/\/www.harzer-wandernadel.de\/fr\/wp-json\/wp\/v2\/hf_cat_page?post=19016"}],"curies":[{"name":"wp","href":"https:\/\/api.w.org\/{rel}","templated":true}]}}