{"id":19014,"date":"2016-02-19T14:39:04","date_gmt":"2016-02-19T13:39:04","guid":{"rendered":"https:\/\/www.harzer-wandernadel.de\/pointage\/carte-generale\/pointage-157-kappellenfleck\/"},"modified":"2026-01-29T12:52:38","modified_gmt":"2026-01-29T11:52:38","slug":"pointage-157-kappellenfleck","status":"publish","type":"page","link":"https:\/\/www.harzer-wandernadel.de\/fr\/pointage\/carte-generale\/pointage-157-kappellenfleck\/","title":{"rendered":"Pointage 157 \/ Kappellenfleck"},"content":{"rendered":"\n<h2 class=\"wp-block-heading\">Le Kapellenfleck se trouve entre Braunlage et Wieda, directement sur le Kaiserweg.<\/h2>\n\n<div class=\"wp-block-stackable-image alignwide stk-block-image stk-block stk-89e1006\" data-block-id=\"89e1006\"><style>.stk-89e1006 {margin-top:3% !important;margin-bottom:3% !important;}<\/style><figure><span class=\"stk-img-wrapper stk-image--shape-stretch stk--has-lightbox\"><img decoding=\"async\" width=\"788\" height=\"525\" src=\"https:\/\/www.harzer-wandernadel.de\/wp-content\/uploads\/2016\/02\/Kapellenfleck.jpg\" class=\"attachment-full size-full wp-post-image\" alt srcset=\"https:\/\/www.harzer-wandernadel.de\/wp-content\/uploads\/2016\/02\/Kapellenfleck.jpg 788w, https:\/\/www.harzer-wandernadel.de\/wp-content\/uploads\/2016\/02\/Kapellenfleck-300x200.jpg 300w, https:\/\/www.harzer-wandernadel.de\/wp-content\/uploads\/2016\/02\/Kapellenfleck-768x512.jpg 768w, https:\/\/www.harzer-wandernadel.de\/wp-content\/uploads\/2016\/02\/Kapellenfleck-250x167.jpg 250w, https:\/\/www.harzer-wandernadel.de\/wp-content\/uploads\/2016\/02\/Kapellenfleck-624x416.jpg 624w\" sizes=\"(max-width: 788px) 100vw, 788px\"><\/span><\/figure><\/div>\n\n<p>Selon un docu\u00adment conser\u00adv\u00e9, le comte de Scharz\u00adfeld a&nbsp;fait don en 1297 d\u2019une cha\u00adpelle au monas\u00adt\u00e8re de Wal\u00adken\u00adried dans la for\u00eat de Harz\u00adwald. Lors de fouilles au 19\u00e8me si\u00e8cle, un plan en forme d\u2019\u00e9\u00adglise a&nbsp;\u00e9t\u00e9 mis \u00e0&nbsp;jour \u00e0&nbsp;l\u2019en\u00addroit de l\u2019ac\u00adtuelle tache de la cha\u00adpelle, et il s\u2019a\u00adgit pro\u00adba\u00adble\u00adment de la cha\u00adpelle mentionn\u00e9e.&nbsp;<\/p>\n\n<p>Le che\u00admin de ran\u00addon\u00adn\u00e9e actuel passe par un mur et un fos\u00ads\u00e9 dont il reste des ves\u00adtiges et qui fai\u00adsait peut-\u00eatre par\u00adtie de la cha\u00adpelle. La cha\u00adpelle \u00e9tait pro\u00adba\u00adble\u00adment aus\u00adsi uti\u00adli\u00ads\u00e9e comme lieu de repos pour les voya\u00adgeurs qui cher\u00adchaient un endroit pour pas\u00adser la nuit. Il est \u00e9ga\u00adle\u00adment pos\u00adsible qu\u2019il s\u2019a\u00adgisse d\u2019une sta\u00adtion de chan\u00adge\u00adment pour les atte\u00adlages d\u2019a\u00adni\u00admaux de trait venant du sud du&nbsp;Harz.&nbsp;<\/p>\n\n<p>Depuis le par\u00adking fores\u00adtier \u00ab&nbsp;Lau\u00adse\u00adbuche&nbsp;\u00bb sur la B&nbsp;27&nbsp;en des\u00adsous de Braun\u00adlage, le sen\u00adtier imp\u00e9\u00adrial m\u00e8ne direc\u00adte\u00adment \u00e0&nbsp;la tache de la cha\u00adpelle et ensuite \u00e0&nbsp;Wieda.<\/p>\n","protected":false},"excerpt":{"rendered":"<p>Le Kapel\u00adlen\u00adfleck se trouve entre Braun\u00adlage et Wie\u00adda, direc\u00adte\u00adment sur le Kai\u00adser\u00adweg. Selon un docu\u00adment conser\u00adv\u00e9, le comte de Scharz\u00adfeld a&nbsp;fait don en 1297 d\u2019une cha\u00adpelle au monas\u00adt\u00e8re de Wal\u00adken\u00adried dans la for\u00eat de Harz\u00adwald. Lors de fouilles au 19\u00e8me si\u00e8cle, un plan en forme d\u2019\u00e9\u00adglise a&nbsp;\u00e9t\u00e9 mis \u00e0&nbsp;jour \u00e0&nbsp;l\u2019en\u00addroit de l\u2019ac\u00adtuelle tache de&nbsp;la&nbsp;[\u2026]<\/p>\n","protected":false},"author":11,"featured_media":19015,"parent":17801,"menu_order":10157,"comment_status":"closed","ping_status":"closed","template":"","meta":{"_seopress_robots_primary_cat":"","_seopress_titles_title":"","_seopress_titles_desc":"","_seopress_robots_index":"","wp_typography_post_enhancements_disabled":false,"iawp_total_views":1,"footnotes":""},"hf_cat_page":[120],"class_list":["post-19014","page","type-page","status-publish","has-post-thumbnail"],"blocksy_meta":[],"_links":{"self":[{"href":"https:\/\/www.harzer-wandernadel.de\/fr\/wp-json\/wp\/v2\/pages\/19014","targetHints":{"allow":["GET"]}}],"collection":[{"href":"https:\/\/www.harzer-wandernadel.de\/fr\/wp-json\/wp\/v2\/pages"}],"about":[{"href":"https:\/\/www.harzer-wandernadel.de\/fr\/wp-json\/wp\/v2\/types\/page"}],"author":[{"embeddable":true,"href":"https:\/\/www.harzer-wandernadel.de\/fr\/wp-json\/wp\/v2\/users\/11"}],"replies":[{"embeddable":true,"href":"https:\/\/www.harzer-wandernadel.de\/fr\/wp-json\/wp\/v2\/comments?post=19014"}],"version-history":[{"count":1,"href":"https:\/\/www.harzer-wandernadel.de\/fr\/wp-json\/wp\/v2\/pages\/19014\/revisions"}],"predecessor-version":[{"id":19017,"href":"https:\/\/www.harzer-wandernadel.de\/fr\/wp-json\/wp\/v2\/pages\/19014\/revisions\/19017"}],"up":[{"embeddable":true,"href":"https:\/\/www.harzer-wandernadel.de\/fr\/wp-json\/wp\/v2\/pages\/17801"}],"wp:featuredmedia":[{"embeddable":true,"href":"https:\/\/www.harzer-wandernadel.de\/fr\/wp-json\/wp\/v2\/media\/19015"}],"wp:attachment":[{"href":"https:\/\/www.harzer-wandernadel.de\/fr\/wp-json\/wp\/v2\/media?parent=19014"}],"wp:term":[{"taxonomy":"hf_cat_page","embeddable":true,"href":"https:\/\/www.harzer-wandernadel.de\/fr\/wp-json\/wp\/v2\/hf_cat_page?post=19014"}],"curies":[{"name":"wp","href":"https:\/\/api.w.org\/{rel}","templated":true}]}}