{"id":19005,"date":"2016-02-19T14:35:43","date_gmt":"2016-02-19T13:35:43","guid":{"rendered":"https:\/\/www.harzer-wandernadel.de\/pointage\/carte-generale\/pointage-156-wurmberg-baude\/"},"modified":"2026-01-29T12:52:39","modified_gmt":"2026-01-29T11:52:39","slug":"pointage-156-wurmberg-baude","status":"publish","type":"page","link":"https:\/\/www.harzer-wandernadel.de\/fr\/pointage\/carte-generale\/pointage-156-wurmberg-baude\/","title":{"rendered":"Pointage 156 \/ Wurmberg \u2013&nbsp;Baude"},"content":{"rendered":"\n<h2 class=\"wp-block-heading\">Le Wurmberg (971&nbsp;m&nbsp;d\u2019altitude) est le plus haut sommet du Land de Basse-Saxe et le deuxi\u00e8me plus haut sommet du Harz apr\u00e8s le Brocken (1 141&nbsp;m&nbsp;d\u2019altitude).<\/h2>\n\n<div class=\"wp-block-stackable-image alignwide stk-block-image stk-block stk-89e1006\" data-block-id=\"89e1006\"><style>.stk-89e1006 {margin-top:3% !important;margin-bottom:3% !important;}<\/style><figure><span class=\"stk-img-wrapper stk-image--shape-stretch stk--has-lightbox\"><img decoding=\"async\" width=\"788\" height=\"525\" src=\"https:\/\/www.harzer-wandernadel.de\/wp-content\/uploads\/2016\/02\/Wurmberg.jpg\" class=\"attachment-full size-full wp-post-image\" alt srcset=\"https:\/\/www.harzer-wandernadel.de\/wp-content\/uploads\/2016\/02\/Wurmberg.jpg 788w, https:\/\/www.harzer-wandernadel.de\/wp-content\/uploads\/2016\/02\/Wurmberg-300x200.jpg 300w, https:\/\/www.harzer-wandernadel.de\/wp-content\/uploads\/2016\/02\/Wurmberg-768x512.jpg 768w, https:\/\/www.harzer-wandernadel.de\/wp-content\/uploads\/2016\/02\/Wurmberg-250x167.jpg 250w, https:\/\/www.harzer-wandernadel.de\/wp-content\/uploads\/2016\/02\/Wurmberg-624x416.jpg 624w\" sizes=\"(max-width: 788px) 100vw, 788px\"><\/span><\/figure><\/div>\n\n<p>Le Wurm\u00adberg se trouve en dehors du parc natio\u00adnal du Harz, \u00e0&nbsp;3&nbsp;km au nord de Braun\u00adlage et \u00e0&nbsp;4,8&nbsp;km \u00e0&nbsp;vol d\u2019oi\u00adseau du som\u00admet du Bro\u00adcken. Entre les deux, il y&nbsp;a la val\u00adl\u00e9e de la Bode froide et la fron\u00adti\u00e8re avec la Saxe-Anhalt ou, \u00e0&nbsp;l\u2019\u00e9\u00adpoque de la divi\u00adsion alle\u00admande, la fron\u00adti\u00e8re avec la&nbsp;RDA.&nbsp;<\/p>\n\n<p>En 1922, le trem\u00adplin de saut \u00e0&nbsp;ski de Wurm\u00adberg a&nbsp;\u00e9t\u00e9 construit au som\u00admet, et sa tour d\u2019\u00e9\u00adlan de 30 m\u00e8tres de haut com\u00adpre\u00adnait \u00e9ga\u00adle\u00adment une pla\u00adte\u00adforme d\u2019ob\u00adser\u00adva\u00adtion. En 1950, une auberge a&nbsp;\u00e9t\u00e9 construite \u00e0&nbsp;c\u00f4t\u00e9 du trem\u00adplin, l\u2019ac\u00adtuelle Wurm\u00adber\u00adgalm. Le trem\u00adplin de saut \u00e0&nbsp;ski a&nbsp;\u00e9t\u00e9 d\u00e9mo\u00adli en 2014&nbsp;en rai\u00adson de dom\u00admages structurels.&nbsp;<\/p>\n\n<p>Depuis 1963, le t\u00e9l\u00e9\u00adph\u00e9\u00adrique de Wurm\u00adberg m\u00e8ne de Braun\u00adlage au som\u00admet et a&nbsp;\u00e9t\u00e9 r\u00e9no\u00adv\u00e9 en 2001 pour deve\u00adnir un t\u00e9l\u00e9\u00adph\u00e9\u00adrique enti\u00e8\u00adre\u00adment conti\u00adnu \u2013 avec pos\u00adsi\u00adbi\u00adli\u00adt\u00e9 de des\u00adcendre et de mon\u00adter \u00e0&nbsp;la sta\u00adtion inter\u00adm\u00e9\u00addiaire. Le t\u00e9l\u00e9\u00adph\u00e9\u00adrique fait 2,8&nbsp;km de long et fran\u00adchit envi\u00adron 400&nbsp;m&nbsp;de d\u00e9ni\u00adve\u00adl\u00e9. Elle fonc\u00adtionne toute l\u2019an\u00adn\u00e9e et trans\u00adporte les ran\u00addon\u00adneurs, les skieurs, les v\u00e9t\u00e9\u00adtistes et les mons\u00adter rol\u00adlers jus\u00adqu\u2019au sommet.&nbsp;<\/p>\n\n<div class=\"wp-block-buttons is-layout-flex wp-block-buttons-is-layout-flex\">\n<div class=\"wp-block-button\"><a class=\"wp-block-button__link wp-element-button\" href=\"https:\/\/www.wurmbergbaude.de\/wurmberg-restaurant.php\" target=\"_blank\" rel=\"noreferrer noopener\">Construc\u00adtion de la mon\u00adtagne de versde<\/a><\/div>\n<\/div>\n\n<p>Le Wurm\u00adberg est acces\u00adsible par de nom\u00adbreux sen\u00adtiers bali\u00ads\u00e9s depuis les villes voi\u00adsines de Braun\u00adlage, Schierke et Elend dans le Harz, mais aus\u00adsi depuis K\u00f6nig\u00adskrug et Oder\u00adbr\u00fcck. La bo\u00eete de tam\u00adpons se trouve \u00e0&nbsp;l\u2019al\u00adpage Wurm\u00adber\u00adgalm, direc\u00adte\u00adment au sommet.&nbsp;<\/p>\n\n<div class=\"wp-block-buttons is-layout-flex wp-block-buttons-is-layout-flex\">\n<div class=\"wp-block-button\"><a class=\"wp-block-button__link wp-element-button\" href=\"http:\/\/harzer-bergwald.de\/index.php\/wandertouren\/romantiktouren\/50-gipfelsturm-im-nationalpark-harz\">Sug\u00adges\u00adtion de cir\u00adcuit For\u00eat de mon\u00adtagne du&nbsp;Harz<\/a><\/div>\n<\/div>\n","protected":false},"excerpt":{"rendered":"<p>Le Wurm\u00adberg (971&nbsp;m&nbsp;d\u2019altitude) est le plus haut som\u00admet du Land de Basse-Saxe et le deuxi\u00e8me plus haut som\u00admet du Harz apr\u00e8s le Bro\u00adcken (1 141&nbsp;m&nbsp;d\u2019altitude). Le Wurm\u00adberg se trouve en dehors du parc natio\u00adnal du Harz, \u00e0&nbsp;3&nbsp;km au nord de Braun\u00adlage et \u00e0&nbsp;4,8&nbsp;km \u00e0&nbsp;vol d\u2019oi\u00adseau du som\u00admet du Bro\u00adcken. Entre les deux, il y&nbsp;a&nbsp;la&nbsp;[\u2026]<\/p>\n","protected":false},"author":11,"featured_media":19007,"parent":17801,"menu_order":10156,"comment_status":"closed","ping_status":"closed","template":"","meta":{"_seopress_robots_primary_cat":"","_seopress_titles_title":"","_seopress_titles_desc":"","_seopress_robots_index":"","wp_typography_post_enhancements_disabled":false,"iawp_total_views":0,"footnotes":""},"hf_cat_page":[120],"class_list":["post-19005","page","type-page","status-publish","has-post-thumbnail"],"blocksy_meta":[],"_links":{"self":[{"href":"https:\/\/www.harzer-wandernadel.de\/fr\/wp-json\/wp\/v2\/pages\/19005","targetHints":{"allow":["GET"]}}],"collection":[{"href":"https:\/\/www.harzer-wandernadel.de\/fr\/wp-json\/wp\/v2\/pages"}],"about":[{"href":"https:\/\/www.harzer-wandernadel.de\/fr\/wp-json\/wp\/v2\/types\/page"}],"author":[{"embeddable":true,"href":"https:\/\/www.harzer-wandernadel.de\/fr\/wp-json\/wp\/v2\/users\/11"}],"replies":[{"embeddable":true,"href":"https:\/\/www.harzer-wandernadel.de\/fr\/wp-json\/wp\/v2\/comments?post=19005"}],"version-history":[{"count":1,"href":"https:\/\/www.harzer-wandernadel.de\/fr\/wp-json\/wp\/v2\/pages\/19005\/revisions"}],"predecessor-version":[{"id":19009,"href":"https:\/\/www.harzer-wandernadel.de\/fr\/wp-json\/wp\/v2\/pages\/19005\/revisions\/19009"}],"up":[{"embeddable":true,"href":"https:\/\/www.harzer-wandernadel.de\/fr\/wp-json\/wp\/v2\/pages\/17801"}],"wp:featuredmedia":[{"embeddable":true,"href":"https:\/\/www.harzer-wandernadel.de\/fr\/wp-json\/wp\/v2\/media\/19007"}],"wp:attachment":[{"href":"https:\/\/www.harzer-wandernadel.de\/fr\/wp-json\/wp\/v2\/media?parent=19005"}],"wp:term":[{"taxonomy":"hf_cat_page","embeddable":true,"href":"https:\/\/www.harzer-wandernadel.de\/fr\/wp-json\/wp\/v2\/hf_cat_page?post=19005"}],"curies":[{"name":"wp","href":"https:\/\/api.w.org\/{rel}","templated":true}]}}