{"id":18999,"date":"2016-02-19T14:40:46","date_gmt":"2016-02-19T13:40:46","guid":{"rendered":"https:\/\/www.harzer-wandernadel.de\/pointage\/carte-generale\/pointage-158-hassenstein\/"},"modified":"2026-01-29T12:52:34","modified_gmt":"2026-01-29T11:52:34","slug":"pointage-158-hassenstein","status":"publish","type":"page","link":"https:\/\/www.harzer-wandernadel.de\/fr\/pointage\/carte-generale\/pointage-158-hassenstein\/","title":{"rendered":"Pointage 158 \/ Hassenstein"},"content":{"rendered":"\n<h2 class=\"wp-block-heading\">Le Hassenstein (560&nbsp;m&nbsp;d\u2019altitude) se trouve au-dessus du barrage Odertalsperre \u00e0&nbsp;Bad Lauterberg et est un point de vue avec un refuge.<\/h2>\n\n<div class=\"wp-block-stackable-image alignwide stk-block-image stk-block stk-89e1006\" data-block-id=\"89e1006\"><style>.stk-89e1006 {margin-top:3% !important;margin-bottom:3% !important;}<\/style><figure><span class=\"stk-img-wrapper stk-image--shape-stretch stk--has-lightbox\"><img decoding=\"async\" width=\"2048\" height=\"1365\" src=\"https:\/\/www.harzer-wandernadel.de\/wp-content\/uploads\/2016\/02\/Hassenstein2.jpg\" class=\"attachment-full size-full wp-post-image\" alt srcset=\"https:\/\/www.harzer-wandernadel.de\/wp-content\/uploads\/2016\/02\/Hassenstein2.jpg 2048w, https:\/\/www.harzer-wandernadel.de\/wp-content\/uploads\/2016\/02\/Hassenstein2-300x200.jpg 300w, https:\/\/www.harzer-wandernadel.de\/wp-content\/uploads\/2016\/02\/Hassenstein2-768x512.jpg 768w, https:\/\/www.harzer-wandernadel.de\/wp-content\/uploads\/2016\/02\/Hassenstein2-1024x683.jpg 1024w, https:\/\/www.harzer-wandernadel.de\/wp-content\/uploads\/2016\/02\/Hassenstein2-250x167.jpg 250w, https:\/\/www.harzer-wandernadel.de\/wp-content\/uploads\/2016\/02\/Hassenstein2-624x416.jpg 624w\" sizes=\"(max-width: 2048px) 100vw, 2048px\"><\/span><\/figure><\/div>\n\n<p>Le meilleur point de d\u00e9part est le par\u00adking \u00ab&nbsp;Mei\u00adler\u00adplatz&nbsp;\u00bb \u00e0&nbsp;la p\u00e9ri\u00adph\u00e9\u00adrie de Bad Lau\u00adter\u00adberg, en des\u00adsous de l\u2019h\u00f4\u00adtel Pano\u00adra\u00admic. De l\u00e0, on arrive \u00e0&nbsp;la lisi\u00e8re de la for\u00eat en pas\u00adsant par la route de Die\u00adtrichs\u00adtal, d\u2019o\u00f9 les sen\u00adtiers bali\u00ads\u00e9s m\u00e8nent \u00e0&nbsp;la Has\u00adsen\u00adsteinh\u00fctte en mon\u00adtant r\u00e9gu\u00adli\u00e8\u00adre\u00adment. De l\u00e0, tu peux conti\u00adnuer \u00e0&nbsp;mar\u00adcher sur des sen\u00adtiers bali\u00ads\u00e9s jus\u00adqu\u2019au <a href=\"https:\/\/www.harzer-wandernadel.de\/fr\/pointage\/carte-generale\/poinconnage-159-requin-charbonneux\/\" data-type=\"page\" data-id=\"1197\">St\u00f6\u00adbe\u00adrhai HWN 159<\/a>.  <\/p>\n","protected":false},"excerpt":{"rendered":"<p>Le Has\u00adsen\u00adstein (560&nbsp;m&nbsp;d\u2019altitude) se trouve au-des\u00adsus du bar\u00adrage Oder\u00adtals\u00adperre \u00e0&nbsp;Bad Lau\u00adter\u00adberg et est un point de vue avec un refuge. Le meilleur point de d\u00e9part est le par\u00adking \u00ab&nbsp;Mei\u00adler\u00adplatz&nbsp;\u00bb \u00e0&nbsp;la p\u00e9ri\u00adph\u00e9\u00adrie de Bad Lau\u00adter\u00adberg, en des\u00adsous de l\u2019h\u00f4\u00adtel Pano\u00adra\u00admic. De l\u00e0, on arrive \u00e0&nbsp;la lisi\u00e8re de la for\u00eat en pas\u00adsant par la route de Dietrichstal,&nbsp;[\u2026]<\/p>\n","protected":false},"author":11,"featured_media":19002,"parent":17801,"menu_order":10158,"comment_status":"closed","ping_status":"closed","template":"","meta":{"_seopress_robots_primary_cat":"","_seopress_titles_title":"","_seopress_titles_desc":"","_seopress_robots_index":"","wp_typography_post_enhancements_disabled":false,"iawp_total_views":0,"footnotes":""},"hf_cat_page":[120],"class_list":["post-18999","page","type-page","status-publish","has-post-thumbnail"],"blocksy_meta":[],"_links":{"self":[{"href":"https:\/\/www.harzer-wandernadel.de\/fr\/wp-json\/wp\/v2\/pages\/18999","targetHints":{"allow":["GET"]}}],"collection":[{"href":"https:\/\/www.harzer-wandernadel.de\/fr\/wp-json\/wp\/v2\/pages"}],"about":[{"href":"https:\/\/www.harzer-wandernadel.de\/fr\/wp-json\/wp\/v2\/types\/page"}],"author":[{"embeddable":true,"href":"https:\/\/www.harzer-wandernadel.de\/fr\/wp-json\/wp\/v2\/users\/11"}],"replies":[{"embeddable":true,"href":"https:\/\/www.harzer-wandernadel.de\/fr\/wp-json\/wp\/v2\/comments?post=18999"}],"version-history":[{"count":1,"href":"https:\/\/www.harzer-wandernadel.de\/fr\/wp-json\/wp\/v2\/pages\/18999\/revisions"}],"predecessor-version":[{"id":19003,"href":"https:\/\/www.harzer-wandernadel.de\/fr\/wp-json\/wp\/v2\/pages\/18999\/revisions\/19003"}],"up":[{"embeddable":true,"href":"https:\/\/www.harzer-wandernadel.de\/fr\/wp-json\/wp\/v2\/pages\/17801"}],"wp:featuredmedia":[{"embeddable":true,"href":"https:\/\/www.harzer-wandernadel.de\/fr\/wp-json\/wp\/v2\/media\/19002"}],"wp:attachment":[{"href":"https:\/\/www.harzer-wandernadel.de\/fr\/wp-json\/wp\/v2\/media?parent=18999"}],"wp:term":[{"taxonomy":"hf_cat_page","embeddable":true,"href":"https:\/\/www.harzer-wandernadel.de\/fr\/wp-json\/wp\/v2\/hf_cat_page?post=18999"}],"curies":[{"name":"wp","href":"https:\/\/api.w.org\/{rel}","templated":true}]}}