{"id":18995,"date":"2016-02-19T14:45:31","date_gmt":"2016-02-19T13:45:31","guid":{"rendered":"https:\/\/www.harzer-wandernadel.de\/pointage\/carte-generale\/pointage-161-stephanshuette\/"},"modified":"2026-01-29T12:52:34","modified_gmt":"2026-01-29T11:52:34","slug":"pointage-161-stephanshuette","status":"publish","type":"page","link":"https:\/\/www.harzer-wandernadel.de\/fr\/pointage\/carte-generale\/pointage-161-stephanshuette\/","title":{"rendered":"Pointage 161 \/ Stephansh\u00fctte"},"content":{"rendered":"\n<h2 class=\"wp-block-heading\">Le refuge Stephans (620&nbsp;m&nbsp;d\u2019altitude) se trouve entre le Ravensberg pr\u00e8s de Bad Sachsa et le St\u00f6berhai au-dessus de&nbsp;Wieda.<\/h2>\n\n<div class=\"wp-block-stackable-image alignwide stk-block-image stk-block stk-89e1006\" data-block-id=\"89e1006\"><style>.stk-89e1006 {margin-top:3% !important;margin-bottom:3% !important;}<\/style><figure><span class=\"stk-img-wrapper stk-image--shape-stretch stk--has-lightbox\"><img decoding=\"async\" width=\"960\" height=\"540\" src=\"https:\/\/www.harzer-wandernadel.de\/wp-content\/uploads\/2016\/02\/Stephansh\u00fctte.jpg\" class=\"attachment-full size-full wp-post-image\" alt srcset=\"https:\/\/www.harzer-wandernadel.de\/wp-content\/uploads\/2016\/02\/Stephansh\u00fctte.jpg 960w, https:\/\/www.harzer-wandernadel.de\/wp-content\/uploads\/2016\/02\/Stephansh\u00fctte-300x169.jpg 300w, https:\/\/www.harzer-wandernadel.de\/wp-content\/uploads\/2016\/02\/Stephansh\u00fctte-768x432.jpg 768w, https:\/\/www.harzer-wandernadel.de\/wp-content\/uploads\/2016\/02\/Stephansh\u00fctte-250x141.jpg 250w, https:\/\/www.harzer-wandernadel.de\/wp-content\/uploads\/2016\/02\/Stephansh\u00fctte-624x351.jpg 624w\" sizes=\"(max-width: 960px) 100vw, 960px\"><\/span><\/figure><\/div>\n\n<p>La cabane a&nbsp;\u00e9t\u00e9 nom\u00adm\u00e9e en l\u2019hon\u00adneur de Hein\u00adrich von Ste\u00adphan (1831 \u2013 1897), le ma\u00eetre g\u00e9n\u00e9\u00adral des postes de l\u2019Em\u00adpire alle\u00admand. Il est \u00e0&nbsp;l\u2019o\u00adri\u00adgine de nom\u00adbreuses am\u00e9\u00adlio\u00adra\u00adtions dans le domaine pos\u00adtal, il a&nbsp;notam\u00adment inven\u00adt\u00e9 la \u00ab&nbsp;carte pos\u00adtale&nbsp;\u00bb. En 1874, Ste\u00adphan a&nbsp;fon\u00add\u00e9 l\u201d&nbsp;&nbsp;\u00bbUnion pos\u00adtale uni\u00adver\u00adselle&nbsp;\u00bb, qui cou\u00advrait l\u2019Eu\u00adrope et une grande par\u00adtie de l\u2019A\u00adsie, de l\u2019A\u00adfrique et de l\u2019Am\u00e9rique.&nbsp;<\/p>\n\n<p>Hein\u00adrich von Ste\u00adphan a&nbsp;\u00e9t\u00e9 invi\u00adt\u00e9 pen\u00addant de nom\u00adbreuses ann\u00e9es \u00e0&nbsp;l\u2019h\u00f4\u00adtel de mon\u00adtagne Ravens\u00adberg et s\u2019est d\u00e9lec\u00adt\u00e9 des for\u00eats du&nbsp;Harz.<\/p>\n\n<div class=\"wp-block-buttons is-layout-flex wp-block-buttons-is-layout-flex\">\n<div class=\"wp-block-button\"><a class=\"wp-block-button__link wp-element-button\" href=\"https:\/\/ravensberg-baude.de\/\" target=\"_blank\" rel=\"noreferrer noopener\">Cour de mon\u00adtagne Ravensberg<\/a><\/div>\n<\/div>\n\n<p>Le point de d\u00e9part est le par\u00adking du Drei\u00adher\u00adren\u00adstein sur la route de Ravens\u00adberg. De l\u00e0, tu arrives sans grande mon\u00adt\u00e9e \u00e0&nbsp;la Ste\u00adphan\u00adsh\u00fctte et de l\u00e0, tu peux conti\u00adnuer la ran\u00addon\u00adn\u00e9e jus\u00adqu\u2019au St\u00f6berhai.&nbsp;<\/p>\n","protected":false},"excerpt":{"rendered":"<p>Le refuge Ste\u00adphans (620&nbsp;m&nbsp;d\u2019altitude) se trouve entre le Ravens\u00adberg pr\u00e8s de Bad Sach\u00adsa et le St\u00f6\u00adbe\u00adrhai au-des\u00adsus de&nbsp;Wie\u00adda. La cabane a&nbsp;\u00e9t\u00e9 nom\u00adm\u00e9e en l\u2019hon\u00adneur de Hein\u00adrich von Ste\u00adphan (1831 \u2013 1897), le ma\u00eetre g\u00e9n\u00e9\u00adral des postes de l\u2019Em\u00adpire alle\u00admand. Il est \u00e0&nbsp;l\u2019o\u00adri\u00adgine de nom\u00adbreuses am\u00e9\u00adlio\u00adra\u00adtions dans le domaine pos\u00adtal, il a&nbsp;notam\u00adment inven\u00adt\u00e9 la \u00ab&nbsp;carte postale&nbsp;\u00bb.&nbsp;[\u2026]<\/p>\n","protected":false},"author":11,"featured_media":18996,"parent":17801,"menu_order":10161,"comment_status":"closed","ping_status":"closed","template":"","meta":{"_seopress_robots_primary_cat":"","_seopress_titles_title":"","_seopress_titles_desc":"","_seopress_robots_index":"","wp_typography_post_enhancements_disabled":false,"iawp_total_views":0,"footnotes":""},"hf_cat_page":[120],"class_list":["post-18995","page","type-page","status-publish","has-post-thumbnail"],"blocksy_meta":[],"_links":{"self":[{"href":"https:\/\/www.harzer-wandernadel.de\/fr\/wp-json\/wp\/v2\/pages\/18995","targetHints":{"allow":["GET"]}}],"collection":[{"href":"https:\/\/www.harzer-wandernadel.de\/fr\/wp-json\/wp\/v2\/pages"}],"about":[{"href":"https:\/\/www.harzer-wandernadel.de\/fr\/wp-json\/wp\/v2\/types\/page"}],"author":[{"embeddable":true,"href":"https:\/\/www.harzer-wandernadel.de\/fr\/wp-json\/wp\/v2\/users\/11"}],"replies":[{"embeddable":true,"href":"https:\/\/www.harzer-wandernadel.de\/fr\/wp-json\/wp\/v2\/comments?post=18995"}],"version-history":[{"count":1,"href":"https:\/\/www.harzer-wandernadel.de\/fr\/wp-json\/wp\/v2\/pages\/18995\/revisions"}],"predecessor-version":[{"id":18998,"href":"https:\/\/www.harzer-wandernadel.de\/fr\/wp-json\/wp\/v2\/pages\/18995\/revisions\/18998"}],"up":[{"embeddable":true,"href":"https:\/\/www.harzer-wandernadel.de\/fr\/wp-json\/wp\/v2\/pages\/17801"}],"wp:featuredmedia":[{"embeddable":true,"href":"https:\/\/www.harzer-wandernadel.de\/fr\/wp-json\/wp\/v2\/media\/18996"}],"wp:attachment":[{"href":"https:\/\/www.harzer-wandernadel.de\/fr\/wp-json\/wp\/v2\/media?parent=18995"}],"wp:term":[{"taxonomy":"hf_cat_page","embeddable":true,"href":"https:\/\/www.harzer-wandernadel.de\/fr\/wp-json\/wp\/v2\/hf_cat_page?post=18995"}],"curies":[{"name":"wp","href":"https:\/\/api.w.org\/{rel}","templated":true}]}}