{"id":18981,"date":"2016-02-19T14:46:05","date_gmt":"2016-02-19T13:46:05","guid":{"rendered":"https:\/\/www.harzer-wandernadel.de\/pointage\/carte-generale\/pointage-162-kreuztalsklippe\/"},"modified":"2026-01-29T12:52:34","modified_gmt":"2026-01-29T11:52:34","slug":"pointage-162-kreuztalsklippe","status":"publish","type":"page","link":"https:\/\/www.harzer-wandernadel.de\/fr\/pointage\/carte-generale\/pointage-162-kreuztalsklippe\/","title":{"rendered":"Pointage 162 \/ Kreuztalsklippe"},"content":{"rendered":"\n<h2 class=\"wp-block-heading\">La Kreuztalsklippe est une formation rocheuse avec un point de vue, situ\u00e9e au nord-est de la station climatique de Wieda et sur la gauche de la petite rivi\u00e8re Wieda.<\/h2>\n\n<div class=\"wp-block-stackable-image alignwide stk-block-image stk-block stk-89e1006\" data-block-id=\"89e1006\"><style>.stk-89e1006 {margin-top:3% !important;margin-bottom:3% !important;}<\/style><figure><span class=\"stk-img-wrapper stk-image--shape-stretch stk--has-lightbox\"><img decoding=\"async\" width=\"5376\" height=\"3024\" src=\"https:\/\/www.harzer-wandernadel.de\/wp-content\/uploads\/2016\/02\/HWN-Kreuztalsklippe.jpg\" class=\"attachment-full size-full wp-post-image\" alt srcset=\"https:\/\/www.harzer-wandernadel.de\/wp-content\/uploads\/2016\/02\/HWN-Kreuztalsklippe.jpg 5376w, https:\/\/www.harzer-wandernadel.de\/wp-content\/uploads\/2016\/02\/HWN-Kreuztalsklippe-300x169.jpg 300w, https:\/\/www.harzer-wandernadel.de\/wp-content\/uploads\/2016\/02\/HWN-Kreuztalsklippe-768x432.jpg 768w, https:\/\/www.harzer-wandernadel.de\/wp-content\/uploads\/2016\/02\/HWN-Kreuztalsklippe-1024x576.jpg 1024w, https:\/\/www.harzer-wandernadel.de\/wp-content\/uploads\/2016\/02\/HWN-Kreuztalsklippe-250x141.jpg 250w, https:\/\/www.harzer-wandernadel.de\/wp-content\/uploads\/2016\/02\/HWN-Kreuztalsklippe-624x351.jpg 624w\" sizes=\"(max-width: 5376px) 100vw, 5376px\"><\/span><\/figure><\/div>\n\n<p>Depuis le point de vue, l\u2019ob\u00adser\u00adva\u00adteur a&nbsp;une vue pit\u00adto\u00adresque sur Ober\u00adwie\u00adda et le K\u00e4se\u00adberg avec le clo\u00adcher , le Kni\u00adcking et le Zachariaskopf.<\/p>\n\n<p>En 1127, Wie\u00adda est men\u00adtion\u00adn\u00e9e pour la pre\u00admi\u00e8re fois en tant que fon\u00adde\u00adrie du monas\u00adt\u00e8re de Wal\u00adken\u00adried mais pas en tant que loca\u00adli\u00adt\u00e9. Apr\u00e8s l\u2019\u00e9\u00adcra\u00adse\u00adment de la r\u00e9volte pay\u00adsanne de 1525, les pay\u00adsans rebelles de Thu\u00adringe se sont d\u00e9pla\u00adc\u00e9s vers le Harz, o\u00f9 les liber\u00adt\u00e9s de la mon\u00adtagne leur garan\u00adtis\u00adsaient une s\u00e9cu\u00adri\u00adt\u00e9 per\u00adson\u00adnelle.<br>En 1562, on trouve pour la pre\u00admi\u00e8re fois des t\u00e9moi\u00adgnages d\u2019une fon\u00adde\u00adrie de fer \u00e0&nbsp;Wie\u00adda, dont l\u2019im\u00adpor\u00adtance est \u00e9troi\u00adte\u00adment li\u00e9e \u00e0&nbsp;l\u2019ex\u00adtrac\u00adtion du mine\u00adrai de fer de la veine de Kirch\u00adberg dans la val\u00adl\u00e9e de Kas\u00adten\u00adtal. Au d\u00e9but du 17\u00e8me si\u00e8cle, le plus haut haut four\u00adneau de l\u2019\u00e9\u00adpoque a&nbsp;\u00e9t\u00e9 construit dans le Harz de Braun\u00adsch\u00adweig-Blan\u00adken\u00adburg, avec une hau\u00adteur de 6,84 m\u00e8tres.&nbsp;<\/p>\n\n<p>En 1778, l\u2019\u00e9\u00adglise actuelle a&nbsp;\u00e9t\u00e9 inau\u00adgu\u00adr\u00e9e et en m\u00eame temps, le clo\u00adcher iso\u00adl\u00e9 a&nbsp;\u00e9t\u00e9 construit sur la mon\u00adtagne de fro\u00admage en face, afin que la son\u00adne\u00adrie puisse \u00eatre enten\u00addue dans toute la vall\u00e9e.<\/p>\n\n<p>Au 19\u00e8me si\u00e8cle, de nom\u00adbreux habi\u00adtants de Wie\u00adda ont \u00e9mi\u00adgr\u00e9 en Am\u00e9\u00adrique, ce qui a&nbsp;entra\u00ee\u00adn\u00e9 la d\u00e9mo\u00adli\u00adtion du haut four\u00adneau, qui avait \u00e9t\u00e9 r\u00e9no\u00adv\u00e9 entre-temps, en 1863. Les ouvriers se sont aid\u00e9s eux-m\u00eames et ont g\u00e9r\u00e9 une usine sid\u00e9\u00adrur\u00adgique en tant que coop\u00e9\u00adra\u00adtive de pro\u00adduc\u00adtion, qui est deve\u00adnue c\u00e9l\u00e8bre gr\u00e2ce aux fours Wie\u00adda construits ici, mais qui a&nbsp;\u00e9t\u00e9 dis\u00adsoute en&nbsp;1972.&nbsp;<\/p>\n\n<p>Le site de la cabane de Wie\u00adda a&nbsp;presque enti\u00e8\u00adre\u00adment br\u00fb\u00adl\u00e9 lors d\u2019un grand incen\u00addie le 23 juillet 1973 et a&nbsp;\u00e9t\u00e9 trans\u00adfor\u00adm\u00e9 en parc ther\u00admal avec un ten\u00adnis cou\u00advert \u00e0&nbsp;par\u00adtir de&nbsp;1975.<\/p>\n\n<p>Le \u00ab&nbsp;No\u00ebl des cr\u00e8ches de Wie\u00adda&nbsp;\u00bb, avec ses innom\u00adbrables sapins de No\u00ebl et ses nom\u00adbreuses sta\u00adtions de cr\u00e8ches, invite les visi\u00adteurs dans le \u00ab&nbsp;vil\u00adlage des cr\u00e8ches&nbsp;\u00bb pen\u00addant les quatre week-ends de l\u2019Avent.<\/p>\n\n<p>Depuis Mit\u00adtel\u00adwie\u00adda, tu peux rejoindre la falaise de Kreuz\u00adtal depuis l\u2019ar\u00adr\u00eat de bus en emprun\u00adtant le sen\u00adtier de ran\u00addon\u00adn\u00e9e balis\u00e9.<\/p>\n","protected":false},"excerpt":{"rendered":"<p>La Kreuz\u00adtalsk\u00adlippe est une for\u00adma\u00adtion rocheuse avec un point de vue, situ\u00e9e au nord-est de la sta\u00adtion cli\u00adma\u00adtique de Wie\u00adda et sur la gauche de la petite rivi\u00e8re Wie\u00adda. Depuis le point de vue, l\u2019ob\u00adser\u00adva\u00adteur a&nbsp;une vue pit\u00adto\u00adresque sur Ober\u00adwie\u00adda et le K\u00e4se\u00adberg avec le clo\u00adcher , le Kni\u00adcking et le Zacha\u00adrias\u00adkopf. En 1127,&nbsp;Wieda&nbsp;[\u2026]<\/p>\n","protected":false},"author":11,"featured_media":18984,"parent":17801,"menu_order":10162,"comment_status":"closed","ping_status":"closed","template":"","meta":{"_seopress_robots_primary_cat":"","_seopress_titles_title":"","_seopress_titles_desc":"","_seopress_robots_index":"","wp_typography_post_enhancements_disabled":false,"iawp_total_views":0,"footnotes":""},"hf_cat_page":[120],"class_list":["post-18981","page","type-page","status-publish","has-post-thumbnail"],"blocksy_meta":[],"_links":{"self":[{"href":"https:\/\/www.harzer-wandernadel.de\/fr\/wp-json\/wp\/v2\/pages\/18981","targetHints":{"allow":["GET"]}}],"collection":[{"href":"https:\/\/www.harzer-wandernadel.de\/fr\/wp-json\/wp\/v2\/pages"}],"about":[{"href":"https:\/\/www.harzer-wandernadel.de\/fr\/wp-json\/wp\/v2\/types\/page"}],"author":[{"embeddable":true,"href":"https:\/\/www.harzer-wandernadel.de\/fr\/wp-json\/wp\/v2\/users\/11"}],"replies":[{"embeddable":true,"href":"https:\/\/www.harzer-wandernadel.de\/fr\/wp-json\/wp\/v2\/comments?post=18981"}],"version-history":[{"count":1,"href":"https:\/\/www.harzer-wandernadel.de\/fr\/wp-json\/wp\/v2\/pages\/18981\/revisions"}],"predecessor-version":[{"id":18985,"href":"https:\/\/www.harzer-wandernadel.de\/fr\/wp-json\/wp\/v2\/pages\/18981\/revisions\/18985"}],"up":[{"embeddable":true,"href":"https:\/\/www.harzer-wandernadel.de\/fr\/wp-json\/wp\/v2\/pages\/17801"}],"wp:featuredmedia":[{"embeddable":true,"href":"https:\/\/www.harzer-wandernadel.de\/fr\/wp-json\/wp\/v2\/media\/18984"}],"wp:attachment":[{"href":"https:\/\/www.harzer-wandernadel.de\/fr\/wp-json\/wp\/v2\/media?parent=18981"}],"wp:term":[{"taxonomy":"hf_cat_page","embeddable":true,"href":"https:\/\/www.harzer-wandernadel.de\/fr\/wp-json\/wp\/v2\/hf_cat_page?post=18981"}],"curies":[{"name":"wp","href":"https:\/\/api.w.org\/{rel}","templated":true}]}}