{"id":18974,"date":"2016-02-19T14:56:32","date_gmt":"2016-02-19T13:56:32","guid":{"rendered":"https:\/\/www.harzer-wandernadel.de\/pointage\/carte-generale\/pointage-167-hexentanzplatz-ellricher-blick\/"},"modified":"2026-01-29T12:52:28","modified_gmt":"2026-01-29T11:52:28","slug":"pointage-167-hexentanzplatz-ellricher-blick","status":"publish","type":"page","link":"https:\/\/www.harzer-wandernadel.de\/fr\/pointage\/carte-generale\/pointage-167-hexentanzplatz-ellricher-blick\/","title":{"rendered":"Pointage 167 \/ Hexentanzplatz (=Ellricher Blick)"},"content":{"rendered":"\n<h2 class=\"wp-block-heading\">Le site de la danse des sorci\u00e8res, \u00e9galement appel\u00e9 \u00ab&nbsp;Ellricher Blick&nbsp;\u00bb, se trouve dans la r\u00e9serve naturelle \u00ab&nbsp;Itelteich&nbsp;\u00bb sur le massif de gypse \u00ab&nbsp;Himmelreich&nbsp;\u00bb, qui se trouve entre Walkenried et Ellrich.<\/h2>\n\n<div class=\"wp-block-stackable-image alignwide stk-block-image stk-block stk-89e1006\" data-block-id=\"89e1006\"><style>.stk-89e1006 {margin-top:3% !important;margin-bottom:3% !important;}<\/style><figure><span class=\"stk-img-wrapper stk-image--shape-stretch stk--has-lightbox\"><img decoding=\"async\" width=\"1589\" height=\"1191\" src=\"https:\/\/www.harzer-wandernadel.de\/wp-content\/uploads\/2016\/02\/HWN-Hexentanzplatz-Ellrich-Borchers.jpg\" class=\"attachment-full size-full wp-post-image\" alt=\"Paysage avec Tal, W\u00e4ldern et Dorf sous Wolkenhimmel\" srcset=\"https:\/\/www.harzer-wandernadel.de\/wp-content\/uploads\/2016\/02\/HWN-Hexentanzplatz-Ellrich-Borchers.jpg 1589w, https:\/\/www.harzer-wandernadel.de\/wp-content\/uploads\/2016\/02\/HWN-Hexentanzplatz-Ellrich-Borchers-300x225.jpg 300w, https:\/\/www.harzer-wandernadel.de\/wp-content\/uploads\/2016\/02\/HWN-Hexentanzplatz-Ellrich-Borchers-768x576.jpg 768w, https:\/\/www.harzer-wandernadel.de\/wp-content\/uploads\/2016\/02\/HWN-Hexentanzplatz-Ellrich-Borchers-1024x768.jpg 1024w, https:\/\/www.harzer-wandernadel.de\/wp-content\/uploads\/2016\/02\/HWN-Hexentanzplatz-Ellrich-Borchers-250x187.jpg 250w, https:\/\/www.harzer-wandernadel.de\/wp-content\/uploads\/2016\/02\/HWN-Hexentanzplatz-Ellrich-Borchers-624x468.jpg 624w\" sizes=\"(max-width: 1589px) 100vw, 1589px\"><\/span><\/figure><\/div>\n\n<p>Depuis 1949, cette zone d\u2019\u00e9\u00adtangs, de for\u00eats et de rochers de 120&nbsp;hec\u00adtares est pro\u00adt\u00e9\u00adg\u00e9e. Les esp\u00e8ces ani\u00admales par\u00adti\u00adcu\u00adli\u00e8res sont le grand-duc d\u2019Eu\u00adrope ain\u00adsi que les sala\u00admandres tache\u00adt\u00e9es, encore nom\u00adbreuses ici. En automne, des nu\u00e9es d\u2019oi\u00adseaux migra\u00adteurs enva\u00adhissent la rose\u00adli\u00e8re d\u2019Itel.&nbsp;<\/p>\n\n<p>En rai\u00adson des nom\u00adbreuses esp\u00e8ces ani\u00admales qui uti\u00adlisent les arbres morts et vieux, les h\u00eatres en par\u00adti\u00adcu\u00adlier res\u00adtent sur pied bien au-del\u00e0 de leur \u00e2ge d\u2019ex\u00adploi\u00adta\u00adtion foresti\u00e8re.<\/p>\n\n<p>En 1868, la ligne de che\u00admin de fer entre Wal\u00adken\u00adried et Ell\u00adrich a&nbsp;\u00e9t\u00e9 construite. On d\u00e9ci\u00adda de creu\u00adser un tun\u00adnel sous le \u00ab&nbsp;royaume des cieux&nbsp;\u00bb, un mas\u00adsif de gypse dans l\u2019an\u00adhy\u00addrite tr\u00e8s kars\u00adtique de la Wer\u00adra. Lors des tra\u00advaux de creu\u00adse\u00adment du tun\u00adnel, une tr\u00e8s grande cavi\u00adt\u00e9 a&nbsp;\u00e9t\u00e9 d\u00e9cou\u00adverte le 9&nbsp;juillet 1868. La cavi\u00adt\u00e9 se com\u00adpose essen\u00adtiel\u00adle\u00adment d\u2019une salle de 182 m\u00e8tres de long et de 15 m\u00e8tres de haut. On a&nbsp;construit le tun\u00adnel fer\u00adro\u00adviaire direc\u00adte\u00adment dans cette salle de la grotte et on l\u2019a recou\u00advert sur plu\u00adsieurs m\u00e8tres de haut pour \u00e9vi\u00adter qu\u2019il ne tombe \u00e9ven\u00adtuel\u00adle\u00adment du pla\u00adfond de la grotte.&nbsp;<\/p>\n\n<p>Le site de la danse des sor\u00adci\u00e8res, situ\u00e9 au-des\u00adsus de ce tun\u00adnel fer\u00adro\u00adviaire, est un ancien site cultu\u00adrel des Chattes, bap\u00adti\u00ads\u00e9 \u00ab&nbsp;Him\u00admel\u00adreich&nbsp;\u00bb par les moines du monas\u00adt\u00e8re de Walkenried.<\/p>\n\n<p>Le meilleur point de d\u00e9part pour une ran\u00addon\u00adn\u00e9e vers le site de danse des sor\u00adci\u00e8res d\u2019Ell\u00adrich est le par\u00adking gra\u00adtuit du monas\u00adt\u00e8re de Wal\u00adken\u00adried. De l\u00e0, apr\u00e8s 2,3&nbsp;km, tu attein\u00addras le point de poin\u00adtage avec une vue magni\u00adfique sur Ellrich.&nbsp;<\/p>\n\n<p><strong>Ne te gare en aucun cas sur le par\u00adking du m\u00e9mo\u00adrial d\u2019Ellrich-Juliush\u00fctte&nbsp;!<\/strong><\/p>\n","protected":false},"excerpt":{"rendered":"<p>Le site de la danse des sor\u00adci\u00e8res, \u00e9ga\u00adle\u00adment appe\u00adl\u00e9 \u00ab&nbsp;Ell\u00adri\u00adcher Blick&nbsp;\u00bb, se trouve dans la r\u00e9serve natu\u00adrelle \u00ab&nbsp;Itel\u00adteich&nbsp;\u00bb sur le mas\u00adsif de gypse \u00ab&nbsp;Him\u00admel\u00adreich&nbsp;\u00bb, qui se trouve entre Wal\u00adken\u00adried et Ell\u00adrich. Depuis 1949, cette zone d\u2019\u00e9\u00adtangs, de for\u00eats et de rochers de 120&nbsp;hec\u00adtares est pro\u00adt\u00e9\u00adg\u00e9e. Les esp\u00e8ces ani\u00admales par\u00adti\u00adcu\u00adli\u00e8res sont le grand-duc d\u2019Eu\u00adrope ain\u00adsi&nbsp;que&nbsp;[\u2026]<\/p>\n","protected":false},"author":11,"featured_media":18977,"parent":17801,"menu_order":10167,"comment_status":"closed","ping_status":"closed","template":"","meta":{"_seopress_robots_primary_cat":"","_seopress_titles_title":"","_seopress_titles_desc":"","_seopress_robots_index":"","wp_typography_post_enhancements_disabled":false,"iawp_total_views":1,"footnotes":""},"hf_cat_page":[120],"class_list":["post-18974","page","type-page","status-publish","has-post-thumbnail"],"blocksy_meta":[],"_links":{"self":[{"href":"https:\/\/www.harzer-wandernadel.de\/fr\/wp-json\/wp\/v2\/pages\/18974","targetHints":{"allow":["GET"]}}],"collection":[{"href":"https:\/\/www.harzer-wandernadel.de\/fr\/wp-json\/wp\/v2\/pages"}],"about":[{"href":"https:\/\/www.harzer-wandernadel.de\/fr\/wp-json\/wp\/v2\/types\/page"}],"author":[{"embeddable":true,"href":"https:\/\/www.harzer-wandernadel.de\/fr\/wp-json\/wp\/v2\/users\/11"}],"replies":[{"embeddable":true,"href":"https:\/\/www.harzer-wandernadel.de\/fr\/wp-json\/wp\/v2\/comments?post=18974"}],"version-history":[{"count":1,"href":"https:\/\/www.harzer-wandernadel.de\/fr\/wp-json\/wp\/v2\/pages\/18974\/revisions"}],"predecessor-version":[{"id":18978,"href":"https:\/\/www.harzer-wandernadel.de\/fr\/wp-json\/wp\/v2\/pages\/18974\/revisions\/18978"}],"up":[{"embeddable":true,"href":"https:\/\/www.harzer-wandernadel.de\/fr\/wp-json\/wp\/v2\/pages\/17801"}],"wp:featuredmedia":[{"embeddable":true,"href":"https:\/\/www.harzer-wandernadel.de\/fr\/wp-json\/wp\/v2\/media\/18977"}],"wp:attachment":[{"href":"https:\/\/www.harzer-wandernadel.de\/fr\/wp-json\/wp\/v2\/media?parent=18974"}],"wp:term":[{"taxonomy":"hf_cat_page","embeddable":true,"href":"https:\/\/www.harzer-wandernadel.de\/fr\/wp-json\/wp\/v2\/hf_cat_page?post=18974"}],"curies":[{"name":"wp","href":"https:\/\/api.w.org\/{rel}","templated":true}]}}