{"id":18961,"date":"2016-02-19T15:26:29","date_gmt":"2016-02-19T14:26:29","guid":{"rendered":"https:\/\/www.harzer-wandernadel.de\/pointage\/carte-generale\/poincon-179-iv-friedrichshammer\/"},"modified":"2026-01-29T12:52:28","modified_gmt":"2026-01-29T11:52:28","slug":"poincon-179-iv-friedrichshammer","status":"publish","type":"page","link":"https:\/\/www.harzer-wandernadel.de\/fr\/pointage\/carte-generale\/poincon-179-iv-friedrichshammer\/","title":{"rendered":"Poin\u00e7on 179 \/ IV. Friedrichshammer"},"content":{"rendered":"\n<h2 class=\"wp-block-heading\">Le IV. Friedrichshammer se trouve dans la vall\u00e9e de la Selke entre M\u00e4gdesprung et le centre scout.<\/h2>\n\n<div class=\"wp-block-stackable-image alignwide stk-block-image stk-block stk-89e1006\" data-block-id=\"89e1006\"><style>.stk-89e1006 {margin-top:3% !important;margin-bottom:3% !important;}<\/style><figure><span class=\"stk-img-wrapper stk-image--shape-stretch stk--has-lightbox\"><img decoding=\"async\" width=\"900\" height=\"600\" src=\"https:\/\/www.harzer-wandernadel.de\/wp-content\/uploads\/2016\/02\/IV.-Hammer.jpg\" class=\"attachment-full size-full wp-post-image\" alt srcset=\"https:\/\/www.harzer-wandernadel.de\/wp-content\/uploads\/2016\/02\/IV.-Hammer.jpg 900w, https:\/\/www.harzer-wandernadel.de\/wp-content\/uploads\/2016\/02\/IV.-Hammer-300x200.jpg 300w, https:\/\/www.harzer-wandernadel.de\/wp-content\/uploads\/2016\/02\/IV.-Hammer-768x512.jpg 768w, https:\/\/www.harzer-wandernadel.de\/wp-content\/uploads\/2016\/02\/IV.-Hammer-250x167.jpg 250w, https:\/\/www.harzer-wandernadel.de\/wp-content\/uploads\/2016\/02\/IV.-Hammer-624x416.jpg 624w\" sizes=\"(max-width: 900px) 100vw, 900px\"><\/span><\/figure><\/div>\n\n<p>Sous le prince Frie\u00addrich von Anhalt-Harz\u00adge\u00adrode, une usine sid\u00e9\u00adrur\u00adgique a&nbsp;\u00e9t\u00e9 construite en 1646 et quatre mar\u00adte\u00adli\u00e8res ont \u00e9t\u00e9 ins\u00adtal\u00adl\u00e9es le long de la Selke&nbsp;: Frie\u00addrich\u00adsham\u00admer I&nbsp;\u00e0 IV. Sur ces quatre sites des anciennes mar\u00adte\u00adli\u00e8res, les lotis\u00adse\u00adments fon\u00add\u00e9s \u00e0&nbsp;l\u2019\u00e9\u00adpoque existent encore aujourd\u2019\u00adhui et sont appe\u00adl\u00e9s Ham\u00admer 1&nbsp;\u00e0 4.<\/p>\n\n<p>Au IVe Ham\u00admer, la famille Klock a&nbsp;construit en 2010 une auberge fores\u00adti\u00e8re dans une ancienne grange construite en 1857 avec des ardoises locales. L\u2019\u00e9\u00adta\u00adblis\u00adse\u00adment fami\u00adlial pro\u00adpose un caf\u00e9 avec un jar\u00addin de caf\u00e9, un res\u00adtau\u00adrant avec des plats v\u00e9g\u00e9\u00adta\u00adriens et v\u00e9g\u00e9\u00adta\u00adliens, un four\u00adnil, des appar\u00adte\u00adments de vacances et des chambres.&nbsp;<\/p>\n\n<div class=\"wp-block-buttons is-layout-flex wp-block-buttons-is-layout-flex\">\n<div class=\"wp-block-button\"><a class=\"wp-block-button__link wp-element-button\" href=\"http:\/\/www.harz-ferienwohnungen.com\/\" target=\"_blank\" rel=\"noreferrer noopener\">Appar\u00adte\u00adments de vacances en&nbsp;Harz<\/a><\/div>\n<\/div>\n\n<p>A M\u00e4g\u00addes\u00adprung, l\u2019u\u00adsine \u00ab&nbsp;Carls\u00adwerk&nbsp;\u00bb domine l\u2019en\u00adtr\u00e9e de la rue menant \u00e0&nbsp;la val\u00adl\u00e9e de la Selke en tant que b\u00e2ti\u00adment unique. L\u2019a\u00adte\u00adlier de trois \u00e9tages de l\u2019an\u00adcienne usine sid\u00e9\u00adrur\u00adgique de M\u00e4g\u00addes\u00adprung t\u00e9moigne de la culture indus\u00adtrielle et d\u2019une archi\u00adtec\u00adture indus\u00adtrielle repr\u00e9\u00adsen\u00adta\u00adtive. En 1865, l\u2019a\u00adte\u00adlier a&nbsp;\u00e9t\u00e9 construit pour fabri\u00adquer des machines sp\u00e9\u00adciales pour le tra\u00advail du m\u00e9tal, le tra\u00advail du bois avec comme point fort la \u00ab&nbsp;construc\u00adtion de portes de sciage&nbsp;\u00bb \u00e0&nbsp;c\u00f4t\u00e9 de l\u2019an\u00adcienne zone indus\u00adtrielle de l\u2019u\u00adsine Carls qui exis\u00adtait depuis 1827.&nbsp;<\/p>\n\n<p>De l\u00e0, tu suis le sen\u00adtier bien indi\u00adqu\u00e9 de la val\u00adl\u00e9e de la Selke \u00e0&nbsp;tra\u00advers la val\u00adl\u00e9e roman\u00adtique de la Selke, en pas\u00adsant par la \u00ab&nbsp;gale\u00adrie de l\u2019h\u00e9\u00adri\u00adtage du duc Alexis&nbsp;\u00bb jus\u00adqu\u2019au mar\u00adteau&nbsp;IV.<\/p>\n","protected":false},"excerpt":{"rendered":"<p>Le IV. Frie\u00addrich\u00adsham\u00admer se trouve dans la val\u00adl\u00e9e de la Selke entre M\u00e4g\u00addes\u00adprung et le centre scout. Sous le prince Frie\u00addrich von Anhalt-Harz\u00ad\u00adge\u00ad\u00adrode, une usine sid\u00e9\u00adrur\u00adgique a&nbsp;\u00e9t\u00e9 construite en 1646 et quatre mar\u00adte\u00adli\u00e8res ont \u00e9t\u00e9 ins\u00adtal\u00adl\u00e9es le long de la Selke&nbsp;: Frie\u00addrich\u00adsham\u00admer I&nbsp;\u00e0&nbsp;IV. Sur ces quatre sites des anciennes mar\u00adte\u00adli\u00e8res, les lotis\u00adse\u00adments fon\u00add\u00e9s \u00e0&nbsp;l\u2019\u00e9\u00adpoque [\u2026]<\/p>\n","protected":false},"author":11,"featured_media":18963,"parent":17801,"menu_order":10179,"comment_status":"closed","ping_status":"closed","template":"","meta":{"_seopress_robots_primary_cat":"","_seopress_titles_title":"","_seopress_titles_desc":"","_seopress_robots_index":"","wp_typography_post_enhancements_disabled":false,"iawp_total_views":0,"footnotes":""},"hf_cat_page":[120],"class_list":["post-18961","page","type-page","status-publish","has-post-thumbnail"],"blocksy_meta":[],"_links":{"self":[{"href":"https:\/\/www.harzer-wandernadel.de\/fr\/wp-json\/wp\/v2\/pages\/18961","targetHints":{"allow":["GET"]}}],"collection":[{"href":"https:\/\/www.harzer-wandernadel.de\/fr\/wp-json\/wp\/v2\/pages"}],"about":[{"href":"https:\/\/www.harzer-wandernadel.de\/fr\/wp-json\/wp\/v2\/types\/page"}],"author":[{"embeddable":true,"href":"https:\/\/www.harzer-wandernadel.de\/fr\/wp-json\/wp\/v2\/users\/11"}],"replies":[{"embeddable":true,"href":"https:\/\/www.harzer-wandernadel.de\/fr\/wp-json\/wp\/v2\/comments?post=18961"}],"version-history":[{"count":1,"href":"https:\/\/www.harzer-wandernadel.de\/fr\/wp-json\/wp\/v2\/pages\/18961\/revisions"}],"predecessor-version":[{"id":18964,"href":"https:\/\/www.harzer-wandernadel.de\/fr\/wp-json\/wp\/v2\/pages\/18961\/revisions\/18964"}],"up":[{"embeddable":true,"href":"https:\/\/www.harzer-wandernadel.de\/fr\/wp-json\/wp\/v2\/pages\/17801"}],"wp:featuredmedia":[{"embeddable":true,"href":"https:\/\/www.harzer-wandernadel.de\/fr\/wp-json\/wp\/v2\/media\/18963"}],"wp:attachment":[{"href":"https:\/\/www.harzer-wandernadel.de\/fr\/wp-json\/wp\/v2\/media?parent=18961"}],"wp:term":[{"taxonomy":"hf_cat_page","embeddable":true,"href":"https:\/\/www.harzer-wandernadel.de\/fr\/wp-json\/wp\/v2\/hf_cat_page?post=18961"}],"curies":[{"name":"wp","href":"https:\/\/api.w.org\/{rel}","templated":true}]}}