{"id":18945,"date":"2016-02-11T12:24:23","date_gmt":"2016-02-11T11:24:23","guid":{"rendered":"https:\/\/www.harzer-wandernadel.de\/pointage\/carte-generale\/pointage-11-eckerloch\/"},"modified":"2026-02-28T14:42:08","modified_gmt":"2026-02-28T13:42:08","slug":"pointage-11-eckerloch","status":"publish","type":"page","link":"https:\/\/www.harzer-wandernadel.de\/fr\/pointage\/carte-generale\/pointage-11-eckerloch\/","title":{"rendered":"Pointage 11 \/ Eckerloch"},"content":{"rendered":"\n<h2 class=\"wp-block-heading\">L\u2019Eckerloch (845&nbsp;m&nbsp;d\u2019altitude) est un creux de vall\u00e9e \u00e0&nbsp;Schierke. Le sentier de randonn\u00e9e \u00e0&nbsp;travers l\u2019Eckerloch compte parmi les plus beaux sentiers de randonn\u00e9e du&nbsp;Harz.&nbsp;<\/h2>\n\n<div class=\"wp-block-stackable-image alignwide stk-block-image stk-block stk-89e1006\" data-block-id=\"89e1006\"><style>.stk-89e1006 {margin-top:3% !important;margin-bottom:3% !important;}<\/style><figure><span class=\"stk-img-wrapper stk-image--shape-stretch stk--has-lightbox\"><img decoding=\"async\" width=\"700\" height=\"525\" src=\"https:\/\/www.harzer-wandernadel.de\/wp-content\/uploads\/2016\/02\/Eckerloch-1.jpg\" class=\"attachment-full size-full wp-post-image\" alt srcset=\"https:\/\/www.harzer-wandernadel.de\/wp-content\/uploads\/2016\/02\/Eckerloch-1.jpg 700w, https:\/\/www.harzer-wandernadel.de\/wp-content\/uploads\/2016\/02\/Eckerloch-1-300x225.jpg 300w, https:\/\/www.harzer-wandernadel.de\/wp-content\/uploads\/2016\/02\/Eckerloch-1-624x468.jpg 624w\" sizes=\"(max-width: 700px) 100vw, 700px\"><\/span><\/figure><\/div>\n\n<p>L\u2019his\u00adtoire du trem\u00adplin d\u2019E\u00adcker\u00adloch com\u00admence au d\u00e9but des ann\u00e9es 20, lorsque les skieurs de Schierk ont aban\u00addon\u00adn\u00e9 le trem\u00adplin de la pente sud du Erd\u00adbeer\u00adkopf et ont cher\u00adch\u00e9 un endroit pour construire un nou\u00adveau trem\u00adplin \u00e0&nbsp;l\u2019a\u00adbri de la&nbsp;neige.<\/p>\n\n<p>En 1923, la chambre prin\u00adci\u00e8re de Stol\u00adberg Wer\u00adni\u00adger\u00f6d leur a&nbsp;c\u00e9d\u00e9 l\u2019E\u00adcker\u00adloch pour y&nbsp;construire un trem\u00adplin de saut, et celui-ci a&nbsp;fait par\u00adtie des trem\u00adplins de ski renom\u00adm\u00e9s du Harz dans les ann\u00e9es qui ont&nbsp;suivi.<\/p>\n\n<p>En 1950, le pre\u00admier cham\u00adpion\u00adnat de saut \u00e0&nbsp;ski de la RDA y&nbsp;a eu lieu, apr\u00e8s avoir \u00e9t\u00e9 recons\u00adtruit en 1949. En m\u00eame temps, le trem\u00adplin a&nbsp;\u00e9t\u00e9 bap\u00adti\u00ads\u00e9 \u00ab&nbsp;trem\u00adplin de l\u2019unit\u00e9&nbsp;\u00bb.&nbsp;<\/p>\n\n<p>Mal\u00adheu\u00adreu\u00adse\u00adment, l\u2019\u00e9\u00advo\u00adlu\u00adtion poli\u00adtique de l\u2019Al\u00adle\u00admagne \u00e0&nbsp;l\u2019\u00e9\u00adpoque ne per\u00admet\u00adtait pas l\u2019u\u00adni\u00adt\u00e9 au fur et \u00e0&nbsp;mesure que le temps pas\u00adsait, et avec la construc\u00adtion du mur de Ber\u00adlin en 1961 et la divi\u00adsion in\u00e9vi\u00adtable de l\u2019Al\u00adle\u00admagne, leur des\u00adtin \u00e9tait scell\u00e9.<\/p>\n\n<p>En rai\u00adson de sa situa\u00adtion dans la zone fron\u00adta\u00adli\u00e8re imm\u00e9\u00addiate de la RDA, elle ne pou\u00advait plus \u00eatre uti\u00adli\u00ads\u00e9e, se d\u00e9gra\u00addait au fil du temps et a&nbsp;fina\u00adle\u00adment \u00e9t\u00e9 d\u00e9mo\u00adlie dans les ann\u00e9es 70.<\/p>\n\n<p>Depuis Schierke, il faut d\u2019a\u00adbord suivre la route du Bro\u00adcken jus\u00adqu\u2019\u00e0 ce que le sen\u00adtier de l\u2019E\u00adcker\u00adloch bifurque \u00e0&nbsp;droite au niveau d\u2019une petite usine hydrau\u00adlique. A&nbsp;par\u00adtir de l\u2019aire de repos dans l\u2019E\u00adcker\u00adloch pr\u00e8s de laquelle se trouve la bo\u00eete \u00e0&nbsp;tam\u00adpons dans le refuge, le che\u00admin devient net\u00adte\u00adment plus raide et plus caillouteux.&nbsp;<\/p>\n","protected":false},"excerpt":{"rendered":"<p>L\u2019Eckerloch (845&nbsp;m&nbsp;d\u2019altitude) est un creux de val\u00adl\u00e9e \u00e0&nbsp;Schierke. Le sen\u00adtier de ran\u00addon\u00adn\u00e9e \u00e0&nbsp;tra\u00advers l\u2019Eckerloch compte par\u00admi les plus beaux sen\u00adtiers de ran\u00addon\u00adn\u00e9e du&nbsp;Harz.&nbsp; L\u2019his\u00adtoire du trem\u00adplin d\u2019E\u00adcker\u00adloch com\u00admence au d\u00e9but des ann\u00e9es 20, lorsque les skieurs de Schierk ont aban\u00addon\u00adn\u00e9 le trem\u00adplin de la pente sud du Erd\u00adbeer\u00adkopf et ont cher\u00adch\u00e9 un endroit pour construire&nbsp;[\u2026]<\/p>\n","protected":false},"author":11,"featured_media":18947,"parent":17801,"menu_order":10011,"comment_status":"closed","ping_status":"closed","template":"","meta":{"_seopress_robots_primary_cat":"","_seopress_titles_title":"","_seopress_titles_desc":"D\u00e9couvre l'Eckerloch \u00e0 Schierke : l'un des plus beaux sentiers de randonn\u00e9e du Harz avec l'histoire passionnante du tremplin de ski et la nature \u00e0 l'\u00e9tat pur.","_seopress_robots_index":"","wp_typography_post_enhancements_disabled":false,"iawp_total_views":0,"footnotes":""},"hf_cat_page":[120],"class_list":["post-18945","page","type-page","status-publish","has-post-thumbnail"],"blocksy_meta":[],"_links":{"self":[{"href":"https:\/\/www.harzer-wandernadel.de\/fr\/wp-json\/wp\/v2\/pages\/18945","targetHints":{"allow":["GET"]}}],"collection":[{"href":"https:\/\/www.harzer-wandernadel.de\/fr\/wp-json\/wp\/v2\/pages"}],"about":[{"href":"https:\/\/www.harzer-wandernadel.de\/fr\/wp-json\/wp\/v2\/types\/page"}],"author":[{"embeddable":true,"href":"https:\/\/www.harzer-wandernadel.de\/fr\/wp-json\/wp\/v2\/users\/11"}],"replies":[{"embeddable":true,"href":"https:\/\/www.harzer-wandernadel.de\/fr\/wp-json\/wp\/v2\/comments?post=18945"}],"version-history":[{"count":1,"href":"https:\/\/www.harzer-wandernadel.de\/fr\/wp-json\/wp\/v2\/pages\/18945\/revisions"}],"predecessor-version":[{"id":18948,"href":"https:\/\/www.harzer-wandernadel.de\/fr\/wp-json\/wp\/v2\/pages\/18945\/revisions\/18948"}],"up":[{"embeddable":true,"href":"https:\/\/www.harzer-wandernadel.de\/fr\/wp-json\/wp\/v2\/pages\/17801"}],"wp:featuredmedia":[{"embeddable":true,"href":"https:\/\/www.harzer-wandernadel.de\/fr\/wp-json\/wp\/v2\/media\/18947"}],"wp:attachment":[{"href":"https:\/\/www.harzer-wandernadel.de\/fr\/wp-json\/wp\/v2\/media?parent=18945"}],"wp:term":[{"taxonomy":"hf_cat_page","embeddable":true,"href":"https:\/\/www.harzer-wandernadel.de\/fr\/wp-json\/wp\/v2\/hf_cat_page?post=18945"}],"curies":[{"name":"wp","href":"https:\/\/api.w.org\/{rel}","templated":true}]}}