{"id":18921,"date":"2016-02-16T14:35:47","date_gmt":"2016-02-16T13:35:47","guid":{"rendered":"https:\/\/www.harzer-wandernadel.de\/pointage\/carte-generale\/pointage-40-chute-deau-de-koenigshuet\/"},"modified":"2026-02-28T14:42:21","modified_gmt":"2026-02-28T13:42:21","slug":"pointage-40-chute-deau-de-koenigshuet","status":"publish","type":"page","link":"https:\/\/www.harzer-wandernadel.de\/fr\/pointage\/carte-generale\/pointage-40-chute-deau-de-koenigshuet\/","title":{"rendered":"Pointage 40 \/ Chute d\u2019eau de K\u00f6nigsh\u00fct"},"content":{"rendered":"\n<h2 class=\"wp-block-heading\">La cascade de K\u00f6nigsh\u00fctter (496&nbsp;m&nbsp;d\u2019altitude) se trouve pr\u00e8s de la route nationale 27 dans le quartier de Rotheh\u00fctte, non loin du pont de chemin de fer du R\u00fcbelandbahn.<\/h2>\n\n<div class=\"wp-block-stackable-image alignwide stk-block-image stk-block stk-89e1006\" data-block-id=\"89e1006\"><style>.stk-89e1006 {margin-top:3% !important;margin-bottom:3% !important;}<\/style><figure><span class=\"stk-img-wrapper stk-image--shape-stretch stk--has-lightbox\"><img decoding=\"async\" width=\"900\" height=\"600\" src=\"https:\/\/www.harzer-wandernadel.de\/wp-content\/uploads\/2016\/02\/K\u00f6nigsh\u00fctter-Wasserfall-1.jpg\" class=\"attachment-full size-full wp-post-image\" alt srcset=\"https:\/\/www.harzer-wandernadel.de\/wp-content\/uploads\/2016\/02\/K\u00f6nigsh\u00fctter-Wasserfall-1.jpg 900w, https:\/\/www.harzer-wandernadel.de\/wp-content\/uploads\/2016\/02\/K\u00f6nigsh\u00fctter-Wasserfall-1-300x200.jpg 300w, https:\/\/www.harzer-wandernadel.de\/wp-content\/uploads\/2016\/02\/K\u00f6nigsh\u00fctter-Wasserfall-1-768x512.jpg 768w, https:\/\/www.harzer-wandernadel.de\/wp-content\/uploads\/2016\/02\/K\u00f6nigsh\u00fctter-Wasserfall-1-624x416.jpg 624w\" sizes=\"(max-width: 900px) 100vw, 900px\"><\/span><\/figure><\/div>\n\n<p>La chute d\u2019eau, am\u00e9\u00adna\u00adg\u00e9e arti\u00adfi\u00adciel\u00adle\u00adment dans une ancienne car\u00adri\u00e8re, tombe d\u2019une ving\u00adtaine de m\u00e8tres dans le vide par-des\u00adsus un rocher et est d\u00e9j\u00e0 visible depuis la route. A&nbsp;gauche de la chute d\u2019eau, tu suis le sen\u00adtier \u00e9troit et tu arrives \u00e0&nbsp;une aire de repos avec le tampon.&nbsp;<\/p>\n\n<p>Il est conseill\u00e9 de conti\u00adnuer la ran\u00addon\u00adn\u00e9e jus\u00adqu\u2019\u00e0 la <a href=\"https:\/\/www.harzer-wandernadel.de\/fr\/pointage\/carte-generale\/pointage-41-ruine-koenigsburg\/\" data-type=\"page\" data-id=\"715\">ruine du ch\u00e2\u00adteau de K\u00f6nig\u00adsburg HWN 41<\/a> et jus\u00adqu\u2019au <a href=\"https:\/\/www.harzer-wandernadel.de\/fr\/pointage\/carte-generale\/pointage-42-pont-de-trogfurther\/\" data-type=\"page\" data-id=\"717\">pont de Trog\u00adfur\u00adther HWN 42<\/a>.<b> <\/b><\/p>\n\n<div class=\"wp-block-buttons is-layout-flex wp-block-buttons-is-layout-flex\">\n<div class=\"wp-block-button\"><a class=\"wp-block-button__link wp-element-button\" href=\"https:\/\/harzer-bergwald.de\/index.php\/wandertouren\/romantiktouren\/22-rund-um-koenigshuette\" target=\"_blank\" rel=\"noreferrer noopener\">Sug\u00adges\u00adtion de cir\u00adcuit For\u00eat de mon\u00adtagne du&nbsp;Harz&nbsp;\u00bb<\/a><\/div>\n<\/div>\n","protected":false},"excerpt":{"rendered":"<p>La cas\u00adcade de K\u00f6nig\u00adsh\u00fct\u00adter (496&nbsp;m&nbsp;d\u2019altitude) se trouve pr\u00e8s de la route natio\u00adnale 27 dans le quar\u00adtier de Rotheh\u00fctte, non loin du pont de che\u00admin de fer du R\u00fcbe\u00adland\u00adbahn. La chute d\u2019eau, am\u00e9\u00adna\u00adg\u00e9e arti\u00adfi\u00adciel\u00adle\u00adment dans une ancienne car\u00adri\u00e8re, tombe d\u2019une ving\u00adtaine de m\u00e8tres dans le vide par-des\u00ad\u00adsus un rocher et est d\u00e9j\u00e0 visible depuis la&nbsp;route.&nbsp;[\u2026]<\/p>\n","protected":false},"author":11,"featured_media":18923,"parent":17801,"menu_order":10040,"comment_status":"closed","ping_status":"closed","template":"","meta":{"_seopress_robots_primary_cat":"","_seopress_titles_title":"","_seopress_titles_desc":"","_seopress_robots_index":"","wp_typography_post_enhancements_disabled":false,"iawp_total_views":0,"footnotes":""},"hf_cat_page":[120],"class_list":["post-18921","page","type-page","status-publish","has-post-thumbnail"],"blocksy_meta":[],"_links":{"self":[{"href":"https:\/\/www.harzer-wandernadel.de\/fr\/wp-json\/wp\/v2\/pages\/18921","targetHints":{"allow":["GET"]}}],"collection":[{"href":"https:\/\/www.harzer-wandernadel.de\/fr\/wp-json\/wp\/v2\/pages"}],"about":[{"href":"https:\/\/www.harzer-wandernadel.de\/fr\/wp-json\/wp\/v2\/types\/page"}],"author":[{"embeddable":true,"href":"https:\/\/www.harzer-wandernadel.de\/fr\/wp-json\/wp\/v2\/users\/11"}],"replies":[{"embeddable":true,"href":"https:\/\/www.harzer-wandernadel.de\/fr\/wp-json\/wp\/v2\/comments?post=18921"}],"version-history":[{"count":2,"href":"https:\/\/www.harzer-wandernadel.de\/fr\/wp-json\/wp\/v2\/pages\/18921\/revisions"}],"predecessor-version":[{"id":24742,"href":"https:\/\/www.harzer-wandernadel.de\/fr\/wp-json\/wp\/v2\/pages\/18921\/revisions\/24742"}],"up":[{"embeddable":true,"href":"https:\/\/www.harzer-wandernadel.de\/fr\/wp-json\/wp\/v2\/pages\/17801"}],"wp:featuredmedia":[{"embeddable":true,"href":"https:\/\/www.harzer-wandernadel.de\/fr\/wp-json\/wp\/v2\/media\/18923"}],"wp:attachment":[{"href":"https:\/\/www.harzer-wandernadel.de\/fr\/wp-json\/wp\/v2\/media?parent=18921"}],"wp:term":[{"taxonomy":"hf_cat_page","embeddable":true,"href":"https:\/\/www.harzer-wandernadel.de\/fr\/wp-json\/wp\/v2\/hf_cat_page?post=18921"}],"curies":[{"name":"wp","href":"https:\/\/api.w.org\/{rel}","templated":true}]}}