{"id":18891,"date":"2016-02-17T13:04:55","date_gmt":"2016-02-17T12:04:55","guid":{"rendered":"https:\/\/www.harzer-wandernadel.de\/pointage\/carte-generale\/pointage-48-stierbergsteich\/"},"modified":"2026-02-28T14:42:25","modified_gmt":"2026-02-28T13:42:25","slug":"pointage-48-stierbergsteich","status":"publish","type":"page","link":"https:\/\/www.harzer-wandernadel.de\/fr\/pointage\/carte-generale\/pointage-48-stierbergsteich\/","title":{"rendered":"Pointage 48 \/ Stierbergsteich"},"content":{"rendered":"\n<h2 class=\"wp-block-heading\">L\u2019\u00e9tang Stierbergsteich (550&nbsp;m&nbsp;d\u2019altitude) se trouve entre Sophienhof, Rothes\u00fctte et Benneckenstein.<\/h2>\n\n<div class=\"wp-block-stackable-image alignwide stk-block-image stk-block stk-89e1006\" data-block-id=\"89e1006\"><style>.stk-89e1006 {margin-top:3% !important;margin-bottom:3% !important;}<\/style><figure><span class=\"stk-img-wrapper stk-image--shape-stretch stk--has-lightbox\"><img decoding=\"async\" width=\"1024\" height=\"768\" src=\"https:\/\/www.harzer-wandernadel.de\/wp-content\/uploads\/2016\/02\/HWN-Stierbergsteich-Horst-M\u00fcller.jpg\" class=\"attachment-full size-full wp-post-image\" alt=\"Paysage forestier verdoyant avec \u00e9tang et prairie\" srcset=\"https:\/\/www.harzer-wandernadel.de\/wp-content\/uploads\/2016\/02\/HWN-Stierbergsteich-Horst-M\u00fcller.jpg 1024w, https:\/\/www.harzer-wandernadel.de\/wp-content\/uploads\/2016\/02\/HWN-Stierbergsteich-Horst-M\u00fcller-300x225.jpg 300w, https:\/\/www.harzer-wandernadel.de\/wp-content\/uploads\/2016\/02\/HWN-Stierbergsteich-Horst-M\u00fcller-768x576.jpg 768w, https:\/\/www.harzer-wandernadel.de\/wp-content\/uploads\/2016\/02\/HWN-Stierbergsteich-Horst-M\u00fcller-250x188.jpg 250w, https:\/\/www.harzer-wandernadel.de\/wp-content\/uploads\/2016\/02\/HWN-Stierbergsteich-Horst-M\u00fcller-624x468.jpg 624w\" sizes=\"(max-width: 1024px) 100vw, 1024px\"><\/span><\/figure><\/div>\n\n<p>Comme la plu\u00adpart des \u00e9tangs du Harz, celui-ci n\u2019est pas d\u2019o\u00adri\u00adgine natu\u00adrelle. Il a&nbsp;\u00e9t\u00e9 cr\u00e9\u00e9 arti\u00adfi\u00adciel\u00adle\u00adment pour accu\u00admu\u00adler l\u2019eau d\u2019im\u00adpact pour la roue \u00e0&nbsp;eau situ\u00e9e en aval de l\u2019\u00e9\u00adtang. Elle ser\u00advait \u00e0&nbsp;faire fonc\u00adtion\u00adner les pompes qui extra\u00adyaient l\u2019eau des puits de mine. Autour de Ben\u00adne\u00adcken\u00adstein, l\u2019ex\u00adploi\u00adta\u00adtion mini\u00e8re \u00e9tait prin\u00adci\u00adpa\u00adle\u00adment ax\u00e9e sur le mine\u00adrai de fer&nbsp;rouge.&nbsp;<\/p>\n\n<p>La fron\u00adti\u00e8re entre la Saxe-Anhalt et la Thu\u00adringe tra\u00adverse l\u2019\u00e9\u00adtang situ\u00e9 dans un cadre idyl\u00adlique. La bo\u00eete \u00e0&nbsp;tam\u00adpons se trouve dans le refuge.&nbsp;<\/p>\n\n<p>Il est recom\u00adman\u00add\u00e9 de com\u00adbi\u00adner cette ran\u00addon\u00adn\u00e9e avec une visite \u00e0&nbsp;la <a href=\"https:\/\/www.harzer-wandernadel.de\/fr\/pointage\/carte-generale\/poinconnage-97-ziegenalm-sophienhof\/\" data-type=\"page\" data-id=\"1067\">ch\u00e8\u00advre\u00adrie HWN 97<\/a> et de faire la ran\u00addon\u00adn\u00e9e de 3,5&nbsp;km \u00e0&nbsp;par\u00adtir de Sophien\u00adhof jus\u00adqu\u2019\u00e0 l\u2019\u00e9\u00adtang Stierbergsteich.<\/p>\n\n<div class=\"wp-block-buttons is-layout-flex wp-block-buttons-is-layout-flex\">\n<div class=\"wp-block-button\"><a class=\"wp-block-button__link wp-element-button\" href=\"https:\/\/harzer-bergwald.de\/index.php\/wandertouren\/abenteuertouren\/40-unterwegs-zwischen-sophienhof-und-trautenstein\" target=\"_blank\" rel=\"noreferrer noopener\">Sug\u00adges\u00adtion de cir\u00adcuit For\u00eat de mon\u00adtagne du&nbsp;Harz&nbsp;\u00bb<\/a><\/div>\n<\/div>\n","protected":false},"excerpt":{"rendered":"<p>L\u2019\u00e9tang Stier\u00adberg\u00adsteich (550&nbsp;m&nbsp;d\u2019altitude) se trouve entre Sophien\u00adhof, Rothes\u00fctte et Ben\u00adne\u00adcken\u00adstein. Comme la plu\u00adpart des \u00e9tangs du Harz, celui-ci n\u2019est pas d\u2019o\u00adri\u00adgine natu\u00adrelle. Il a&nbsp;\u00e9t\u00e9 cr\u00e9\u00e9 arti\u00adfi\u00adciel\u00adle\u00adment pour accu\u00admu\u00adler l\u2019eau d\u2019im\u00adpact pour la roue \u00e0&nbsp;eau situ\u00e9e en aval de l\u2019\u00e9\u00adtang. Elle ser\u00advait \u00e0&nbsp;faire fonc\u00adtion\u00adner les pompes qui extra\u00adyaient l\u2019eau des puits de mine. Autour de Benneckenstein,&nbsp;[\u2026]<\/p>\n","protected":false},"author":11,"featured_media":18894,"parent":17801,"menu_order":10048,"comment_status":"closed","ping_status":"closed","template":"","meta":{"_seopress_robots_primary_cat":"","_seopress_titles_title":"","_seopress_titles_desc":"","_seopress_robots_index":"","wp_typography_post_enhancements_disabled":false,"iawp_total_views":3,"footnotes":""},"hf_cat_page":[120],"class_list":["post-18891","page","type-page","status-publish","has-post-thumbnail"],"blocksy_meta":[],"_links":{"self":[{"href":"https:\/\/www.harzer-wandernadel.de\/fr\/wp-json\/wp\/v2\/pages\/18891","targetHints":{"allow":["GET"]}}],"collection":[{"href":"https:\/\/www.harzer-wandernadel.de\/fr\/wp-json\/wp\/v2\/pages"}],"about":[{"href":"https:\/\/www.harzer-wandernadel.de\/fr\/wp-json\/wp\/v2\/types\/page"}],"author":[{"embeddable":true,"href":"https:\/\/www.harzer-wandernadel.de\/fr\/wp-json\/wp\/v2\/users\/11"}],"replies":[{"embeddable":true,"href":"https:\/\/www.harzer-wandernadel.de\/fr\/wp-json\/wp\/v2\/comments?post=18891"}],"version-history":[{"count":2,"href":"https:\/\/www.harzer-wandernadel.de\/fr\/wp-json\/wp\/v2\/pages\/18891\/revisions"}],"predecessor-version":[{"id":24758,"href":"https:\/\/www.harzer-wandernadel.de\/fr\/wp-json\/wp\/v2\/pages\/18891\/revisions\/24758"}],"up":[{"embeddable":true,"href":"https:\/\/www.harzer-wandernadel.de\/fr\/wp-json\/wp\/v2\/pages\/17801"}],"wp:featuredmedia":[{"embeddable":true,"href":"https:\/\/www.harzer-wandernadel.de\/fr\/wp-json\/wp\/v2\/media\/18894"}],"wp:attachment":[{"href":"https:\/\/www.harzer-wandernadel.de\/fr\/wp-json\/wp\/v2\/media?parent=18891"}],"wp:term":[{"taxonomy":"hf_cat_page","embeddable":true,"href":"https:\/\/www.harzer-wandernadel.de\/fr\/wp-json\/wp\/v2\/hf_cat_page?post=18891"}],"curies":[{"name":"wp","href":"https:\/\/api.w.org\/{rel}","templated":true}]}}