{"id":18881,"date":"2016-02-17T13:24:11","date_gmt":"2016-02-17T12:24:11","guid":{"rendered":"https:\/\/www.harzer-wandernadel.de\/pointage\/carte-generale\/pointage-49-gruental\/"},"modified":"2026-02-28T14:42:25","modified_gmt":"2026-02-28T13:42:25","slug":"pointage-49-gruental","status":"publish","type":"page","link":"https:\/\/www.harzer-wandernadel.de\/fr\/pointage\/carte-generale\/pointage-49-gruental\/","title":{"rendered":"Pointage 49 \/ Gr\u00fcntal"},"content":{"rendered":"\n<h2 class=\"wp-block-heading\">Le village forestier de Gr\u00fcntal (515 m\u00e8tres au-dessus du niveau de la mer) se trouve entre Benneckenstein et Trautenstein.<\/h2>\n\n<div class=\"wp-block-stackable-image alignwide stk-block-image stk-block stk-89e1006\" data-block-id=\"89e1006\"><style>.stk-89e1006 {margin-top:3% !important;margin-bottom:3% !important;}<\/style><figure><span class=\"stk-img-wrapper stk-image--shape-stretch stk--has-lightbox\"><img decoding=\"async\" width=\"3264\" height=\"1840\" src=\"https:\/\/www.harzer-wandernadel.de\/wp-content\/uploads\/2016\/02\/HWN-Gr\u00fcntal.jpg\" class=\"attachment-full size-full wp-post-image\" alt=\"Prairie verte devant une \u00e9paisse for\u00eat de conif\u00e8res sous un ciel bleu\" srcset=\"https:\/\/www.harzer-wandernadel.de\/wp-content\/uploads\/2016\/02\/HWN-Gr\u00fcntal.jpg 3264w, https:\/\/www.harzer-wandernadel.de\/wp-content\/uploads\/2016\/02\/HWN-Gr\u00fcntal-300x169.jpg 300w, https:\/\/www.harzer-wandernadel.de\/wp-content\/uploads\/2016\/02\/HWN-Gr\u00fcntal-768x433.jpg 768w, https:\/\/www.harzer-wandernadel.de\/wp-content\/uploads\/2016\/02\/HWN-Gr\u00fcntal-1024x577.jpg 1024w, https:\/\/www.harzer-wandernadel.de\/wp-content\/uploads\/2016\/02\/HWN-Gr\u00fcntal-250x141.jpg 250w, https:\/\/www.harzer-wandernadel.de\/wp-content\/uploads\/2016\/02\/HWN-Gr\u00fcntal-624x352.jpg 624w\" sizes=\"(max-width: 3264px) 100vw, 3264px\"><\/span><\/figure><\/div>\n\n<p>La val\u00adl\u00e9e verte est une aire de repos idyl\u00adlique avec une mai\u00adson fores\u00adti\u00e8re encore habi\u00adt\u00e9e aujourd\u2019\u00adhui et quelques mai\u00adsons de vacances.<\/p>\n\n<p>Tu peux atteindre le lieu de poin\u00adtage Gr\u00fcn\u00adtal depuis le par\u00adking sur la gauche \u00e0&nbsp;la sor\u00adtie de Ben\u00adne\u00adcken\u00adstein en direc\u00adtion de Trautenstein.<\/p>\n","protected":false},"excerpt":{"rendered":"<p>Le vil\u00adlage fores\u00adtier de Gr\u00fcn\u00adtal (515 m\u00e8tres au-des\u00adsus du niveau de la mer) se trouve entre Ben\u00adne\u00adcken\u00adstein et Trau\u00adten\u00adstein. La val\u00adl\u00e9e verte est une aire de repos idyl\u00adlique avec une mai\u00adson fores\u00adti\u00e8re encore habi\u00adt\u00e9e aujourd\u2019\u00adhui et quelques mai\u00adsons de vacances. Tu peux atteindre le lieu de poin\u00adtage Gr\u00fcn\u00adtal depuis le par\u00adking sur la gauche \u00e0&nbsp;la&nbsp;[\u2026]<\/p>\n","protected":false},"author":11,"featured_media":18884,"parent":17801,"menu_order":10049,"comment_status":"closed","ping_status":"closed","template":"","meta":{"_seopress_robots_primary_cat":"","_seopress_titles_title":"","_seopress_titles_desc":"","_seopress_robots_index":"","wp_typography_post_enhancements_disabled":false,"iawp_total_views":0,"footnotes":""},"hf_cat_page":[120],"class_list":["post-18881","page","type-page","status-publish","has-post-thumbnail"],"blocksy_meta":[],"_links":{"self":[{"href":"https:\/\/www.harzer-wandernadel.de\/fr\/wp-json\/wp\/v2\/pages\/18881","targetHints":{"allow":["GET"]}}],"collection":[{"href":"https:\/\/www.harzer-wandernadel.de\/fr\/wp-json\/wp\/v2\/pages"}],"about":[{"href":"https:\/\/www.harzer-wandernadel.de\/fr\/wp-json\/wp\/v2\/types\/page"}],"author":[{"embeddable":true,"href":"https:\/\/www.harzer-wandernadel.de\/fr\/wp-json\/wp\/v2\/users\/11"}],"replies":[{"embeddable":true,"href":"https:\/\/www.harzer-wandernadel.de\/fr\/wp-json\/wp\/v2\/comments?post=18881"}],"version-history":[{"count":1,"href":"https:\/\/www.harzer-wandernadel.de\/fr\/wp-json\/wp\/v2\/pages\/18881\/revisions"}],"predecessor-version":[{"id":18886,"href":"https:\/\/www.harzer-wandernadel.de\/fr\/wp-json\/wp\/v2\/pages\/18881\/revisions\/18886"}],"up":[{"embeddable":true,"href":"https:\/\/www.harzer-wandernadel.de\/fr\/wp-json\/wp\/v2\/pages\/17801"}],"wp:featuredmedia":[{"embeddable":true,"href":"https:\/\/www.harzer-wandernadel.de\/fr\/wp-json\/wp\/v2\/media\/18884"}],"wp:attachment":[{"href":"https:\/\/www.harzer-wandernadel.de\/fr\/wp-json\/wp\/v2\/media?parent=18881"}],"wp:term":[{"taxonomy":"hf_cat_page","embeddable":true,"href":"https:\/\/www.harzer-wandernadel.de\/fr\/wp-json\/wp\/v2\/hf_cat_page?post=18881"}],"curies":[{"name":"wp","href":"https:\/\/api.w.org\/{rel}","templated":true}]}}