{"id":18880,"date":"2016-02-17T12:51:08","date_gmt":"2016-02-17T11:51:08","guid":{"rendered":"https:\/\/www.harzer-wandernadel.de\/pointage\/carte-generale\/pointage-45-dicke-tannen\/"},"modified":"2026-02-28T14:42:23","modified_gmt":"2026-02-28T13:42:23","slug":"pointage-45-dicke-tannen","status":"publish","type":"page","link":"https:\/\/www.harzer-wandernadel.de\/fr\/pointage\/carte-generale\/pointage-45-dicke-tannen\/","title":{"rendered":"Pointage 45 \/ Dicke Tannen"},"content":{"rendered":"\n<h2 class=\"wp-block-heading\">Le tampon de Dicke Tannen (435&nbsp;m&nbsp;d\u2019altitude) se trouve sur une aire de repos pr\u00e8s du Wolfsbach dans la zone foresti\u00e8re entre Hohegei\u00df et&nbsp;Zorge.<\/h2>\n\n<div class=\"wp-block-stackable-image alignwide stk-block-image stk-block stk-89e1006\" data-block-id=\"89e1006\"><style>.stk-89e1006 {margin-top:3% !important;margin-bottom:3% !important;}<\/style><figure><span class=\"stk-img-wrapper stk-image--shape-stretch stk--has-lightbox\"><img decoding=\"async\" width=\"900\" height=\"600\" src=\"https:\/\/www.harzer-wandernadel.de\/wp-content\/uploads\/2016\/02\/Dicke-Tannen.jpg\" class=\"attachment-full size-full wp-post-image\" alt srcset=\"https:\/\/www.harzer-wandernadel.de\/wp-content\/uploads\/2016\/02\/Dicke-Tannen.jpg 900w, https:\/\/www.harzer-wandernadel.de\/wp-content\/uploads\/2016\/02\/Dicke-Tannen-300x200.jpg 300w, https:\/\/www.harzer-wandernadel.de\/wp-content\/uploads\/2016\/02\/Dicke-Tannen-768x512.jpg 768w, https:\/\/www.harzer-wandernadel.de\/wp-content\/uploads\/2016\/02\/Dicke-Tannen-624x416.jpg 624w\" sizes=\"(max-width: 900px) 100vw, 900px\"><\/span><\/figure><\/div>\n\n<p>Les \u00ab&nbsp;gros sapins&nbsp;\u00bb, qui ont don\u00adn\u00e9 leur nom au lieu fores\u00adtier, sont en fait des \u00e9pi\u00adc\u00e9as de plus de 300 ans. Actuel\u00adle\u00adment, il en reste envi\u00adron 30, avec une cir\u00adcon\u00adf\u00e9\u00adrence de tronc attei\u00adgnant par\u00adfois 5&nbsp;m\u00e8tres.&nbsp;<\/p>\n\n<p>Aus\u00adsi bien \u00e0&nbsp;par\u00adtir de Hohe\u00adgeiss que de Zorge, plu\u00adsieurs sen\u00adtiers de ran\u00addon\u00adn\u00e9e bali\u00ads\u00e9s m\u00e8nent aux Dicken Tan\u00adnen. Le par\u00adking de ran\u00addon\u00adn\u00e9e \u00ab&nbsp;Neuer Teich&nbsp;\u00bb sur la route de Braun\u00adlage \u00e0&nbsp;Zorge est \u00e9ga\u00adle\u00adment un bon point de d\u00e9part. De l\u00e0, un sen\u00adtier de ran\u00addon\u00adn\u00e9e passe devant l\u2019\u00e9\u00adtang et m\u00e8ne \u00e0&nbsp;la val\u00adl\u00e9e de Wolf\u00adsbach, puis jus\u00adqu\u2019aux \u00ab&nbsp;Dicken Tannen&nbsp;\u00bb.&nbsp;<\/p>\n","protected":false},"excerpt":{"rendered":"<p>Le tam\u00adpon de Dicke Tan\u00adnen (435&nbsp;m&nbsp;d\u2019altitude) se trouve sur une aire de repos pr\u00e8s du Wolf\u00adsbach dans la zone fores\u00adti\u00e8re entre Hohe\u00adgei\u00df et&nbsp;Zorge. Les \u00ab&nbsp;gros sapins&nbsp;\u00bb, qui ont don\u00adn\u00e9 leur nom au lieu fores\u00adtier, sont en fait des \u00e9pi\u00adc\u00e9as de plus de 300 ans. Actuel\u00adle\u00adment, il en reste envi\u00adron 30, avec une cir\u00adcon\u00adf\u00e9\u00adrence de&nbsp;tronc&nbsp;[\u2026]<\/p>\n","protected":false},"author":11,"featured_media":18882,"parent":17801,"menu_order":10045,"comment_status":"closed","ping_status":"closed","template":"","meta":{"_seopress_robots_primary_cat":"","_seopress_titles_title":"","_seopress_titles_desc":"","_seopress_robots_index":"","wp_typography_post_enhancements_disabled":false,"iawp_total_views":0,"footnotes":""},"hf_cat_page":[120],"class_list":["post-18880","page","type-page","status-publish","has-post-thumbnail"],"blocksy_meta":[],"_links":{"self":[{"href":"https:\/\/www.harzer-wandernadel.de\/fr\/wp-json\/wp\/v2\/pages\/18880","targetHints":{"allow":["GET"]}}],"collection":[{"href":"https:\/\/www.harzer-wandernadel.de\/fr\/wp-json\/wp\/v2\/pages"}],"about":[{"href":"https:\/\/www.harzer-wandernadel.de\/fr\/wp-json\/wp\/v2\/types\/page"}],"author":[{"embeddable":true,"href":"https:\/\/www.harzer-wandernadel.de\/fr\/wp-json\/wp\/v2\/users\/11"}],"replies":[{"embeddable":true,"href":"https:\/\/www.harzer-wandernadel.de\/fr\/wp-json\/wp\/v2\/comments?post=18880"}],"version-history":[{"count":1,"href":"https:\/\/www.harzer-wandernadel.de\/fr\/wp-json\/wp\/v2\/pages\/18880\/revisions"}],"predecessor-version":[{"id":18885,"href":"https:\/\/www.harzer-wandernadel.de\/fr\/wp-json\/wp\/v2\/pages\/18880\/revisions\/18885"}],"up":[{"embeddable":true,"href":"https:\/\/www.harzer-wandernadel.de\/fr\/wp-json\/wp\/v2\/pages\/17801"}],"wp:featuredmedia":[{"embeddable":true,"href":"https:\/\/www.harzer-wandernadel.de\/fr\/wp-json\/wp\/v2\/media\/18882"}],"wp:attachment":[{"href":"https:\/\/www.harzer-wandernadel.de\/fr\/wp-json\/wp\/v2\/media?parent=18880"}],"wp:term":[{"taxonomy":"hf_cat_page","embeddable":true,"href":"https:\/\/www.harzer-wandernadel.de\/fr\/wp-json\/wp\/v2\/hf_cat_page?post=18880"}],"curies":[{"name":"wp","href":"https:\/\/api.w.org\/{rel}","templated":true}]}}