{"id":18871,"date":"2016-02-18T11:22:47","date_gmt":"2016-02-18T10:22:47","guid":{"rendered":"https:\/\/www.harzer-wandernadel.de\/pointage\/carte-generale\/pointage-205-aire-de-repos-en-dessous-du-clusberg\/"},"modified":"2026-01-29T12:52:02","modified_gmt":"2026-01-29T11:52:02","slug":"pointage-205-aire-de-repos-en-dessous-du-clusberg","status":"publish","type":"page","link":"https:\/\/www.harzer-wandernadel.de\/fr\/pointage\/carte-generale\/pointage-205-aire-de-repos-en-dessous-du-clusberg\/","title":{"rendered":"Pointage 205 \/ aire de repos en dessous du Clusberg"},"content":{"rendered":"\n<h2 class=\"wp-block-heading\">Le lieu de pointage \u00ab&nbsp;aire de repos au Clusberg&nbsp;\u00bb se trouve entre Pansfelde et Stangerode.<\/h2>\n\n<div class=\"wp-block-stackable-image alignwide stk-block-image stk-block stk-89e1006\" data-block-id=\"89e1006\"><style>.stk-89e1006 {margin-top:3% !important;margin-bottom:3% !important;}<\/style><figure><span class=\"stk-img-wrapper stk-image--shape-stretch stk--has-lightbox\"><img decoding=\"async\" width=\"788\" height=\"525\" src=\"https:\/\/www.harzer-wandernadel.de\/wp-content\/uploads\/2016\/02\/Clusberg-1.jpg\" class=\"attachment-full size-full wp-post-image\" alt srcset=\"https:\/\/www.harzer-wandernadel.de\/wp-content\/uploads\/2016\/02\/Clusberg-1.jpg 788w, https:\/\/www.harzer-wandernadel.de\/wp-content\/uploads\/2016\/02\/Clusberg-1-300x200.jpg 300w, https:\/\/www.harzer-wandernadel.de\/wp-content\/uploads\/2016\/02\/Clusberg-1-768x512.jpg 768w, https:\/\/www.harzer-wandernadel.de\/wp-content\/uploads\/2016\/02\/Clusberg-1-250x167.jpg 250w, https:\/\/www.harzer-wandernadel.de\/wp-content\/uploads\/2016\/02\/Clusberg-1-624x416.jpg 624w\" sizes=\"(max-width: 788px) 100vw, 788px\"><\/span><\/figure><\/div>\n\n<p>En rai\u00adson de la beau\u00adt\u00e9 par\u00adti\u00adcu\u00adli\u00e8re du pay\u00adsage, due \u00e0&nbsp;la diver\u00adsi\u00adt\u00e9 des \u00e9l\u00e9\u00adments pay\u00adsa\u00adgers tels que les groupes de rochers, les escar\u00adpe\u00adments et la val\u00adl\u00e9e de la Schwen\u00adnecke, le Clus\u00adberg a&nbsp;\u00e9t\u00e9 clas\u00ads\u00e9 site natu\u00adrel pro\u00adt\u00e9\u00adg\u00e9 \u00e0&nbsp;par\u00adtir de&nbsp;1994.<\/p>\n\n<p>Au nord, il existe un \u00e9tang arti\u00adfi\u00adciel qui consti\u00adtue un habi\u00adtat extr\u00ea\u00adme\u00adment pr\u00e9\u00adcieux pour les libel\u00adlules, les amphi\u00adbiens et autres orga\u00adnismes li\u00e9s \u00e0&nbsp;l\u2019eau. Dans la par\u00adtie sud-est du Clus\u00adberg domine une vieille for\u00eat de charmes de grande valeur \u00e9co\u00adlo\u00adgique et donc digne de pro\u00adtec\u00adtion, avec des popu\u00adla\u00adtions impor\u00adtantes de nielle puante. Sur le ver\u00adsant sud-ouest se trouvent des for\u00eats s\u00e8ches de ch\u00eanes riches en esp\u00e8ces avec des ch\u00eanes ses\u00adsiles vigou\u00adreux. Les gros bois morts sont uti\u00adli\u00ads\u00e9s comme habi\u00adtat par de nom\u00adbreuses esp\u00e8ces d\u2019in\u00adsectes mena\u00adc\u00e9es d\u2019ex\u00adtinc\u00adtion et par des oiseaux nichant dans des cavi\u00adt\u00e9s, comme le pigeon colom\u00adbin et le pic&nbsp;noir.&nbsp;<\/p>\n\n<p>Dans les zones en pente, on trouve des prai\u00adries de mon\u00adtagne g\u00e9r\u00e9es de mani\u00e8re natu\u00adrelle et riches en flore. Le ver\u00adger situ\u00e9 \u00e0&nbsp;l\u2019est de la r\u00e9serve natu\u00adrelle com\u00adpl\u00e8te l\u2019i\u00admage d\u2019un espace natu\u00adrel extr\u00ea\u00adme\u00adment pr\u00e9\u00adcieux sur le plan \u00e9co\u00adlo\u00adgique, riche\u00adment struc\u00adtu\u00adr\u00e9 et hau\u00adte\u00adment digne de protection.&nbsp;<\/p>\n\n<p>Le point de poin\u00adtage de l\u2019aire de repos est le plus rapi\u00adde\u00adment acces\u00adsible depuis Pans\u00adfelde en emprun\u00adtant des che\u00admins de ran\u00addon\u00adn\u00e9e bien bali\u00ads\u00e9s. Depuis l\u2019en\u00adclos des bisons \u00e0&nbsp;Stan\u00adge\u00adrode, il faut suivre les che\u00admins bali\u00ads\u00e9s vers Stan\u00adge\u00adrode, qui longent en par\u00adtie le Schwennecke.&nbsp;<\/p>\n","protected":false},"excerpt":{"rendered":"<p>Le lieu de poin\u00adtage \u00ab&nbsp;aire de repos au Clus\u00adberg&nbsp;\u00bb se trouve entre Pans\u00adfelde et Stan\u00adge\u00adrode. En rai\u00adson de la beau\u00adt\u00e9 par\u00adti\u00adcu\u00adli\u00e8re du pay\u00adsage, due \u00e0&nbsp;la diver\u00adsi\u00adt\u00e9 des \u00e9l\u00e9\u00adments pay\u00adsa\u00adgers tels que les groupes de rochers, les escar\u00adpe\u00adments et la val\u00adl\u00e9e de la Schwen\u00adnecke, le Clus\u00adberg a&nbsp;\u00e9t\u00e9 clas\u00ads\u00e9 site natu\u00adrel pro\u00adt\u00e9\u00adg\u00e9 \u00e0&nbsp;par\u00adtir de&nbsp;1994. Au nord,&nbsp;il&nbsp;[\u2026]<\/p>\n","protected":false},"author":11,"featured_media":18873,"parent":17801,"menu_order":10205,"comment_status":"closed","ping_status":"closed","template":"","meta":{"_seopress_robots_primary_cat":"","_seopress_titles_title":"","_seopress_titles_desc":"","_seopress_robots_index":"","wp_typography_post_enhancements_disabled":false,"iawp_total_views":0,"footnotes":""},"hf_cat_page":[120],"class_list":["post-18871","page","type-page","status-publish","has-post-thumbnail"],"blocksy_meta":[],"_links":{"self":[{"href":"https:\/\/www.harzer-wandernadel.de\/fr\/wp-json\/wp\/v2\/pages\/18871","targetHints":{"allow":["GET"]}}],"collection":[{"href":"https:\/\/www.harzer-wandernadel.de\/fr\/wp-json\/wp\/v2\/pages"}],"about":[{"href":"https:\/\/www.harzer-wandernadel.de\/fr\/wp-json\/wp\/v2\/types\/page"}],"author":[{"embeddable":true,"href":"https:\/\/www.harzer-wandernadel.de\/fr\/wp-json\/wp\/v2\/users\/11"}],"replies":[{"embeddable":true,"href":"https:\/\/www.harzer-wandernadel.de\/fr\/wp-json\/wp\/v2\/comments?post=18871"}],"version-history":[{"count":1,"href":"https:\/\/www.harzer-wandernadel.de\/fr\/wp-json\/wp\/v2\/pages\/18871\/revisions"}],"predecessor-version":[{"id":18875,"href":"https:\/\/www.harzer-wandernadel.de\/fr\/wp-json\/wp\/v2\/pages\/18871\/revisions\/18875"}],"up":[{"embeddable":true,"href":"https:\/\/www.harzer-wandernadel.de\/fr\/wp-json\/wp\/v2\/pages\/17801"}],"wp:featuredmedia":[{"embeddable":true,"href":"https:\/\/www.harzer-wandernadel.de\/fr\/wp-json\/wp\/v2\/media\/18873"}],"wp:attachment":[{"href":"https:\/\/www.harzer-wandernadel.de\/fr\/wp-json\/wp\/v2\/media?parent=18871"}],"wp:term":[{"taxonomy":"hf_cat_page","embeddable":true,"href":"https:\/\/www.harzer-wandernadel.de\/fr\/wp-json\/wp\/v2\/hf_cat_page?post=18871"}],"curies":[{"name":"wp","href":"https:\/\/api.w.org\/{rel}","templated":true}]}}