{"id":18860,"date":"2016-02-18T11:24:06","date_gmt":"2016-02-18T10:24:06","guid":{"rendered":"https:\/\/www.harzer-wandernadel.de\/pointage\/carte-generale\/pointage-204-selkesicht-a-lackeburg\/"},"modified":"2026-01-29T12:52:01","modified_gmt":"2026-01-29T11:52:01","slug":"pointage-204-selkesicht-a-lackeburg","status":"publish","type":"page","link":"https:\/\/www.harzer-wandernadel.de\/fr\/pointage\/carte-generale\/pointage-204-selkesicht-a-lackeburg\/","title":{"rendered":"Pointage 204 \/ Selkesicht \u00e0&nbsp;l\u2019Ackeburg"},"content":{"rendered":"\n<h2 class=\"wp-block-heading\">Le \u00ab&nbsp;Selkesicht&nbsp;\u00bb est un excellent point de vue sur un promontoire rocheux au-dessus de la vall\u00e9e de la Selke et offre une vue fantastique sur le ch\u00e2teau de Falkenstein HWN&nbsp;200.<\/h2>\n\n<div class=\"wp-block-stackable-image alignwide stk-block-image stk-block stk-89e1006\" data-block-id=\"89e1006\"><style>.stk-89e1006 {margin-top:3% !important;margin-bottom:3% !important;}<\/style><figure><span class=\"stk-img-wrapper stk-image--shape-stretch stk--has-lightbox\"><img decoding=\"async\" width=\"2048\" height=\"1536\" src=\"https:\/\/www.harzer-wandernadel.de\/wp-content\/uploads\/2016\/02\/HWN-Selkesicht-Schuder-1.jpg\" class=\"attachment-full size-full wp-post-image\" alt=\"Paysage de collines verdoyantes sous un ciel bleu\" srcset=\"https:\/\/www.harzer-wandernadel.de\/wp-content\/uploads\/2016\/02\/HWN-Selkesicht-Schuder-1.jpg 2048w, https:\/\/www.harzer-wandernadel.de\/wp-content\/uploads\/2016\/02\/HWN-Selkesicht-Schuder-1-300x225.jpg 300w, https:\/\/www.harzer-wandernadel.de\/wp-content\/uploads\/2016\/02\/HWN-Selkesicht-Schuder-1-768x576.jpg 768w, https:\/\/www.harzer-wandernadel.de\/wp-content\/uploads\/2016\/02\/HWN-Selkesicht-Schuder-1-1024x768.jpg 1024w, https:\/\/www.harzer-wandernadel.de\/wp-content\/uploads\/2016\/02\/HWN-Selkesicht-Schuder-1-250x188.jpg 250w, https:\/\/www.harzer-wandernadel.de\/wp-content\/uploads\/2016\/02\/HWN-Selkesicht-Schuder-1-624x468.jpg 624w\" sizes=\"(max-width: 2048px) 100vw, 2048px\"><\/span><\/figure><\/div>\n\n<p>Le ch\u00e2\u00adteau d\u2019A\u00adcke\u00adburg a&nbsp;\u00e9t\u00e9 men\u00adtion\u00adn\u00e9 pour la pre\u00admi\u00e8re fois en 1216&nbsp;en tant que si\u00e8ge des hommes du ch\u00e2\u00adteau du comte de Fal\u00adken\u00adstein et est d\u00e9j\u00e0 consi\u00add\u00e9\u00adr\u00e9 comme aban\u00addon\u00adn\u00e9 ou d\u00e9truit depuis le 14\u00e8me si\u00e8cle.<\/p>\n\n<p>Le ch\u00e2\u00adteau, qui se com\u00adpo\u00adsait d\u2019un ch\u00e2\u00adteau prin\u00adci\u00adpal et d\u2019un avant-ch\u00e2\u00adteau avec des douves et plu\u00adsieurs rem\u00adparts, avait un ch\u00e2\u00adteau prin\u00adci\u00adpal de 30&nbsp;m&nbsp;de large sur une col\u00adline rocheuse de Sel\u00adke\u00adsicht. Au-des\u00adsus, vers le point le plus haut de la col\u00adline, se trou\u00advait un avant-ch\u00e2\u00adteau d\u2019en\u00advi\u00adron 11 m\u00e8tres de large et un vil\u00adlage. Aujourd\u2019\u00adhui, on peut encore voir des par\u00adties de la douve et du rem\u00adpart trans\u00adver\u00adsal sur le site du ch\u00e2teau.&nbsp;<\/p>\n\n<p>Depuis le par\u00adking de ran\u00addon\u00adn\u00e9e de la rue \u00ab&nbsp;Am Koh\u00adlen\u00adschacht&nbsp;\u00bb \u00e0&nbsp;Bal\u00adlens\u00adtedt, tu peux atteindre la vue sur la Selke \u00e0&nbsp;l\u2019A\u00adcke\u00adburg en pas\u00adsant par le <a href=\"https:\/\/www.harzer-wandernadel.de\/stempelstellen\/uebersichtskarte\/stempelstelle-180-alter-kohlenschacht\/\" data-type=\"page\" data-id=\"929\">\u00ab&nbsp;Alten Koh\u00adlen\u00adschacht&nbsp;\u00bb HWN 180<\/a>, le \u00ab&nbsp;Fal\u00adken\u00adweg&nbsp;\u00bb et le \u00ab&nbsp;Meis\u00addor\u00adfer Trift&nbsp;\u00bb. Un sen\u00adtier plus court mais tr\u00e8s raide au d\u00e9but m\u00e8ne de l\u2019au\u00adberge \u00ab&nbsp;Zum Fal\u00adken&nbsp;\u00bb de la val\u00adl\u00e9e de la Selke au lieu de pointage.&nbsp;<\/p>\n\n<div class=\"wp-block-buttons is-layout-flex wp-block-buttons-is-layout-flex\">\n<div class=\"wp-block-button\"><a class=\"wp-block-button__link wp-element-button\" href=\"https:\/\/www.falkenstein-harz.de\/verzeichnis\/visitenkarte.php?mandat=171670\">Auberge du faucon<\/a><\/div>\n<\/div>\n","protected":false},"excerpt":{"rendered":"<p>Le \u00ab&nbsp;Sel\u00adke\u00adsicht&nbsp;\u00bb est un excellent point de vue sur un pro\u00admon\u00adtoire rocheux au-des\u00adsus de la val\u00adl\u00e9e de la Selke et offre une vue fan\u00adtas\u00adtique sur le ch\u00e2\u00adteau de Fal\u00adken\u00adstein HWN&nbsp;200. Le ch\u00e2\u00adteau d\u2019A\u00adcke\u00adburg a&nbsp;\u00e9t\u00e9 men\u00adtion\u00adn\u00e9 pour la pre\u00admi\u00e8re fois en 1216&nbsp;en tant que si\u00e8ge des hommes du ch\u00e2\u00adteau du comte de Fal\u00adken\u00adstein et est&nbsp;d\u00e9j\u00e0&nbsp;[\u2026]<\/p>\n","protected":false},"author":11,"featured_media":18861,"parent":17801,"menu_order":10204,"comment_status":"closed","ping_status":"closed","template":"","meta":{"_seopress_robots_primary_cat":"","_seopress_titles_title":"","_seopress_titles_desc":"","_seopress_robots_index":"","wp_typography_post_enhancements_disabled":false,"iawp_total_views":0,"footnotes":""},"hf_cat_page":[120],"class_list":["post-18860","page","type-page","status-publish","has-post-thumbnail"],"blocksy_meta":[],"_links":{"self":[{"href":"https:\/\/www.harzer-wandernadel.de\/fr\/wp-json\/wp\/v2\/pages\/18860","targetHints":{"allow":["GET"]}}],"collection":[{"href":"https:\/\/www.harzer-wandernadel.de\/fr\/wp-json\/wp\/v2\/pages"}],"about":[{"href":"https:\/\/www.harzer-wandernadel.de\/fr\/wp-json\/wp\/v2\/types\/page"}],"author":[{"embeddable":true,"href":"https:\/\/www.harzer-wandernadel.de\/fr\/wp-json\/wp\/v2\/users\/11"}],"replies":[{"embeddable":true,"href":"https:\/\/www.harzer-wandernadel.de\/fr\/wp-json\/wp\/v2\/comments?post=18860"}],"version-history":[{"count":1,"href":"https:\/\/www.harzer-wandernadel.de\/fr\/wp-json\/wp\/v2\/pages\/18860\/revisions"}],"predecessor-version":[{"id":18865,"href":"https:\/\/www.harzer-wandernadel.de\/fr\/wp-json\/wp\/v2\/pages\/18860\/revisions\/18865"}],"up":[{"embeddable":true,"href":"https:\/\/www.harzer-wandernadel.de\/fr\/wp-json\/wp\/v2\/pages\/17801"}],"wp:featuredmedia":[{"embeddable":true,"href":"https:\/\/www.harzer-wandernadel.de\/fr\/wp-json\/wp\/v2\/media\/18861"}],"wp:attachment":[{"href":"https:\/\/www.harzer-wandernadel.de\/fr\/wp-json\/wp\/v2\/media?parent=18860"}],"wp:term":[{"taxonomy":"hf_cat_page","embeddable":true,"href":"https:\/\/www.harzer-wandernadel.de\/fr\/wp-json\/wp\/v2\/hf_cat_page?post=18860"}],"curies":[{"name":"wp","href":"https:\/\/api.w.org\/{rel}","templated":true}]}}