{"id":18847,"date":"2016-02-18T11:32:18","date_gmt":"2016-02-18T10:32:18","guid":{"rendered":"https:\/\/www.harzer-wandernadel.de\/pointage\/carte-generale\/poinconnage-201-konradsburg\/"},"modified":"2026-01-29T12:51:56","modified_gmt":"2026-01-29T11:51:56","slug":"poinconnage-201-konradsburg","status":"publish","type":"page","link":"https:\/\/www.harzer-wandernadel.de\/fr\/pointage\/carte-generale\/poinconnage-201-konradsburg\/","title":{"rendered":"Poin\u00e7onnage 201 \/ Konradsburg"},"content":{"rendered":"\n<h2 class=\"wp-block-heading\">Le Konradsburg se trouve \u00e0&nbsp;environ 3&nbsp;km au sud du quartier Ermsleben de Falkenstein, sur la colline du ch\u00e2teau (236&nbsp;m&nbsp;au-dessus du niveau de la mer) et a&nbsp;\u00e9t\u00e9 fond\u00e9 pour prot\u00e9ger le domaine imp\u00e9rial du&nbsp;Harz.<\/h2>\n\n<div class=\"wp-block-stackable-image alignwide stk-block-image stk-block stk-89e1006\" data-block-id=\"89e1006\"><style>.stk-89e1006 {margin-top:3% !important;margin-bottom:3% !important;}<\/style><figure><span class=\"stk-img-wrapper stk-image--shape-stretch stk--has-lightbox\"><img decoding=\"async\" width=\"1200\" height=\"680\" src=\"https:\/\/www.harzer-wandernadel.de\/wp-content\/uploads\/2016\/02\/Konradsburg.jpg\" class=\"attachment-full size-full wp-post-image\" alt srcset=\"https:\/\/www.harzer-wandernadel.de\/wp-content\/uploads\/2016\/02\/Konradsburg.jpg 1200w, https:\/\/www.harzer-wandernadel.de\/wp-content\/uploads\/2016\/02\/Konradsburg-300x170.jpg 300w, https:\/\/www.harzer-wandernadel.de\/wp-content\/uploads\/2016\/02\/Konradsburg-768x435.jpg 768w, https:\/\/www.harzer-wandernadel.de\/wp-content\/uploads\/2016\/02\/Konradsburg-1024x580.jpg 1024w, https:\/\/www.harzer-wandernadel.de\/wp-content\/uploads\/2016\/02\/Konradsburg-250x142.jpg 250w, https:\/\/www.harzer-wandernadel.de\/wp-content\/uploads\/2016\/02\/Konradsburg-624x354.jpg 624w\" sizes=\"(max-width: 1200px) 100vw, 1200px\"><\/span><\/figure><\/div>\n\n<p>Apr\u00e8s 1120, les Kon\u00adrad\u00adsburg quit\u00adt\u00e8rent l\u2019\u00e9\u00adpe\u00adron de la mon\u00adtagne et construi\u00adsirent le ch\u00e2\u00adteau de Fal\u00adken\u00adstein dans la val\u00adl\u00e9e de la Selke , d\u2019a\u00adpr\u00e8s lequel ils ne s\u2019ap\u00adpe\u00adl\u00e8rent plus que les Fal\u00adken\u00adstei\u00adner \u00e0&nbsp;par\u00adtir de&nbsp;1142.<\/p>\n\n<p>Un monas\u00adt\u00e8re b\u00e9n\u00e9\u00addic\u00adtin a&nbsp;\u00e9t\u00e9 fon\u00add\u00e9 sur le Kon\u00adrad\u00adsburg et il a&nbsp;\u00e9t\u00e9 le centre cultu\u00adrel, social, spi\u00adri\u00adtuel et \u00e9co\u00adno\u00admique de la bor\u00addure orien\u00adtale du Harz pen\u00addant les si\u00e8cles suivants.<\/p>\n\n<p>En 1712, le Kon\u00adrad\u00adsburg a&nbsp;\u00e9t\u00e9 affec\u00adt\u00e9 \u00e0&nbsp;un usage agri\u00adcole. Au centre de l\u2019an\u00adcien clo\u00eetre se trouve une ancienne mai\u00adson de puits, une construc\u00adtion \u00e0&nbsp;colom\u00adbage \u00e0&nbsp;deux \u00e9tages qui date pro\u00adba\u00adble\u00adment du 18\u00e8me si\u00e8cle. A&nbsp;l\u2019in\u00adt\u00e9\u00adrieur se trouve le puits de plus de 45 m\u00e8tres de pro\u00adfon\u00addeur, qui date pro\u00adba\u00adble\u00adment de l\u2019\u00e9\u00adpoque des ch\u00e2\u00adteaux forts, avec sa vitrine tech\u00adnique \u2013 une roue \u00e0&nbsp;\u00e2ne. Les autres b\u00e2ti\u00adments ont \u00e9t\u00e9 construits aux 18\u00e8me et 19\u00e8me si\u00e8cles \u00e0&nbsp;des fins \u00e9conomiques.&nbsp;<\/p>\n\n<p>Gr\u00e2ce \u00e0&nbsp;un mou\u00adve\u00adment citoyen lan\u00adc\u00e9 en 1982, qui a&nbsp;don\u00adn\u00e9 nais\u00adsance \u00e0&nbsp;l\u2019as\u00adso\u00adcia\u00adtion de sou\u00adtien Kon\u00adrad\u00adsburg e.V. en 1990, nous avons r\u00e9us\u00adsi \u00e0&nbsp;sau\u00adve\u00adgar\u00adder la struc\u00adture de tous les \u00e9l\u00e9\u00adments du ch\u00e2teau.<\/p>\n\n<div class=\"wp-block-buttons is-layout-flex wp-block-buttons-is-layout-flex\">\n<div class=\"wp-block-button\"><a class=\"wp-block-button__link wp-element-button\" href=\"http:\/\/www.konradsburg.com\">Ch\u00e2\u00adteau de Konrad<\/a><\/div>\n<\/div>\n\n<p>En des\u00adsous du Kon\u00adrad\u00adsburg se trouve le petit vil\u00adlage de \u00ab&nbsp;Bur\u00adgrund&nbsp;\u00bb, d\u2019o\u00f9 un che\u00admin de ran\u00addon\u00adn\u00e9e bali\u00ads\u00e9 m\u00e8ne au ch\u00e2\u00adteau. Un autre point de d\u00e9part agr\u00e9able est le mou\u00adlin Holl\u00e4n\u00adderm\u00fchle pr\u00e8s d\u2019En\u00addorf, d\u2019o\u00f9 des che\u00admins de cam\u00adpagne bali\u00ads\u00e9s m\u00e8nent au ch\u00e2teau.&nbsp;<\/p>\n","protected":false},"excerpt":{"rendered":"<p>Le Kon\u00adrad\u00adsburg se trouve \u00e0&nbsp;envi\u00adron 3&nbsp;km au sud du quar\u00adtier Erm\u00adsle\u00adben de Fal\u00adken\u00adstein, sur la col\u00adline du ch\u00e2\u00adteau (236&nbsp;m&nbsp;au-des\u00adsus du niveau de la mer) et a&nbsp;\u00e9t\u00e9 fon\u00add\u00e9 pour pro\u00adt\u00e9\u00adger le domaine imp\u00e9\u00adrial du&nbsp;Harz. Apr\u00e8s 1120, les Kon\u00adrad\u00adsburg quit\u00adt\u00e8rent l\u2019\u00e9\u00adpe\u00adron de la mon\u00adtagne et construi\u00adsirent le ch\u00e2\u00adteau de Fal\u00adken\u00adstein dans la val\u00adl\u00e9e de la&nbsp;Selke&nbsp;,&nbsp;[\u2026]<\/p>\n","protected":false},"author":11,"featured_media":18848,"parent":17801,"menu_order":10201,"comment_status":"closed","ping_status":"closed","template":"","meta":{"_seopress_robots_primary_cat":"","_seopress_titles_title":"","_seopress_titles_desc":"","_seopress_robots_index":"","wp_typography_post_enhancements_disabled":false,"iawp_total_views":0,"footnotes":""},"hf_cat_page":[120],"class_list":["post-18847","page","type-page","status-publish","has-post-thumbnail"],"blocksy_meta":[],"_links":{"self":[{"href":"https:\/\/www.harzer-wandernadel.de\/fr\/wp-json\/wp\/v2\/pages\/18847","targetHints":{"allow":["GET"]}}],"collection":[{"href":"https:\/\/www.harzer-wandernadel.de\/fr\/wp-json\/wp\/v2\/pages"}],"about":[{"href":"https:\/\/www.harzer-wandernadel.de\/fr\/wp-json\/wp\/v2\/types\/page"}],"author":[{"embeddable":true,"href":"https:\/\/www.harzer-wandernadel.de\/fr\/wp-json\/wp\/v2\/users\/11"}],"replies":[{"embeddable":true,"href":"https:\/\/www.harzer-wandernadel.de\/fr\/wp-json\/wp\/v2\/comments?post=18847"}],"version-history":[{"count":1,"href":"https:\/\/www.harzer-wandernadel.de\/fr\/wp-json\/wp\/v2\/pages\/18847\/revisions"}],"predecessor-version":[{"id":18849,"href":"https:\/\/www.harzer-wandernadel.de\/fr\/wp-json\/wp\/v2\/pages\/18847\/revisions\/18849"}],"up":[{"embeddable":true,"href":"https:\/\/www.harzer-wandernadel.de\/fr\/wp-json\/wp\/v2\/pages\/17801"}],"wp:featuredmedia":[{"embeddable":true,"href":"https:\/\/www.harzer-wandernadel.de\/fr\/wp-json\/wp\/v2\/media\/18848"}],"wp:attachment":[{"href":"https:\/\/www.harzer-wandernadel.de\/fr\/wp-json\/wp\/v2\/media?parent=18847"}],"wp:term":[{"taxonomy":"hf_cat_page","embeddable":true,"href":"https:\/\/www.harzer-wandernadel.de\/fr\/wp-json\/wp\/v2\/hf_cat_page?post=18847"}],"curies":[{"name":"wp","href":"https:\/\/api.w.org\/{rel}","templated":true}]}}