{"id":18789,"date":"2016-02-18T12:30:25","date_gmt":"2016-02-18T11:30:25","guid":{"rendered":"https:\/\/www.harzer-wandernadel.de\/pointage\/carte-generale\/pointage-77-ruine-luisenburg\/"},"modified":"2026-02-28T14:42:41","modified_gmt":"2026-02-28T13:42:41","slug":"pointage-77-ruine-luisenburg","status":"publish","type":"page","link":"https:\/\/www.harzer-wandernadel.de\/fr\/pointage\/carte-generale\/pointage-77-ruine-luisenburg\/","title":{"rendered":"Pointage 77 \/Ruine Luisenburg"},"content":{"rendered":"\n<h2 class=\"wp-block-heading\">Les ruines du Luisenburg (352 m\u00e8tres au-dessus du niveau de la mer) se trouvent au sud de Blankenburg, derri\u00e8re le grand ch\u00e2teau, en direction de l\u2019\u00e9tang de la scierie, sur une longue cr\u00eate de&nbsp;gr\u00e8s.<\/h2>\n\n<div class=\"wp-block-stackable-image alignwide stk-block-image stk-block stk-89e1006\" data-block-id=\"89e1006\"><style>.stk-89e1006 {margin-top:3% !important;margin-bottom:3% !important;}<\/style><figure><span class=\"stk-img-wrapper stk-image--shape-stretch stk--has-lightbox\"><img decoding=\"async\" width=\"3264\" height=\"1840\" src=\"https:\/\/www.harzer-wandernadel.de\/wp-content\/uploads\/2016\/02\/HWN-Luisenburg.jpg\" class=\"attachment-full size-full wp-post-image\" alt=\"Vue panoramique sur la vall\u00e9e verte et le paysage du village\" srcset=\"https:\/\/www.harzer-wandernadel.de\/wp-content\/uploads\/2016\/02\/HWN-Luisenburg.jpg 3264w, https:\/\/www.harzer-wandernadel.de\/wp-content\/uploads\/2016\/02\/HWN-Luisenburg-300x169.jpg 300w, https:\/\/www.harzer-wandernadel.de\/wp-content\/uploads\/2016\/02\/HWN-Luisenburg-768x433.jpg 768w, https:\/\/www.harzer-wandernadel.de\/wp-content\/uploads\/2016\/02\/HWN-Luisenburg-1024x577.jpg 1024w, https:\/\/www.harzer-wandernadel.de\/wp-content\/uploads\/2016\/02\/HWN-Luisenburg-250x141.jpg 250w, https:\/\/www.harzer-wandernadel.de\/wp-content\/uploads\/2016\/02\/HWN-Luisenburg-624x352.jpg 624w\" sizes=\"(max-width: 3264px) 100vw, 3264px\"><\/span><\/figure><\/div>\n\n<p>Le Lui\u00adsen\u00adburg a&nbsp;\u00e9t\u00e9 construit en 1728 comme petit ch\u00e2\u00adteau pano\u00adra\u00admique pour la duchesse Chris\u00adtine Luise et a&nbsp;\u00e9t\u00e9 nom\u00adm\u00e9 en son hon\u00adneur. Il s\u2019a\u00adgis\u00adsait d\u2019un b\u00e2ti\u00adment \u00e0&nbsp;colom\u00adbage d\u2019un \u00e9tage avec une salle octo\u00adgo\u00adnale entou\u00adr\u00e9e de 8&nbsp;petites chambres. En rai\u00adson de son \u00e9tat de d\u00e9la\u00adbre\u00adment, le b\u00e2ti\u00adment a&nbsp;\u00e9t\u00e9 d\u00e9mo\u00adli en 1945. Cepen\u00addant, les restes des murs et des esca\u00adliers per\u00admettent encore de devi\u00adner son apparence.&nbsp;<\/p>\n\n<p>Sur le Lui\u00adsen\u00adburg se trouve un pavillon d\u2019ob\u00adser\u00adva\u00adtion sur lequel est \u00e9ga\u00adle\u00adment fix\u00e9 le tam\u00adpon encreur. De l\u00e0, tu as une excel\u00adlente vue sur le quar\u00adtier de Cat\u00adtens\u00adtedt \u00e0&nbsp;Blankenburg.&nbsp;<\/p>\n\n<p>Le meilleur point de d\u00e9part est le par\u00adking pour visi\u00adteurs du petit ch\u00e2\u00adteau. De l\u00e0, il faut prendre le che\u00admin du milieu qui monte r\u00e9gu\u00adli\u00e8\u00adre\u00adment \u00e0&nbsp;tra\u00advers le parc du ch\u00e2\u00adteau en direc\u00adtion du Grand Ch\u00e2\u00adteau et suivre les che\u00admins de ran\u00addon\u00adn\u00e9e bali\u00ads\u00e9s \u00e0&nbsp;par\u00adtir des anciennes \u00e9curies.&nbsp;<\/p>\n\n<p>Sur le che\u00admin du retour, tu peux visi\u00adter le Grand Ch\u00e2\u00adteau, puis prendre le che\u00admin en des\u00adcente depuis la pla\u00adte\u00adforme d\u2019ob\u00adser\u00adva\u00adtion jus\u00adqu\u2019\u00e0 l\u2019au\u00adberge Obere M\u00fchle. La bo\u00eete \u00e0&nbsp;tam\u00adpons <a href=\"https:\/\/www.harzer-wandernadel.de\/stempelstellen\/uebersichtskarte\/stempelstelle-78-barocke-gaerten\/\" data-type=\"page\" data-id=\"934\" target=\"_blank\" rel=\"noreferrer noopener\">Barocke G\u00e4r\u00adten HWN 78<\/a> est fix\u00e9e \u00e0&nbsp;l\u2019au\u00adberge. Tu peux reve\u00adnir au par\u00adking en pas\u00adsant par les jar\u00addins baroques.&nbsp;<\/p>\n\n<div class=\"wp-block-buttons is-layout-flex wp-block-buttons-is-layout-flex\">\n<div class=\"wp-block-button\"><a class=\"wp-block-button__link wp-element-button\" href=\"http:\/\/www.blankenburg-tourismus.de\" target=\"_blank\" rel=\"noreferrer noopener\">Infor\u00adma\u00adtions tou\u00adris\u00adtiques Blankenburg&nbsp;\u00bb<\/a><\/div>\n<\/div>\n\n<div class=\"wp-block-buttons is-layout-flex wp-block-buttons-is-layout-flex\">\n<div class=\"wp-block-button\"><a class=\"wp-block-button__link wp-element-button\" href=\"https:\/\/harzer-bergwald.de\/index.php\/wandertouren\/abenteuertouren\/29-abenteuer-auf-der-teufelsmauer\" target=\"_blank\" rel=\"noreferrer noopener\">Sug\u00adges\u00adtion de cir\u00adcuit For\u00eat de mon\u00adtagne du&nbsp;Harz&nbsp;\u00bb<\/a><\/div>\n<\/div>\n","protected":false},"excerpt":{"rendered":"<p>Les ruines du Lui\u00adsen\u00adburg (352 m\u00e8tres au-des\u00adsus du niveau de la mer) se trouvent au sud de Blan\u00adken\u00adburg, der\u00adri\u00e8re le grand ch\u00e2\u00adteau, en direc\u00adtion de l\u2019\u00e9tang de la scie\u00adrie, sur une longue cr\u00eate de&nbsp;gr\u00e8s. Le Lui\u00adsen\u00adburg a&nbsp;\u00e9t\u00e9 construit en 1728 comme petit ch\u00e2\u00adteau pano\u00adra\u00admique pour la duchesse Chris\u00adtine Luise et a&nbsp;\u00e9t\u00e9 nom\u00adm\u00e9 en son honneur.&nbsp;[\u2026]<\/p>\n","protected":false},"author":11,"featured_media":18791,"parent":17801,"menu_order":10077,"comment_status":"closed","ping_status":"closed","template":"","meta":{"_seopress_robots_primary_cat":"","_seopress_titles_title":"","_seopress_titles_desc":"","_seopress_robots_index":"","wp_typography_post_enhancements_disabled":false,"iawp_total_views":0,"footnotes":""},"hf_cat_page":[120],"class_list":["post-18789","page","type-page","status-publish","has-post-thumbnail"],"blocksy_meta":[],"_links":{"self":[{"href":"https:\/\/www.harzer-wandernadel.de\/fr\/wp-json\/wp\/v2\/pages\/18789","targetHints":{"allow":["GET"]}}],"collection":[{"href":"https:\/\/www.harzer-wandernadel.de\/fr\/wp-json\/wp\/v2\/pages"}],"about":[{"href":"https:\/\/www.harzer-wandernadel.de\/fr\/wp-json\/wp\/v2\/types\/page"}],"author":[{"embeddable":true,"href":"https:\/\/www.harzer-wandernadel.de\/fr\/wp-json\/wp\/v2\/users\/11"}],"replies":[{"embeddable":true,"href":"https:\/\/www.harzer-wandernadel.de\/fr\/wp-json\/wp\/v2\/comments?post=18789"}],"version-history":[{"count":2,"href":"https:\/\/www.harzer-wandernadel.de\/fr\/wp-json\/wp\/v2\/pages\/18789\/revisions"}],"predecessor-version":[{"id":24832,"href":"https:\/\/www.harzer-wandernadel.de\/fr\/wp-json\/wp\/v2\/pages\/18789\/revisions\/24832"}],"up":[{"embeddable":true,"href":"https:\/\/www.harzer-wandernadel.de\/fr\/wp-json\/wp\/v2\/pages\/17801"}],"wp:featuredmedia":[{"embeddable":true,"href":"https:\/\/www.harzer-wandernadel.de\/fr\/wp-json\/wp\/v2\/media\/18791"}],"wp:attachment":[{"href":"https:\/\/www.harzer-wandernadel.de\/fr\/wp-json\/wp\/v2\/media?parent=18789"}],"wp:term":[{"taxonomy":"hf_cat_page","embeddable":true,"href":"https:\/\/www.harzer-wandernadel.de\/fr\/wp-json\/wp\/v2\/hf_cat_page?post=18789"}],"curies":[{"name":"wp","href":"https:\/\/api.w.org\/{rel}","templated":true}]}}