{"id":18786,"date":"2016-02-18T12:15:03","date_gmt":"2016-02-18T11:15:03","guid":{"rendered":"https:\/\/www.harzer-wandernadel.de\/pointage\/carte-generale\/pointage-185-tour-de-prusse\/"},"modified":"2026-01-29T12:51:37","modified_gmt":"2026-01-29T11:51:37","slug":"pointage-185-tour-de-prusse","status":"publish","type":"page","link":"https:\/\/www.harzer-wandernadel.de\/fr\/pointage\/carte-generale\/pointage-185-tour-de-prusse\/","title":{"rendered":"Pointage 185 \/ Tour de Prusse"},"content":{"rendered":"\n<h2 class=\"wp-block-heading\">La tour des Prussiens se trouve sur le Schwedderberg, au-dessus du parc thermal de Bad Suderode&nbsp;.<\/h2>\n\n<div class=\"wp-block-stackable-image alignwide stk-block-image stk-block stk-89e1006\" data-block-id=\"89e1006\"><style>.stk-89e1006 {margin-top:3% !important;margin-bottom:3% !important;}<\/style><figure><span class=\"stk-img-wrapper stk-image--shape-stretch stk--has-lightbox\"><img decoding=\"async\" width=\"960\" height=\"720\" src=\"https:\/\/www.harzer-wandernadel.de\/wp-content\/uploads\/2016\/02\/Preu\u00dfenturm.jpg\" class=\"attachment-full size-full wp-post-image\" alt srcset=\"https:\/\/www.harzer-wandernadel.de\/wp-content\/uploads\/2016\/02\/Preu\u00dfenturm.jpg 960w, https:\/\/www.harzer-wandernadel.de\/wp-content\/uploads\/2016\/02\/Preu\u00dfenturm-300x225.jpg 300w, https:\/\/www.harzer-wandernadel.de\/wp-content\/uploads\/2016\/02\/Preu\u00dfenturm-768x576.jpg 768w, https:\/\/www.harzer-wandernadel.de\/wp-content\/uploads\/2016\/02\/Preu\u00dfenturm-250x188.jpg 250w, https:\/\/www.harzer-wandernadel.de\/wp-content\/uploads\/2016\/02\/Preu\u00dfenturm-624x468.jpg 624w\" sizes=\"(max-width: 960px) 100vw, 960px\"><\/span><\/figure><\/div>\n\n<p>Le pro\u00adpri\u00e9\u00adtaire d\u2019une impri\u00adme\u00adrie de Mag\u00adde\u00adbourg, August Baentsch, \u00e9tait r\u00e9gu\u00adli\u00e8\u00adre\u00adment un curiste \u00e0&nbsp;Bad Sude\u00adrode et, en remer\u00adcie\u00adment pour la gu\u00e9\u00adri\u00adson de ses pro\u00adbl\u00e8mes de san\u00adt\u00e9, il a&nbsp;fait don de l\u2019argent n\u00e9ces\u00adsaire \u00e0&nbsp;la construc\u00adtion de la pre\u00admi\u00e8re tour prus\u00adsienne en&nbsp;1845.<\/p>\n\n<p>Apr\u00e8s qu\u2019une tour construite en 1885 ait \u00e9t\u00e9 d\u00e9mo\u00adlie pen\u00addant les ann\u00e9es de guerre en rai\u00adson de son \u00e9tat de d\u00e9la\u00adbre\u00adment, une nou\u00advelle tour a&nbsp;\u00e9t\u00e9 construite au m\u00eame endroit en 1953, mais elle a&nbsp;\u00e9t\u00e9 bap\u00adti\u00ads\u00e9e \u00ab&nbsp;tour Tho\u00admas M\u00fcnt\u00adzer&nbsp;\u00bb. Cette construc\u00adtion a&nbsp;\u00e9t\u00e9 spon\u00adso\u00adri\u00ads\u00e9e par Rein\u00adhard Jahn, le pro\u00adpri\u00e9\u00adtaire de la \u00ab&nbsp;Stock- und Klappm\u00f6\u00adbel\u00adfa\u00adbrik&nbsp;\u00bb \u00e0&nbsp;Bad Suderode.&nbsp;<\/p>\n\n<p>Apr\u00e8s la r\u00e9uni\u00adfi\u00adca\u00adtion de l\u2019Al\u00adle\u00admagne, la tour a&nbsp;\u00e9t\u00e9 rebap\u00adti\u00ads\u00e9e Tour de Prusse et a&nbsp;\u00e9t\u00e9 enti\u00e8\u00adre\u00adment r\u00e9no\u00adv\u00e9e en 2007 par une entre\u00adprise de char\u00adpen\u00adte\u00adrie locale. De la tour, on a&nbsp;une vue \u00e9ten\u00addue qui s\u2019\u00e9\u00adtend de Blan\u00adken\u00adburg \u00e0&nbsp;Qued\u00adlin\u00adburg jus\u00adqu\u2019aux Gegen\u00adsteine pr\u00e8s de Ballenstedt.&nbsp;<\/p>\n\n<p>Depuis le parc de la sta\u00adtion ther\u00admale de Bad Sude\u00adrode, suis le che\u00admin de ran\u00addon\u00adn\u00e9e bali\u00ads\u00e9 depuis la fon\u00adtaine de Beh\u00adrin\u00adger jus\u00adqu\u2019\u00e0 la tour de Prusse.<\/p>\n\n<div class=\"wp-block-buttons is-layout-flex wp-block-buttons-is-layout-flex\">\n<div class=\"wp-block-button\"><a class=\"wp-block-button__link wp-element-button\" href=\"http:\/\/harzer-bergwald.de\/index.php\/wandertouren\/romantiktouren\/34-wandern-fuer-die-seele\">Sug\u00adges\u00adtion de cir\u00adcuit For\u00eat de mon\u00adtagne du&nbsp;Harz<\/a><\/div>\n<\/div>\n","protected":false},"excerpt":{"rendered":"<p>La tour des Prus\u00adsiens se trouve sur le Schwed\u00adder\u00adberg, au-des\u00adsus du parc ther\u00admal de Bad Sude\u00adrode&nbsp;. Le pro\u00adpri\u00e9\u00adtaire d\u2019une impri\u00adme\u00adrie de Mag\u00adde\u00adbourg, August Baentsch, \u00e9tait r\u00e9gu\u00adli\u00e8\u00adre\u00adment un curiste \u00e0&nbsp;Bad Sude\u00adrode et, en remer\u00adcie\u00adment pour la gu\u00e9\u00adri\u00adson de ses pro\u00adbl\u00e8mes de san\u00adt\u00e9, il a&nbsp;fait don de l\u2019argent n\u00e9ces\u00adsaire \u00e0&nbsp;la construc\u00adtion de la pre\u00admi\u00e8re tour prus\u00adsienne en&nbsp;1845.&nbsp;[\u2026]<\/p>\n","protected":false},"author":11,"featured_media":18787,"parent":17801,"menu_order":10185,"comment_status":"closed","ping_status":"closed","template":"","meta":{"_seopress_robots_primary_cat":"","_seopress_titles_title":"","_seopress_titles_desc":"","_seopress_robots_index":"","wp_typography_post_enhancements_disabled":false,"iawp_total_views":1,"footnotes":""},"hf_cat_page":[120],"class_list":["post-18786","page","type-page","status-publish","has-post-thumbnail"],"blocksy_meta":[],"_links":{"self":[{"href":"https:\/\/www.harzer-wandernadel.de\/fr\/wp-json\/wp\/v2\/pages\/18786","targetHints":{"allow":["GET"]}}],"collection":[{"href":"https:\/\/www.harzer-wandernadel.de\/fr\/wp-json\/wp\/v2\/pages"}],"about":[{"href":"https:\/\/www.harzer-wandernadel.de\/fr\/wp-json\/wp\/v2\/types\/page"}],"author":[{"embeddable":true,"href":"https:\/\/www.harzer-wandernadel.de\/fr\/wp-json\/wp\/v2\/users\/11"}],"replies":[{"embeddable":true,"href":"https:\/\/www.harzer-wandernadel.de\/fr\/wp-json\/wp\/v2\/comments?post=18786"}],"version-history":[{"count":1,"href":"https:\/\/www.harzer-wandernadel.de\/fr\/wp-json\/wp\/v2\/pages\/18786\/revisions"}],"predecessor-version":[{"id":18788,"href":"https:\/\/www.harzer-wandernadel.de\/fr\/wp-json\/wp\/v2\/pages\/18786\/revisions\/18788"}],"up":[{"embeddable":true,"href":"https:\/\/www.harzer-wandernadel.de\/fr\/wp-json\/wp\/v2\/pages\/17801"}],"wp:featuredmedia":[{"embeddable":true,"href":"https:\/\/www.harzer-wandernadel.de\/fr\/wp-json\/wp\/v2\/media\/18787"}],"wp:attachment":[{"href":"https:\/\/www.harzer-wandernadel.de\/fr\/wp-json\/wp\/v2\/media?parent=18786"}],"wp:term":[{"taxonomy":"hf_cat_page","embeddable":true,"href":"https:\/\/www.harzer-wandernadel.de\/fr\/wp-json\/wp\/v2\/hf_cat_page?post=18786"}],"curies":[{"name":"wp","href":"https:\/\/api.w.org\/{rel}","templated":true}]}}