{"id":18774,"date":"2016-02-18T12:47:28","date_gmt":"2016-02-18T11:47:28","guid":{"rendered":"https:\/\/www.harzer-wandernadel.de\/pointage\/carte-generale\/pointage-82-regenstein-moulin\/"},"modified":"2026-02-28T14:42:46","modified_gmt":"2026-02-28T13:42:46","slug":"pointage-82-regenstein-moulin","status":"publish","type":"page","link":"https:\/\/www.harzer-wandernadel.de\/fr\/pointage\/carte-generale\/pointage-82-regenstein-moulin\/","title":{"rendered":"Pointage 82 \/ Regenstein \u2013 Moulin"},"content":{"rendered":"\n<h2 class=\"wp-block-heading\">Le moulin Regenstein se trouve entre la <a href=\"https:\/\/www.harzer-wandernadel.de\/fr\/pointage\/carte-generale\/pointage-80-ruines-du-chateau-de-regenstein\/\" data-type=\"page\" data-id=\"939\" target=\"_blank\" rel=\"noreferrer noopener\"><span style=\"color: var(--theme-palette-color-2, #1b5700);\" class=\"stk-highlight\">Ch\u00e2teau et forteresse de Regenstein HWN 80<\/span><\/a> et les zones de la for\u00eat. <a href=\"https:\/\/www.harzer-wandernadel.de\/stempelstellen\/uebersichtskarte\/stempelstelle-81-sandhoehlen-im-heers\/\" data-type=\"page\" data-id=\"941\" target=\"_blank\" rel=\"noreferrer noopener\"><span style=\"color: var(--theme-palette-color-2, #1b5700);\" class=\"stk-highlight\">Grottes de sable dans le Heers HWN 81<\/span><\/a>.<\/h2>\n\n<div class=\"wp-block-stackable-image alignwide stk-block-image stk-block stk-89e1006\" data-block-id=\"89e1006\"><style>.stk-89e1006 {margin-top:3% !important;margin-bottom:3% !important;}<\/style><figure><span class=\"stk-img-wrapper stk-image--shape-stretch stk--has-lightbox\"><img decoding=\"async\" width=\"825\" height=\"550\" src=\"https:\/\/www.harzer-wandernadel.de\/wp-content\/uploads\/2016\/02\/Regensteinm\u00fchle.jpg\" class=\"attachment-full size-full wp-post-image\" alt srcset=\"https:\/\/www.harzer-wandernadel.de\/wp-content\/uploads\/2016\/02\/Regensteinm\u00fchle.jpg 825w, https:\/\/www.harzer-wandernadel.de\/wp-content\/uploads\/2016\/02\/Regensteinm\u00fchle-300x200.jpg 300w, https:\/\/www.harzer-wandernadel.de\/wp-content\/uploads\/2016\/02\/Regensteinm\u00fchle-768x512.jpg 768w, https:\/\/www.harzer-wandernadel.de\/wp-content\/uploads\/2016\/02\/Regensteinm\u00fchle-624x416.jpg 624w\" sizes=\"(max-width: 825px) 100vw, 825px\"><\/span><\/figure><\/div>\n\n<p>Le mou\u00adlin Regen\u00adstein a&nbsp;\u00e9t\u00e9 construit \u00e0&nbsp;la fin du 12\u00e8me si\u00e8cle et a&nbsp;appro\u00advi\u00adsion\u00adn\u00e9 les habi\u00adtants du ch\u00e2\u00adteau en farine et en huile jus\u00adqu\u2019au milieu du 15\u00e8me si\u00e8cle. L\u2019eau pour les roues du mou\u00adlin \u00e9tait ame\u00adn\u00e9e au Regen\u00adsteinm\u00fchle par un fos\u00ads\u00e9 de pr\u00e8s de deux kilo\u00adm\u00e8tres de long depuis le Gold\u00adbach en des\u00adsous de l\u2019\u00e9\u00adtang de M\u00f6n\u00adchem\u00fchl. Apr\u00e8s cette p\u00e9riode, l\u2019ins\u00adtal\u00adla\u00adtion est tom\u00adb\u00e9e en d\u00e9su\u00e9\u00adtude et la nature a&nbsp;repris le dessus.&nbsp;<\/p>\n\n<p>Entre 1988 et 1997, l\u2019in\u00adg\u00e9\u00adnieur minier de Blan\u00adken\u00adburg Lothar Tomas\u00adzews\u00adki et des volon\u00adtaires ont red\u00e9\u00adcou\u00advert et d\u00e9ga\u00adg\u00e9 l\u2019en\u00adsemble du mou\u00adlin. Deux roues de mou\u00adlin ont \u00e9ga\u00adle\u00adment \u00e9t\u00e9 ins\u00adtal\u00adl\u00e9es en col\u00adla\u00adbo\u00adra\u00adtion avec les tra\u00advailleurs ABM d\u2019une mesure de poli\u00adtique de l\u2019emploi. <\/p>\n\n<p>Mais d\u00e8s 2012, on s\u2019est \u00e0&nbsp;nou\u00adveau deman\u00add\u00e9 com\u00adment pr\u00e9\u00adser\u00adver cette pr\u00e9\u00adcieuse ins\u00adtal\u00adla\u00adtion, car les roues du mou\u00adlin pr\u00e9\u00adsen\u00adtaient d\u00e9j\u00e0 des traces impor\u00adtantes d\u2019u\u00adsure. Avec l\u2019aide de l\u2019a\u00adgence com\u00admu\u00adnale pour l\u2019emploi du dis\u00adtrict de Harz et d\u2019autres par\u00adte\u00adnaires du r\u00e9seau, un pro\u00adjet unique a&nbsp;\u00e9t\u00e9 d\u00e9ve\u00adlop\u00adp\u00e9 pour pr\u00e9\u00adser\u00adver cette ins\u00adtal\u00adla\u00adtion pr\u00e9\u00adcieuse. Sous la direc\u00adtion de VHS-Bil\u00addung\u00adswerk GMbH, des jeunes de la r\u00e9gion du Harz ont fabri\u00adqu\u00e9 les deux roues de mou\u00adlin dans le cadre d\u2019un pro\u00adjet com\u00admun avec de jeunes Fran\u00ad\u00e7ais de l\u2019\u00e9\u00adta\u00adblis\u00adse\u00adment \u00ab&nbsp;EPIDE&nbsp;\u00bb de la r\u00e9gion par\u00adte\u00adnaire de Bel\u00adfort en 2013 et 2014, et les ont assem\u00adbl\u00e9es sur&nbsp;place.&nbsp;<\/p>\n\n<p>Tu attein\u00addras le mou\u00adlin Regen\u00adstein en emprun\u00adtant un \u00e9troit sen\u00adtier bali\u00ads\u00e9 qui m\u00e8ne dans la for\u00eat en face du par\u00adking, en des\u00adsous des <a href=\"https:\/\/www.harzer-wandernadel.de\/fr\/pointage\/carte-generale\/pointage-80-ruines-du-chateau-de-regenstein\/\" data-type=\"page\" data-id=\"939\" target=\"_blank\" rel=\"noreferrer noopener\">ruines du ch\u00e2\u00adteau Regen\u00adstein HWN 80<\/a>. Il est int\u00e9\u00adres\u00adsant de conti\u00adnuer la ran\u00addon\u00adn\u00e9e jus\u00adqu\u2019aux <a href=\"https:\/\/www.harzer-wandernadel.de\/stempelstellen\/uebersichtskarte\/stempelstelle-81-sandhoehlen-im-heers\/\" data-type=\"page\" data-id=\"941\" target=\"_blank\" rel=\"noreferrer noopener\">grottes de sable HWN 81 dans le Heers<\/a>. <\/p>\n\n<p><strong>Le mou\u00adlin de Regen\u00adstein a&nbsp;\u00e9t\u00e9 \u00e9lu par nos amis ran\u00addon\u00adneurs comme le plus beau lieu de poin\u00adtage de&nbsp;2014.<\/strong><\/p>\n\n<div class=\"wp-block-buttons is-layout-flex wp-block-buttons-is-layout-flex\">\n<div class=\"wp-block-button\"><a class=\"wp-block-button__link wp-element-button\" href=\"http:\/\/www.blankenburg-tourismus.de\" target=\"_blank\" rel=\"noreferrer noopener\">Infor\u00adma\u00adtions tou\u00adris\u00adtiques Blankenburg&nbsp;\u00bb<\/a><\/div>\n<\/div>\n\n<div class=\"wp-block-buttons is-layout-flex wp-block-buttons-is-layout-flex\">\n<div class=\"wp-block-button\"><a class=\"wp-block-button__link wp-element-button\" href=\"https:\/\/harzer-bergwald.de\/index.php\/wandertouren\/abenteuertouren\/42-abenteuerland-regenstein\" target=\"_blank\" rel=\"noreferrer noopener\">Sug\u00adges\u00adtion de cir\u00adcuit For\u00eat de mon\u00adtagne du&nbsp;Harz&nbsp;\u00bb<\/a><\/div>\n<\/div>\n","protected":false},"excerpt":{"rendered":"<p>Le mou\u00adlin Regen\u00adstein se trouve entre la Ch\u00e2\u00adteau et for\u00adte\u00adresse de Regen\u00adstein HWN 80 et les zones de la for\u00eat. Grottes de sable dans le Heers HWN 81. Le mou\u00adlin Regen\u00adstein a&nbsp;\u00e9t\u00e9 construit \u00e0&nbsp;la fin du 12\u00e8me si\u00e8cle et a&nbsp;appro\u00advi\u00adsion\u00adn\u00e9 les habi\u00adtants du ch\u00e2\u00adteau en farine et en huile jus\u00adqu\u2019au milieu du 15\u00e8me si\u00e8cle. L\u2019eau [\u2026]<\/p>\n","protected":false},"author":11,"featured_media":18775,"parent":17801,"menu_order":10082,"comment_status":"closed","ping_status":"closed","template":"","meta":{"_seopress_robots_primary_cat":"","_seopress_titles_title":"","_seopress_titles_desc":"","_seopress_robots_index":"","wp_typography_post_enhancements_disabled":false,"iawp_total_views":1,"footnotes":""},"hf_cat_page":[120],"class_list":["post-18774","page","type-page","status-publish","has-post-thumbnail"],"blocksy_meta":[],"_links":{"self":[{"href":"https:\/\/www.harzer-wandernadel.de\/fr\/wp-json\/wp\/v2\/pages\/18774","targetHints":{"allow":["GET"]}}],"collection":[{"href":"https:\/\/www.harzer-wandernadel.de\/fr\/wp-json\/wp\/v2\/pages"}],"about":[{"href":"https:\/\/www.harzer-wandernadel.de\/fr\/wp-json\/wp\/v2\/types\/page"}],"author":[{"embeddable":true,"href":"https:\/\/www.harzer-wandernadel.de\/fr\/wp-json\/wp\/v2\/users\/11"}],"replies":[{"embeddable":true,"href":"https:\/\/www.harzer-wandernadel.de\/fr\/wp-json\/wp\/v2\/comments?post=18774"}],"version-history":[{"count":2,"href":"https:\/\/www.harzer-wandernadel.de\/fr\/wp-json\/wp\/v2\/pages\/18774\/revisions"}],"predecessor-version":[{"id":24850,"href":"https:\/\/www.harzer-wandernadel.de\/fr\/wp-json\/wp\/v2\/pages\/18774\/revisions\/24850"}],"up":[{"embeddable":true,"href":"https:\/\/www.harzer-wandernadel.de\/fr\/wp-json\/wp\/v2\/pages\/17801"}],"wp:featuredmedia":[{"embeddable":true,"href":"https:\/\/www.harzer-wandernadel.de\/fr\/wp-json\/wp\/v2\/media\/18775"}],"wp:attachment":[{"href":"https:\/\/www.harzer-wandernadel.de\/fr\/wp-json\/wp\/v2\/media?parent=18774"}],"wp:term":[{"taxonomy":"hf_cat_page","embeddable":true,"href":"https:\/\/www.harzer-wandernadel.de\/fr\/wp-json\/wp\/v2\/hf_cat_page?post=18774"}],"curies":[{"name":"wp","href":"https:\/\/api.w.org\/{rel}","templated":true}]}}