{"id":18770,"date":"2016-02-18T12:37:10","date_gmt":"2016-02-18T11:37:10","guid":{"rendered":"https:\/\/www.harzer-wandernadel.de\/pointage\/carte-generale\/pointage-79-pont-otto-ebert-sur-le-herzogsweg\/"},"modified":"2026-02-28T14:42:43","modified_gmt":"2026-02-28T13:42:43","slug":"pointage-79-pont-otto-ebert-sur-le-herzogsweg","status":"publish","type":"page","link":"https:\/\/www.harzer-wandernadel.de\/fr\/pointage\/carte-generale\/pointage-79-pont-otto-ebert-sur-le-herzogsweg\/","title":{"rendered":"Pointage 79 \/ Pont Otto \u2013 Ebert (sur le Herzogsweg)"},"content":{"rendered":"\n<h2 class=\"wp-block-heading\">Le \u00ab&nbsp;pont Otto Ebert&nbsp;\u00bb se trouve sur le Herzogsweg et se situe pr\u00e8s de la B&nbsp;27 entre Blankenburg et H\u00fcttenrode.<\/h2>\n\n<div class=\"wp-block-stackable-image alignwide stk-block-image stk-block stk-89e1006\" data-block-id=\"89e1006\"><style>.stk-89e1006 {margin-top:3% !important;margin-bottom:3% !important;}<\/style><figure><span class=\"stk-img-wrapper stk-image--shape-stretch stk--has-lightbox\"><img decoding=\"async\" width=\"3264\" height=\"1840\" src=\"https:\/\/www.harzer-wandernadel.de\/wp-content\/uploads\/2016\/02\/HWN-Otto-Ebert-Br\u00fccke.jpg\" class=\"attachment-full size-full wp-post-image\" alt=\"Les ponts en bois sur le paysage gris de la vall\u00e9e\" srcset=\"https:\/\/www.harzer-wandernadel.de\/wp-content\/uploads\/2016\/02\/HWN-Otto-Ebert-Br\u00fccke.jpg 3264w, https:\/\/www.harzer-wandernadel.de\/wp-content\/uploads\/2016\/02\/HWN-Otto-Ebert-Br\u00fccke-300x169.jpg 300w, https:\/\/www.harzer-wandernadel.de\/wp-content\/uploads\/2016\/02\/HWN-Otto-Ebert-Br\u00fccke-768x433.jpg 768w, https:\/\/www.harzer-wandernadel.de\/wp-content\/uploads\/2016\/02\/HWN-Otto-Ebert-Br\u00fccke-1024x577.jpg 1024w, https:\/\/www.harzer-wandernadel.de\/wp-content\/uploads\/2016\/02\/HWN-Otto-Ebert-Br\u00fccke-250x141.jpg 250w, https:\/\/www.harzer-wandernadel.de\/wp-content\/uploads\/2016\/02\/HWN-Otto-Ebert-Br\u00fccke-624x352.jpg 624w\" sizes=\"(max-width: 3264px) 100vw, 3264px\"><\/span><\/figure><\/div>\n\n<p>Le che\u00admin de fer du R\u00fcbe\u00adland, qui \u00e9tait \u00e0&nbsp;l\u2019\u00e9\u00adpoque de sa construc\u00adtion le che\u00admin de fer \u00e0&nbsp;adh\u00e9\u00adrence le plus raide du monde, a&nbsp;\u00e9t\u00e9 \u00e9lec\u00adtri\u00adfi\u00e9 entre 1960 et 1965 afin de per\u00admettre l\u2019\u00e9\u00adva\u00adcua\u00adtion des grandes quan\u00adti\u00adt\u00e9s de chaux de l\u2019u\u00adsine de chaux du R\u00fcbeland.<\/p>\n\n<p>Cepen\u00addant, la construc\u00adtion du nou\u00adveau tra\u00adc\u00e9 a&nbsp;cou\u00adp\u00e9 le cours du Her\u00adzog\u00adweg, de sorte que les ran\u00addon\u00adneurs tra\u00adver\u00adsaient par\u00adfois les voies \u00e0&nbsp;leurs risques et p\u00e9rils. L\u2019in\u00adg\u00e9\u00adnieur en chef Otto Ebert, lui-m\u00eame un ami du Harz et de la ran\u00addon\u00adn\u00e9e, \u00e9tait le chef de chan\u00adtier pour le r\u00e9am\u00e9\u00adna\u00adge\u00adment du tra\u00adc\u00e9 \u00e0&nbsp;l\u2019\u00e9poque.&nbsp;<\/p>\n\n<p>Le Harzk\u00adlub et la ville de Blan\u00adken\u00adburg (Harz), ont essay\u00e9 apr\u00e8s 1990 de g\u00e9n\u00e9\u00adrer des sub\u00adven\u00adtions pour la construc\u00adtion d\u2019un pont sur le che\u00admin de fer R\u00fcbe\u00adland et ain\u00adsi rendre le Her\u00adzog\u00adsweg \u00e0&nbsp;nou\u00adveau pra\u00adti\u00adcable sur toute sa lon\u00adgueur. L\u2019in\u00adg\u00e9\u00adnieur en chef Otto Ebert a&nbsp;exa\u00admi\u00adn\u00e9 les pos\u00adsi\u00adbi\u00adli\u00adt\u00e9s de finan\u00adce\u00adment en col\u00adla\u00adbo\u00adra\u00adtion avec la ville de Blan\u00adken\u00adburg (Harz) et, \u00e0&nbsp;l\u2019oc\u00adca\u00adsion de son 70e anni\u00adver\u00adsaire, il a&nbsp;sou\u00adhai\u00adt\u00e9 que ses invi\u00adt\u00e9s fassent un don pour le pont du Her\u00adzog\u00adsweg plu\u00adt\u00f4t que de lui offrir des cadeaux. La contri\u00adbu\u00adtion per\u00adson\u00adnelle pour les sub\u00adven\u00adtions deman\u00add\u00e9es a&nbsp;ain\u00adsi \u00e9t\u00e9 r\u00e9unie et le pont a&nbsp;\u00e9t\u00e9 nom\u00adm\u00e9 en l\u2019hon\u00adneur d\u2019Ot\u00adto&nbsp;Ebert.&nbsp;<\/p>\n\n<p>Le petit par\u00adking sur la B27&nbsp;en direc\u00adtion de l\u2019au\u00adberge Zie\u00adgen\u00adkopf est un bon point de d\u00e9part, ou si tu t\u2019ar\u00adr\u00eates \u00e0&nbsp;l\u2019au\u00adberge Zie\u00adgen\u00adkopf, les places de par\u00adking juste devant l\u2019auberge.<\/p>\n\n<div class=\"wp-block-buttons is-layout-flex wp-block-buttons-is-layout-flex\">\n<div class=\"wp-block-button\"><a class=\"wp-block-button__link wp-element-button\" href=\"https:\/\/www.ziegenkopf.de\/\" target=\"_blank\" rel=\"noreferrer noopener\">Auberge de mon\u00adtagne Ziegenkopf&nbsp;\u00bb<\/a><\/div>\n<\/div>\n\n<div class=\"wp-block-buttons is-layout-flex wp-block-buttons-is-layout-flex\">\n<div class=\"wp-block-button\"><a class=\"wp-block-button__link wp-element-button\" href=\"https:\/\/harzer-bergwald.de\/index.php\/wandertouren\/abenteuertouren\/29-abenteuer-auf-der-teufelsmauer\" target=\"_blank\" rel=\"noreferrer noopener\">Sug\u00adges\u00adtion de cir\u00adcuit For\u00eat de mon\u00adtagne du&nbsp;Harz&nbsp;\u00bb<\/a><\/div>\n<\/div>\n\n<p>Mais tu peux aus\u00adsi faire la ran\u00addon\u00adn\u00e9e en par\u00adtant des <a href=\"https:\/\/www.harzer-wandernadel.de\/stempelstellen\/uebersichtskarte\/stempelstelle-77-ruine-luisenburg\/\" data-type=\"page\" data-id=\"932\" target=\"_blank\" rel=\"noreferrer noopener\">ruines du Lui\u00adsen\u00adburg HWN 77<\/a>, \u00e0&nbsp;2,5&nbsp;km.<\/p>\n","protected":false},"excerpt":{"rendered":"<p>Le \u00ab&nbsp;pont Otto Ebert&nbsp;\u00bb se trouve sur le Her\u00adzog\u00adsweg et se situe pr\u00e8s de la B&nbsp;27 entre Blan\u00adken\u00adburg et H\u00fct\u00adten\u00adrode. Le che\u00admin de fer du R\u00fcbe\u00adland, qui \u00e9tait \u00e0&nbsp;l\u2019\u00e9\u00adpoque de sa construc\u00adtion le che\u00admin de fer \u00e0&nbsp;adh\u00e9\u00adrence le plus raide du monde, a&nbsp;\u00e9t\u00e9 \u00e9lec\u00adtri\u00adfi\u00e9 entre 1960 et 1965 afin de per\u00admettre l\u2019\u00e9\u00adva\u00adcua\u00adtion des grandes quantit\u00e9s&nbsp;[\u2026]<\/p>\n","protected":false},"author":11,"featured_media":18773,"parent":17801,"menu_order":10079,"comment_status":"closed","ping_status":"closed","template":"","meta":{"_seopress_robots_primary_cat":"","_seopress_titles_title":"","_seopress_titles_desc":"","_seopress_robots_index":"","wp_typography_post_enhancements_disabled":false,"iawp_total_views":0,"footnotes":""},"hf_cat_page":[120],"class_list":["post-18770","page","type-page","status-publish","has-post-thumbnail"],"blocksy_meta":[],"_links":{"self":[{"href":"https:\/\/www.harzer-wandernadel.de\/fr\/wp-json\/wp\/v2\/pages\/18770","targetHints":{"allow":["GET"]}}],"collection":[{"href":"https:\/\/www.harzer-wandernadel.de\/fr\/wp-json\/wp\/v2\/pages"}],"about":[{"href":"https:\/\/www.harzer-wandernadel.de\/fr\/wp-json\/wp\/v2\/types\/page"}],"author":[{"embeddable":true,"href":"https:\/\/www.harzer-wandernadel.de\/fr\/wp-json\/wp\/v2\/users\/11"}],"replies":[{"embeddable":true,"href":"https:\/\/www.harzer-wandernadel.de\/fr\/wp-json\/wp\/v2\/comments?post=18770"}],"version-history":[{"count":2,"href":"https:\/\/www.harzer-wandernadel.de\/fr\/wp-json\/wp\/v2\/pages\/18770\/revisions"}],"predecessor-version":[{"id":24840,"href":"https:\/\/www.harzer-wandernadel.de\/fr\/wp-json\/wp\/v2\/pages\/18770\/revisions\/24840"}],"up":[{"embeddable":true,"href":"https:\/\/www.harzer-wandernadel.de\/fr\/wp-json\/wp\/v2\/pages\/17801"}],"wp:featuredmedia":[{"embeddable":true,"href":"https:\/\/www.harzer-wandernadel.de\/fr\/wp-json\/wp\/v2\/media\/18773"}],"wp:attachment":[{"href":"https:\/\/www.harzer-wandernadel.de\/fr\/wp-json\/wp\/v2\/media?parent=18770"}],"wp:term":[{"taxonomy":"hf_cat_page","embeddable":true,"href":"https:\/\/www.harzer-wandernadel.de\/fr\/wp-json\/wp\/v2\/hf_cat_page?post=18770"}],"curies":[{"name":"wp","href":"https:\/\/api.w.org\/{rel}","templated":true}]}}