{"id":18761,"date":"2016-02-18T13:49:13","date_gmt":"2016-02-18T12:49:13","guid":{"rendered":"https:\/\/www.harzer-wandernadel.de\/pointage\/carte-generale\/pointage-90-tir-rouge\/"},"modified":"2026-02-28T14:42:50","modified_gmt":"2026-02-28T13:42:50","slug":"pointage-90-tir-rouge","status":"publish","type":"page","link":"https:\/\/www.harzer-wandernadel.de\/fr\/pointage\/carte-generale\/pointage-90-tir-rouge\/","title":{"rendered":"Pointage 90 \/ Tir&nbsp;rouge"},"content":{"rendered":"\n<h2 class=\"wp-block-heading\">Au bout de la vall\u00e9e de la Limbach, dans la for\u00eat urbaine d\u2019Ellrich, se trouve le Rote Schuss (505&nbsp;m&nbsp;d\u2019altitude).<\/h2>\n\n<div class=\"wp-block-stackable-image alignwide stk-block-image stk-block stk-89e1006\" data-block-id=\"89e1006\"><style>.stk-89e1006 {margin-top:3% !important;margin-bottom:3% !important;}<\/style><figure><span class=\"stk-img-wrapper stk-image--shape-stretch stk--has-lightbox\"><img decoding=\"async\" width=\"850\" height=\"550\" src=\"https:\/\/www.harzer-wandernadel.de\/wp-content\/uploads\/2016\/02\/Roter-Schuss.jpg\" class=\"attachment-full size-full wp-post-image\" alt srcset=\"https:\/\/www.harzer-wandernadel.de\/wp-content\/uploads\/2016\/02\/Roter-Schuss.jpg 850w, https:\/\/www.harzer-wandernadel.de\/wp-content\/uploads\/2016\/02\/Roter-Schuss-300x194.jpg 300w, https:\/\/www.harzer-wandernadel.de\/wp-content\/uploads\/2016\/02\/Roter-Schuss-768x497.jpg 768w, https:\/\/www.harzer-wandernadel.de\/wp-content\/uploads\/2016\/02\/Roter-Schuss-624x404.jpg 624w\" sizes=\"(max-width: 850px) 100vw, 850px\"><\/span><\/figure><\/div>\n\n<p>Vers la val\u00adl\u00e9e, elle des\u00adcend si abrup\u00adte\u00adment que tu peux voir la por\u00adphy\u00adrite rouge de la mon\u00adtagne. C\u2019est peut-\u00eatre de l\u00e0 que la mon\u00adtagne tire son nom, mais \u00e0&nbsp;Ell\u00adrich et Zorge, les gens racontent une autre histoire&nbsp;:&nbsp;<\/p>\n\n<p>\u00ab&nbsp;Il y&nbsp;a quelques cen\u00adtaines d\u2019an\u00adn\u00e9es, un bra\u00adcon\u00adnier notoire vivait \u00e0&nbsp;Ell\u00adrich. Pen\u00addant long\u00adtemps, les gardes fores\u00adtiers ont essay\u00e9 en vain de le sur\u00adprendre dans ses acti\u00advi\u00adt\u00e9s cri\u00admi\u00adnelles. Un jour, un jeune chas\u00adseur fut mut\u00e9 \u00e0&nbsp;Ell\u00adrich et d\u00e9ci\u00adda de ne pas se repo\u00adser tant qu\u2019il n\u2019au\u00adrait pas mis le bra\u00adcon\u00adnier hors d\u2019\u00e9\u00adtat de nuire. Il a&nbsp;sur\u00adpris le voleur de gibier dans la for\u00eat, juste au moment o\u00f9 il \u00e9tait occu\u00adp\u00e9 \u00e0&nbsp;\u00e9vis\u00adc\u00e9\u00adrer un che\u00advreuil. Le bra\u00adcon\u00adnier, qui ne vou\u00adlait pas se rendre, abat\u00adtit le chas\u00adseur d\u2019un coup de feu. La terre but le sang inno\u00adcent ver\u00ads\u00e9 et la mon\u00adtagne enti\u00e8re rou\u00adgit de ce sacri\u00adl\u00e8ge pour l\u2019\u00e9ternit\u00e9&nbsp;\u00bb.&nbsp;<\/p>\n\n<p>Le meilleur point de d\u00e9part pour une belle ran\u00addon\u00adn\u00e9e cir\u00adcu\u00adlaire est le par\u00adking de la for\u00eat muni\u00adci\u00adpale d\u2019Ell\u00adrich. De l\u00e0, on marche d\u2019a\u00adbord sur le che\u00admin bali\u00ads\u00e9 jus\u00adqu\u2019\u00e0 \u00ab&nbsp;Red Schuss&nbsp;\u00bb et ensuite jus\u00adqu\u2019au <a href=\"https:\/\/www.harzer-wandernadel.de\/stempelstellen\/uebersichtskarte\/stempelstelle-165-wendel-eiche\/\" data-type=\"page\" data-id=\"1209\">ch\u00eane r\u00e9ver\u00adsible HWN 165<\/a>, \u00e0&nbsp;la <a href=\"https:\/\/www.harzer-wandernadel.de\/stempelstellen\/uebersichtskarte\/stempelstelle-164-stiefmutter\/\" data-type=\"page\" data-id=\"1207\">belle-m\u00e8re HWN 164<\/a> et pour finir jus\u00adqu\u2019\u00e0 la sta\u00adtion sp\u00e9\u00adciale de poin\u00adtage \u00ab&nbsp;Zweiil\u00e4n\u00adde\u00adreiche&nbsp;\u00bb. Le Harzk\u00adlub a&nbsp;tr\u00e8s bien bali\u00ads\u00e9 ce chemin.&nbsp;<\/p>\n\n<p><b>Le coup rouge a&nbsp;\u00e9t\u00e9 \u00e9lu par nos amis ran\u00addon\u00adneurs comme le plus beau point de poin\u00adtage de&nbsp;2008.<\/b><\/p>\n","protected":false},"excerpt":{"rendered":"<p>Au bout de la val\u00adl\u00e9e de la Lim\u00adbach, dans la for\u00eat urbaine d\u2019Ellrich, se trouve le Rote Schuss (505&nbsp;m&nbsp;d\u2019altitude). Vers la val\u00adl\u00e9e, elle des\u00adcend si abrup\u00adte\u00adment que tu peux voir la por\u00adphy\u00adrite rouge de la mon\u00adtagne. C\u2019est peut-\u00eatre de l\u00e0 que la mon\u00adtagne tire son nom, mais \u00e0&nbsp;Ell\u00adrich et Zorge, les gens racontent une&nbsp;autre&nbsp;[\u2026]<\/p>\n","protected":false},"author":11,"featured_media":18763,"parent":17801,"menu_order":10090,"comment_status":"closed","ping_status":"closed","template":"","meta":{"_seopress_robots_primary_cat":"","_seopress_titles_title":"","_seopress_titles_desc":"","_seopress_robots_index":"","wp_typography_post_enhancements_disabled":false,"iawp_total_views":0,"footnotes":""},"hf_cat_page":[120],"class_list":["post-18761","page","type-page","status-publish","has-post-thumbnail"],"blocksy_meta":[],"_links":{"self":[{"href":"https:\/\/www.harzer-wandernadel.de\/fr\/wp-json\/wp\/v2\/pages\/18761","targetHints":{"allow":["GET"]}}],"collection":[{"href":"https:\/\/www.harzer-wandernadel.de\/fr\/wp-json\/wp\/v2\/pages"}],"about":[{"href":"https:\/\/www.harzer-wandernadel.de\/fr\/wp-json\/wp\/v2\/types\/page"}],"author":[{"embeddable":true,"href":"https:\/\/www.harzer-wandernadel.de\/fr\/wp-json\/wp\/v2\/users\/11"}],"replies":[{"embeddable":true,"href":"https:\/\/www.harzer-wandernadel.de\/fr\/wp-json\/wp\/v2\/comments?post=18761"}],"version-history":[{"count":2,"href":"https:\/\/www.harzer-wandernadel.de\/fr\/wp-json\/wp\/v2\/pages\/18761\/revisions"}],"predecessor-version":[{"id":24864,"href":"https:\/\/www.harzer-wandernadel.de\/fr\/wp-json\/wp\/v2\/pages\/18761\/revisions\/24864"}],"up":[{"embeddable":true,"href":"https:\/\/www.harzer-wandernadel.de\/fr\/wp-json\/wp\/v2\/pages\/17801"}],"wp:featuredmedia":[{"embeddable":true,"href":"https:\/\/www.harzer-wandernadel.de\/fr\/wp-json\/wp\/v2\/media\/18763"}],"wp:attachment":[{"href":"https:\/\/www.harzer-wandernadel.de\/fr\/wp-json\/wp\/v2\/media?parent=18761"}],"wp:term":[{"taxonomy":"hf_cat_page","embeddable":true,"href":"https:\/\/www.harzer-wandernadel.de\/fr\/wp-json\/wp\/v2\/hf_cat_page?post=18761"}],"curies":[{"name":"wp","href":"https:\/\/api.w.org\/{rel}","templated":true}]}}