{"id":18755,"date":"2016-02-18T12:39:07","date_gmt":"2016-02-18T11:39:07","guid":{"rendered":"https:\/\/www.harzer-wandernadel.de\/pointage\/carte-generale\/pointage-80-ruines-du-chateau-de-regenstein\/"},"modified":"2026-02-28T14:42:44","modified_gmt":"2026-02-28T13:42:44","slug":"pointage-80-ruines-du-chateau-de-regenstein","status":"publish","type":"page","link":"https:\/\/www.harzer-wandernadel.de\/fr\/pointage\/carte-generale\/pointage-80-ruines-du-chateau-de-regenstein\/","title":{"rendered":"Pointage 80 \/ Ruines du ch\u00e2teau de Regenstein"},"content":{"rendered":"\n<h2 class=\"wp-block-heading\">Le ch\u00e2teau et la forteresse de Regenstein (293 m\u00e8tres au-dessus du niveau de la mer) ont \u00e9t\u00e9 construits au nord de Blankenburg sur un rocher de gr\u00e8s et constituent un point marquant dans le paysage du Pr\u00e9-Harz.<\/h2>\n\n<div class=\"wp-block-stackable-image alignwide stk-block-image stk-block stk-89e1006\" data-block-id=\"89e1006\"><style>.stk-89e1006 {margin-top:3% !important;margin-bottom:3% !important;}<\/style><figure><span class=\"stk-img-wrapper stk-image--shape-stretch stk--has-lightbox\"><img decoding=\"async\" width=\"825\" height=\"550\" src=\"https:\/\/www.harzer-wandernadel.de\/wp-content\/uploads\/2016\/02\/Burgruine-Regenstein-2.jpg\" class=\"attachment-full size-full wp-post-image\" alt srcset=\"https:\/\/www.harzer-wandernadel.de\/wp-content\/uploads\/2016\/02\/Burgruine-Regenstein-2.jpg 825w, https:\/\/www.harzer-wandernadel.de\/wp-content\/uploads\/2016\/02\/Burgruine-Regenstein-2-300x200.jpg 300w, https:\/\/www.harzer-wandernadel.de\/wp-content\/uploads\/2016\/02\/Burgruine-Regenstein-2-768x512.jpg 768w, https:\/\/www.harzer-wandernadel.de\/wp-content\/uploads\/2016\/02\/Burgruine-Regenstein-2-624x416.jpg 624w\" sizes=\"(max-width: 825px) 100vw, 825px\"><\/span><\/figure><\/div>\n\n<p>Le ch\u00e2\u00adteau est sur\u00adtout deve\u00adnu c\u00e9l\u00e8bre gr\u00e2ce au comte Albrecht II de Regen\u00adstein (1310\u20131349) qui, dans les ann\u00e9es 1330, avait sou\u00advent des que\u00adrelles avec les gou\u00adver\u00adnants des villes envi\u00adron\u00adnantes, l\u2019\u00e9\u00adv\u00eaque de Hal\u00adbers\u00adtadt et l\u2019ab\u00adbesse de Qued\u00adlin\u00adburg. Ces his\u00adtoires ont \u00e9t\u00e9 roman\u00adc\u00e9es dans le roman \u00ab&nbsp;Der Raub\u00adgraf&nbsp;\u00bb de Julius Wolff. Au 15\u00e8me si\u00e8cle, la famille des comtes de Regen\u00adstein s\u2019ins\u00adtal\u00adla au ch\u00e2\u00adteau de Blan\u00adken\u00adburg. Le ch\u00e2\u00adteau tom\u00adba en&nbsp;ruine.&nbsp;<\/p>\n\n<p>Le ch\u00e2\u00adteau m\u00e9di\u00e9\u00adval a&nbsp;\u00e9t\u00e9 trans\u00adfor\u00adm\u00e9 en for\u00adte\u00adresse par les Prus\u00adsiens \u00e0&nbsp;par\u00adtir de 1671. En 1736, la foudre s\u2019est abat\u00adtue sur la pou\u00addri\u00e8re et a&nbsp;for\u00adte\u00adment endom\u00adma\u00adg\u00e9 la for\u00adte\u00adresse. En 1757, les Fran\u00ad\u00e7ais ont conquis le Regen\u00adstein. Les Prus\u00adsiens la reprirent d\u00e9j\u00e0 cinq mois plus tard, le 12 f\u00e9vrier 1758, et ren\u00addirent l\u2019ins\u00adtal\u00adla\u00adtion inuti\u00adli\u00adsable. La r\u00e9serve de poudre, qui se trou\u00advait rela\u00adti\u00adve\u00adment haut, a&nbsp;\u00e9t\u00e9 d\u00e9truite. De cette for\u00adte\u00adresse, il ne reste que les case\u00admates, les am\u00e9\u00adna\u00adge\u00adments dans la roche et la porte d\u2019en\u00adtr\u00e9e res\u00adtau\u00adr\u00e9e. Les nom\u00adbreuses salles creu\u00ads\u00e9es dans la roche, res\u00adsem\u00adblant \u00e0&nbsp;des cavernes, sont carac\u00adt\u00e9\u00adris\u00adtiques et abritent aujourd\u2019\u00adhui une expo\u00adsi\u00adtion d\u2019ob\u00adjets trou\u00adv\u00e9s dans le sol de la zone du ch\u00e2\u00adteau. M\u00eame les \u00e9cu\u00adries \u00e9taient creu\u00ads\u00e9es dans la&nbsp;roche.&nbsp;<\/p>\n\n<p>Johann Wolf\u00adgang von Goethe a&nbsp;visi\u00adt\u00e9 le Regen\u00adstein avec le peintre Georg Mel\u00adchior Kraus le 11 sep\u00adtembre 1784, lors de son troi\u00adsi\u00e8me voyage dans le Harz, pour faire des \u00e9tudes g\u00e9o\u00adlo\u00adgiques. Dans la col\u00adlec\u00adtion de roches de Goethe, deux des\u00adsins et un \u00e9chan\u00adtillon de roche rap\u00adpellent cette visite.&nbsp;<\/p>\n\n<p>Le Regen\u00adstein est l\u2019un des ch\u00e2\u00adteaux les plus int\u00e9\u00adres\u00adsants de tout le Harz. La conqu\u00eate du rocher de gr\u00e8s est une exp\u00e9\u00adrience impres\u00adsion\u00adnante. En plus des vues pano\u00adra\u00admiques \u00e0&nbsp;cou\u00adper le souffle, m\u00eame les plus petits s\u2019\u00e9\u00admer\u00adveillent devant cette construc\u00adtion taill\u00e9e dans la&nbsp;roche.&nbsp;<\/p>\n\n<p>Le point de d\u00e9part de la visite est le par\u00adking signa\u00adl\u00e9 en des\u00adsous du ch\u00e2\u00adteau, faci\u00adle\u00adment acces\u00adsible depuis l\u2019A36. Il est pos\u00adsible de com\u00admen\u00adcer par emprun\u00adter l\u2019\u00e9\u00adtroit sen\u00adtier bali\u00ads\u00e9 \u00e0&nbsp;gauche du par\u00adking pour se rendre au <a href=\"https:\/\/www.harzer-wandernadel.de\/stempelstellen\/uebersichtskarte\/stempelstelle-82-regenstein-muehle\/\" data-type=\"page\" data-id=\"943\" target=\"_blank\" rel=\"noreferrer noopener\">mou\u00adlin Regen\u00adsteinm\u00fchle HWN 82<\/a> et aux <a href=\"https:\/\/www.harzer-wandernadel.de\/stempelstellen\/uebersichtskarte\/stempelstelle-81-sandhoehlen-im-heers\/\" data-type=\"page\" data-id=\"941\" target=\"_blank\" rel=\"noreferrer noopener\">grottes de sable dans le Heers HWN 81<\/a>. Depuis les grottes de sable, plu\u00adsieurs che\u00admins bali\u00ads\u00e9s m\u00e8nent au ch\u00e2teau.&nbsp;<\/p>\n\n<div class=\"wp-block-buttons is-layout-flex wp-block-buttons-is-layout-flex\">\n<div class=\"wp-block-button\"><a class=\"wp-block-button__link wp-element-button\" href=\"http:\/\/www.blankenburg-tourismus.de\" target=\"_blank\" rel=\"noreferrer noopener\">Infor\u00adma\u00adtions tou\u00adris\u00adtiques Blankenburg&nbsp;\u00bb<\/a><\/div>\n<\/div>\n\n<div class=\"wp-block-buttons is-layout-flex wp-block-buttons-is-layout-flex\">\n<div class=\"wp-block-button\"><a class=\"wp-block-button__link wp-element-button\" href=\"https:\/\/harzer-bergwald.de\/index.php\/wandertouren\/abenteuertouren\/42-abenteuerland-regenstein\" target=\"_blank\" rel=\"noreferrer noopener\">Sug\u00adges\u00adtion de cir\u00adcuit For\u00eat de mon\u00adtagne du&nbsp;Harz&nbsp;\u00bb<\/a><\/div>\n<\/div>\n","protected":false},"excerpt":{"rendered":"<p>Le ch\u00e2\u00adteau et la for\u00adte\u00adresse de Regen\u00adstein (293 m\u00e8tres au-des\u00adsus du niveau de la mer) ont \u00e9t\u00e9 construits au nord de Blan\u00adken\u00adburg sur un rocher de gr\u00e8s et consti\u00adtuent un point mar\u00adquant dans le pay\u00adsage du Pr\u00e9-Harz. Le ch\u00e2\u00adteau est sur\u00adtout deve\u00adnu c\u00e9l\u00e8bre gr\u00e2ce au comte Albrecht II de Regen\u00adstein (1310\u20131349) qui, dans les ann\u00e9es&nbsp;[\u2026]<\/p>\n","protected":false},"author":11,"featured_media":18758,"parent":17801,"menu_order":10080,"comment_status":"closed","ping_status":"closed","template":"","meta":{"_seopress_robots_primary_cat":"","_seopress_titles_title":"","_seopress_titles_desc":"","_seopress_robots_index":"","wp_typography_post_enhancements_disabled":false,"iawp_total_views":0,"footnotes":""},"hf_cat_page":[120],"class_list":["post-18755","page","type-page","status-publish","has-post-thumbnail"],"blocksy_meta":[],"_links":{"self":[{"href":"https:\/\/www.harzer-wandernadel.de\/fr\/wp-json\/wp\/v2\/pages\/18755","targetHints":{"allow":["GET"]}}],"collection":[{"href":"https:\/\/www.harzer-wandernadel.de\/fr\/wp-json\/wp\/v2\/pages"}],"about":[{"href":"https:\/\/www.harzer-wandernadel.de\/fr\/wp-json\/wp\/v2\/types\/page"}],"author":[{"embeddable":true,"href":"https:\/\/www.harzer-wandernadel.de\/fr\/wp-json\/wp\/v2\/users\/11"}],"replies":[{"embeddable":true,"href":"https:\/\/www.harzer-wandernadel.de\/fr\/wp-json\/wp\/v2\/comments?post=18755"}],"version-history":[{"count":2,"href":"https:\/\/www.harzer-wandernadel.de\/fr\/wp-json\/wp\/v2\/pages\/18755\/revisions"}],"predecessor-version":[{"id":24843,"href":"https:\/\/www.harzer-wandernadel.de\/fr\/wp-json\/wp\/v2\/pages\/18755\/revisions\/24843"}],"up":[{"embeddable":true,"href":"https:\/\/www.harzer-wandernadel.de\/fr\/wp-json\/wp\/v2\/pages\/17801"}],"wp:featuredmedia":[{"embeddable":true,"href":"https:\/\/www.harzer-wandernadel.de\/fr\/wp-json\/wp\/v2\/media\/18758"}],"wp:attachment":[{"href":"https:\/\/www.harzer-wandernadel.de\/fr\/wp-json\/wp\/v2\/media?parent=18755"}],"wp:term":[{"taxonomy":"hf_cat_page","embeddable":true,"href":"https:\/\/www.harzer-wandernadel.de\/fr\/wp-json\/wp\/v2\/hf_cat_page?post=18755"}],"curies":[{"name":"wp","href":"https:\/\/api.w.org\/{rel}","templated":true}]}}