{"id":18750,"date":"2016-02-19T11:16:21","date_gmt":"2016-02-19T10:16:21","guid":{"rendered":"https:\/\/www.harzer-wandernadel.de\/pointage\/carte-generale\/poinconnage-97-ziegenalm-sophienhof\/"},"modified":"2026-02-28T14:42:54","modified_gmt":"2026-02-28T13:42:54","slug":"poinconnage-97-ziegenalm-sophienhof","status":"publish","type":"page","link":"https:\/\/www.harzer-wandernadel.de\/fr\/pointage\/carte-generale\/poinconnage-97-ziegenalm-sophienhof\/","title":{"rendered":"Poin\u00e7onnage 97 \/ Ziegenalm Sophienhof"},"content":{"rendered":"\n<h2 class=\"wp-block-heading\">L\u2019alpage des ch\u00e8vres se trouve dans le paisible village de r\u00e9sine de Sophienhof, entour\u00e9 de for\u00eats, o\u00f9 les canards et les oies jacassent encore sur l\u2019\u00e9tang du village.<\/h2>\n\n<div class=\"wp-block-stackable-image alignwide stk-block-image stk-block stk-89e1006\" data-block-id=\"89e1006\"><style>.stk-89e1006 {margin-top:3% !important;margin-bottom:3% !important;}<\/style><figure><span class=\"stk-img-wrapper stk-image--shape-stretch stk--has-lightbox\"><img decoding=\"async\" width=\"700\" height=\"525\" src=\"https:\/\/www.harzer-wandernadel.de\/wp-content\/uploads\/2016\/02\/Ziegenalm.jpg\" class=\"attachment-full size-full wp-post-image\" alt srcset=\"https:\/\/www.harzer-wandernadel.de\/wp-content\/uploads\/2016\/02\/Ziegenalm.jpg 700w, https:\/\/www.harzer-wandernadel.de\/wp-content\/uploads\/2016\/02\/Ziegenalm-300x225.jpg 300w, https:\/\/www.harzer-wandernadel.de\/wp-content\/uploads\/2016\/02\/Ziegenalm-624x468.jpg 624w\" sizes=\"(max-width: 700px) 100vw, 700px\"><\/span><\/figure><\/div>\n\n<p>A la ferme des ch\u00e8vres, tu peux te rendre compte de l\u2019\u00e9\u00adle\u00advage et des soins appor\u00adt\u00e9s aux ani\u00admaux, de la pro\u00adpre\u00adt\u00e9 de la pro\u00adduc\u00adtion de lait et du soin appor\u00adt\u00e9 \u00e0&nbsp;la pr\u00e9\u00adpa\u00adra\u00adtion du fro\u00admage. Les enfants ne pren\u00addront pas seule\u00adment plai\u00adsir \u00e0&nbsp;voir les agneaux s\u2019a\u00admu\u00adser, ils seront \u00e9ga\u00adle\u00adment cap\u00adti\u00adv\u00e9s par les ch\u00e8vres m\u00e8res, atten\u00adtives et gra\u00adcieuses. Les ins\u00adtal\u00adla\u00adtions pour ani\u00admaux domes\u00adtiques de la ch\u00e8\u00advre\u00adrie, libre\u00adment acces\u00adsibles, abritent des cochons lai\u00adneux, des bovins rouges en r\u00e9sine, des \u00e2nes, des ch\u00e8vres et des moutons.&nbsp;<\/p>\n\n<p>L\u2019offre de l\u2019al\u00adpage de ch\u00e8vres est com\u00adpl\u00e9\u00adt\u00e9e par un res\u00adtau\u00adrant d\u2019al\u00adpage et un maga\u00adsin de la ferme. L\u2019al\u00adpage de ch\u00e8vres de Sophien\u00adhof est acces\u00adsible par une route d\u2019ac\u00adc\u00e8s \u00e9troite et signa\u00adli\u00ads\u00e9e depuis la B&nbsp;81 entre Netz\u00adka\u00adter et Ilfeld.&nbsp;<\/p>\n\n<div class=\"wp-block-buttons is-layout-flex wp-block-buttons-is-layout-flex\">\n<div class=\"wp-block-button\"><a class=\"wp-block-button__link wp-element-button\" href=\"https:\/\/ziegenalm.de\/\" target=\"_blank\" rel=\"noreferrer noopener\">Alpage des ch\u00e8vres<\/a><\/div>\n<\/div>\n\n<div class=\"wp-block-buttons is-layout-flex wp-block-buttons-is-layout-flex\">\n<div class=\"wp-block-button\"><a class=\"wp-block-button__link wp-element-button\" href=\"https:\/\/www.braunerhirsch-sophienhof.de\/\" target=\"_blank\" rel=\"noreferrer noopener\">Cerf brun-Sophien\u00adhof<\/a><\/div>\n<\/div>\n\n<p>En face de l\u2019al\u00adpage des ch\u00e8vres se trouve depuis sep\u00adtembre 2013 la pre\u00admi\u00e8re auberge de bras\u00adsage du sud du Harz.<br>Ici, tu peux d\u00e9gus\u00adter les bi\u00e8res de Sophien\u00adho\u00adfer, bras\u00ads\u00e9es selon la loi de pure\u00adt\u00e9 alle\u00admande, dans une atmo\u00adsph\u00e8re cha\u00adleu\u00adreuse et rustique.<\/p>\n\n<div class=\"wp-block-buttons is-layout-flex wp-block-buttons-is-layout-flex\">\n<div class=\"wp-block-button\"><a class=\"wp-block-button__link wp-element-button\" href=\"http:\/\/harzer-bergwald.de\/index.php\/wandertouren\/abenteuertouren\/40-unterwegs-zwischen-sophienhof-und-trautenstein\" target=\"_blank\" rel=\"noreferrer noopener\">Sug\u00adges\u00adtion de cir\u00adcuit For\u00eat de mon\u00adtagne du&nbsp;Harz<\/a><\/div>\n<\/div>\n\n<p>&nbsp;<\/p>\n","protected":false},"excerpt":{"rendered":"<p>L\u2019alpage des ch\u00e8vres se trouve dans le pai\u00adsible vil\u00adlage de r\u00e9sine de Sophien\u00adhof, entou\u00adr\u00e9 de for\u00eats, o\u00f9 les canards et les oies jacassent encore sur l\u2019\u00e9tang du vil\u00adlage. A&nbsp;la ferme des ch\u00e8vres, tu peux te rendre compte de l\u2019\u00e9\u00adle\u00advage et des soins appor\u00adt\u00e9s aux ani\u00admaux, de la pro\u00adpre\u00adt\u00e9 de la pro\u00adduc\u00adtion de lait&nbsp;et&nbsp;[\u2026]<\/p>\n","protected":false},"author":11,"featured_media":18751,"parent":17801,"menu_order":10097,"comment_status":"closed","ping_status":"closed","template":"","meta":{"_seopress_robots_primary_cat":"","_seopress_titles_title":"","_seopress_titles_desc":"","_seopress_robots_index":"","wp_typography_post_enhancements_disabled":false,"iawp_total_views":0,"footnotes":""},"hf_cat_page":[120],"class_list":["post-18750","page","type-page","status-publish","has-post-thumbnail"],"blocksy_meta":[],"_links":{"self":[{"href":"https:\/\/www.harzer-wandernadel.de\/fr\/wp-json\/wp\/v2\/pages\/18750","targetHints":{"allow":["GET"]}}],"collection":[{"href":"https:\/\/www.harzer-wandernadel.de\/fr\/wp-json\/wp\/v2\/pages"}],"about":[{"href":"https:\/\/www.harzer-wandernadel.de\/fr\/wp-json\/wp\/v2\/types\/page"}],"author":[{"embeddable":true,"href":"https:\/\/www.harzer-wandernadel.de\/fr\/wp-json\/wp\/v2\/users\/11"}],"replies":[{"embeddable":true,"href":"https:\/\/www.harzer-wandernadel.de\/fr\/wp-json\/wp\/v2\/comments?post=18750"}],"version-history":[{"count":1,"href":"https:\/\/www.harzer-wandernadel.de\/fr\/wp-json\/wp\/v2\/pages\/18750\/revisions"}],"predecessor-version":[{"id":18753,"href":"https:\/\/www.harzer-wandernadel.de\/fr\/wp-json\/wp\/v2\/pages\/18750\/revisions\/18753"}],"up":[{"embeddable":true,"href":"https:\/\/www.harzer-wandernadel.de\/fr\/wp-json\/wp\/v2\/pages\/17801"}],"wp:featuredmedia":[{"embeddable":true,"href":"https:\/\/www.harzer-wandernadel.de\/fr\/wp-json\/wp\/v2\/media\/18751"}],"wp:attachment":[{"href":"https:\/\/www.harzer-wandernadel.de\/fr\/wp-json\/wp\/v2\/media?parent=18750"}],"wp:term":[{"taxonomy":"hf_cat_page","embeddable":true,"href":"https:\/\/www.harzer-wandernadel.de\/fr\/wp-json\/wp\/v2\/hf_cat_page?post=18750"}],"curies":[{"name":"wp","href":"https:\/\/api.w.org\/{rel}","templated":true}]}}